{"id":36638,"date":"2025-07-23T11:33:12","date_gmt":"2025-07-23T09:33:12","guid":{"rendered":"https:\/\/wavegarden.com\/poltica-de-privacidade\/"},"modified":"2025-07-23T11:33:13","modified_gmt":"2025-07-23T09:33:13","slug":"poltica-de-privacidade","status":"publish","type":"page","link":"https:\/\/wavegarden.com\/pt-br\/poltica-de-privacidade\/","title":{"rendered":"Pol&iacute;tica de privacidade"},"content":{"rendered":"\n<h2 class=\"wp-block-heading\">1. INFORMA\u00c7\u00d5ES DO USU\u00c1RIO<\/h2>\n\n<h3 class=\"wp-block-heading\">Quem \u00e9 o controlador de seus dados pessoais?<\/h3>\n\n<p>A <strong>WAVEGARDEN S.L.U.<\/strong> \u00e9 a CONTROLADORA dos dados pessoais do USU\u00c1RIO e informa que esses dados ser\u00e3o tratados de acordo com o disposto no Regulamento (UE) 2016\/679, de 27 de abril (RGPD), e na Lei Org\u00e2nica 3\/2018, de 5 de dezembro (LOPDGDD).<\/p>\n\n<h3 class=\"wp-block-heading\">Por que processamos seus dados pessoais?<\/h3>\n\n<p>Para manter um relacionamento comercial com o usu\u00e1rio. As opera\u00e7\u00f5es de processamento planejadas s\u00e3o:<\/p>\n\n<ul class=\"wp-block-list\">\n<li>Envio de comunica\u00e7\u00f5es de publicidade comercial por email, fax, SMS, MMS, redes sociais ou por qualquer outro meio eletr\u00f4nico ou f\u00edsico, presente ou futuro, que possibilite a realiza\u00e7\u00e3o de comunica\u00e7\u00f5es comerciais. Essas comunica\u00e7\u00f5es ser\u00e3o realizadas pela CONTROLADORA e estar\u00e3o relacionadas aos seus produtos e servi\u00e7os, ou aos de seus parceiros ou fornecedores com os quais tenha firmado acordo de promo\u00e7\u00e3o. Nesse caso, os terceiros nunca ter\u00e3o acesso aos dados pessoais.<\/li>\n\n\n\n<li>Realizar estudos de mercado e an\u00e1lises estat\u00edsticas.<\/li>\n\n\n\n<li>Processar pedidos, solicita\u00e7\u00f5es, responder a d\u00favidas ou qualquer tipo de requisi\u00e7\u00e3o feita pelo USU\u00c1RIO por meio de qualquer uma das formas de contato dispon\u00edveis no site da CONTROLADORA.<\/li>\n\n\n\n<li>Enviar a newsletter online com novidades, ofertas e promo\u00e7\u00f5es relacionadas \u00e0 nossa atividade<strong>.<\/strong><\/li>\n<\/ul>\n\n<h3 class=\"wp-block-heading\">Por que podemos tratar os seus dados pessoais?<\/h3>\n\n<p>Porque o tratamento \u00e9 legitimado pelo artigo 6.\u00ba do RGPD, conforme segue:<\/p>\n\n<ul class=\"wp-block-list\">\n<li>Com o consentimento do USU\u00c1RIO: envio de comunica\u00e7\u00f5es comerciais e newsletter.<\/li>\n\n\n\n<li>Com base no interesse leg\u00edtimo da CONTROLADORA: realiza\u00e7\u00e3o de estudos de mercado, an\u00e1lises estat\u00edsticas etc., bem como o tratamento de pedidos e solicita\u00e7\u00f5es realizados pelo USU\u00c1RIO.<\/li>\n<\/ul>\n\n<h3 class=\"wp-block-heading\">Por quanto tempo manteremos os seus dados pessoais?<\/h3>\n\n<p>Os dados ser\u00e3o conservados apenas pelo tempo necess\u00e1rio para cumprir a finalidade do tratamento ou durante os prazos legais exigidos para sua guarda. Quando a finalidade deixar de existir, os dados ser\u00e3o eliminados com as medidas de seguran\u00e7a adequadas, garantindo sua anonimiza\u00e7\u00e3o ou destrui\u00e7\u00e3o completa.<\/p>\n\n<h3 class=\"wp-block-heading\">A quem comunicamos os seus dados pessoais?<\/h3>\n\n<p>N\u00e3o est\u00e1 prevista a comunica\u00e7\u00e3o dos dados pessoais a terceiros, salvo quando necess\u00e1ria para o desenvolvimento e execu\u00e7\u00e3o das finalidades do tratamento, a prestadores de servi\u00e7os relacionados com comunica\u00e7\u00f5es, com os quais a CONTROLADORA firmou contratos de confidencialidade e de tratamento de dados, conforme exigido pela regulamenta\u00e7\u00e3o vigente sobre privacidade.<\/p>\n\n<h3 class=\"wp-block-heading\">Quais s\u00e3o os seus direitos?<\/h3>\n\n<p>Os direitos do USU\u00c1RIO s\u00e3o:<\/p>\n\n<ul class=\"wp-block-list\">\n<li>Direito de retirar o consentimento a qualquer momento.<\/li>\n\n\n\n<li>Direito de acesso, retifica\u00e7\u00e3o, portabilidade e exclus\u00e3o de dados e a limita\u00e7\u00e3o ou obje\u00e7\u00e3o ao seu processamento.<\/li>\n\n\n\n<li>O direito de registrar uma reclama\u00e7\u00e3o junto \u00e0 Autoridade Supervisora Espanhola (www.aepd.es) caso considere que o processamento n\u00e3o est\u00e1 em conformidade com a legisla\u00e7\u00e3o vigente.<\/li>\n<\/ul>\n\n<h3 class=\"wp-block-heading\">Informa\u00e7\u00f5es de contato para exercer seus direitos:<\/h3>\n\n<p>WAVEGARDEN S.L.U.. C\/ Jos\u00e9 Mar\u00eda Soroa, 25 Bajo &#8211; 20013 SAN SEBASTIAN (Guip\u00fazcoa). Email: privacy@wavegarden<\/p>\n\n<h2 class=\"wp-block-heading\">2. CAR\u00c1TER OBRIGAT\u00d3RIO OU OPCIONAL DAS INFORMA\u00c7\u00d5ES FORNECIDAS PELO USU\u00c1RIO<\/h2>\n\n<p>Os USU\u00c1RIOS, ao assinalarem as caixas correspondentes e inserirem dados nos campos marcados com um asterisco (*) nos formul\u00e1rios de contato ou de download, aceitam de forma expressa, livre e inequ\u00edvoca que esses dados s\u00e3o necess\u00e1rios para que o fornecedor possa atender \u00e0 sua solicita\u00e7\u00e3o, fornecendo voluntariamente seus dados nos demais campos. O USU\u00c1RIO garante que os dados pessoais fornecidos \u00e0 CONTROLADORA s\u00e3o verdadeiros e compromete-se a comunicar qualquer altera\u00e7\u00e3o nesses dados.<\/p>\n\n<p>A CONTROLADORA informa que todos os dados solicitados por meio do site s\u00e3o obrigat\u00f3rios, pois s\u00e3o necess\u00e1rios para a presta\u00e7\u00e3o de um servi\u00e7o otimizado ao USU\u00c1RIO. Caso nem todos os dados sejam fornecidos, n\u00e3o h\u00e1 garantia de que as informa\u00e7\u00f5es e os servi\u00e7os prestados estar\u00e3o completamente adaptados \u00e0s necessidades do USU\u00c1RIO.<\/p>\n\n<h2 class=\"wp-block-heading\">3. MEDIDAS DE SEGURAN\u00c7A<\/h2>\n\n<p>Em conformidade com as disposi\u00e7\u00f5es da legisla\u00e7\u00e3o vigente sobre prote\u00e7\u00e3o de dados pessoais, a CONTROLADORA declara estar em conformidade com todas as exig\u00eancias do RGPD e da LOPDGDD quanto ao tratamento dos dados pessoais sob sua responsabilidade, respeitando de forma manifesta os princ\u00edpios descritos no Artigo 5\u00ba do RGPD, segundo os quais os dados s\u00e3o tratados de forma l\u00edcita, leal e transparente em rela\u00e7\u00e3o ao titular, sendo adequados, pertinentes e limitados ao necess\u00e1rio em rela\u00e7\u00e3o \u00e0s finalidades para as quais s\u00e3o tratados.<\/p>\n\n<p>A CONTROLADORA garante que adotou todas as pol\u00edticas t\u00e9cnicas e organizacionais apropriadas para aplicar as medidas de seguran\u00e7a estabelecidas pelo RGPD e pela LOPDGDD, a fim de proteger os direitos e liberdades dos USU\u00c1RIOS, e comunicou as informa\u00e7\u00f5es adequadas para que estes possam exerc\u00ea-los.<\/p>\n\n<p>Para mais informa\u00e7\u00f5es sobre garantias de privacidade, entre em contato com a CONTROLADORA por meio da empresa WAVEGARDEN S.L.U. C\/ Jos\u00e9 Mar\u00eda Soroa, 25 Bajo &#8211; 20013 SAN SEBASTIAN (Guip\u00fazcoa). Email: privacy@wavegarden<\/p>\n\n<div style=\"height:50px\" aria-hidden=\"true\" class=\"wp-block-spacer\"><\/div>\n","protected":false},"excerpt":{"rendered":"<p>1. INFORMA\u00c7\u00d5ES DO USU\u00c1RIO Quem \u00e9 o controlador de seus dados pessoais? A WAVEGARDEN S.L.U. \u00e9 a CONTROLADORA dos dados pessoais do USU\u00c1RIO e informa que esses dados ser\u00e3o tratados de acordo com o disposto no Regulamento (UE) 2016\/679, de 27 de abril (RGPD), e na Lei Org\u00e2nica 3\/2018, de 5 de dezembro (LOPDGDD). Por [&hellip;]<\/p>\n","protected":false},"author":2,"featured_media":0,"parent":0,"menu_order":0,"comment_status":"closed","ping_status":"closed","template":"","meta":{"_acf_changed":false,"footnotes":""},"class_list":["post-36638","page","type-page","status-publish","hentry"],"acf":[],"yoast_head":"<!-- This site is optimized with the Yoast SEO plugin v27.2 - https:\/\/yoast.com\/product\/yoast-seo-wordpress\/ -->\n<title>Pol&iacute;tica de privacidade - Wavegarden<\/title>\n<meta name=\"robots\" content=\"index, follow, max-snippet:-1, max-image-preview:large, max-video-preview:-1\" \/>\n<link rel=\"canonical\" href=\"https:\/\/wavegarden.com\/pt-br\/poltica-de-privacidade\/\" \/>\n<meta property=\"og:locale\" content=\"pt_BR\" \/>\n<meta property=\"og:type\" content=\"article\" \/>\n<meta property=\"og:title\" content=\"Pol&iacute;tica de privacidade - Wavegarden\" \/>\n<meta property=\"og:description\" content=\"1. INFORMA\u00c7\u00d5ES DO USU\u00c1RIO Quem \u00e9 o controlador de seus dados pessoais? A WAVEGARDEN S.L.U. \u00e9 a CONTROLADORA dos dados pessoais do USU\u00c1RIO e informa que esses dados ser\u00e3o tratados de acordo com o disposto no Regulamento (UE) 2016\/679, de 27 de abril (RGPD), e na Lei Org\u00e2nica 3\/2018, de 5 de dezembro (LOPDGDD). Por [&hellip;]\" \/>\n<meta property=\"og:url\" content=\"https:\/\/wavegarden.com\/pt-br\/poltica-de-privacidade\/\" \/>\n<meta property=\"og:site_name\" content=\"Wavegarden\" \/>\n<meta property=\"article:publisher\" content=\"http:\/\/www.facebook.com\/Wavegarden\" \/>\n<meta property=\"article:modified_time\" content=\"2025-07-23T09:33:13+00:00\" \/>\n<meta property=\"og:image\" content=\"https:\/\/wavegarden.com\/wp-content\/uploads\/2024\/06\/logo-wavegarden.png\" \/>\n\t<meta property=\"og:image:width\" content=\"692\" \/>\n\t<meta property=\"og:image:height\" content=\"292\" \/>\n\t<meta property=\"og:image:type\" content=\"image\/png\" \/>\n<meta name=\"twitter:card\" content=\"summary_large_image\" \/>\n<meta name=\"twitter:site\" content=\"@wavegarden\" \/>\n<meta name=\"twitter:label1\" content=\"Est. tempo de leitura\" \/>\n\t<meta name=\"twitter:data1\" content=\"4 minutos\" \/>\n<script type=\"application\/ld+json\" class=\"yoast-schema-graph\">{\"@context\":\"https:\/\/schema.org\",\"@graph\":[{\"@type\":\"WebPage\",\"@id\":\"https:\/\/wavegarden.com\/pt-br\/poltica-de-privacidade\/\",\"url\":\"https:\/\/wavegarden.com\/pt-br\/poltica-de-privacidade\/\",\"name\":\"Pol&iacute;tica de privacidade - Wavegarden\",\"isPartOf\":{\"@id\":\"https:\/\/wavegarden.com\/de\/#website\"},\"datePublished\":\"2025-07-23T09:33:12+00:00\",\"dateModified\":\"2025-07-23T09:33:13+00:00\",\"breadcrumb\":{\"@id\":\"https:\/\/wavegarden.com\/pt-br\/poltica-de-privacidade\/#breadcrumb\"},\"inLanguage\":\"pt-BR\",\"potentialAction\":[{\"@type\":\"ReadAction\",\"target\":[\"https:\/\/wavegarden.com\/pt-br\/poltica-de-privacidade\/\"]}]},{\"@type\":\"BreadcrumbList\",\"@id\":\"https:\/\/wavegarden.com\/pt-br\/poltica-de-privacidade\/#breadcrumb\",\"itemListElement\":[{\"@type\":\"ListItem\",\"position\":1,\"name\":\"Home\",\"item\":\"https:\/\/wavegarden.com\/pt-br\/\"},{\"@type\":\"ListItem\",\"position\":2,\"name\":\"Pol&iacute;tica de privacidade\"}]},{\"@type\":\"WebSite\",\"@id\":\"https:\/\/wavegarden.com\/de\/#website\",\"url\":\"https:\/\/wavegarden.com\/de\/\",\"name\":\"Wavegarden\",\"description\":\"\",\"publisher\":{\"@id\":\"https:\/\/wavegarden.com\/de\/#organization\"},\"potentialAction\":[{\"@type\":\"SearchAction\",\"target\":{\"@type\":\"EntryPoint\",\"urlTemplate\":\"https:\/\/wavegarden.com\/de\/?s={search_term_string}\"},\"query-input\":{\"@type\":\"PropertyValueSpecification\",\"valueRequired\":true,\"valueName\":\"search_term_string\"}}],\"inLanguage\":\"pt-BR\"},{\"@type\":\"Organization\",\"@id\":\"https:\/\/wavegarden.com\/de\/#organization\",\"name\":\"Wavegarden\",\"alternateName\":\"Wavegarden\",\"url\":\"https:\/\/wavegarden.com\/de\/\",\"logo\":{\"@type\":\"ImageObject\",\"inLanguage\":\"pt-BR\",\"@id\":\"https:\/\/wavegarden.com\/de\/#\/schema\/logo\/image\/\",\"url\":\"https:\/\/wavegarden.com\/wp-content\/uploads\/2024\/06\/logo-wavegarden.png\",\"contentUrl\":\"https:\/\/wavegarden.com\/wp-content\/uploads\/2024\/06\/logo-wavegarden.png\",\"width\":692,\"height\":292,\"caption\":\"Wavegarden\"},\"image\":{\"@id\":\"https:\/\/wavegarden.com\/de\/#\/schema\/logo\/image\/\"},\"sameAs\":[\"http:\/\/www.facebook.com\/Wavegarden\",\"https:\/\/x.com\/wavegarden\",\"https:\/\/www.instagram.com\/wavegarden_official\/\",\"https:\/\/www.linkedin.com\/company\/wavegarden\/\",\"https:\/\/www.youtube.com\/@WavegardenOfficial\"]}]}<\/script>\n<!-- \/ Yoast SEO plugin. -->","yoast_head_json":{"title":"Pol&iacute;tica de privacidade - Wavegarden","robots":{"index":"index","follow":"follow","max-snippet":"max-snippet:-1","max-image-preview":"max-image-preview:large","max-video-preview":"max-video-preview:-1"},"canonical":"https:\/\/wavegarden.com\/pt-br\/poltica-de-privacidade\/","og_locale":"pt_BR","og_type":"article","og_title":"Pol&iacute;tica de privacidade - Wavegarden","og_description":"1. INFORMA\u00c7\u00d5ES DO USU\u00c1RIO Quem \u00e9 o controlador de seus dados pessoais? A WAVEGARDEN S.L.U. \u00e9 a CONTROLADORA dos dados pessoais do USU\u00c1RIO e informa que esses dados ser\u00e3o tratados de acordo com o disposto no Regulamento (UE) 2016\/679, de 27 de abril (RGPD), e na Lei Org\u00e2nica 3\/2018, de 5 de dezembro (LOPDGDD). Por [&hellip;]","og_url":"https:\/\/wavegarden.com\/pt-br\/poltica-de-privacidade\/","og_site_name":"Wavegarden","article_publisher":"http:\/\/www.facebook.com\/Wavegarden","article_modified_time":"2025-07-23T09:33:13+00:00","og_image":[{"width":692,"height":292,"url":"https:\/\/wavegarden.com\/wp-content\/uploads\/2024\/06\/logo-wavegarden.png","type":"image\/png"}],"twitter_card":"summary_large_image","twitter_site":"@wavegarden","twitter_misc":{"Est. tempo de leitura":"4 minutos"},"schema":{"@context":"https:\/\/schema.org","@graph":[{"@type":"WebPage","@id":"https:\/\/wavegarden.com\/pt-br\/poltica-de-privacidade\/","url":"https:\/\/wavegarden.com\/pt-br\/poltica-de-privacidade\/","name":"Pol&iacute;tica de privacidade - Wavegarden","isPartOf":{"@id":"https:\/\/wavegarden.com\/de\/#website"},"datePublished":"2025-07-23T09:33:12+00:00","dateModified":"2025-07-23T09:33:13+00:00","breadcrumb":{"@id":"https:\/\/wavegarden.com\/pt-br\/poltica-de-privacidade\/#breadcrumb"},"inLanguage":"pt-BR","potentialAction":[{"@type":"ReadAction","target":["https:\/\/wavegarden.com\/pt-br\/poltica-de-privacidade\/"]}]},{"@type":"BreadcrumbList","@id":"https:\/\/wavegarden.com\/pt-br\/poltica-de-privacidade\/#breadcrumb","itemListElement":[{"@type":"ListItem","position":1,"name":"Home","item":"https:\/\/wavegarden.com\/pt-br\/"},{"@type":"ListItem","position":2,"name":"Pol&iacute;tica de privacidade"}]},{"@type":"WebSite","@id":"https:\/\/wavegarden.com\/de\/#website","url":"https:\/\/wavegarden.com\/de\/","name":"Wavegarden","description":"","publisher":{"@id":"https:\/\/wavegarden.com\/de\/#organization"},"potentialAction":[{"@type":"SearchAction","target":{"@type":"EntryPoint","urlTemplate":"https:\/\/wavegarden.com\/de\/?s={search_term_string}"},"query-input":{"@type":"PropertyValueSpecification","valueRequired":true,"valueName":"search_term_string"}}],"inLanguage":"pt-BR"},{"@type":"Organization","@id":"https:\/\/wavegarden.com\/de\/#organization","name":"Wavegarden","alternateName":"Wavegarden","url":"https:\/\/wavegarden.com\/de\/","logo":{"@type":"ImageObject","inLanguage":"pt-BR","@id":"https:\/\/wavegarden.com\/de\/#\/schema\/logo\/image\/","url":"https:\/\/wavegarden.com\/wp-content\/uploads\/2024\/06\/logo-wavegarden.png","contentUrl":"https:\/\/wavegarden.com\/wp-content\/uploads\/2024\/06\/logo-wavegarden.png","width":692,"height":292,"caption":"Wavegarden"},"image":{"@id":"https:\/\/wavegarden.com\/de\/#\/schema\/logo\/image\/"},"sameAs":["http:\/\/www.facebook.com\/Wavegarden","https:\/\/x.com\/wavegarden","https:\/\/www.instagram.com\/wavegarden_official\/","https:\/\/www.linkedin.com\/company\/wavegarden\/","https:\/\/www.youtube.com\/@WavegardenOfficial"]}]}},"_links":{"self":[{"href":"https:\/\/wavegarden.com\/pt-br\/wp-json\/wp\/v2\/pages\/36638","targetHints":{"allow":["GET"]}}],"collection":[{"href":"https:\/\/wavegarden.com\/pt-br\/wp-json\/wp\/v2\/pages"}],"about":[{"href":"https:\/\/wavegarden.com\/pt-br\/wp-json\/wp\/v2\/types\/page"}],"author":[{"embeddable":true,"href":"https:\/\/wavegarden.com\/pt-br\/wp-json\/wp\/v2\/users\/2"}],"replies":[{"embeddable":true,"href":"https:\/\/wavegarden.com\/pt-br\/wp-json\/wp\/v2\/comments?post=36638"}],"version-history":[{"count":1,"href":"https:\/\/wavegarden.com\/pt-br\/wp-json\/wp\/v2\/pages\/36638\/revisions"}],"predecessor-version":[{"id":36639,"href":"https:\/\/wavegarden.com\/pt-br\/wp-json\/wp\/v2\/pages\/36638\/revisions\/36639"}],"wp:attachment":[{"href":"https:\/\/wavegarden.com\/pt-br\/wp-json\/wp\/v2\/media?parent=36638"}],"curies":[{"name":"wp","href":"https:\/\/api.w.org\/{rel}","templated":true}]}}