{"id":36193,"date":"2019-10-22T10:19:32","date_gmt":"2019-10-22T08:19:32","guid":{"rendered":"https:\/\/wavegarden.com\/trabalhe-conosco\/"},"modified":"2026-02-23T09:21:55","modified_gmt":"2026-02-23T08:21:55","slug":"work-with-us","status":"publish","type":"page","link":"https:\/\/wavegarden.com\/pt-br\/work-with-us\/","title":{"rendered":"Work with us"},"content":{"rendered":"<p data-start=\"263\" data-end=\"452\">A d\u00eda de hoy, contamos con <strong data-start=\"290\" data-end=\"321\">12 instalaciones operativas<\/strong> en todo el mundo, <strong data-start=\"340\" data-end=\"362\">10 en construcci\u00f3n<\/strong> y <strong data-start=\"365\" data-end=\"411\">45 proyectos financieramente comprometidos<\/strong>.\u00a0<\/p>\n<p data-start=\"454\" data-end=\"617\">En Wavegarden somos m\u00e1s de <strong data-start=\"481\" data-end=\"520\">90 especialistas multidisciplinares<\/strong> comprometidos con la innovaci\u00f3n y la excelencia. Nuestros equipos cubren funciones clave como:<\/p>\n<ul>\n<li data-start=\"620\" data-end=\"699\">Ingenier\u00eda (mec\u00e1nica, el\u00e9ctrica, civil)\u00a0<\/li>\n<li>Din\u00e1mica de fluidos \/ I+D\u00a0<\/li>\n<li data-start=\"770\" data-end=\"846\">Tratamiento de agua y sostenibilidad\u00a0<\/li>\n<li data-start=\"849\" data-end=\"930\">Arquitectura y dise\u00f1o de infraestructuras<\/li>\n<li data-start=\"933\" data-end=\"1010\">Control de calidad y puesta en marcha\u00a0<\/li>\n<li data-start=\"1013\" data-end=\"1100\">Operaciones y mantenimiento (after sales \/ SAT)\u00a0<\/li>\n<li data-start=\"1103\" data-end=\"1176\">Desarrollo de negocio y marketing<\/li>\n<\/ul>\n<p data-start=\"1178\" data-end=\"1298\">Buscamos constantemente nuevo talento para seguir creciendo y dar forma al futuro de los surf parks alrededor del mundo.<\/p>\n<h3 data-start=\"1305\" data-end=\"1334\">\u00bfTe interesa unirte?<\/h3>\n<p data-start=\"1335\" data-end=\"1393\">Aqu\u00ed puedes ver nuestras <strong data-start=\"1360\" data-end=\"1381\">ofertas de empleo<\/strong> actuales.<\/p>\n<ul>\n<li data-start=\"1397\" data-end=\"1473\">Visita nuestra p\u00e1gina de empleo en <strong data-start=\"1432\" data-end=\"1444\">LinkedIn<\/strong> para aplicar directamente.<\/li>\n<li data-start=\"1476\" data-end=\"1617\">Si la oferta todav\u00eda no aparece en LinkedIn, puedes enviarnos tu CV y carta de motivaci\u00f3n a <strong data-start=\"1568\" data-end=\"1587\">Itziar Cadierno<\/strong>: <strong data-start=\"1589\" data-end=\"1615\"><a class=\"decorated-link cursor-pointer\" rel=\"noopener\" data-start=\"1591\" data-end=\"1613\">itziarcadierno@wavegarden.com<\/a><\/strong><\/li>\n<\/ul>\n\n\n\n","protected":false},"excerpt":{"rendered":"<p>A d\u00eda de hoy, contamos con 12 instalaciones operativas en todo el mundo, 10 en construcci\u00f3n y 45 proyectos financieramente comprometidos.\u00a0 En Wavegarden somos m\u00e1s de 90 especialistas multidisciplinares comprometidos con la innovaci\u00f3n y la excelencia. Nuestros equipos cubren funciones clave como: Ingenier\u00eda (mec\u00e1nica, el\u00e9ctrica, civil)\u00a0 Din\u00e1mica de fluidos \/ I+D\u00a0 Tratamiento de agua y [&hellip;]<\/p>\n","protected":false},"author":2,"featured_media":36194,"parent":0,"menu_order":0,"comment_status":"closed","ping_status":"closed","template":"pages\/about-work-with-us.php","meta":{"_acf_changed":false,"footnotes":""},"class_list":["post-36193","page","type-page","status-publish","has-post-thumbnail","hentry"],"acf":[],"yoast_head":"<!-- This site is optimized with the Yoast SEO plugin v27.2 - https:\/\/yoast.com\/product\/yoast-seo-wordpress\/ -->\n<title>| Work with us<\/title>\n<meta name=\"description\" content=\"We are always looking for new talent to join our team. Have a look at the opportunities, maybe one matches your profile.\" \/>\n<meta name=\"robots\" content=\"index, follow, max-snippet:-1, max-image-preview:large, max-video-preview:-1\" \/>\n<link rel=\"canonical\" href=\"https:\/\/wavegarden.com\/pt-br\/work-with-us\/\" \/>\n<meta property=\"og:locale\" content=\"pt_BR\" \/>\n<meta property=\"og:type\" content=\"article\" \/>\n<meta property=\"og:title\" content=\"| Work with us\" \/>\n<meta property=\"og:description\" content=\"We are always looking for new talent to join our team. Have a look at the opportunities, maybe one matches your profile.\" \/>\n<meta property=\"og:url\" content=\"https:\/\/wavegarden.com\/pt-br\/work-with-us\/\" \/>\n<meta property=\"og:site_name\" content=\"Wavegarden\" \/>\n<meta property=\"article:publisher\" content=\"http:\/\/www.facebook.com\/Wavegarden\" \/>\n<meta property=\"article:modified_time\" content=\"2026-02-23T08:21:55+00:00\" \/>\n<meta property=\"og:image\" content=\"https:\/\/wavegarden.com\/wp-content\/uploads\/2023\/02\/Seabass_Stu_session-scaled.jpg\" \/>\n\t<meta property=\"og:image:width\" content=\"2560\" \/>\n\t<meta property=\"og:image:height\" content=\"1704\" \/>\n\t<meta property=\"og:image:type\" content=\"image\/jpeg\" \/>\n<meta name=\"twitter:card\" content=\"summary_large_image\" \/>\n<meta name=\"twitter:site\" content=\"@wavegarden\" \/>\n<meta name=\"twitter:label1\" content=\"Est. tempo de leitura\" \/>\n\t<meta name=\"twitter:data1\" content=\"1 minuto\" \/>\n<script type=\"application\/ld+json\" class=\"yoast-schema-graph\">{\"@context\":\"https:\/\/schema.org\",\"@graph\":[{\"@type\":\"WebPage\",\"@id\":\"https:\/\/wavegarden.com\/pt-br\/work-with-us\/\",\"url\":\"https:\/\/wavegarden.com\/pt-br\/work-with-us\/\",\"name\":\"| Work with us\",\"isPartOf\":{\"@id\":\"https:\/\/wavegarden.com\/de\/#website\"},\"primaryImageOfPage\":{\"@id\":\"https:\/\/wavegarden.com\/pt-br\/work-with-us\/#primaryimage\"},\"image\":{\"@id\":\"https:\/\/wavegarden.com\/pt-br\/work-with-us\/#primaryimage\"},\"thumbnailUrl\":\"https:\/\/wavegarden.com\/wp-content\/uploads\/2023\/02\/Seabass_Stu_session-scaled.jpg\",\"datePublished\":\"2019-10-22T08:19:32+00:00\",\"dateModified\":\"2026-02-23T08:21:55+00:00\",\"description\":\"We are always looking for new talent to join our team. Have a look at the opportunities, maybe one matches your profile.\",\"breadcrumb\":{\"@id\":\"https:\/\/wavegarden.com\/pt-br\/work-with-us\/#breadcrumb\"},\"inLanguage\":\"pt-BR\",\"potentialAction\":[{\"@type\":\"ReadAction\",\"target\":[\"https:\/\/wavegarden.com\/pt-br\/work-with-us\/\"]}]},{\"@type\":\"ImageObject\",\"inLanguage\":\"pt-BR\",\"@id\":\"https:\/\/wavegarden.com\/pt-br\/work-with-us\/#primaryimage\",\"url\":\"https:\/\/wavegarden.com\/wp-content\/uploads\/2023\/02\/Seabass_Stu_session-scaled.jpg\",\"contentUrl\":\"https:\/\/wavegarden.com\/wp-content\/uploads\/2023\/02\/Seabass_Stu_session-scaled.jpg\",\"width\":2560,\"height\":1704},{\"@type\":\"BreadcrumbList\",\"@id\":\"https:\/\/wavegarden.com\/pt-br\/work-with-us\/#breadcrumb\",\"itemListElement\":[{\"@type\":\"ListItem\",\"position\":1,\"name\":\"Home\",\"item\":\"https:\/\/wavegarden.com\/pt-br\/\"},{\"@type\":\"ListItem\",\"position\":2,\"name\":\"Work with us\"}]},{\"@type\":\"WebSite\",\"@id\":\"https:\/\/wavegarden.com\/de\/#website\",\"url\":\"https:\/\/wavegarden.com\/de\/\",\"name\":\"Wavegarden\",\"description\":\"\",\"publisher\":{\"@id\":\"https:\/\/wavegarden.com\/de\/#organization\"},\"potentialAction\":[{\"@type\":\"SearchAction\",\"target\":{\"@type\":\"EntryPoint\",\"urlTemplate\":\"https:\/\/wavegarden.com\/de\/?s={search_term_string}\"},\"query-input\":{\"@type\":\"PropertyValueSpecification\",\"valueRequired\":true,\"valueName\":\"search_term_string\"}}],\"inLanguage\":\"pt-BR\"},{\"@type\":\"Organization\",\"@id\":\"https:\/\/wavegarden.com\/de\/#organization\",\"name\":\"Wavegarden\",\"alternateName\":\"Wavegarden\",\"url\":\"https:\/\/wavegarden.com\/de\/\",\"logo\":{\"@type\":\"ImageObject\",\"inLanguage\":\"pt-BR\",\"@id\":\"https:\/\/wavegarden.com\/de\/#\/schema\/logo\/image\/\",\"url\":\"https:\/\/wavegarden.com\/wp-content\/uploads\/2024\/06\/logo-wavegarden.png\",\"contentUrl\":\"https:\/\/wavegarden.com\/wp-content\/uploads\/2024\/06\/logo-wavegarden.png\",\"width\":692,\"height\":292,\"caption\":\"Wavegarden\"},\"image\":{\"@id\":\"https:\/\/wavegarden.com\/de\/#\/schema\/logo\/image\/\"},\"sameAs\":[\"http:\/\/www.facebook.com\/Wavegarden\",\"https:\/\/x.com\/wavegarden\",\"https:\/\/www.instagram.com\/wavegarden_official\/\",\"https:\/\/www.linkedin.com\/company\/wavegarden\/\",\"https:\/\/www.youtube.com\/@WavegardenOfficial\"]}]}<\/script>\n<!-- \/ Yoast SEO plugin. -->","yoast_head_json":{"title":"| Work with us","description":"We are always looking for new talent to join our team. Have a look at the opportunities, maybe one matches your profile.","robots":{"index":"index","follow":"follow","max-snippet":"max-snippet:-1","max-image-preview":"max-image-preview:large","max-video-preview":"max-video-preview:-1"},"canonical":"https:\/\/wavegarden.com\/pt-br\/work-with-us\/","og_locale":"pt_BR","og_type":"article","og_title":"| Work with us","og_description":"We are always looking for new talent to join our team. Have a look at the opportunities, maybe one matches your profile.","og_url":"https:\/\/wavegarden.com\/pt-br\/work-with-us\/","og_site_name":"Wavegarden","article_publisher":"http:\/\/www.facebook.com\/Wavegarden","article_modified_time":"2026-02-23T08:21:55+00:00","og_image":[{"width":2560,"height":1704,"url":"https:\/\/wavegarden.com\/wp-content\/uploads\/2023\/02\/Seabass_Stu_session-scaled.jpg","type":"image\/jpeg"}],"twitter_card":"summary_large_image","twitter_site":"@wavegarden","twitter_misc":{"Est. tempo de leitura":"1 minuto"},"schema":{"@context":"https:\/\/schema.org","@graph":[{"@type":"WebPage","@id":"https:\/\/wavegarden.com\/pt-br\/work-with-us\/","url":"https:\/\/wavegarden.com\/pt-br\/work-with-us\/","name":"| Work with us","isPartOf":{"@id":"https:\/\/wavegarden.com\/de\/#website"},"primaryImageOfPage":{"@id":"https:\/\/wavegarden.com\/pt-br\/work-with-us\/#primaryimage"},"image":{"@id":"https:\/\/wavegarden.com\/pt-br\/work-with-us\/#primaryimage"},"thumbnailUrl":"https:\/\/wavegarden.com\/wp-content\/uploads\/2023\/02\/Seabass_Stu_session-scaled.jpg","datePublished":"2019-10-22T08:19:32+00:00","dateModified":"2026-02-23T08:21:55+00:00","description":"We are always looking for new talent to join our team. Have a look at the opportunities, maybe one matches your profile.","breadcrumb":{"@id":"https:\/\/wavegarden.com\/pt-br\/work-with-us\/#breadcrumb"},"inLanguage":"pt-BR","potentialAction":[{"@type":"ReadAction","target":["https:\/\/wavegarden.com\/pt-br\/work-with-us\/"]}]},{"@type":"ImageObject","inLanguage":"pt-BR","@id":"https:\/\/wavegarden.com\/pt-br\/work-with-us\/#primaryimage","url":"https:\/\/wavegarden.com\/wp-content\/uploads\/2023\/02\/Seabass_Stu_session-scaled.jpg","contentUrl":"https:\/\/wavegarden.com\/wp-content\/uploads\/2023\/02\/Seabass_Stu_session-scaled.jpg","width":2560,"height":1704},{"@type":"BreadcrumbList","@id":"https:\/\/wavegarden.com\/pt-br\/work-with-us\/#breadcrumb","itemListElement":[{"@type":"ListItem","position":1,"name":"Home","item":"https:\/\/wavegarden.com\/pt-br\/"},{"@type":"ListItem","position":2,"name":"Work with us"}]},{"@type":"WebSite","@id":"https:\/\/wavegarden.com\/de\/#website","url":"https:\/\/wavegarden.com\/de\/","name":"Wavegarden","description":"","publisher":{"@id":"https:\/\/wavegarden.com\/de\/#organization"},"potentialAction":[{"@type":"SearchAction","target":{"@type":"EntryPoint","urlTemplate":"https:\/\/wavegarden.com\/de\/?s={search_term_string}"},"query-input":{"@type":"PropertyValueSpecification","valueRequired":true,"valueName":"search_term_string"}}],"inLanguage":"pt-BR"},{"@type":"Organization","@id":"https:\/\/wavegarden.com\/de\/#organization","name":"Wavegarden","alternateName":"Wavegarden","url":"https:\/\/wavegarden.com\/de\/","logo":{"@type":"ImageObject","inLanguage":"pt-BR","@id":"https:\/\/wavegarden.com\/de\/#\/schema\/logo\/image\/","url":"https:\/\/wavegarden.com\/wp-content\/uploads\/2024\/06\/logo-wavegarden.png","contentUrl":"https:\/\/wavegarden.com\/wp-content\/uploads\/2024\/06\/logo-wavegarden.png","width":692,"height":292,"caption":"Wavegarden"},"image":{"@id":"https:\/\/wavegarden.com\/de\/#\/schema\/logo\/image\/"},"sameAs":["http:\/\/www.facebook.com\/Wavegarden","https:\/\/x.com\/wavegarden","https:\/\/www.instagram.com\/wavegarden_official\/","https:\/\/www.linkedin.com\/company\/wavegarden\/","https:\/\/www.youtube.com\/@WavegardenOfficial"]}]}},"_links":{"self":[{"href":"https:\/\/wavegarden.com\/pt-br\/wp-json\/wp\/v2\/pages\/36193","targetHints":{"allow":["GET"]}}],"collection":[{"href":"https:\/\/wavegarden.com\/pt-br\/wp-json\/wp\/v2\/pages"}],"about":[{"href":"https:\/\/wavegarden.com\/pt-br\/wp-json\/wp\/v2\/types\/page"}],"author":[{"embeddable":true,"href":"https:\/\/wavegarden.com\/pt-br\/wp-json\/wp\/v2\/users\/2"}],"replies":[{"embeddable":true,"href":"https:\/\/wavegarden.com\/pt-br\/wp-json\/wp\/v2\/comments?post=36193"}],"version-history":[{"count":9,"href":"https:\/\/wavegarden.com\/pt-br\/wp-json\/wp\/v2\/pages\/36193\/revisions"}],"predecessor-version":[{"id":58392,"href":"https:\/\/wavegarden.com\/pt-br\/wp-json\/wp\/v2\/pages\/36193\/revisions\/58392"}],"wp:featuredmedia":[{"embeddable":true,"href":"https:\/\/wavegarden.com\/pt-br\/wp-json\/wp\/v2\/media\/36194"}],"wp:attachment":[{"href":"https:\/\/wavegarden.com\/pt-br\/wp-json\/wp\/v2\/media?parent=36193"}],"curies":[{"name":"wp","href":"https:\/\/api.w.org\/{rel}","templated":true}]}}