{"id":36185,"date":"2025-07-14T09:29:44","date_gmt":"2025-07-14T07:29:44","guid":{"rendered":"https:\/\/wavegarden.com\/por-que-criar-um-pico-de-surfe\/"},"modified":"2025-08-06T08:41:35","modified_gmt":"2025-08-06T06:41:35","slug":"por-que-criar-um-pico-de-surfe","status":"publish","type":"page","link":"https:\/\/wavegarden.com\/pt-br\/por-que-criar-um-pico-de-surfe\/","title":{"rendered":"Por que criar um pico de surfe?"},"content":{"rendered":"\n<p class=\"has-text-align-center\">O crescimento exponencial dos esportes ao ar livre \u00e9 impar\u00e1vel. Estima-se que entre 25 e 35 milh\u00f5es de surfistas pratiquem o esporte em todo o mundo. (Fonte: Forbes\/ISA) <\/p>\n\n<div style=\"height:51px\" aria-hidden=\"true\" class=\"wp-block-spacer\"><\/div>\n<div  class=\"grids-section grids-is-advanced\" style=\"--_gs-gap-desktop:50px 50px;--_gs-m-desktop:0 0 0 0;--_gs-p-desktop:0 0 0 0;--_gs-bg-desktop:transparent none;--_gs-bg-xp-desktop:0px;--_gs-zi-desktop:auto;--_gs-d-desktop:block;--_gs-mw-desktop:calc(100% - 0 - 0);--_gs-gap-tablet:50px 50px;--_gs-m-tablet:0 0 0 0;--_gs-p-tablet:0 0 0 0;--_gs-bg-tablet:transparent none;--_gs-bg-xp-tablet:0px;--_gs-zi-tablet:auto;--_gs-d-tablet:block;--_gs-mw-tablet:calc(100% - 0 - 0);--_gs-gap-mobile:50px 50px;--_gs-m-mobile:0 0 0 0;--_gs-p-mobile:0 0 0 0;--_gs-bg-mobile:transparent none;--_gs-bg-xp-mobile:0px;--_gs-zi-mobile:auto;--_gs-d-mobile:block;--_gs-mw-mobile:calc(100% - 0 - 0);--_gs-columns:12;--_gs-rows:6\"><div class=\"grids-s-w_i\">\n<div class=\"grids-area\" style=\"--_ga-column:3\/7;--_ga-row:1\/7;--_ga-m-desktop:0 0 0 0;--_ga-p-desktop:0 0 0 0;--_ga-bg-desktop:transparent none;--_ga-zi-desktop:auto;--_ga-d-desktop:flex;--_ga-mw-desktop:calc(100% - 0 - 0);--_ga-m-tablet:0 0 0 0;--_ga-p-tablet:0 0 0 0;--_ga-bg-tablet:transparent none;--_ga-zi-tablet:auto;--_ga-d-tablet:flex;--_ga-mw-tablet:calc(100% - 0 - 0);--_ga-m-mobile:0 0 0 0;--_ga-p-mobile:0 0 0 0;--_ga-bg-mobile:transparent none;--_ga-zi-mobile:auto;--_ga-d-mobile:flex;--_ga-mw-mobile:calc(100% - 0 - 0)\">\n<div class=\"wp-block-image\">\n<figure class=\"aligncenter size-full\"><img decoding=\"async\" width=\"120\" height=\"120\" src=\"https:\/\/wavegarden.com\/wp-content\/uploads\/2023\/01\/ico-surf-olimpics.webp\" alt=\"\" class=\"wp-image-16435\"\/><\/figure>\n<\/div>\n\n\n<div style=\"height:20px\" aria-hidden=\"true\" class=\"wp-block-spacer\"><\/div>\n\n\n\n<p class=\"has-text-align-center\">O surfe estreou como esporte ol\u00edmpico em 2021, em T\u00f3quio<\/p>\n\n<\/div>\n\n<div class=\"grids-area\" style=\"--_ga-column:7\/11;--_ga-row:1\/7;--_ga-m-desktop:0 0 0 0;--_ga-p-desktop:0 0 0 0;--_ga-bg-desktop:transparent none;--_ga-zi-desktop:auto;--_ga-d-desktop:flex;--_ga-mw-desktop:calc(100% - 0 - 0);--_ga-m-tablet:0 0 0 0;--_ga-p-tablet:0 0 0 0;--_ga-bg-tablet:transparent none;--_ga-zi-tablet:auto;--_ga-d-tablet:flex;--_ga-mw-tablet:calc(100% - 0 - 0);--_ga-m-mobile:0 0 0 0;--_ga-p-mobile:0 0 0 0;--_ga-bg-mobile:transparent none;--_ga-zi-mobile:auto;--_ga-d-mobile:flex;--_ga-mw-mobile:calc(100% - 0 - 0)\">\n<div class=\"wp-block-image\">\n<figure class=\"aligncenter size-full\"><img decoding=\"async\" width=\"120\" height=\"120\" src=\"https:\/\/wavegarden.com\/wp-content\/uploads\/2023\/01\/ico-outdoor-sports@1x.webp\" alt=\"\" class=\"wp-image-16439\"\/><\/figure>\n<\/div>\n\n\n<div style=\"height:20px\" aria-hidden=\"true\" class=\"wp-block-spacer\"><\/div>\n\n\n\n<p class=\"has-text-align-center\">A pandemia aumentou a participa\u00e7\u00e3o em esportes ao ar livre<\/p>\n\n<\/div>\n<\/div><\/div>\n<div style=\"height:55px\" aria-hidden=\"true\" class=\"wp-block-spacer\"><\/div>\n\n<h2 class=\"wp-block-heading has-text-align-center\">Impacto econ\u00f4mico anual<\/h2>\n\n<h3 class=\"wp-block-heading has-text-align-center\">do surfe em 3 picos de surfe populares<\/h3>\n\n<div style=\"height:50px\" aria-hidden=\"true\" class=\"wp-block-spacer\"><\/div>\n<div  class=\"grids-section grids-is-advanced\" style=\"--_gs-gap-desktop:0px 0px;--_gs-m-desktop:0 0 0 0;--_gs-p-desktop:0 0 0 0;--_gs-bg-desktop:transparent none;--_gs-bg-xp-desktop:0px;--_gs-zi-desktop:auto;--_gs-d-desktop:block;--_gs-mw-desktop:calc(100% - 0 - 0);--_gs-gap-tablet:0px 0px;--_gs-m-tablet:0 0 0 0;--_gs-p-tablet:0 0 0 0;--_gs-bg-tablet:transparent none;--_gs-bg-xp-tablet:0px;--_gs-zi-tablet:auto;--_gs-d-tablet:block;--_gs-mw-tablet:calc(100% - 0 - 0);--_gs-gap-mobile:0px 0px;--_gs-m-mobile:0 0 0 0;--_gs-p-mobile:0 0 0 0;--_gs-bg-mobile:transparent none;--_gs-bg-xp-mobile:0px;--_gs-zi-mobile:auto;--_gs-d-mobile:block;--_gs-mw-mobile:calc(100% - 0 - 0);--_gs-columns:12;--_gs-rows:6\"><div class=\"grids-s-w_i\">\n<div class=\"grids-area\" style=\"--_ga-column:1\/5;--_ga-row:1\/4;--_ga-m-desktop:0 0 0 0;--_ga-p-desktop:0 0 0 0;--_ga-bg-desktop:transparent none;--_ga-zi-desktop:auto;--_ga-d-desktop:flex;--_ga-mw-desktop:calc(100% - 0 - 0);--_ga-m-tablet:0 0 0 0;--_ga-p-tablet:0 0 0 0;--_ga-bg-tablet:transparent none;--_ga-zi-tablet:auto;--_ga-d-tablet:flex;--_ga-mw-tablet:calc(100% - 0 - 0);--_ga-m-mobile:0 0 0 0;--_ga-p-mobile:0 0 0 0;--_ga-bg-mobile:transparent none;--_ga-zi-mobile:auto;--_ga-d-mobile:flex;--_ga-mw-mobile:calc(100% - 0 - 0)\">\n\n<div class=\"wp-block-group flex-baseline is-content-justification-center is-nowrap is-layout-flex wp-container-core-group-is-layout-94bc23d7 wp-block-group-is-layout-flex\">\n<p style=\"font-size:4rem\"><strong>\u20ac<\/strong><\/p>\n\n\n<p id=\"\" class=\"mcs-wgb-number-increaser\" style=\"font-size:4rem;\r\nfont-weight:900;\" >\n\t35<\/p>\n\n\n\n<p style=\"font-size:4rem\"><strong>M<\/strong><\/p>\n<\/div>\n\n<\/div>\n\n<div class=\"grids-area\" style=\"--_ga-column:1\/5;--_ga-row:4\/7;--_ga-m-desktop:0 0 0 0;--_ga-p-desktop:0 0 0 0;--_ga-bg-desktop:transparent none;--_ga-zi-desktop:auto;--_ga-d-desktop:flex;--_ga-mw-desktop:calc(100% - 0 - 0);--_ga-m-tablet:0 0 0 0;--_ga-p-tablet:0 0 0 0;--_ga-bg-tablet:transparent none;--_ga-zi-tablet:auto;--_ga-d-tablet:flex;--_ga-mw-tablet:calc(100% - 0 - 0);--_ga-m-mobile:0 0 0 0;--_ga-p-mobile:0 0 0 0;--_ga-bg-mobile:transparent none;--_ga-zi-mobile:auto;--_ga-d-mobile:flex;--_ga-mw-mobile:calc(100% - 0 - 0)\">\n\n<p class=\"has-text-align-center\"> Uluwatu, Indon\u00e9sia<\/p>\n\n<\/div>\n\n<div class=\"grids-area\" style=\"--_ga-column:5\/9;--_ga-row:1\/4;--_ga-m-desktop:0 0 0 0;--_ga-p-desktop:0 0 0 0;--_ga-bg-desktop:transparent none;--_ga-zi-desktop:auto;--_ga-d-desktop:flex;--_ga-mw-desktop:calc(100% - 0 - 0);--_ga-m-tablet:0 0 0 0;--_ga-p-tablet:0 0 0 0;--_ga-bg-tablet:transparent none;--_ga-zi-tablet:auto;--_ga-d-tablet:flex;--_ga-mw-tablet:calc(100% - 0 - 0);--_ga-m-mobile:0 0 0 0;--_ga-p-mobile:0 0 0 0;--_ga-bg-mobile:transparent none;--_ga-zi-mobile:auto;--_ga-d-mobile:flex;--_ga-mw-mobile:calc(100% - 0 - 0)\">\n\n<div class=\"wp-block-group flex-baseline is-content-justification-center is-nowrap is-layout-flex wp-container-core-group-is-layout-94bc23d7 wp-block-group-is-layout-flex\">\n<p style=\"font-size:4rem\"><strong>\u20ac<\/strong><\/p>\n\n\n<p id=\"\" class=\"mcs-wgb-number-increaser\" style=\"font-size:4rem;\r\nfont-weight:900;\" >\n\t4.5<\/p>\n\n\n\n<p style=\"font-size:4rem\"><strong>M<\/strong><\/p>\n<\/div>\n\n<\/div>\n\n<div class=\"grids-area\" style=\"--_ga-column:5\/9;--_ga-row:4\/7;--_ga-m-desktop:0 0 0 0;--_ga-p-desktop:0 0 0 0;--_ga-bg-desktop:transparent none;--_ga-zi-desktop:auto;--_ga-d-desktop:flex;--_ga-mw-desktop:calc(100% - 0 - 0);--_ga-m-tablet:0 0 0 0;--_ga-p-tablet:0 0 0 0;--_ga-bg-tablet:transparent none;--_ga-zi-tablet:auto;--_ga-d-tablet:flex;--_ga-mw-tablet:calc(100% - 0 - 0);--_ga-m-mobile:0 0 0 0;--_ga-p-mobile:0 0 0 0;--_ga-bg-mobile:transparent none;--_ga-zi-mobile:auto;--_ga-d-mobile:flex;--_ga-mw-mobile:calc(100% - 0 - 0)\">\n\n<p class=\"has-text-align-center\">Mundaka, Pa\u00eds Basco, Espanha<\/p>\n\n<\/div>\n\n<div class=\"grids-area\" style=\"--_ga-column:9\/13;--_ga-row:1\/4;--_ga-m-desktop:0 0 0 0;--_ga-p-desktop:0 0 0 0;--_ga-bg-desktop:transparent none;--_ga-zi-desktop:auto;--_ga-d-desktop:flex;--_ga-mw-desktop:calc(100% - 0 - 0);--_ga-m-tablet:0 0 0 0;--_ga-p-tablet:0 0 0 0;--_ga-bg-tablet:transparent none;--_ga-zi-tablet:auto;--_ga-d-tablet:flex;--_ga-mw-tablet:calc(100% - 0 - 0);--_ga-m-mobile:0 0 0 0;--_ga-p-mobile:0 0 0 0;--_ga-bg-mobile:transparent none;--_ga-zi-mobile:auto;--_ga-d-mobile:flex;--_ga-mw-mobile:calc(100% - 0 - 0)\">\n\n<div class=\"wp-block-group flex-baseline is-content-justification-center is-nowrap is-layout-flex wp-container-core-group-is-layout-94bc23d7 wp-block-group-is-layout-flex\">\n<p style=\"font-size:4rem\"><strong>\u20ac<\/strong><\/p>\n\n\n<p id=\"\" class=\"mcs-wgb-number-increaser\" style=\"font-size:4rem;\r\nfont-weight:900;\" >\n\t23.9<\/p>\n\n\n\n<p style=\"font-size:4rem\"><strong>M<\/strong><\/p>\n<\/div>\n\n<\/div>\n\n<div class=\"grids-area\" style=\"--_ga-column:9\/13;--_ga-row:4\/7;--_ga-m-desktop:0 0 0 0;--_ga-p-desktop:0 0 0 0;--_ga-bg-desktop:transparent none;--_ga-zi-desktop:auto;--_ga-d-desktop:flex;--_ga-mw-desktop:calc(100% - 0 - 0);--_ga-m-tablet:0 0 0 0;--_ga-p-tablet:0 0 0 0;--_ga-bg-tablet:transparent none;--_ga-zi-tablet:auto;--_ga-d-tablet:flex;--_ga-mw-tablet:calc(100% - 0 - 0);--_ga-m-mobile:0 0 0 0;--_ga-p-mobile:0 0 0 0;--_ga-bg-mobile:transparent none;--_ga-zi-mobile:auto;--_ga-d-mobile:flex;--_ga-mw-mobile:calc(100% - 0 - 0)\">\n\n<p class=\"has-text-align-center\">Mavericks, Calif\u00f3rnia, Estados Unidos<\/p>\n\n<\/div>\n<\/div><\/div>\n<div style=\"height:50px\" aria-hidden=\"true\" class=\"wp-block-spacer\"><\/div>\n\n<div class=\"wp-block-group flex-baseline is-content-justification-center is-layout-flex wp-container-core-group-is-layout-64b26803 wp-block-group-is-layout-flex\"><p id=\"\" class=\"mcs-wgb-number-increaser\" style=\"font-size:8rem;\r\nfont-weight:900;\" >\n\t7.3<\/p>\n\n\n\n<h2 class=\"wp-block-heading\" style=\"font-size:8rem\"><strong>Bilh\u00f5es<\/strong><\/h2>\n<\/div>\n\n<p class=\"has-text-align-center\">O setor de surfe gera 7,3 bilh\u00f5es de euros por ano (fonte: Statistic Brain)<\/p>\n\n<div style=\"height:50px\" aria-hidden=\"true\" class=\"wp-block-spacer\"><\/div>\n\n<div class=\"wp-block-group alignfull reasons grey-bg has-background\" style=\"background-color:#f5f5f5\"><div class=\"wp-block-group__inner-container is-layout-flow wp-block-group-is-layout-flow\">\n<h1 class=\"wp-block-heading has-text-align-center reasons__title\">12 raz\u00f5es para construir um Wavegarden\u00ae<\/h1>\n\n\n\n<ol class=\"wp-block-list reasons_list\">\n<li>\u00c9 a mais nova, mais empolgante e lucrativa instala\u00e7\u00e3o de lazer do mercado, constru\u00edda em torno do popular esporte e estilo de vida do surfe.<\/li>\n\n\n\n<li>Todas as cidades e destinos precisam de uma boa praia para surfe, especialmente aquelas que est\u00e3o longe do oceano.<\/li>\n\n\n\n<li>O Wavegarden proporciona uma experi\u00eancia \u00fanica de surfe e praia no centro de qualquer empreendimento.<\/li>\n\n\n\n<li>As instala\u00e7\u00f5es da Wavegarden j\u00e1 em opera\u00e7\u00e3o apresentam excelentes taxas de ocupa\u00e7\u00e3o, gerando retorno comercial por si s\u00f3 \u2014 n\u00e3o se tratam de produtos que operam com preju\u00edzo.<\/li>\n\n\n\n<li>Aumenta as vendas e o valor dos im\u00f3veis pr\u00f3ximos, aumenta os pre\u00e7os e a ocupa\u00e7\u00e3o dos hot\u00e9is adjacentes e aumenta o n\u00famero de visitantes, o tempo de perman\u00eancia e o gasto no destino anfitri\u00e3o.<\/li>\n\n\n\n<li>Aumenta o turismo adicional e proporciona benef\u00edcios econ\u00f4micos para o munic\u00edpio.<\/li>\n\n\n\n<li>Proporciona benef\u00edcios sociais e comunit\u00e1rios positivos.<\/li>\n\n\n\n<li>O Wavegarden Cove \u00e9 a tecnologia de gera\u00e7\u00e3o de ondas mais sustent\u00e1vel do mundo e a mais eficiente.<\/li>\n\n\n\n<li>A tecnologia da Wavegarden oferece a maior variedade de ondas e capacidade de usu\u00e1rios, com o menor consumo de energia e \u00e1gua do mercado.<\/li>\n\n\n\n<li>Oferecemos a experi\u00eancia de surfe mais aut\u00eantica e inclusiva poss\u00edvel, tornando essa atividade divertida e saud\u00e1vel acess\u00edvel a todos.<\/li>\n\n\n\n<li>O Wavegarden \u00e9 o local perfeito para treinamento e competi\u00e7\u00e3o de elite.<\/li>\n\n\n\n<li>Um ganho m\u00fatuo para os desenvolvedores, o munic\u00edpio e a comunidade.<\/li>\n<\/ol>\n<\/div><\/div>\n<div id=\"\" class=\"mcs-wgb-vimeo-frame alignfull\" >\n\t<div class=\"acf-innerblocks-container\">\n\n<figure class=\"wp-block-embed alignfull is-type-video is-provider-vimeo wp-block-embed-vimeo wp-embed-aspect-16-9 wp-has-aspect-ratio\"><div class=\"wp-block-embed__wrapper\">\r\n<div class=\"videoWrapper\"><iframe title=\"Interview with Oscar Segall, developer of Praia da Grama project\" src=\"https:\/\/player.vimeo.com\/video\/582041125?h=f7b798f519&amp;dnt=1&amp;app_id=122963\" width=\"500\" height=\"281\" frameborder=\"0\" allow=\"autoplay; fullscreen; picture-in-picture; clipboard-write; encrypted-media; web-share\"><\/iframe><\/div>\r\n<\/div><\/figure><br>\n\n<\/div>\n\t<div class=\"play-button\">\n\t\t<svg width=\"146px\" height=\"146px\" viewBox=\"0 0 146 146\" version=\"1.1\" xmlns=\"http:\/\/www.w3.org\/2000\/svg\" xmlns:xlink=\"http:\/\/www.w3.org\/1999\/xlink\">\n\t\t\t<title>btn-video-dark<\/title>\n\t\t\t<g id=\"Invest-01\" stroke=\"none\" stroke-width=\"1\" fill=\"none\" fill-rule=\"evenodd\" stroke-linejoin=\"round\">\n\t\t\t\t\t<g id=\"Pg-Why-create-a-surf-spot\" transform=\"translate(-632.000000, -2570.000000)\" stroke=\"#000000\" stroke-width=\"4\">\n\t\t\t\t\t\t\t<g id=\"btn-video-dark\" transform=\"translate(634.000000, 2572.000000)\">\n\t\t\t\t\t\t\t\t\t<circle id=\"Oval\" cx=\"71\" cy=\"71\" r=\"71\"><\/circle>\n\t\t\t\t\t\t\t\t\t<polygon id=\"Triangle\" transform=\"translate(79.500000, 71.500000) rotate(90.000000) translate(-79.500000, -71.500000) \" points=\"79.5 45 108 98 51 98\"><\/polygon>\n\t\t\t\t\t\t\t<\/g>\n\t\t\t\t\t<\/g>\n\t\t\t<\/g>\n\t\t<\/svg>\n\t<\/div>\n\t<div class=\"pause-button\">\n\t<\/div>\n<\/div>","protected":false},"excerpt":{"rendered":"<p>O crescimento exponencial dos esportes ao ar livre \u00e9 impar\u00e1vel. Estima-se que entre 25 e 35 milh\u00f5es de surfistas pratiquem o esporte em todo o mundo. (Fonte: Forbes\/ISA) Impacto econ\u00f4mico anual do surfe em 3 picos de surfe populares Bilh\u00f5es O setor de surfe gera 7,3 bilh\u00f5es de euros por ano (fonte: Statistic Brain) 12 [&hellip;]<\/p>\n","protected":false},"author":2,"featured_media":39665,"parent":0,"menu_order":0,"comment_status":"closed","ping_status":"closed","template":"","meta":{"_acf_changed":false,"footnotes":""},"class_list":["post-36185","page","type-page","status-publish","has-post-thumbnail","hentry"],"acf":[],"yoast_head":"<!-- This site is optimized with the Yoast SEO plugin v27.2 - https:\/\/yoast.com\/product\/yoast-seo-wordpress\/ -->\n<title>| 12 raz\u00f5es para construir um Wavegarden Cove<\/title>\n<meta name=\"description\" content=\"Entenda por que um neg\u00f3cio de Surf Park \u00e9 lucrativo e inovador. O crescimento dos esportes ao ar livre est\u00e1 em alta e o surfe \u00e9 impar\u00e1vel.\" \/>\n<meta name=\"robots\" content=\"index, follow, max-snippet:-1, max-image-preview:large, max-video-preview:-1\" \/>\n<link rel=\"canonical\" href=\"https:\/\/wavegarden.com\/pt-br\/por-que-criar-um-pico-de-surfe\/\" \/>\n<meta property=\"og:locale\" content=\"pt_BR\" \/>\n<meta property=\"og:type\" content=\"article\" \/>\n<meta property=\"og:title\" content=\"| 12 raz\u00f5es para construir um Wavegarden Cove\" \/>\n<meta property=\"og:description\" content=\"Entenda por que um neg\u00f3cio de Surf Park \u00e9 lucrativo e inovador. O crescimento dos esportes ao ar livre est\u00e1 em alta e o surfe \u00e9 impar\u00e1vel.\" \/>\n<meta property=\"og:url\" content=\"https:\/\/wavegarden.com\/pt-br\/por-que-criar-um-pico-de-surfe\/\" \/>\n<meta property=\"og:site_name\" content=\"Wavegarden\" \/>\n<meta property=\"article:publisher\" content=\"http:\/\/www.facebook.com\/Wavegarden\" \/>\n<meta property=\"article:modified_time\" content=\"2025-08-06T06:41:35+00:00\" \/>\n<meta property=\"og:image\" content=\"https:\/\/wavegarden.com\/wp-content\/uploads\/2019\/10\/MG_9574.jpg\" \/>\n\t<meta property=\"og:image:width\" content=\"1600\" \/>\n\t<meta property=\"og:image:height\" content=\"1067\" \/>\n\t<meta property=\"og:image:type\" content=\"image\/jpeg\" \/>\n<meta name=\"twitter:card\" content=\"summary_large_image\" \/>\n<meta name=\"twitter:site\" content=\"@wavegarden\" \/>\n<meta name=\"twitter:label1\" content=\"Est. tempo de leitura\" \/>\n\t<meta name=\"twitter:data1\" content=\"2 minutos\" \/>\n<script type=\"application\/ld+json\" class=\"yoast-schema-graph\">{\"@context\":\"https:\/\/schema.org\",\"@graph\":[{\"@type\":\"WebPage\",\"@id\":\"https:\/\/wavegarden.com\/pt-br\/por-que-criar-um-pico-de-surfe\/\",\"url\":\"https:\/\/wavegarden.com\/pt-br\/por-que-criar-um-pico-de-surfe\/\",\"name\":\"| 12 raz\u00f5es para construir um Wavegarden Cove\",\"isPartOf\":{\"@id\":\"https:\/\/wavegarden.com\/de\/#website\"},\"primaryImageOfPage\":{\"@id\":\"https:\/\/wavegarden.com\/pt-br\/por-que-criar-um-pico-de-surfe\/#primaryimage\"},\"image\":{\"@id\":\"https:\/\/wavegarden.com\/pt-br\/por-que-criar-um-pico-de-surfe\/#primaryimage\"},\"thumbnailUrl\":\"https:\/\/wavegarden.com\/wp-content\/uploads\/2019\/10\/MG_9574.jpg\",\"datePublished\":\"2025-07-14T07:29:44+00:00\",\"dateModified\":\"2025-08-06T06:41:35+00:00\",\"description\":\"Entenda por que um neg\u00f3cio de Surf Park \u00e9 lucrativo e inovador. O crescimento dos esportes ao ar livre est\u00e1 em alta e o surfe \u00e9 impar\u00e1vel.\",\"breadcrumb\":{\"@id\":\"https:\/\/wavegarden.com\/pt-br\/por-que-criar-um-pico-de-surfe\/#breadcrumb\"},\"inLanguage\":\"pt-BR\",\"potentialAction\":[{\"@type\":\"ReadAction\",\"target\":[\"https:\/\/wavegarden.com\/pt-br\/por-que-criar-um-pico-de-surfe\/\"]}]},{\"@type\":\"ImageObject\",\"inLanguage\":\"pt-BR\",\"@id\":\"https:\/\/wavegarden.com\/pt-br\/por-que-criar-um-pico-de-surfe\/#primaryimage\",\"url\":\"https:\/\/wavegarden.com\/wp-content\/uploads\/2019\/10\/MG_9574.jpg\",\"contentUrl\":\"https:\/\/wavegarden.com\/wp-content\/uploads\/2019\/10\/MG_9574.jpg\",\"width\":1600,\"height\":1067},{\"@type\":\"BreadcrumbList\",\"@id\":\"https:\/\/wavegarden.com\/pt-br\/por-que-criar-um-pico-de-surfe\/#breadcrumb\",\"itemListElement\":[{\"@type\":\"ListItem\",\"position\":1,\"name\":\"Home\",\"item\":\"https:\/\/wavegarden.com\/pt-br\/\"},{\"@type\":\"ListItem\",\"position\":2,\"name\":\"Por que criar um pico de surfe?\"}]},{\"@type\":\"WebSite\",\"@id\":\"https:\/\/wavegarden.com\/de\/#website\",\"url\":\"https:\/\/wavegarden.com\/de\/\",\"name\":\"Wavegarden\",\"description\":\"\",\"publisher\":{\"@id\":\"https:\/\/wavegarden.com\/de\/#organization\"},\"potentialAction\":[{\"@type\":\"SearchAction\",\"target\":{\"@type\":\"EntryPoint\",\"urlTemplate\":\"https:\/\/wavegarden.com\/de\/?s={search_term_string}\"},\"query-input\":{\"@type\":\"PropertyValueSpecification\",\"valueRequired\":true,\"valueName\":\"search_term_string\"}}],\"inLanguage\":\"pt-BR\"},{\"@type\":\"Organization\",\"@id\":\"https:\/\/wavegarden.com\/de\/#organization\",\"name\":\"Wavegarden\",\"alternateName\":\"Wavegarden\",\"url\":\"https:\/\/wavegarden.com\/de\/\",\"logo\":{\"@type\":\"ImageObject\",\"inLanguage\":\"pt-BR\",\"@id\":\"https:\/\/wavegarden.com\/de\/#\/schema\/logo\/image\/\",\"url\":\"https:\/\/wavegarden.com\/wp-content\/uploads\/2024\/06\/logo-wavegarden.png\",\"contentUrl\":\"https:\/\/wavegarden.com\/wp-content\/uploads\/2024\/06\/logo-wavegarden.png\",\"width\":692,\"height\":292,\"caption\":\"Wavegarden\"},\"image\":{\"@id\":\"https:\/\/wavegarden.com\/de\/#\/schema\/logo\/image\/\"},\"sameAs\":[\"http:\/\/www.facebook.com\/Wavegarden\",\"https:\/\/x.com\/wavegarden\",\"https:\/\/www.instagram.com\/wavegarden_official\/\",\"https:\/\/www.linkedin.com\/company\/wavegarden\/\",\"https:\/\/www.youtube.com\/@WavegardenOfficial\"]}]}<\/script>\n<!-- \/ Yoast SEO plugin. -->","yoast_head_json":{"title":"| 12 raz\u00f5es para construir um Wavegarden Cove","description":"Entenda por que um neg\u00f3cio de Surf Park \u00e9 lucrativo e inovador. O crescimento dos esportes ao ar livre est\u00e1 em alta e o surfe \u00e9 impar\u00e1vel.","robots":{"index":"index","follow":"follow","max-snippet":"max-snippet:-1","max-image-preview":"max-image-preview:large","max-video-preview":"max-video-preview:-1"},"canonical":"https:\/\/wavegarden.com\/pt-br\/por-que-criar-um-pico-de-surfe\/","og_locale":"pt_BR","og_type":"article","og_title":"| 12 raz\u00f5es para construir um Wavegarden Cove","og_description":"Entenda por que um neg\u00f3cio de Surf Park \u00e9 lucrativo e inovador. O crescimento dos esportes ao ar livre est\u00e1 em alta e o surfe \u00e9 impar\u00e1vel.","og_url":"https:\/\/wavegarden.com\/pt-br\/por-que-criar-um-pico-de-surfe\/","og_site_name":"Wavegarden","article_publisher":"http:\/\/www.facebook.com\/Wavegarden","article_modified_time":"2025-08-06T06:41:35+00:00","og_image":[{"width":1600,"height":1067,"url":"https:\/\/wavegarden.com\/wp-content\/uploads\/2019\/10\/MG_9574.jpg","type":"image\/jpeg"}],"twitter_card":"summary_large_image","twitter_site":"@wavegarden","twitter_misc":{"Est. tempo de leitura":"2 minutos"},"schema":{"@context":"https:\/\/schema.org","@graph":[{"@type":"WebPage","@id":"https:\/\/wavegarden.com\/pt-br\/por-que-criar-um-pico-de-surfe\/","url":"https:\/\/wavegarden.com\/pt-br\/por-que-criar-um-pico-de-surfe\/","name":"| 12 raz\u00f5es para construir um Wavegarden Cove","isPartOf":{"@id":"https:\/\/wavegarden.com\/de\/#website"},"primaryImageOfPage":{"@id":"https:\/\/wavegarden.com\/pt-br\/por-que-criar-um-pico-de-surfe\/#primaryimage"},"image":{"@id":"https:\/\/wavegarden.com\/pt-br\/por-que-criar-um-pico-de-surfe\/#primaryimage"},"thumbnailUrl":"https:\/\/wavegarden.com\/wp-content\/uploads\/2019\/10\/MG_9574.jpg","datePublished":"2025-07-14T07:29:44+00:00","dateModified":"2025-08-06T06:41:35+00:00","description":"Entenda por que um neg\u00f3cio de Surf Park \u00e9 lucrativo e inovador. O crescimento dos esportes ao ar livre est\u00e1 em alta e o surfe \u00e9 impar\u00e1vel.","breadcrumb":{"@id":"https:\/\/wavegarden.com\/pt-br\/por-que-criar-um-pico-de-surfe\/#breadcrumb"},"inLanguage":"pt-BR","potentialAction":[{"@type":"ReadAction","target":["https:\/\/wavegarden.com\/pt-br\/por-que-criar-um-pico-de-surfe\/"]}]},{"@type":"ImageObject","inLanguage":"pt-BR","@id":"https:\/\/wavegarden.com\/pt-br\/por-que-criar-um-pico-de-surfe\/#primaryimage","url":"https:\/\/wavegarden.com\/wp-content\/uploads\/2019\/10\/MG_9574.jpg","contentUrl":"https:\/\/wavegarden.com\/wp-content\/uploads\/2019\/10\/MG_9574.jpg","width":1600,"height":1067},{"@type":"BreadcrumbList","@id":"https:\/\/wavegarden.com\/pt-br\/por-que-criar-um-pico-de-surfe\/#breadcrumb","itemListElement":[{"@type":"ListItem","position":1,"name":"Home","item":"https:\/\/wavegarden.com\/pt-br\/"},{"@type":"ListItem","position":2,"name":"Por que criar um pico de surfe?"}]},{"@type":"WebSite","@id":"https:\/\/wavegarden.com\/de\/#website","url":"https:\/\/wavegarden.com\/de\/","name":"Wavegarden","description":"","publisher":{"@id":"https:\/\/wavegarden.com\/de\/#organization"},"potentialAction":[{"@type":"SearchAction","target":{"@type":"EntryPoint","urlTemplate":"https:\/\/wavegarden.com\/de\/?s={search_term_string}"},"query-input":{"@type":"PropertyValueSpecification","valueRequired":true,"valueName":"search_term_string"}}],"inLanguage":"pt-BR"},{"@type":"Organization","@id":"https:\/\/wavegarden.com\/de\/#organization","name":"Wavegarden","alternateName":"Wavegarden","url":"https:\/\/wavegarden.com\/de\/","logo":{"@type":"ImageObject","inLanguage":"pt-BR","@id":"https:\/\/wavegarden.com\/de\/#\/schema\/logo\/image\/","url":"https:\/\/wavegarden.com\/wp-content\/uploads\/2024\/06\/logo-wavegarden.png","contentUrl":"https:\/\/wavegarden.com\/wp-content\/uploads\/2024\/06\/logo-wavegarden.png","width":692,"height":292,"caption":"Wavegarden"},"image":{"@id":"https:\/\/wavegarden.com\/de\/#\/schema\/logo\/image\/"},"sameAs":["http:\/\/www.facebook.com\/Wavegarden","https:\/\/x.com\/wavegarden","https:\/\/www.instagram.com\/wavegarden_official\/","https:\/\/www.linkedin.com\/company\/wavegarden\/","https:\/\/www.youtube.com\/@WavegardenOfficial"]}]}},"_links":{"self":[{"href":"https:\/\/wavegarden.com\/pt-br\/wp-json\/wp\/v2\/pages\/36185","targetHints":{"allow":["GET"]}}],"collection":[{"href":"https:\/\/wavegarden.com\/pt-br\/wp-json\/wp\/v2\/pages"}],"about":[{"href":"https:\/\/wavegarden.com\/pt-br\/wp-json\/wp\/v2\/types\/page"}],"author":[{"embeddable":true,"href":"https:\/\/wavegarden.com\/pt-br\/wp-json\/wp\/v2\/users\/2"}],"replies":[{"embeddable":true,"href":"https:\/\/wavegarden.com\/pt-br\/wp-json\/wp\/v2\/comments?post=36185"}],"version-history":[{"count":2,"href":"https:\/\/wavegarden.com\/pt-br\/wp-json\/wp\/v2\/pages\/36185\/revisions"}],"predecessor-version":[{"id":39666,"href":"https:\/\/wavegarden.com\/pt-br\/wp-json\/wp\/v2\/pages\/36185\/revisions\/39666"}],"wp:featuredmedia":[{"embeddable":true,"href":"https:\/\/wavegarden.com\/pt-br\/wp-json\/wp\/v2\/media\/39665"}],"wp:attachment":[{"href":"https:\/\/wavegarden.com\/pt-br\/wp-json\/wp\/v2\/media?parent=36185"}],"curies":[{"name":"wp","href":"https:\/\/api.w.org\/{rel}","templated":true}]}}