{"id":36139,"date":"2025-07-14T09:29:25","date_gmt":"2025-07-14T07:29:25","guid":{"rendered":"https:\/\/wavegarden.com\/pegada-de-carbono\/"},"modified":"2025-08-07T09:39:29","modified_gmt":"2025-08-07T07:39:29","slug":"pegada-de-carbono","status":"publish","type":"page","link":"https:\/\/wavegarden.com\/pt-br\/pegada-de-carbono\/","title":{"rendered":"Pegada de carbono"},"content":{"rendered":"\n<figure class=\"wp-block-image alignfull size-full\"><img decoding=\"async\" width=\"2560\" height=\"800\" src=\"https:\/\/wavegarden.com\/wp-content\/uploads\/2022\/10\/Ilustracion-web-scaled.jpg\" alt=\"\" class=\"wp-image-15042\" srcset=\"https:\/\/wavegarden.com\/wp-content\/uploads\/2022\/10\/Ilustracion-web-scaled.jpg 2560w, https:\/\/wavegarden.com\/wp-content\/uploads\/2022\/10\/Ilustracion-web-300x94.jpg 300w, https:\/\/wavegarden.com\/wp-content\/uploads\/2022\/10\/Ilustracion-web-1024x320.jpg 1024w, https:\/\/wavegarden.com\/wp-content\/uploads\/2022\/10\/Ilustracion-web-768x240.jpg 768w, https:\/\/wavegarden.com\/wp-content\/uploads\/2022\/10\/Ilustracion-web-1536x480.jpg 1536w, https:\/\/wavegarden.com\/wp-content\/uploads\/2022\/10\/Ilustracion-web-2048x640.jpg 2048w, https:\/\/wavegarden.com\/wp-content\/uploads\/2022\/10\/Ilustracion-web-800x250.jpg 800w\" sizes=\"(max-width: 2560px) 100vw, 2560px\" \/><\/figure>\n\n<h1 class=\"wp-block-heading has-text-align-center page-header__article__title\">Pegada de carbono<\/h1>\n\n<p>A Wavegarden tem o compromisso de compensar a pegada de carbono da fabrica\u00e7\u00e3o de m\u00e1quinas para ser neutra em carbono nos pr\u00f3ximos anos.<\/p>\n\n<h5 class=\"wp-block-heading has-text-align-left\">Compara\u00e7\u00e3o do consumo de C02 de uma Wavegarden Cove em rela\u00e7\u00e3o a uma viagem de carro at\u00e9 a praia<\/h5>\n\n<p class=\"has-text-align-left\">Consideramos a dist\u00e2ncia entre a sua casa e a sua praia favorita e a Wavegarden Cove mais pr\u00f3xima para calcular a dist\u00e2ncia em que o surfe no Wavegarden Cove tem uma pegada de carbono menor.<\/p>\n\n<p class=\"has-text-align-left\">O c\u00e1lculo foi baseado nas seguintes hip\u00f3teses:<\/p>\n\n<ul class=\"wp-block-list\">\n<li>Seu carro \u00e9 um ve\u00edculo utilit\u00e1rio e voc\u00ea viaja sozinho.<\/li>\n\n\n\n<li>Voc\u00ea passa uma hora e meia surfando na Wavegarden Lagoon.<\/li>\n<\/ul>\n\n\n\n<p class=\"has-text-align-left\">Esse \u00e9 um c\u00e1lculo aproximado e se baseia apenas na energia direta usada pelo carro e pelo gerador de ondas. Ele n\u00e3o leva em conta a energia usada para construir a Wavegarden Cove, as estradas ou o pr\u00f3prio carro.<\/p>\n\n<p class=\"has-text-align-left\">O estudo mostra que sua pegada de carbono seria menor se voc\u00ea surfasse em sua Wavegarden Cove, desde que ela esteja pelo menos um quarto de hora mais pr\u00f3xima de sua casa do que sua praia favorita.<\/p>\n\n<figure class=\"wp-block-table aligncenter\"><table><thead><tr><th class=\"has-text-align-left\" data-align=\"left\">Wavegarden Cove<\/th><th class=\"has-text-align-right\" data-align=\"right\"><\/th><\/tr><\/thead><tbody><tr><td class=\"has-text-align-left\" data-align=\"left\">Energia m\u00e9dia\/hora da Wavegarden Cove <\/td><td class=\"has-text-align-right\" data-align=\"right\">450 kWh<\/td><\/tr><tr><td class=\"has-text-align-left\" data-align=\"left\">N\u00ba de surfistas por hora<\/td><td class=\"has-text-align-right\" data-align=\"right\">80<\/td><\/tr><tr><td class=\"has-text-align-left\" data-align=\"left\">Wavegarden Cove energia\/hora\/surfista <\/td><td class=\"has-text-align-right\" data-align=\"right\">5.625 kWh<\/td><\/tr><tr><td class=\"has-text-align-left\" data-align=\"left\">CO2 emitido por sess\u00e3o e por pessoa no Wavegarden<\/td><td class=\"has-text-align-right\" data-align=\"right\">1,74 kg<\/td><\/tr><\/tbody><\/table><\/figure>\n\n<figure class=\"wp-block-table aligncenter\"><table><thead><tr><th class=\"has-text-align-left\" data-align=\"left\">Carro<\/th><th class=\"has-text-align-right\" data-align=\"right\"><\/th><\/tr><\/thead><tbody><tr><td class=\"has-text-align-left\" data-align=\"left\">Consumo m\u00e9dio de gasolina por carro a 100 km\/h <\/td><td class=\"has-text-align-right\" data-align=\"right\">6,00 l<\/td><\/tr><tr><td class=\"has-text-align-left\" data-align=\"left\">N\u00ba de pessoas por carro<\/td><td class=\"has-text-align-right\" data-align=\"right\">1<\/td><\/tr><tr><td class=\"has-text-align-left\" data-align=\"left\">Emiss\u00f5es de CO2 por hora e por pessoa em um carro movido a gasolina <\/td><td class=\"has-text-align-right\" data-align=\"right\">14,35 kg<\/td><\/tr><\/tbody><\/table><\/figure>\n\n<figure class=\"wp-block-table aligncenter\"><table><thead><tr><th class=\"has-text-align-left\" data-align=\"left\">Dist\u00e2ncia do carro para igualar o CO2<\/th><th class=\"has-text-align-right\" data-align=\"right\"><\/th><\/tr><\/thead><tbody><tr><td class=\"has-text-align-left\" data-align=\"left\">Total de minutos de carro (viagem de ida e volta) para igualar as emiss\u00f5es de CO2 na sess\u00e3o do Wavegarden por pessoa<\/td><td class=\"has-text-align-right\" data-align=\"right\">  <strong> <\/strong>24<\/td><\/tr><tr><td class=\"has-text-align-left\" data-align=\"left\">Minutos de carro por se\u00e7\u00e3o (ida e volta) para corresponder \u00e0s emiss\u00f5es de CO2 na sess\u00e3o do Wavegarden por pessoa<\/td><td class=\"has-text-align-right\" data-align=\"right\">  12<\/td><\/tr><\/tbody><\/table><\/figure>\n\n<div style=\"height:50px\" aria-hidden=\"true\" class=\"wp-block-spacer\"><\/div>\n\n<figure class=\"wp-block-image alignwide size-full\"><img decoding=\"async\" width=\"2560\" height=\"1442\" src=\"https:\/\/wavegarden.com\/wp-content\/uploads\/2022\/10\/Ilustracion-web-2-scaled.jpg\" alt=\"\" class=\"wp-image-15048\" srcset=\"https:\/\/wavegarden.com\/wp-content\/uploads\/2022\/10\/Ilustracion-web-2-scaled.jpg 2560w, https:\/\/wavegarden.com\/wp-content\/uploads\/2022\/10\/Ilustracion-web-2-300x169.jpg 300w, https:\/\/wavegarden.com\/wp-content\/uploads\/2022\/10\/Ilustracion-web-2-1024x577.jpg 1024w, https:\/\/wavegarden.com\/wp-content\/uploads\/2022\/10\/Ilustracion-web-2-768x433.jpg 768w, https:\/\/wavegarden.com\/wp-content\/uploads\/2022\/10\/Ilustracion-web-2-1536x865.jpg 1536w, https:\/\/wavegarden.com\/wp-content\/uploads\/2022\/10\/Ilustracion-web-2-2048x1154.jpg 2048w, https:\/\/wavegarden.com\/wp-content\/uploads\/2022\/10\/Ilustracion-web-2-800x451.jpg 800w\" sizes=\"(max-width: 2560px) 100vw, 2560px\" \/><\/figure>\n\n<h3 class=\"wp-block-heading has-text-align-left\"><strong>Menos carbono, mais surfe<\/strong><\/h3>\n\n<p><strong>Curta uma viagem de surfe alternativa sem sair do seu pa\u00eds com o Wavegarden!<\/strong><\/p>\n\n<p>Um Wavegarden \u00e9 uma alternativa muito boa para viajar para o exterior em busca de \u00f3timas ondas. As instala\u00e7\u00f5es da Wavegarden oferecem uma solu\u00e7\u00e3o sustent\u00e1vel e conveniente, reduzindo a necessidade de viagens a\u00e9reas para desfrutar de uma viagem de surfe. Esse fato contribui diretamente para uma redu\u00e7\u00e3o significativa da pegada de carbono gerada pelas viagens de surfe, principalmente as a\u00e9reas.<\/p>\n\n<p>O compromisso da Wavegarden com a sustentabilidade se estende \u00e0 minimiza\u00e7\u00e3o do consumo de energia, resultando na redu\u00e7\u00e3o das emiss\u00f5es de CO2 durante as sess\u00f5es de surfe.<\/p>\n\n<p>Por exemplo, uma Wavegarden Cove na Su\u00ed\u00e7a consumiria menos de 450 kWh em uma sess\u00e3o de uma hora com uma m\u00e9dia de 88 surfistas, resultando em uma emiss\u00e3o de carbono equivalente a 50,75 kg de CO2 ou 0,63 kg de CO2 por sess\u00e3o e por pessoa.<\/p>\n\n<div style=\"height:50px\" aria-hidden=\"true\" class=\"wp-block-spacer\"><\/div>\n\n<div class=\"wp-block-columns is-layout-flex wp-container-core-columns-is-layout-9d6595d7 wp-block-columns-is-layout-flex\">\n<div class=\"wp-block-column is-layout-flow wp-block-column-is-layout-flow\" style=\"flex-basis:25%\"><\/div>\n\n\n\n<div class=\"wp-block-column is-layout-flow wp-block-column-is-layout-flow\" style=\"flex-basis:50%\">\n<figure class=\"wp-block-image size-full\"><img decoding=\"async\" width=\"54\" height=\"54\" src=\"https:\/\/wavegarden.com\/wp-content\/uploads\/2022\/06\/iconos-ventajas_Mesa-de-trabajo-1.png\" alt=\"\" class=\"wp-image-8836\"\/><\/figure>\n\n\n\n<div style=\"height:20px\" aria-hidden=\"true\" class=\"wp-block-spacer\"><\/div>\n\n\n\n<p>Uma viagem de avi\u00e3o de ida e volta da Su\u00ed\u00e7a para Bali emite aproximadamente 800.000 kg de CO2 (para 246 passageiros). Isso \u00e9 equivalente a um Wavegarden operando por 1.970 dias (8 horas\/dia).<\/p>\n<\/div>\n\n\n\n<div class=\"wp-block-column is-layout-flow wp-block-column-is-layout-flow\" style=\"flex-basis:50%\">\n<figure class=\"wp-block-image size-full\"><img decoding=\"async\" width=\"54\" height=\"54\" src=\"https:\/\/wavegarden.com\/wp-content\/uploads\/2022\/06\/iconos-ventajas_Mesa-de-trabajo-1.png\" alt=\"\" class=\"wp-image-8836\"\/><\/figure>\n\n\n\n<div style=\"height:20px\" aria-hidden=\"true\" class=\"wp-block-spacer\"><\/div>\n\n\n\n<p>Cada passageiro que viaja de avi\u00e3o da Su\u00ed\u00e7a para Bali emite 3.252 kg de CO2eq (ida e volta), o que equivale a desfrutar de 5.638 sess\u00f5es no Wavegarden por pessoa.<\/p>\n<\/div>\n\n\n\n<div class=\"wp-block-column is-layout-flow wp-block-column-is-layout-flow\" style=\"flex-basis:25%\"><\/div>\n<\/div>\n\n<div style=\"height:50px\" aria-hidden=\"true\" class=\"wp-block-spacer\"><\/div>\n","protected":false},"excerpt":{"rendered":"<p>Pegada de carbono A Wavegarden tem o compromisso de compensar a pegada de carbono da fabrica\u00e7\u00e3o de m\u00e1quinas para ser neutra em carbono nos pr\u00f3ximos anos. Compara\u00e7\u00e3o do consumo de C02 de uma Wavegarden Cove em rela\u00e7\u00e3o a uma viagem de carro at\u00e9 a praia Consideramos a dist\u00e2ncia entre a sua casa e a sua [&hellip;]<\/p>\n","protected":false},"author":4,"featured_media":36140,"parent":0,"menu_order":0,"comment_status":"closed","ping_status":"closed","template":"","meta":{"_acf_changed":false,"footnotes":""},"class_list":["post-36139","page","type-page","status-publish","has-post-thumbnail","hentry"],"acf":[],"yoast_head":"<!-- This site is optimized with the Yoast SEO plugin v27.2 - https:\/\/yoast.com\/product\/yoast-seo-wordpress\/ -->\n<title>| Rumo a um surf park neutro em carbono<\/title>\n<meta name=\"description\" content=\"Na Wavegarden, estamos trabalhando para nos tornarmos neutros em carbono. Confira os principais dados sobre o consumo dos surf parks Wavegarden.\" \/>\n<meta name=\"robots\" content=\"index, follow, max-snippet:-1, max-image-preview:large, max-video-preview:-1\" \/>\n<link rel=\"canonical\" href=\"https:\/\/wavegarden.com\/pt-br\/pegada-de-carbono\/\" \/>\n<meta property=\"og:locale\" content=\"pt_BR\" \/>\n<meta property=\"og:type\" content=\"article\" \/>\n<meta property=\"og:title\" content=\"| Rumo a um surf park neutro em carbono\" \/>\n<meta property=\"og:description\" content=\"Na Wavegarden, estamos trabalhando para nos tornarmos neutros em carbono. Confira os principais dados sobre o consumo dos surf parks Wavegarden.\" \/>\n<meta property=\"og:url\" content=\"https:\/\/wavegarden.com\/pt-br\/pegada-de-carbono\/\" \/>\n<meta property=\"og:site_name\" content=\"Wavegarden\" \/>\n<meta property=\"article:publisher\" content=\"http:\/\/www.facebook.com\/Wavegarden\" \/>\n<meta property=\"article:modified_time\" content=\"2025-08-07T07:39:29+00:00\" \/>\n<meta property=\"og:image\" content=\"https:\/\/wavegarden.com\/wp-content\/uploads\/2022\/04\/170A6385-opt.jpg\" \/>\n\t<meta property=\"og:image:width\" content=\"2000\" \/>\n\t<meta property=\"og:image:height\" content=\"1335\" \/>\n\t<meta property=\"og:image:type\" content=\"image\/jpeg\" \/>\n<meta name=\"twitter:card\" content=\"summary_large_image\" \/>\n<meta name=\"twitter:site\" content=\"@wavegarden\" \/>\n<meta name=\"twitter:label1\" content=\"Est. tempo de leitura\" \/>\n\t<meta name=\"twitter:data1\" content=\"3 minutos\" \/>\n<script type=\"application\/ld+json\" class=\"yoast-schema-graph\">{\"@context\":\"https:\/\/schema.org\",\"@graph\":[{\"@type\":\"WebPage\",\"@id\":\"https:\/\/wavegarden.com\/pt-br\/pegada-de-carbono\/\",\"url\":\"https:\/\/wavegarden.com\/pt-br\/pegada-de-carbono\/\",\"name\":\"| Rumo a um surf park neutro em carbono\",\"isPartOf\":{\"@id\":\"https:\/\/wavegarden.com\/de\/#website\"},\"primaryImageOfPage\":{\"@id\":\"https:\/\/wavegarden.com\/pt-br\/pegada-de-carbono\/#primaryimage\"},\"image\":{\"@id\":\"https:\/\/wavegarden.com\/pt-br\/pegada-de-carbono\/#primaryimage\"},\"thumbnailUrl\":\"https:\/\/wavegarden.com\/wp-content\/uploads\/2022\/04\/170A6385-opt.jpg\",\"datePublished\":\"2025-07-14T07:29:25+00:00\",\"dateModified\":\"2025-08-07T07:39:29+00:00\",\"description\":\"Na Wavegarden, estamos trabalhando para nos tornarmos neutros em carbono. Confira os principais dados sobre o consumo dos surf parks Wavegarden.\",\"breadcrumb\":{\"@id\":\"https:\/\/wavegarden.com\/pt-br\/pegada-de-carbono\/#breadcrumb\"},\"inLanguage\":\"pt-BR\",\"potentialAction\":[{\"@type\":\"ReadAction\",\"target\":[\"https:\/\/wavegarden.com\/pt-br\/pegada-de-carbono\/\"]}]},{\"@type\":\"ImageObject\",\"inLanguage\":\"pt-BR\",\"@id\":\"https:\/\/wavegarden.com\/pt-br\/pegada-de-carbono\/#primaryimage\",\"url\":\"https:\/\/wavegarden.com\/wp-content\/uploads\/2022\/04\/170A6385-opt.jpg\",\"contentUrl\":\"https:\/\/wavegarden.com\/wp-content\/uploads\/2022\/04\/170A6385-opt.jpg\",\"width\":2000,\"height\":1335},{\"@type\":\"BreadcrumbList\",\"@id\":\"https:\/\/wavegarden.com\/pt-br\/pegada-de-carbono\/#breadcrumb\",\"itemListElement\":[{\"@type\":\"ListItem\",\"position\":1,\"name\":\"Home\",\"item\":\"https:\/\/wavegarden.com\/pt-br\/\"},{\"@type\":\"ListItem\",\"position\":2,\"name\":\"Pegada de carbono\"}]},{\"@type\":\"WebSite\",\"@id\":\"https:\/\/wavegarden.com\/de\/#website\",\"url\":\"https:\/\/wavegarden.com\/de\/\",\"name\":\"Wavegarden\",\"description\":\"\",\"publisher\":{\"@id\":\"https:\/\/wavegarden.com\/de\/#organization\"},\"potentialAction\":[{\"@type\":\"SearchAction\",\"target\":{\"@type\":\"EntryPoint\",\"urlTemplate\":\"https:\/\/wavegarden.com\/de\/?s={search_term_string}\"},\"query-input\":{\"@type\":\"PropertyValueSpecification\",\"valueRequired\":true,\"valueName\":\"search_term_string\"}}],\"inLanguage\":\"pt-BR\"},{\"@type\":\"Organization\",\"@id\":\"https:\/\/wavegarden.com\/de\/#organization\",\"name\":\"Wavegarden\",\"alternateName\":\"Wavegarden\",\"url\":\"https:\/\/wavegarden.com\/de\/\",\"logo\":{\"@type\":\"ImageObject\",\"inLanguage\":\"pt-BR\",\"@id\":\"https:\/\/wavegarden.com\/de\/#\/schema\/logo\/image\/\",\"url\":\"https:\/\/wavegarden.com\/wp-content\/uploads\/2024\/06\/logo-wavegarden.png\",\"contentUrl\":\"https:\/\/wavegarden.com\/wp-content\/uploads\/2024\/06\/logo-wavegarden.png\",\"width\":692,\"height\":292,\"caption\":\"Wavegarden\"},\"image\":{\"@id\":\"https:\/\/wavegarden.com\/de\/#\/schema\/logo\/image\/\"},\"sameAs\":[\"http:\/\/www.facebook.com\/Wavegarden\",\"https:\/\/x.com\/wavegarden\",\"https:\/\/www.instagram.com\/wavegarden_official\/\",\"https:\/\/www.linkedin.com\/company\/wavegarden\/\",\"https:\/\/www.youtube.com\/@WavegardenOfficial\"]}]}<\/script>\n<!-- \/ Yoast SEO plugin. -->","yoast_head_json":{"title":"| Rumo a um surf park neutro em carbono","description":"Na Wavegarden, estamos trabalhando para nos tornarmos neutros em carbono. Confira os principais dados sobre o consumo dos surf parks Wavegarden.","robots":{"index":"index","follow":"follow","max-snippet":"max-snippet:-1","max-image-preview":"max-image-preview:large","max-video-preview":"max-video-preview:-1"},"canonical":"https:\/\/wavegarden.com\/pt-br\/pegada-de-carbono\/","og_locale":"pt_BR","og_type":"article","og_title":"| Rumo a um surf park neutro em carbono","og_description":"Na Wavegarden, estamos trabalhando para nos tornarmos neutros em carbono. Confira os principais dados sobre o consumo dos surf parks Wavegarden.","og_url":"https:\/\/wavegarden.com\/pt-br\/pegada-de-carbono\/","og_site_name":"Wavegarden","article_publisher":"http:\/\/www.facebook.com\/Wavegarden","article_modified_time":"2025-08-07T07:39:29+00:00","og_image":[{"width":2000,"height":1335,"url":"https:\/\/wavegarden.com\/wp-content\/uploads\/2022\/04\/170A6385-opt.jpg","type":"image\/jpeg"}],"twitter_card":"summary_large_image","twitter_site":"@wavegarden","twitter_misc":{"Est. tempo de leitura":"3 minutos"},"schema":{"@context":"https:\/\/schema.org","@graph":[{"@type":"WebPage","@id":"https:\/\/wavegarden.com\/pt-br\/pegada-de-carbono\/","url":"https:\/\/wavegarden.com\/pt-br\/pegada-de-carbono\/","name":"| Rumo a um surf park neutro em carbono","isPartOf":{"@id":"https:\/\/wavegarden.com\/de\/#website"},"primaryImageOfPage":{"@id":"https:\/\/wavegarden.com\/pt-br\/pegada-de-carbono\/#primaryimage"},"image":{"@id":"https:\/\/wavegarden.com\/pt-br\/pegada-de-carbono\/#primaryimage"},"thumbnailUrl":"https:\/\/wavegarden.com\/wp-content\/uploads\/2022\/04\/170A6385-opt.jpg","datePublished":"2025-07-14T07:29:25+00:00","dateModified":"2025-08-07T07:39:29+00:00","description":"Na Wavegarden, estamos trabalhando para nos tornarmos neutros em carbono. Confira os principais dados sobre o consumo dos surf parks Wavegarden.","breadcrumb":{"@id":"https:\/\/wavegarden.com\/pt-br\/pegada-de-carbono\/#breadcrumb"},"inLanguage":"pt-BR","potentialAction":[{"@type":"ReadAction","target":["https:\/\/wavegarden.com\/pt-br\/pegada-de-carbono\/"]}]},{"@type":"ImageObject","inLanguage":"pt-BR","@id":"https:\/\/wavegarden.com\/pt-br\/pegada-de-carbono\/#primaryimage","url":"https:\/\/wavegarden.com\/wp-content\/uploads\/2022\/04\/170A6385-opt.jpg","contentUrl":"https:\/\/wavegarden.com\/wp-content\/uploads\/2022\/04\/170A6385-opt.jpg","width":2000,"height":1335},{"@type":"BreadcrumbList","@id":"https:\/\/wavegarden.com\/pt-br\/pegada-de-carbono\/#breadcrumb","itemListElement":[{"@type":"ListItem","position":1,"name":"Home","item":"https:\/\/wavegarden.com\/pt-br\/"},{"@type":"ListItem","position":2,"name":"Pegada de carbono"}]},{"@type":"WebSite","@id":"https:\/\/wavegarden.com\/de\/#website","url":"https:\/\/wavegarden.com\/de\/","name":"Wavegarden","description":"","publisher":{"@id":"https:\/\/wavegarden.com\/de\/#organization"},"potentialAction":[{"@type":"SearchAction","target":{"@type":"EntryPoint","urlTemplate":"https:\/\/wavegarden.com\/de\/?s={search_term_string}"},"query-input":{"@type":"PropertyValueSpecification","valueRequired":true,"valueName":"search_term_string"}}],"inLanguage":"pt-BR"},{"@type":"Organization","@id":"https:\/\/wavegarden.com\/de\/#organization","name":"Wavegarden","alternateName":"Wavegarden","url":"https:\/\/wavegarden.com\/de\/","logo":{"@type":"ImageObject","inLanguage":"pt-BR","@id":"https:\/\/wavegarden.com\/de\/#\/schema\/logo\/image\/","url":"https:\/\/wavegarden.com\/wp-content\/uploads\/2024\/06\/logo-wavegarden.png","contentUrl":"https:\/\/wavegarden.com\/wp-content\/uploads\/2024\/06\/logo-wavegarden.png","width":692,"height":292,"caption":"Wavegarden"},"image":{"@id":"https:\/\/wavegarden.com\/de\/#\/schema\/logo\/image\/"},"sameAs":["http:\/\/www.facebook.com\/Wavegarden","https:\/\/x.com\/wavegarden","https:\/\/www.instagram.com\/wavegarden_official\/","https:\/\/www.linkedin.com\/company\/wavegarden\/","https:\/\/www.youtube.com\/@WavegardenOfficial"]}]}},"_links":{"self":[{"href":"https:\/\/wavegarden.com\/pt-br\/wp-json\/wp\/v2\/pages\/36139","targetHints":{"allow":["GET"]}}],"collection":[{"href":"https:\/\/wavegarden.com\/pt-br\/wp-json\/wp\/v2\/pages"}],"about":[{"href":"https:\/\/wavegarden.com\/pt-br\/wp-json\/wp\/v2\/types\/page"}],"author":[{"embeddable":true,"href":"https:\/\/wavegarden.com\/pt-br\/wp-json\/wp\/v2\/users\/4"}],"replies":[{"embeddable":true,"href":"https:\/\/wavegarden.com\/pt-br\/wp-json\/wp\/v2\/comments?post=36139"}],"version-history":[{"count":3,"href":"https:\/\/wavegarden.com\/pt-br\/wp-json\/wp\/v2\/pages\/36139\/revisions"}],"predecessor-version":[{"id":39912,"href":"https:\/\/wavegarden.com\/pt-br\/wp-json\/wp\/v2\/pages\/36139\/revisions\/39912"}],"wp:featuredmedia":[{"embeddable":true,"href":"https:\/\/wavegarden.com\/pt-br\/wp-json\/wp\/v2\/media\/36140"}],"wp:attachment":[{"href":"https:\/\/wavegarden.com\/pt-br\/wp-json\/wp\/v2\/media?parent=36139"}],"curies":[{"name":"wp","href":"https:\/\/api.w.org\/{rel}","templated":true}]}}