{"id":36131,"date":"2025-07-14T09:29:22","date_gmt":"2025-07-14T07:29:22","guid":{"rendered":"https:\/\/wavegarden.com\/negcios-comprovados\/"},"modified":"2025-10-13T13:58:02","modified_gmt":"2025-10-13T11:58:02","slug":"negcios-comprovados","status":"publish","type":"page","link":"https:\/\/wavegarden.com\/pt-br\/negcios-comprovados\/","title":{"rendered":"Neg&oacute;cios comprovados"},"content":{"rendered":"\n<h2 class=\"wp-block-heading has-text-align-center\" style=\"font-size:2rem\">Sa\u00fade financeira s\u00f3lida<\/h2>\n\n<p class=\"has-text-align-center\" style=\"font-size:1.5rem\">Com mais de 45 projetos financeiramente comprometidos, 10 instala\u00e7\u00f5es atualmente em constru\u00e7\u00e3o e pr\u00e9-constru\u00e7\u00e3o e outras 12 operando com sucesso, nossa tecnologia Wavegarden Cove provou ser a escolha n\u00famero 1 para desenvolvedores e investidores em todo o mundo.<\/p>\n\n<h4 class=\"wp-block-heading has-text-align-center\">Valores indicativos para projetos padr\u00e3o no sul da Europa<\/h4>\n\n<div class=\"wp-block-group alignfull\"><div class=\"wp-block-group__inner-container is-layout-constrained wp-block-group-is-layout-constrained\">\n<div style=\"height:52px\" aria-hidden=\"true\" class=\"wp-block-spacer\"><\/div>\n<\/div><\/div>\n<div class=\"mcs-wgb-invest-numbers alignfull\" >\n  <p>\n          <span\n            class=\"mcs-wgb-invest-numbers-hilighted-data\"\n            data-max-size=\"10\"\n            data-min-size=\"1\"\n          >>250,000*<\/span>\n          <span>visitantes por ano<\/span>\n        <\/p><p>\n          <span\n            class=\"mcs-wgb-invest-numbers-hilighted-data\"\n            data-max-size=\"10\"\n            data-min-size=\"1\"\n          >>90+<\/span>\n          <span>surfistas simultaneamente <\/span>\n        <\/p><p>\n          <span\n            class=\"mcs-wgb-invest-numbers-hilighted-data\"\n            data-max-size=\"10\"\n            data-min-size=\"1\"\n          >300-1000<\/span>\n          <span>ondas por hora<\/span>\n        <\/p><p>\n          <span\n            class=\"mcs-wgb-invest-numbers-hilighted-data\"\n            data-max-size=\"10\"\n            data-min-size=\"1\"\n          >150.000<\/span>\n          <span>sess&otilde;es de surfe (horas) por ano<\/span>\n        <\/p><p>\n          <span\n            class=\"mcs-wgb-invest-numbers-hilighted-data\"\n            data-max-size=\"10\"\n            data-min-size=\"1\"\n          >35-165 \u20ac<\/span>\n          <span>por sess&atilde;o de surfe <\/span>\n        <\/p><p>\n          <span\n            class=\"mcs-wgb-invest-numbers-hilighted-data\"\n            data-max-size=\"10\"\n            data-min-size=\"1\"\n          >25-40 M\u20ac <\/span>\n          <span>custo total estimado de desenvolvimento do surf park<\/span>\n        <\/p><p>\n          <span\n            class=\"mcs-wgb-invest-numbers-hilighted-data\"\n            data-max-size=\"10\"\n            data-min-size=\"1\"\n          >10-25 M\u20ac<\/span>\n          <span>custo da lagoa, do gerador de ondas e do sistema de tratamento de &aacute;gua*<\/span>\n        <\/p><p>\n          <span\n            class=\"mcs-wgb-invest-numbers-hilighted-data\"\n            data-max-size=\"10\"\n            data-min-size=\"1\"\n          >>35-40%*<\/span>\n          <span>EBITDA-Marge<\/span>\n        <\/p><p>\n          <span\n            class=\"mcs-wgb-invest-numbers-hilighted-data\"\n            data-max-size=\"10\"\n            data-min-size=\"1\"\n          >350 kWh<\/span>\n          <span>Consumo m&eacute;dio de energia por sess&atilde;o de surfe (1 hora)<\/span>\n        <\/p><p>\n          <span\n            class=\"mcs-wgb-invest-numbers-hilighted-data\"\n            data-max-size=\"10\"\n            data-min-size=\"1\"\n          >&gt;20%*<\/span>\n          <span>TIR alavancada <\/span>\n        <\/p><\/div>\n\n\n\n<p><em><sub>* Quelle: Allgemeine Finanzbewertung von Wavegarden Cove f\u00fcr 2025 f\u00fcr eine Surf-Lagune in Standardgr\u00f6\u00dfe in Spanien.Os custos podem variar dependendo do tamanho da lagoa, da dificuldade das obras civis, do pa\u00eds (as estimativas acima s\u00e3o para a Espanha) e do gerador de ondas escolhido<\/sub><\/em>.<\/p>\n\n<div style=\"height:50px\" aria-hidden=\"true\" class=\"wp-block-spacer\"><\/div>\n\n<div class=\"wp-block-group alignfull has-background\" style=\"background-color:#f5f5f5\"><div class=\"wp-block-group__inner-container is-layout-constrained wp-block-group-is-layout-constrained\">\n<div style=\"height:50px\" aria-hidden=\"true\" class=\"wp-block-spacer\"><\/div>\n\n\n\n<h2 class=\"wp-block-heading has-text-align-center\">Projetado para o sucesso dos neg\u00f3cios<\/h2>\n\n\n\n<div style=\"height:50px\" aria-hidden=\"true\" class=\"wp-block-spacer\"><\/div>\n\n\n\n<p class=\"has-text-align-center\">Um Wavegarden\u00ae oferece a maior variedade de ondas de qualidade e a capacidade m\u00e1xima de usu\u00e1rios, fatores essenciais para um neg\u00f3cio bem-sucedido. Nosso projeto de lagoa \u00e9 o mais eficiente devido \u00e0 sua rela\u00e7\u00e3o entre tamanho e capacidade do usu\u00e1rio e seus baixos custos operacionais.<\/p>\n\n\n\n<p class=\"has-text-align-center\">Nossos surf parks abertos ao p\u00fablico, tanto os independentes quanto os que foram instalados como caracter\u00edsticas centrais de comunidades residenciais e empreendimentos de uso misto em grande escala, provaram ser comercialmente lucrativos.<\/p>\n\n\n\n<p class=\"has-text-align-center\">De fato, a alta ocupa\u00e7\u00e3o da lagoa e o sucesso dos neg\u00f3cios comerciais ao redor incentivaram nossos parceiros atuais a investir em instala\u00e7\u00f5es adicionais do Wavegarden em outros locais. A URBNSURF est\u00e1 agora construindo seu <a href=\"https:\/\/wavegarden.com\/new-wavegarden-cove-in-sydney-australia-set-to-open-in-early-2023\/\">segundo surf park em Sydney<\/a>; a The Wave assinou <a href=\"https:\/\/wavegarden.com\/wavegarden-and-the-wave-sign-major-strategic-alliance-agreement-to-develop-6-surf-park-in-the-uk-and-ireland\/\">um acordo para entregar mais 6 instala\u00e7\u00f5es no Reino Unido<\/a> e na Irlanda, e nosso parceiro no Brasil est\u00e1 planejando entregar at\u00e9 <a href=\"https:\/\/wavegarden.com\/wavegarden-expands-worldwide\/\">10 instala\u00e7\u00f5es no pa\u00eds<\/a>.<\/p>\n\n\n\n<div style=\"height:1px\" aria-hidden=\"true\" class=\"wp-block-spacer\"><\/div>\n<\/div><\/div>\n\n<div class=\"wp-block-group alignfull has-background\" style=\"background:linear-gradient(0deg,rgb(0,0,0) 46%,rgb(245,245,245) 46%)\"><div class=\"wp-block-group__inner-container is-layout-constrained wp-block-group-is-layout-constrained\">\n<div style=\"height:30px\" aria-hidden=\"true\" class=\"wp-block-spacer\"><\/div>\n\n\n<div id=\"\" class=\"mcs-wgb-vimeo-frame\" >\n\t<div class=\"acf-innerblocks-container\">\n\n<figure class=\"wp-block-embed is-type-video is-provider-vimeo wp-block-embed-vimeo wp-embed-aspect-16-9 wp-has-aspect-ratio\"><div class=\"wp-block-embed__wrapper\">\r\n<div class=\"videoWrapper\"><iframe title=\"Interview with Adam Bonvin about the success of Alaia Bay\" src=\"https:\/\/player.vimeo.com\/video\/732067533?h=e69dc19a71&amp;dnt=1&amp;app_id=122963\" width=\"500\" height=\"281\" frameborder=\"0\" allow=\"autoplay; fullscreen; picture-in-picture; clipboard-write; encrypted-media; web-share\"><\/iframe><\/div>\r\n<\/div><\/figure><br>\n\n<\/div>\n\t<div class=\"play-button\">\n\t\t<svg width=\"146px\" height=\"146px\" viewBox=\"0 0 146 146\" version=\"1.1\" xmlns=\"http:\/\/www.w3.org\/2000\/svg\" xmlns:xlink=\"http:\/\/www.w3.org\/1999\/xlink\">\n\t\t\t<title>btn-video-dark<\/title>\n\t\t\t<g id=\"Invest-01\" stroke=\"none\" stroke-width=\"1\" fill=\"none\" fill-rule=\"evenodd\" stroke-linejoin=\"round\">\n\t\t\t\t\t<g id=\"Pg-Why-create-a-surf-spot\" transform=\"translate(-632.000000, -2570.000000)\" stroke=\"#000000\" stroke-width=\"4\">\n\t\t\t\t\t\t\t<g id=\"btn-video-dark\" transform=\"translate(634.000000, 2572.000000)\">\n\t\t\t\t\t\t\t\t\t<circle id=\"Oval\" cx=\"71\" cy=\"71\" r=\"71\"><\/circle>\n\t\t\t\t\t\t\t\t\t<polygon id=\"Triangle\" transform=\"translate(79.500000, 71.500000) rotate(90.000000) translate(-79.500000, -71.500000) \" points=\"79.5 45 108 98 51 98\"><\/polygon>\n\t\t\t\t\t\t\t<\/g>\n\t\t\t\t\t<\/g>\n\t\t\t<\/g>\n\t\t<\/svg>\n\t<\/div>\n\t<div class=\"pause-button\">\n\t<\/div>\n<\/div>\n\n\n<div style=\"height:1px\" aria-hidden=\"true\" class=\"wp-block-spacer\"><\/div>\n<\/div><\/div>\n\n<div class=\"wp-block-group alignfull has-black-background-color has-background\"><div class=\"wp-block-group__inner-container is-layout-constrained wp-block-group-is-layout-constrained\">\n<div style=\"height:30px\" aria-hidden=\"true\" class=\"wp-block-spacer\"><\/div>\n\n\n\n<p class=\"has-text-align-center has-white-color has-text-color\">A Wavegarden oferece uma gama completa de servi\u00e7os comerciais e de engenharia necess\u00e1rios para garantir o sucesso imediato e de longo prazo do seu surf park.<\/p>\n\n\n\n<div class=\"wp-block-buttons is-content-justification-center is-layout-flex wp-container-core-buttons-is-layout-16018d1d wp-block-buttons-is-layout-flex\">\n<div class=\"wp-block-button\"><a class=\"wp-block-button__link has-black-color has-white-background-color has-text-color has-background wp-element-button\" href=\"mailto:sales@wavegarden.com\" target=\"_blank\" rel=\"noreferrer noopener\">ENTRE EM CONTATO COM NOSSA EQUIPE DE VENDAS<\/a><\/div>\n<\/div>\n\n\n\n<div style=\"height:50px\" aria-hidden=\"true\" class=\"wp-block-spacer\"><\/div>\n<\/div><\/div>\n\n<div style=\"height:50px\" aria-hidden=\"true\" class=\"wp-block-spacer\"><\/div>\n\n<h2 class=\"wp-block-heading has-text-align-center\"><strong>Conceito<\/strong><\/h2>\n\n<p>Um Wavegarden\u00ae transforma qualquer local em um destino de surfe dos sonhos, aben\u00e7oado com ondas garantidas e um ambiente de praia ex\u00f3tico. A combina\u00e7\u00e3o de nosso conceito exclusivo e tecnologia inovadora oferece uma oportunidade de neg\u00f3cios din\u00e2mica com in\u00fameras possibilidades, sendo que a pe\u00e7a central consiste em ondas perfeitas projetadas e adaptadas para surfistas de todos os n\u00edveis e idades.<\/p>\n\n<p>Inspirando-se em alguns dos picos de surfe mais ic\u00f4nicos do mundo, criamos um ambiente natural e descontra\u00eddo que, sem d\u00favida, estar\u00e1 entre os principais lugares a visitar por surfistas, amantes da praia e espectadores.<\/p>\n\n<p>Al\u00e9m de ser um local onde amigos e familiares podem praticar o esporte juntos, um Wavegarden pode incorporar v\u00e1rias outras atividades de lazer e entretenimento, aprimorando a experi\u00eancia geral e garantindo uma alta ocupa\u00e7\u00e3o durante todo o ano.<\/p>\n\n<figure class=\"wp-block-image alignfull size-full\"><img decoding=\"async\" width=\"2876\" height=\"696\" src=\"https:\/\/wavegarden.com\/wp-content\/uploads\/2022\/12\/image-1.png\" alt=\"\" class=\"wp-image-15843\" srcset=\"https:\/\/wavegarden.com\/wp-content\/uploads\/2022\/12\/image-1.png 2876w, https:\/\/wavegarden.com\/wp-content\/uploads\/2022\/12\/image-1-300x73.png 300w, https:\/\/wavegarden.com\/wp-content\/uploads\/2022\/12\/image-1-1024x248.png 1024w, https:\/\/wavegarden.com\/wp-content\/uploads\/2022\/12\/image-1-768x186.png 768w, https:\/\/wavegarden.com\/wp-content\/uploads\/2022\/12\/image-1-1536x372.png 1536w, https:\/\/wavegarden.com\/wp-content\/uploads\/2022\/12\/image-1-2048x496.png 2048w, https:\/\/wavegarden.com\/wp-content\/uploads\/2022\/12\/image-1-800x194.png 800w\" sizes=\"(max-width: 2876px) 100vw, 2876px\" \/><\/figure>\n\n<div style=\"height:50px\" aria-hidden=\"true\" class=\"wp-block-spacer\"><\/div>\n\n<h2 class=\"wp-block-heading has-text-align-center\"><strong>Surfar, comer, relaxar, repetir<\/strong><\/h2>\n\n<p>Os neg\u00f3cios de apoio podem incluir uma escola de surfe e um centro de alto rendimento, lojas de surfe, restaurantes, bares e acomoda\u00e7\u00f5es. Essa rica variedade de atividades e servi\u00e7os atrair\u00e1 os clientes a permanecerem por mais tempo e retornarem com mais frequ\u00eancia, gerando, assim, fluxos de receita adicionais.<\/p>\n\n<p>O surfe \u00e9 um esporte de espectador extremamente popular que atrai grandes grupos de espectadores, tanto ao vivo quanto remotamente pela Internet e pela TV. Receitas adicionais ser\u00e3o geradas por meio de eventos de surfe, surf camps, eventos corporativos, shows e patroc\u00ednios.<\/p>\n\n<div style=\"height:50px\" aria-hidden=\"true\" class=\"wp-block-spacer\"><\/div>\n","protected":false},"excerpt":{"rendered":"<p>Sa\u00fade financeira s\u00f3lida Com mais de 45 projetos financeiramente comprometidos, 10 instala\u00e7\u00f5es atualmente em constru\u00e7\u00e3o e pr\u00e9-constru\u00e7\u00e3o e outras 12 operando com sucesso, nossa tecnologia Wavegarden Cove provou ser a escolha n\u00famero 1 para desenvolvedores e investidores em todo o mundo. Valores indicativos para projetos padr\u00e3o no sul da Europa * Quelle: Allgemeine Finanzbewertung von [&hellip;]<\/p>\n","protected":false},"author":4,"featured_media":36134,"parent":0,"menu_order":0,"comment_status":"closed","ping_status":"closed","template":"","meta":{"_acf_changed":false,"footnotes":""},"class_list":["post-36131","page","type-page","status-publish","has-post-thumbnail","hentry"],"acf":[],"yoast_head":"<!-- This site is optimized with the Yoast SEO plugin v27.2 - https:\/\/yoast.com\/product\/yoast-seo-wordpress\/ -->\n<title>| Rentabilidade de uma Wavegarden Cove e custos de constru\u00e7\u00e3o<\/title>\n<meta name=\"description\" content=\"A Wavegarden \u00e9 a op\u00e7\u00e3o mais lucrativa para os investidores. Analise os n\u00fameros comerciais de uma Wavegarden Cove: investimento, ROI, receita, custos, consumo, etc.\" \/>\n<meta name=\"robots\" content=\"index, follow, max-snippet:-1, max-image-preview:large, max-video-preview:-1\" \/>\n<link rel=\"canonical\" href=\"https:\/\/wavegarden.com\/pt-br\/negcios-comprovados\/\" \/>\n<meta property=\"og:locale\" content=\"pt_BR\" \/>\n<meta property=\"og:type\" content=\"article\" \/>\n<meta property=\"og:title\" content=\"| Rentabilidade de uma Wavegarden Cove e custos de constru\u00e7\u00e3o\" \/>\n<meta property=\"og:description\" content=\"A Wavegarden \u00e9 a op\u00e7\u00e3o mais lucrativa para os investidores. Analise os n\u00fameros comerciais de uma Wavegarden Cove: investimento, ROI, receita, custos, consumo, etc.\" \/>\n<meta property=\"og:url\" content=\"https:\/\/wavegarden.com\/pt-br\/negcios-comprovados\/\" \/>\n<meta property=\"og:site_name\" content=\"Wavegarden\" \/>\n<meta property=\"article:publisher\" content=\"http:\/\/www.facebook.com\/Wavegarden\" \/>\n<meta property=\"article:modified_time\" content=\"2025-10-13T11:58:02+00:00\" \/>\n<meta property=\"og:image\" content=\"https:\/\/wavegarden.com\/wp-content\/uploads\/2022\/12\/Hero-wavegarden-Business.webp\" \/>\n\t<meta property=\"og:image:width\" content=\"1600\" \/>\n\t<meta property=\"og:image:height\" content=\"806\" \/>\n\t<meta property=\"og:image:type\" content=\"image\/webp\" \/>\n<meta name=\"twitter:card\" content=\"summary_large_image\" \/>\n<meta name=\"twitter:site\" content=\"@wavegarden\" \/>\n<meta name=\"twitter:label1\" content=\"Est. tempo de leitura\" \/>\n\t<meta name=\"twitter:data1\" content=\"3 minutos\" \/>\n<script type=\"application\/ld+json\" class=\"yoast-schema-graph\">{\"@context\":\"https:\/\/schema.org\",\"@graph\":[{\"@type\":\"WebPage\",\"@id\":\"https:\/\/wavegarden.com\/pt-br\/negcios-comprovados\/\",\"url\":\"https:\/\/wavegarden.com\/pt-br\/negcios-comprovados\/\",\"name\":\"| Rentabilidade de uma Wavegarden Cove e custos de constru\u00e7\u00e3o\",\"isPartOf\":{\"@id\":\"https:\/\/wavegarden.com\/de\/#website\"},\"primaryImageOfPage\":{\"@id\":\"https:\/\/wavegarden.com\/pt-br\/negcios-comprovados\/#primaryimage\"},\"image\":{\"@id\":\"https:\/\/wavegarden.com\/pt-br\/negcios-comprovados\/#primaryimage\"},\"thumbnailUrl\":\"https:\/\/wavegarden.com\/wp-content\/uploads\/2022\/12\/Hero-wavegarden-Business.webp\",\"datePublished\":\"2025-07-14T07:29:22+00:00\",\"dateModified\":\"2025-10-13T11:58:02+00:00\",\"description\":\"A Wavegarden \u00e9 a op\u00e7\u00e3o mais lucrativa para os investidores. Analise os n\u00fameros comerciais de uma Wavegarden Cove: investimento, ROI, receita, custos, consumo, etc.\",\"breadcrumb\":{\"@id\":\"https:\/\/wavegarden.com\/pt-br\/negcios-comprovados\/#breadcrumb\"},\"inLanguage\":\"pt-BR\",\"potentialAction\":[{\"@type\":\"ReadAction\",\"target\":[\"https:\/\/wavegarden.com\/pt-br\/negcios-comprovados\/\"]}]},{\"@type\":\"ImageObject\",\"inLanguage\":\"pt-BR\",\"@id\":\"https:\/\/wavegarden.com\/pt-br\/negcios-comprovados\/#primaryimage\",\"url\":\"https:\/\/wavegarden.com\/wp-content\/uploads\/2022\/12\/Hero-wavegarden-Business.webp\",\"contentUrl\":\"https:\/\/wavegarden.com\/wp-content\/uploads\/2022\/12\/Hero-wavegarden-Business.webp\",\"width\":1600,\"height\":806},{\"@type\":\"BreadcrumbList\",\"@id\":\"https:\/\/wavegarden.com\/pt-br\/negcios-comprovados\/#breadcrumb\",\"itemListElement\":[{\"@type\":\"ListItem\",\"position\":1,\"name\":\"Home\",\"item\":\"https:\/\/wavegarden.com\/pt-br\/\"},{\"@type\":\"ListItem\",\"position\":2,\"name\":\"Neg&oacute;cios comprovados\"}]},{\"@type\":\"WebSite\",\"@id\":\"https:\/\/wavegarden.com\/de\/#website\",\"url\":\"https:\/\/wavegarden.com\/de\/\",\"name\":\"Wavegarden\",\"description\":\"\",\"publisher\":{\"@id\":\"https:\/\/wavegarden.com\/de\/#organization\"},\"potentialAction\":[{\"@type\":\"SearchAction\",\"target\":{\"@type\":\"EntryPoint\",\"urlTemplate\":\"https:\/\/wavegarden.com\/de\/?s={search_term_string}\"},\"query-input\":{\"@type\":\"PropertyValueSpecification\",\"valueRequired\":true,\"valueName\":\"search_term_string\"}}],\"inLanguage\":\"pt-BR\"},{\"@type\":\"Organization\",\"@id\":\"https:\/\/wavegarden.com\/de\/#organization\",\"name\":\"Wavegarden\",\"alternateName\":\"Wavegarden\",\"url\":\"https:\/\/wavegarden.com\/de\/\",\"logo\":{\"@type\":\"ImageObject\",\"inLanguage\":\"pt-BR\",\"@id\":\"https:\/\/wavegarden.com\/de\/#\/schema\/logo\/image\/\",\"url\":\"https:\/\/wavegarden.com\/wp-content\/uploads\/2024\/06\/logo-wavegarden.png\",\"contentUrl\":\"https:\/\/wavegarden.com\/wp-content\/uploads\/2024\/06\/logo-wavegarden.png\",\"width\":692,\"height\":292,\"caption\":\"Wavegarden\"},\"image\":{\"@id\":\"https:\/\/wavegarden.com\/de\/#\/schema\/logo\/image\/\"},\"sameAs\":[\"http:\/\/www.facebook.com\/Wavegarden\",\"https:\/\/x.com\/wavegarden\",\"https:\/\/www.instagram.com\/wavegarden_official\/\",\"https:\/\/www.linkedin.com\/company\/wavegarden\/\",\"https:\/\/www.youtube.com\/@WavegardenOfficial\"]}]}<\/script>\n<!-- \/ Yoast SEO plugin. -->","yoast_head_json":{"title":"| Rentabilidade de uma Wavegarden Cove e custos de constru\u00e7\u00e3o","description":"A Wavegarden \u00e9 a op\u00e7\u00e3o mais lucrativa para os investidores. Analise os n\u00fameros comerciais de uma Wavegarden Cove: investimento, ROI, receita, custos, consumo, etc.","robots":{"index":"index","follow":"follow","max-snippet":"max-snippet:-1","max-image-preview":"max-image-preview:large","max-video-preview":"max-video-preview:-1"},"canonical":"https:\/\/wavegarden.com\/pt-br\/negcios-comprovados\/","og_locale":"pt_BR","og_type":"article","og_title":"| Rentabilidade de uma Wavegarden Cove e custos de constru\u00e7\u00e3o","og_description":"A Wavegarden \u00e9 a op\u00e7\u00e3o mais lucrativa para os investidores. Analise os n\u00fameros comerciais de uma Wavegarden Cove: investimento, ROI, receita, custos, consumo, etc.","og_url":"https:\/\/wavegarden.com\/pt-br\/negcios-comprovados\/","og_site_name":"Wavegarden","article_publisher":"http:\/\/www.facebook.com\/Wavegarden","article_modified_time":"2025-10-13T11:58:02+00:00","og_image":[{"width":1600,"height":806,"url":"https:\/\/wavegarden.com\/wp-content\/uploads\/2022\/12\/Hero-wavegarden-Business.webp","type":"image\/webp"}],"twitter_card":"summary_large_image","twitter_site":"@wavegarden","twitter_misc":{"Est. tempo de leitura":"3 minutos"},"schema":{"@context":"https:\/\/schema.org","@graph":[{"@type":"WebPage","@id":"https:\/\/wavegarden.com\/pt-br\/negcios-comprovados\/","url":"https:\/\/wavegarden.com\/pt-br\/negcios-comprovados\/","name":"| Rentabilidade de uma Wavegarden Cove e custos de constru\u00e7\u00e3o","isPartOf":{"@id":"https:\/\/wavegarden.com\/de\/#website"},"primaryImageOfPage":{"@id":"https:\/\/wavegarden.com\/pt-br\/negcios-comprovados\/#primaryimage"},"image":{"@id":"https:\/\/wavegarden.com\/pt-br\/negcios-comprovados\/#primaryimage"},"thumbnailUrl":"https:\/\/wavegarden.com\/wp-content\/uploads\/2022\/12\/Hero-wavegarden-Business.webp","datePublished":"2025-07-14T07:29:22+00:00","dateModified":"2025-10-13T11:58:02+00:00","description":"A Wavegarden \u00e9 a op\u00e7\u00e3o mais lucrativa para os investidores. Analise os n\u00fameros comerciais de uma Wavegarden Cove: investimento, ROI, receita, custos, consumo, etc.","breadcrumb":{"@id":"https:\/\/wavegarden.com\/pt-br\/negcios-comprovados\/#breadcrumb"},"inLanguage":"pt-BR","potentialAction":[{"@type":"ReadAction","target":["https:\/\/wavegarden.com\/pt-br\/negcios-comprovados\/"]}]},{"@type":"ImageObject","inLanguage":"pt-BR","@id":"https:\/\/wavegarden.com\/pt-br\/negcios-comprovados\/#primaryimage","url":"https:\/\/wavegarden.com\/wp-content\/uploads\/2022\/12\/Hero-wavegarden-Business.webp","contentUrl":"https:\/\/wavegarden.com\/wp-content\/uploads\/2022\/12\/Hero-wavegarden-Business.webp","width":1600,"height":806},{"@type":"BreadcrumbList","@id":"https:\/\/wavegarden.com\/pt-br\/negcios-comprovados\/#breadcrumb","itemListElement":[{"@type":"ListItem","position":1,"name":"Home","item":"https:\/\/wavegarden.com\/pt-br\/"},{"@type":"ListItem","position":2,"name":"Neg&oacute;cios comprovados"}]},{"@type":"WebSite","@id":"https:\/\/wavegarden.com\/de\/#website","url":"https:\/\/wavegarden.com\/de\/","name":"Wavegarden","description":"","publisher":{"@id":"https:\/\/wavegarden.com\/de\/#organization"},"potentialAction":[{"@type":"SearchAction","target":{"@type":"EntryPoint","urlTemplate":"https:\/\/wavegarden.com\/de\/?s={search_term_string}"},"query-input":{"@type":"PropertyValueSpecification","valueRequired":true,"valueName":"search_term_string"}}],"inLanguage":"pt-BR"},{"@type":"Organization","@id":"https:\/\/wavegarden.com\/de\/#organization","name":"Wavegarden","alternateName":"Wavegarden","url":"https:\/\/wavegarden.com\/de\/","logo":{"@type":"ImageObject","inLanguage":"pt-BR","@id":"https:\/\/wavegarden.com\/de\/#\/schema\/logo\/image\/","url":"https:\/\/wavegarden.com\/wp-content\/uploads\/2024\/06\/logo-wavegarden.png","contentUrl":"https:\/\/wavegarden.com\/wp-content\/uploads\/2024\/06\/logo-wavegarden.png","width":692,"height":292,"caption":"Wavegarden"},"image":{"@id":"https:\/\/wavegarden.com\/de\/#\/schema\/logo\/image\/"},"sameAs":["http:\/\/www.facebook.com\/Wavegarden","https:\/\/x.com\/wavegarden","https:\/\/www.instagram.com\/wavegarden_official\/","https:\/\/www.linkedin.com\/company\/wavegarden\/","https:\/\/www.youtube.com\/@WavegardenOfficial"]}]}},"_links":{"self":[{"href":"https:\/\/wavegarden.com\/pt-br\/wp-json\/wp\/v2\/pages\/36131","targetHints":{"allow":["GET"]}}],"collection":[{"href":"https:\/\/wavegarden.com\/pt-br\/wp-json\/wp\/v2\/pages"}],"about":[{"href":"https:\/\/wavegarden.com\/pt-br\/wp-json\/wp\/v2\/types\/page"}],"author":[{"embeddable":true,"href":"https:\/\/wavegarden.com\/pt-br\/wp-json\/wp\/v2\/users\/4"}],"replies":[{"embeddable":true,"href":"https:\/\/wavegarden.com\/pt-br\/wp-json\/wp\/v2\/comments?post=36131"}],"version-history":[{"count":6,"href":"https:\/\/wavegarden.com\/pt-br\/wp-json\/wp\/v2\/pages\/36131\/revisions"}],"predecessor-version":[{"id":44559,"href":"https:\/\/wavegarden.com\/pt-br\/wp-json\/wp\/v2\/pages\/36131\/revisions\/44559"}],"wp:featuredmedia":[{"embeddable":true,"href":"https:\/\/wavegarden.com\/pt-br\/wp-json\/wp\/v2\/media\/36134"}],"wp:attachment":[{"href":"https:\/\/wavegarden.com\/pt-br\/wp-json\/wp\/v2\/media?parent=36131"}],"curies":[{"name":"wp","href":"https:\/\/api.w.org\/{rel}","templated":true}]}}