{"id":36064,"date":"2025-07-04T15:26:14","date_gmt":"2025-07-04T13:26:14","guid":{"rendered":"https:\/\/wavegarden.com\/segurana\/"},"modified":"2025-08-07T12:22:36","modified_gmt":"2025-08-07T10:22:36","slug":"segurana","status":"publish","type":"page","link":"https:\/\/wavegarden.com\/pt-br\/wavegarden-cove\/segurana\/","title":{"rendered":"Seguran&ccedil;a"},"content":{"rendered":"\n<h2 class=\"wp-block-heading has-text-align-center\">Certificados de seguran\u00e7a mundiais<\/h2>\n\n<p class=\"has-text-align-center\">O gerador de ondas Wavegarden Cove est\u00e1 em conformidade com as disposi\u00e7\u00f5es de uma ampla gama de diretivas e padr\u00f5es reconhecidos. O projeto da m\u00e1quina foi auditado com sucesso pela T\u00dcV Rheinland (l\u00edder internacional em servi\u00e7os de teste) para garantir sua conformidade com as diretrizes e os padr\u00f5es de seguran\u00e7a atuais da UE.<\/p>\n\n<p class=\"has-text-align-center\">O Wavegarden Cove tamb\u00e9m foi certificado para atender aos padr\u00f5es australianos, brasileiros, sul-coreanos e americanos.<\/p>\n<section id=\"section-block_daf80fa094a1136a7de247ef4fb8509f\" class=\"chess wavegarden-gutenberg-advanced-chess alignfull\" >\n  <div class=\"advanced-chess-wrapper\"> \n    \n\n<div id=\"section-block_421628a8e441658d1bae9658d31e8dbf\" class=\"wavegarden-advanced-chess-visual-content-block\" style=\"background-color: rgb(255,255,255)\">\n  \n\n<h2 class=\"wp-block-heading\">Seguran\u00e7a operacional<\/h2>\n\n\n\n<p>A seguran\u00e7a dos h\u00f3spedes e dos funcion\u00e1rios \u00e9 a principal prioridade nas opera\u00e7\u00f5es di\u00e1rias de uma instala\u00e7\u00e3o. Um Wavegarden tem um ambiente totalmente seguro para a pr\u00e1tica do surfe e nossos especialistas desenvolveram procedimentos muito detalhados e manuais de treinamento para garantir que as atividades sejam realizadas com seguran\u00e7a, sem incidentes, inclusive:<\/p>\n\n\n\n<ul class=\"wp-block-list\">\n<li>Programas de treinamento da equipe<\/li>\n\n\n\n<li>Seguran\u00e7a na \u00e1gua e salva-vidas<\/li>\n\n\n\n<li>Opera\u00e7\u00e3o das diferentes zonas de surfe<\/li>\n\n\n\n<li>Recomenda\u00e7\u00f5es de capacidade<\/li>\n\n\n\n<li>Sinaliza\u00e7\u00e3o<\/li>\n\n\n\n<li>Equipamentos<\/li>\n\n\n\n<li>Verifica\u00e7\u00f5es de seguran\u00e7a<\/li>\n<\/ul>\n\n\n<\/div>\n\n\n<section id=\"section-block_688158c51b36d8e50eece9f2c1f470af\" class=\"wavegarden-advanced-chess-gutenberg-content-block\" >\n  <span class=\"dashicon dashicons dashicons-edit 1\"><\/span>\n      <section class=\"main-gallery alignfull\">\n      <div class=\"container\">\n        <div class=\"swiper-block_688158c51b36d8e50eece9f2c1f470af swiper-container swiper-gallery\">\n          <div class=\"swiper-wrapper\">\n            <div class=\"swiper-slide\">\n                            <div class=\"card-image\">\n                                <a href=\"https:\/\/wavegarden.com\/wp-content\/uploads\/2022\/09\/Seguridad-usuarios.jpg\" class=\"inline-pics__item\" data-lity>\n                                    <img decoding=\"async\" src=\"https:\/\/wavegarden.com\/wp-content\/uploads\/2022\/09\/Seguridad-usuarios.jpg\"\n                                        srcset=\"https:\/\/wavegarden.com\/wp-content\/uploads\/2022\/09\/Seguridad-usuarios.jpg 1600w, https:\/\/wavegarden.com\/wp-content\/uploads\/2022\/09\/Seguridad-usuarios-300x200.jpg 300w, https:\/\/wavegarden.com\/wp-content\/uploads\/2022\/09\/Seguridad-usuarios-1024x683.jpg 1024w, https:\/\/wavegarden.com\/wp-content\/uploads\/2022\/09\/Seguridad-usuarios-768x512.jpg 768w, https:\/\/wavegarden.com\/wp-content\/uploads\/2022\/09\/Seguridad-usuarios-1536x1024.jpg 1536w, https:\/\/wavegarden.com\/wp-content\/uploads\/2022\/09\/Seguridad-usuarios-800x534.jpg 800w\"\n                                        sizes=\"(max-width: 1600px) 100vw, 1600px\"\n                                        alt=\"\" \/>\n                                <\/a>\n                            <\/div>\n                        <\/div>          <\/div>\n            <!-- Add Pagination -->\n          <div class=\"swiper-pagination-block_688158c51b36d8e50eece9f2c1f470af\"><\/div>\n        <\/div>\n      <\/div>\n    <\/section>\n\n    <script>\n        \/\/ Swiper Configuration - advanced chess visual content\n        var swiper = '';\n        if (typeof Swiper !== 'undefined') {\n            var swiper = new Swiper(\".swiper-block_688158c51b36d8e50eece9f2c1f470af\", {\n                slidesPerView: 1,\n                centeredSlides: true,\n                grabCursor: true,\n                loop: true,\n                                lazy: true,\n                pagination: {\n                  el: \".swiper-pagination-block_688158c51b36d8e50eece9f2c1f470af\",\n                },\n            });\n        }\n    <\/script>\n    \n    \n<\/section>\n\n\n<section id=\"section-block_ea84cc0a5c47eb77a7ae5b74ffa714dc\" class=\"wavegarden-advanced-chess-gutenberg-content-block\" >\n  <span class=\"dashicon dashicons dashicons-edit 1\"><\/span>\n      <section class=\"main-gallery alignfull\">\n      <div class=\"container\">\n        <div class=\"swiper-block_ea84cc0a5c47eb77a7ae5b74ffa714dc swiper-container swiper-gallery\">\n          <div class=\"swiper-wrapper\">\n            <div class=\"swiper-slide\">\n                            <div class=\"card-image\">\n                                <a href=\"https:\/\/wavegarden.com\/wp-content\/uploads\/2022\/09\/Seguridad-de-los-usuarios.jpg\" class=\"inline-pics__item\" data-lity>\n                                    <img decoding=\"async\" src=\"https:\/\/wavegarden.com\/wp-content\/uploads\/2022\/09\/Seguridad-de-los-usuarios.jpg\"\n                                        srcset=\"https:\/\/wavegarden.com\/wp-content\/uploads\/2022\/09\/Seguridad-de-los-usuarios.jpg 2048w, https:\/\/wavegarden.com\/wp-content\/uploads\/2022\/09\/Seguridad-de-los-usuarios-300x200.jpg 300w, https:\/\/wavegarden.com\/wp-content\/uploads\/2022\/09\/Seguridad-de-los-usuarios-1024x683.jpg 1024w, https:\/\/wavegarden.com\/wp-content\/uploads\/2022\/09\/Seguridad-de-los-usuarios-768x512.jpg 768w, https:\/\/wavegarden.com\/wp-content\/uploads\/2022\/09\/Seguridad-de-los-usuarios-1536x1024.jpg 1536w, https:\/\/wavegarden.com\/wp-content\/uploads\/2022\/09\/Seguridad-de-los-usuarios-800x533.jpg 800w\"\n                                        sizes=\"(max-width: 2048px) 100vw, 2048px\"\n                                        alt=\"\" \/>\n                                <\/a>\n                            <\/div>\n                        <\/div>          <\/div>\n            <!-- Add Pagination -->\n          <div class=\"swiper-pagination-block_ea84cc0a5c47eb77a7ae5b74ffa714dc\"><\/div>\n        <\/div>\n      <\/div>\n    <\/section>\n\n    <script>\n        \/\/ Swiper Configuration - advanced chess visual content\n        var swiper = '';\n        if (typeof Swiper !== 'undefined') {\n            var swiper = new Swiper(\".swiper-block_ea84cc0a5c47eb77a7ae5b74ffa714dc\", {\n                slidesPerView: 1,\n                centeredSlides: true,\n                grabCursor: true,\n                loop: true,\n                                lazy: true,\n                pagination: {\n                  el: \".swiper-pagination-block_ea84cc0a5c47eb77a7ae5b74ffa714dc\",\n                },\n            });\n        }\n    <\/script>\n    \n    \n<\/section>\n\n\n<div id=\"section-block_421628a8e441658d1bae9658d31e8dbf\" class=\"wavegarden-advanced-chess-visual-content-block\" style=\"background-color: rgb(255,255,255)\">\n  \n\n<h2 class=\"wp-block-heading\">Seguran\u00e7a dos surfistas<\/h2>\n\n\n\n<p>Al\u00e9m disso, oferecemos a op\u00e7\u00e3o de instalar acolchoamento sob o liner, aumentar a profundidade em \u00e1reas espec\u00edficas onde h\u00e1 maior incid\u00eancia de quedas e utilizar superf\u00edcies antiderrapantes.<\/p>\n\n\n\n<p>Uma das grandes vantagens de uma instala\u00e7\u00e3o Wavegarden \u00e9 que ela cria um ambiente controlado em termos de profundidade da \u00e1gua, al\u00e9m do tamanho e da frequ\u00eancia das ondas. N\u00e3o h\u00e1 elementos perigosos, como correntes descontroladas, rochas escondidas ou vida marinha.<\/p>\n\n\n\n<p>Qualquer pessoa pode ir a um Wavegarden, n\u00e3o \u00e9 necess\u00e1rio ter experi\u00eancia pr\u00e9via em surfe. Saber nadar e se sentir confort\u00e1vel na \u00e1gua \u00e9 suficiente.<\/p>\n\n\n<\/div>\n\n  <\/div>\n<\/section>\n\n\n<style>\n  body:not(.wp-admin) .advanced-chess-wrapper,\n  body.wp-admin .advanced-chess-wrapper > .block-editor-inner-blocks > .block-editor-block-list__layout {\n    display: flex;\n    flex-wrap: wrap;\n    max-width: 1440px;\n    margin-left: auto;\n    margin-right: auto;\n  }\n  body:not(.wp-admin) .advanced-chess-wrapper > *,\n  body.wp-admin .advanced-chess-wrapper > .block-editor-inner-blocks > .block-editor-block-list__layout > * {\n    overflow: hidden;\n    margin: 0;\n  }\n\n  body.wp-admin .block-editor-block-list__block.wp-block.wp-block-acf-wavegarden-advanced-chess {\n    width: 100%;\n    max-width: 1440px;\n  }\n\n  @media (min-width: 1024px){\n    body:not(.wp-admin) .advanced-chess-wrapper > *,\n    body.wp-admin .advanced-chess-wrapper > .block-editor-inner-blocks > .block-editor-block-list__layout > * {\n      width: 50%;\n      overflow: hidden;\n    }\n  }\n\n  @media (max-width: 1023px){\n                body:not(.wp-admin) #section-block_daf80fa094a1136a7de247ef4fb8509f .advanced-chess-wrapper > *:nth-child(1),\n            body.wp-admin #section-block_daf80fa094a1136a7de247ef4fb8509f .advanced-chess-wrapper > .block-editor-inner-blocks > .block-editor-block-list__layout > * :nth-child(1) {\n              order: 1;\n            }\n                    body:not(.wp-admin) #section-block_daf80fa094a1136a7de247ef4fb8509f .advanced-chess-wrapper > *:nth-child(2),\n            body.wp-admin #section-block_daf80fa094a1136a7de247ef4fb8509f .advanced-chess-wrapper > .block-editor-inner-blocks > .block-editor-block-list__layout > * :nth-child(2) {\n              order: 0;\n            }\n                    body:not(.wp-admin) #section-block_daf80fa094a1136a7de247ef4fb8509f .advanced-chess-wrapper > *:nth-child(3),\n            body.wp-admin #section-block_daf80fa094a1136a7de247ef4fb8509f .advanced-chess-wrapper > .block-editor-inner-blocks > .block-editor-block-list__layout > * :nth-child(3) {\n              order: 2;\n            }\n                    body:not(.wp-admin) #section-block_daf80fa094a1136a7de247ef4fb8509f .advanced-chess-wrapper > *:nth-child(4),\n            body.wp-admin #section-block_daf80fa094a1136a7de247ef4fb8509f .advanced-chess-wrapper > .block-editor-inner-blocks > .block-editor-block-list__layout > * :nth-child(4) {\n              order: 3;\n            }\n          }\n\n  \/** Visual content *\/\n  .wp-block-acf-wavegarden-advanced-chess-visual-content-block > div:not(.swiper-pagination-bullets ),\n  .wp-block-acf-wavegarden-advanced-chess-visual-content-block section,\n  .advanced-chess-wrapper .main-gallery .container .swiper-gallery .swiper-wrapper .card-image a,\n  .advanced-chess-wrapper .main-gallery .container .swiper-gallery .swiper-wrapper .card-image,\n  .advanced-chess-wrapper .main-gallery .container .swiper-gallery .swiper-wrapper,\n  .advanced-chess-wrapper .main-gallery .container .swiper-gallery,\n  .advanced-chess-wrapper .main-gallery .container,\n  .advanced-chess-wrapper .main-gallery {\n    height: 100%;\n  }\n\n  @supports ((-o-object-fit:cover) or (object-fit:cover)){\n    .inline-pics__item {\n      height: auto;\n    }\n    .inline-pics__item img {\n      min-width: none;\n      min-height: none;\n      max-width: 100%;\n      max-height: 100%;\n      top: 0;\n      left: 0;\n      -webkit-transform: none;\n      transform: none;\n      -o-object-fit: cover;\n      object-fit: cover;\n      display: block;\n    }\n  }\n\n  .inline-pics__item {\n    display: block;\n    position: relative;\n    overflow: hidden;\n    width: 100%;\n    height: auto;\n    \/* margin: 0 0 10px; 16\/09\/2024 *\/\n    margin: 0;\n  }\n\n  .inline-pics__item:before {\n    content: \"\";\n    display: block;\n    padding-top: 66.7%;\n  }\n\n  .inline-pics__item img {\n    position: absolute;\n    top: 50%;\n    left: 50%;\n    -webkit-transform: translate(-50%,-50%);\n    transform: translate(-50%,-50%);\n    display: block;\n    max-width: none;\n    max-height: none;\n    width: 101%;\n    height: 101%;\n    min-height: 100%;\n    min-width: 100%;\n  }\n\n  body.wp-admin a.inline-pics__item {\n    pointer-events: none;\n  }\n\n  body:not(.wp-admin) .advanced-chess-wrapper .main-gallery .container{\n    position: relative;\n  }\n\n  .swiper-horizontal>.swiper-pagination-bullets,\n  .swiper-pagination-bullets.swiper-pagination-horizontal {\n    position: absolute;\n    bottom: 20px;\n    z-index: 10;\n    display: flex;\n    justify-content: center;\n  }\n\n  body:not(.wp-admin) .wavegarden-advanced-chess-gutenberg-content-block span.dashicons-edit {\n    display: none;\n  }\n\n  body.wp-admin .wp-block-acf-wavegarden-advanced-chess-visual-content-block .acf-block-component > div ,\n  body.wp-admin .wp-block-acf-wavegarden-advanced-chess-visual-content-block .acf-block-component > div > .acf-block-preview {\n    height: 100%;\n  }\n\n  body.wp-admin .wavegarden-advanced-chess-gutenberg-content-block span.dashicons-edit {\n    position: absolute;\n    background: white;\n    padding: 15px;\n    z-index: 10;\n    border: solid 1px black;\n  }\n\n\n  body.wp-admin .wp-block-acf-wavegarden-advanced-chess-gutenberg-content-block,\n    body:not(.wp-admin) .wavegarden-advanced-chess-gutenberg-content-block {\n      \/*aspect-ratio: 1\/1; 16\/09\/2024 *\/\n      aspect-ratio: 1\/1;\n    }\n\n  @media (max-width: 1023px){\n    body.wp-admin .wp-block-acf-wavegarden-advanced-chess-gutenberg-content-block,\n    body:not(.wp-admin) .wavegarden-advanced-chess-gutenberg-content-block {\n      aspect-ratio: 1\/1;\n      width: 100%;\n      \/* max-width: 500px; 16\/09\/2024 *\/\n      max-height: 90vh;\n      margin: auto;\n    }\n  }\n\n  .swiper-slide {\n    overflow: hidden;\n  }\n\n  .media__video {\n    padding: 0;\n  }\n\n  .media__video svg {\n    position: absolute;\n    bottom: 50%;\n    right: 50%;\n    transform: translate(50%, 50%);\n    background: radial-gradient(circle, rgba(255,255,255,1) 0%, rgba(255,255,255,0.500437675070028) 25%, rgba(255,255,255,0) 75%);\n  }\n\n  .block-editor-page .swiper-slide .wg-video-embed img,\n  .block-editor-page .swiper-slide .wg-video-embed video {\n    max-width: unset;\n    object-fit: cover;\n    min-width: 100%;\n    min-height: 100%;\n    position: absolute;\n    top: 50%;\n    left: 50%;\n    transform: translate(-50%, -50%);\n  }\n\n  .advanced-chess-wrapper .swiper-slide .wg-video-embed video {\n    width: 100%;\n    height: 100%;\n  }\n\n  .block-editor-page .swiper-slide .wg-video-embed {\n    margin: 0;\n  }\n\n  .block-editor-page .swiper-slide .wg-video-embed svg {\n    bottom: 5px;\n    right: 10px;\n    position: absolute;\n  }\n  \n  .swiper-slide .wg-video-embed:hover svg {\n    background: radial-gradient(circle, rgba(0,0,0,1) 0%, rgba(0,0,0,0.500437675070028) 25%, rgba(0,0,0,0) 75%);\n  }\n\n  .swiper-slide .wg-video-embed:hover svg g {\n    fill: white;\n  }\n\n  \/** Gutenberg content *\/\n   .wavegarden-advanced-chess-visual-content-block {\n    display: flex;\n    flex-direction: column;\n    justify-content: center;\n    padding: 50px;\n  }\n<\/style>","protected":false},"excerpt":{"rendered":"<p>Certificados de seguran\u00e7a mundiais O gerador de ondas Wavegarden Cove est\u00e1 em conformidade com as disposi\u00e7\u00f5es de uma ampla gama de diretivas e padr\u00f5es reconhecidos. O projeto da m\u00e1quina foi auditado com sucesso pela T\u00dcV Rheinland (l\u00edder internacional em servi\u00e7os de teste) para garantir sua conformidade com as diretrizes e os padr\u00f5es de seguran\u00e7a atuais [&hellip;]<\/p>\n","protected":false},"author":4,"featured_media":36067,"parent":36076,"menu_order":0,"comment_status":"closed","ping_status":"closed","template":"pages\/cove.php","meta":{"_acf_changed":false,"footnotes":""},"class_list":["post-36064","page","type-page","status-publish","has-post-thumbnail","hentry"],"acf":[],"yoast_head":"<!-- This site is optimized with the Yoast SEO plugin v27.2 - https:\/\/yoast.com\/product\/yoast-seo-wordpress\/ -->\n<title>| O surf park mais seguro<\/title>\n<meta name=\"description\" content=\"O gerador de ondas Wavegarden Cove est\u00e1 em conformidade com as disposi\u00e7\u00f5es de uma ampla gama de diretivas e padr\u00f5es reconhecidos com certificados de seguran\u00e7a mundiais.\" \/>\n<meta name=\"robots\" content=\"index, follow, max-snippet:-1, max-image-preview:large, max-video-preview:-1\" \/>\n<link rel=\"canonical\" href=\"https:\/\/wavegarden.com\/pt-br\/wavegarden-cove\/segurana\/\" \/>\n<meta property=\"og:locale\" content=\"pt_BR\" \/>\n<meta property=\"og:type\" content=\"article\" \/>\n<meta property=\"og:title\" content=\"| O surf park mais seguro\" \/>\n<meta property=\"og:description\" content=\"O gerador de ondas Wavegarden Cove est\u00e1 em conformidade com as disposi\u00e7\u00f5es de uma ampla gama de diretivas e padr\u00f5es reconhecidos com certificados de seguran\u00e7a mundiais.\" \/>\n<meta property=\"og:url\" content=\"https:\/\/wavegarden.com\/pt-br\/wavegarden-cove\/segurana\/\" \/>\n<meta property=\"og:site_name\" content=\"Wavegarden\" \/>\n<meta property=\"article:publisher\" content=\"http:\/\/www.facebook.com\/Wavegarden\" \/>\n<meta property=\"article:modified_time\" content=\"2025-08-07T10:22:36+00:00\" \/>\n<meta property=\"og:image\" content=\"https:\/\/wavegarden.com\/wp-content\/uploads\/2022\/09\/IMG_0939-scaled.jpg\" \/>\n\t<meta property=\"og:image:width\" content=\"2560\" \/>\n\t<meta property=\"og:image:height\" content=\"2000\" \/>\n\t<meta property=\"og:image:type\" content=\"image\/jpeg\" \/>\n<meta name=\"twitter:card\" content=\"summary_large_image\" \/>\n<meta name=\"twitter:site\" content=\"@wavegarden\" \/>\n<meta name=\"twitter:label1\" content=\"Est. tempo de leitura\" \/>\n\t<meta name=\"twitter:data1\" content=\"1 minuto\" \/>\n<script type=\"application\/ld+json\" class=\"yoast-schema-graph\">{\"@context\":\"https:\/\/schema.org\",\"@graph\":[{\"@type\":\"WebPage\",\"@id\":\"https:\/\/wavegarden.com\/pt-br\/wavegarden-cove\/segurana\/\",\"url\":\"https:\/\/wavegarden.com\/pt-br\/wavegarden-cove\/segurana\/\",\"name\":\"| O surf park mais seguro\",\"isPartOf\":{\"@id\":\"https:\/\/wavegarden.com\/de\/#website\"},\"primaryImageOfPage\":{\"@id\":\"https:\/\/wavegarden.com\/pt-br\/wavegarden-cove\/segurana\/#primaryimage\"},\"image\":{\"@id\":\"https:\/\/wavegarden.com\/pt-br\/wavegarden-cove\/segurana\/#primaryimage\"},\"thumbnailUrl\":\"https:\/\/wavegarden.com\/wp-content\/uploads\/2022\/09\/IMG_0939-scaled.jpg\",\"datePublished\":\"2025-07-04T13:26:14+00:00\",\"dateModified\":\"2025-08-07T10:22:36+00:00\",\"description\":\"O gerador de ondas Wavegarden Cove est\u00e1 em conformidade com as disposi\u00e7\u00f5es de uma ampla gama de diretivas e padr\u00f5es reconhecidos com certificados de seguran\u00e7a mundiais.\",\"breadcrumb\":{\"@id\":\"https:\/\/wavegarden.com\/pt-br\/wavegarden-cove\/segurana\/#breadcrumb\"},\"inLanguage\":\"pt-BR\",\"potentialAction\":[{\"@type\":\"ReadAction\",\"target\":[\"https:\/\/wavegarden.com\/pt-br\/wavegarden-cove\/segurana\/\"]}]},{\"@type\":\"ImageObject\",\"inLanguage\":\"pt-BR\",\"@id\":\"https:\/\/wavegarden.com\/pt-br\/wavegarden-cove\/segurana\/#primaryimage\",\"url\":\"https:\/\/wavegarden.com\/wp-content\/uploads\/2022\/09\/IMG_0939-scaled.jpg\",\"contentUrl\":\"https:\/\/wavegarden.com\/wp-content\/uploads\/2022\/09\/IMG_0939-scaled.jpg\",\"width\":2560,\"height\":2000},{\"@type\":\"BreadcrumbList\",\"@id\":\"https:\/\/wavegarden.com\/pt-br\/wavegarden-cove\/segurana\/#breadcrumb\",\"itemListElement\":[{\"@type\":\"ListItem\",\"position\":1,\"name\":\"Home\",\"item\":\"https:\/\/wavegarden.com\/pt-br\/\"},{\"@type\":\"ListItem\",\"position\":2,\"name\":\"Wavegarden Cove\",\"item\":\"https:\/\/wavegarden.com\/pt-br\/wavegarden-cove\/\"},{\"@type\":\"ListItem\",\"position\":3,\"name\":\"Seguran&ccedil;a\"}]},{\"@type\":\"WebSite\",\"@id\":\"https:\/\/wavegarden.com\/de\/#website\",\"url\":\"https:\/\/wavegarden.com\/de\/\",\"name\":\"Wavegarden\",\"description\":\"\",\"publisher\":{\"@id\":\"https:\/\/wavegarden.com\/de\/#organization\"},\"potentialAction\":[{\"@type\":\"SearchAction\",\"target\":{\"@type\":\"EntryPoint\",\"urlTemplate\":\"https:\/\/wavegarden.com\/de\/?s={search_term_string}\"},\"query-input\":{\"@type\":\"PropertyValueSpecification\",\"valueRequired\":true,\"valueName\":\"search_term_string\"}}],\"inLanguage\":\"pt-BR\"},{\"@type\":\"Organization\",\"@id\":\"https:\/\/wavegarden.com\/de\/#organization\",\"name\":\"Wavegarden\",\"alternateName\":\"Wavegarden\",\"url\":\"https:\/\/wavegarden.com\/de\/\",\"logo\":{\"@type\":\"ImageObject\",\"inLanguage\":\"pt-BR\",\"@id\":\"https:\/\/wavegarden.com\/de\/#\/schema\/logo\/image\/\",\"url\":\"https:\/\/wavegarden.com\/wp-content\/uploads\/2024\/06\/logo-wavegarden.png\",\"contentUrl\":\"https:\/\/wavegarden.com\/wp-content\/uploads\/2024\/06\/logo-wavegarden.png\",\"width\":692,\"height\":292,\"caption\":\"Wavegarden\"},\"image\":{\"@id\":\"https:\/\/wavegarden.com\/de\/#\/schema\/logo\/image\/\"},\"sameAs\":[\"http:\/\/www.facebook.com\/Wavegarden\",\"https:\/\/x.com\/wavegarden\",\"https:\/\/www.instagram.com\/wavegarden_official\/\",\"https:\/\/www.linkedin.com\/company\/wavegarden\/\",\"https:\/\/www.youtube.com\/@WavegardenOfficial\"]}]}<\/script>\n<!-- \/ Yoast SEO plugin. -->","yoast_head_json":{"title":"| O surf park mais seguro","description":"O gerador de ondas Wavegarden Cove est\u00e1 em conformidade com as disposi\u00e7\u00f5es de uma ampla gama de diretivas e padr\u00f5es reconhecidos com certificados de seguran\u00e7a mundiais.","robots":{"index":"index","follow":"follow","max-snippet":"max-snippet:-1","max-image-preview":"max-image-preview:large","max-video-preview":"max-video-preview:-1"},"canonical":"https:\/\/wavegarden.com\/pt-br\/wavegarden-cove\/segurana\/","og_locale":"pt_BR","og_type":"article","og_title":"| O surf park mais seguro","og_description":"O gerador de ondas Wavegarden Cove est\u00e1 em conformidade com as disposi\u00e7\u00f5es de uma ampla gama de diretivas e padr\u00f5es reconhecidos com certificados de seguran\u00e7a mundiais.","og_url":"https:\/\/wavegarden.com\/pt-br\/wavegarden-cove\/segurana\/","og_site_name":"Wavegarden","article_publisher":"http:\/\/www.facebook.com\/Wavegarden","article_modified_time":"2025-08-07T10:22:36+00:00","og_image":[{"width":2560,"height":2000,"url":"https:\/\/wavegarden.com\/wp-content\/uploads\/2022\/09\/IMG_0939-scaled.jpg","type":"image\/jpeg"}],"twitter_card":"summary_large_image","twitter_site":"@wavegarden","twitter_misc":{"Est. tempo de leitura":"1 minuto"},"schema":{"@context":"https:\/\/schema.org","@graph":[{"@type":"WebPage","@id":"https:\/\/wavegarden.com\/pt-br\/wavegarden-cove\/segurana\/","url":"https:\/\/wavegarden.com\/pt-br\/wavegarden-cove\/segurana\/","name":"| O surf park mais seguro","isPartOf":{"@id":"https:\/\/wavegarden.com\/de\/#website"},"primaryImageOfPage":{"@id":"https:\/\/wavegarden.com\/pt-br\/wavegarden-cove\/segurana\/#primaryimage"},"image":{"@id":"https:\/\/wavegarden.com\/pt-br\/wavegarden-cove\/segurana\/#primaryimage"},"thumbnailUrl":"https:\/\/wavegarden.com\/wp-content\/uploads\/2022\/09\/IMG_0939-scaled.jpg","datePublished":"2025-07-04T13:26:14+00:00","dateModified":"2025-08-07T10:22:36+00:00","description":"O gerador de ondas Wavegarden Cove est\u00e1 em conformidade com as disposi\u00e7\u00f5es de uma ampla gama de diretivas e padr\u00f5es reconhecidos com certificados de seguran\u00e7a mundiais.","breadcrumb":{"@id":"https:\/\/wavegarden.com\/pt-br\/wavegarden-cove\/segurana\/#breadcrumb"},"inLanguage":"pt-BR","potentialAction":[{"@type":"ReadAction","target":["https:\/\/wavegarden.com\/pt-br\/wavegarden-cove\/segurana\/"]}]},{"@type":"ImageObject","inLanguage":"pt-BR","@id":"https:\/\/wavegarden.com\/pt-br\/wavegarden-cove\/segurana\/#primaryimage","url":"https:\/\/wavegarden.com\/wp-content\/uploads\/2022\/09\/IMG_0939-scaled.jpg","contentUrl":"https:\/\/wavegarden.com\/wp-content\/uploads\/2022\/09\/IMG_0939-scaled.jpg","width":2560,"height":2000},{"@type":"BreadcrumbList","@id":"https:\/\/wavegarden.com\/pt-br\/wavegarden-cove\/segurana\/#breadcrumb","itemListElement":[{"@type":"ListItem","position":1,"name":"Home","item":"https:\/\/wavegarden.com\/pt-br\/"},{"@type":"ListItem","position":2,"name":"Wavegarden Cove","item":"https:\/\/wavegarden.com\/pt-br\/wavegarden-cove\/"},{"@type":"ListItem","position":3,"name":"Seguran&ccedil;a"}]},{"@type":"WebSite","@id":"https:\/\/wavegarden.com\/de\/#website","url":"https:\/\/wavegarden.com\/de\/","name":"Wavegarden","description":"","publisher":{"@id":"https:\/\/wavegarden.com\/de\/#organization"},"potentialAction":[{"@type":"SearchAction","target":{"@type":"EntryPoint","urlTemplate":"https:\/\/wavegarden.com\/de\/?s={search_term_string}"},"query-input":{"@type":"PropertyValueSpecification","valueRequired":true,"valueName":"search_term_string"}}],"inLanguage":"pt-BR"},{"@type":"Organization","@id":"https:\/\/wavegarden.com\/de\/#organization","name":"Wavegarden","alternateName":"Wavegarden","url":"https:\/\/wavegarden.com\/de\/","logo":{"@type":"ImageObject","inLanguage":"pt-BR","@id":"https:\/\/wavegarden.com\/de\/#\/schema\/logo\/image\/","url":"https:\/\/wavegarden.com\/wp-content\/uploads\/2024\/06\/logo-wavegarden.png","contentUrl":"https:\/\/wavegarden.com\/wp-content\/uploads\/2024\/06\/logo-wavegarden.png","width":692,"height":292,"caption":"Wavegarden"},"image":{"@id":"https:\/\/wavegarden.com\/de\/#\/schema\/logo\/image\/"},"sameAs":["http:\/\/www.facebook.com\/Wavegarden","https:\/\/x.com\/wavegarden","https:\/\/www.instagram.com\/wavegarden_official\/","https:\/\/www.linkedin.com\/company\/wavegarden\/","https:\/\/www.youtube.com\/@WavegardenOfficial"]}]}},"_links":{"self":[{"href":"https:\/\/wavegarden.com\/pt-br\/wp-json\/wp\/v2\/pages\/36064","targetHints":{"allow":["GET"]}}],"collection":[{"href":"https:\/\/wavegarden.com\/pt-br\/wp-json\/wp\/v2\/pages"}],"about":[{"href":"https:\/\/wavegarden.com\/pt-br\/wp-json\/wp\/v2\/types\/page"}],"author":[{"embeddable":true,"href":"https:\/\/wavegarden.com\/pt-br\/wp-json\/wp\/v2\/users\/4"}],"replies":[{"embeddable":true,"href":"https:\/\/wavegarden.com\/pt-br\/wp-json\/wp\/v2\/comments?post=36064"}],"version-history":[{"count":3,"href":"https:\/\/wavegarden.com\/pt-br\/wp-json\/wp\/v2\/pages\/36064\/revisions"}],"predecessor-version":[{"id":39950,"href":"https:\/\/wavegarden.com\/pt-br\/wp-json\/wp\/v2\/pages\/36064\/revisions\/39950"}],"up":[{"embeddable":true,"href":"https:\/\/wavegarden.com\/pt-br\/wp-json\/wp\/v2\/pages\/36076"}],"wp:featuredmedia":[{"embeddable":true,"href":"https:\/\/wavegarden.com\/pt-br\/wp-json\/wp\/v2\/media\/36067"}],"wp:attachment":[{"href":"https:\/\/wavegarden.com\/pt-br\/wp-json\/wp\/v2\/media?parent=36064"}],"curies":[{"name":"wp","href":"https:\/\/api.w.org\/{rel}","templated":true}]}}