{"id":36051,"date":"2025-07-04T15:26:11","date_gmt":"2025-07-04T13:26:11","guid":{"rendered":"https:\/\/wavegarden.com\/liner\/"},"modified":"2025-08-07T11:17:26","modified_gmt":"2025-08-07T09:17:26","slug":"liner","status":"publish","type":"page","link":"https:\/\/wavegarden.com\/pt-br\/wavegarden-cove\/liner\/","title":{"rendered":"Liner"},"content":{"rendered":"\n<h2 class=\"wp-block-heading has-text-align-center\">Impermeabiliza\u00e7\u00e3o com geomembranas<em> Solu\u00e7\u00e3o para fundos de lagoas<\/em><\/h2>\n\n<p class=\"has-text-align-center\">Nossa solu\u00e7\u00e3o de geomembrana vem sendo testada desde 2011 no centro de P&amp;D da Wavegarden e tamb\u00e9m j\u00e1 comprovou sua efic\u00e1cia em instala\u00e7\u00f5es comerciais da Wavegarden, como na <a href=\"https:\/\/wavegarden.com\/pt-br\/facilities\/so-paulo-br\/\">Praia da Grama<\/a> e na <a href=\"https:\/\/surflandbrasil.com.br\" data-type=\"link\" data-id=\"https:\/\/surflandbrasil.com.br\">Surfland Brasil<\/a>. Os engenheiros da Wavegarden passaram mais de uma d\u00e9cada pesquisando as solu\u00e7\u00f5es mais robustas, eficientes e economicamente vi\u00e1veis para a constru\u00e7\u00e3o e impermeabiliza\u00e7\u00e3o de nossas lagoas. <\/p>\n\n<p class=\"has-text-align-center\">Podemos adaptar solu\u00e7\u00f5es para projetos com problemas espec\u00edficos que, de outra forma, impediriam a instala\u00e7\u00e3o do sistema de geomembrana. Todas as solu\u00e7\u00f5es alternativas foram testadas em nosso centro de P&amp;D ou em nossas instala\u00e7\u00f5es comerciais.<\/p>\n\n<figure class=\"wp-block-embed is-type-video is-provider-youtube wp-block-embed-youtube wp-embed-aspect-16-9 wp-has-aspect-ratio\"><div class=\"wp-block-embed__wrapper\">\r\n<div class=\"videoWrapper\"><iframe title=\"Wavegarden&#039;s Exclusive Liner System\" width=\"500\" height=\"281\" src=\"https:\/\/www.youtube.com\/embed\/h53emcNpKKQ?feature=oembed&#038;enablejsapi=1&#038;origin=https:\/\/wavegarden.com\" frameborder=\"0\" allow=\"accelerometer; autoplay; clipboard-write; encrypted-media; gyroscope; picture-in-picture; web-share\" referrerpolicy=\"strict-origin-when-cross-origin\" allowfullscreen><\/iframe><\/div>\r\n<\/div><\/figure><br>\n\n<div style=\"height:20px\" aria-hidden=\"true\" class=\"wp-block-spacer\"><\/div>\n\n<blockquote class=\"wp-block-quote has-text-align-center testimonials__item__quote__mov is-layout-flow wp-block-quote-is-layout-flow\">\n<p style=\"font-size:18px\">&#8220;As obras civis e a impermeabiliza\u00e7\u00e3o de lagoas t\u00eam sido historicamente um desafio significativo em nosso setor.\u00a0Isso n\u00e3o \u00e9 de surpreender, considerando que impermeabilizar um corpo d\u2019\u00e1gua com ondas exige uma solu\u00e7\u00e3o tecnol\u00f3gica mais inovadora e complexa do que faz\u00ea-lo para \u00e1guas calmas.\u00a0Ap\u00f3s muitos anos de P&amp;D detalhado, temos orgulho de confirmar que agora temos uma solu\u00e7\u00e3o comprovada, robusta e eficiente&#8221;.<\/p>\n<cite><strong>Josema Odriozola, fundador e CEO da Wavegarden<\/strong><\/cite><\/blockquote>\n\n<div style=\"height:20px\" aria-hidden=\"true\" class=\"wp-block-spacer\"><\/div>\n\n<h2 class=\"wp-block-heading has-text-align-center\">Vantagens <\/h2>\n\n<div style=\"height:20px\" aria-hidden=\"true\" class=\"wp-block-spacer\"><\/div>\n\n<ul class=\"fancy-list aligncenter width-mov-80 wp-block-list\">\n<li>Manuten\u00e7\u00e3o simples e barata.<\/li>\n\n\n\n<li>Resistente a algas, microorganismos e biofilme.<\/li>\n\n\n\n<li>A solu\u00e7\u00e3o mais sustent\u00e1vel e 100% recicl\u00e1vel.<\/li>\n\n\n\n<li>Pegada de carbono menor do que a do concreto na fabrica\u00e7\u00e3o, entrega e instala\u00e7\u00e3o.<\/li>\n\n\n\n<li>Absor\u00e7\u00e3o de impacto para seguran\u00e7a: n\u00e3o abrasivo e com amortecimento.<\/li>\n\n\n\n<li>Vida \u00fatil de mais de 20 anos, com potencial para muitos mais com base no desempenho em nossas instala\u00e7\u00f5es e nos testes mec\u00e2nicos e qu\u00edmicos realizados em laborat\u00f3rio.<\/li>\n\n\n\n<li>Comprovado nos surf parks Wavegarden<\/li>\n\n\n\n<li>As obras civis mais confi\u00e1veis do mercado, com disponibilidade da lagoa de 99,9%.<\/li>\n\n\n\n<li>Adaptabilidade inigual\u00e1vel a assentamentos. Isso a torna a melhor solu\u00e7\u00e3o do mercado para prevenir vazamentos de forma eficaz e duradoura.<\/li>\n\n\n\n<li>At\u00e9 40% mais econ\u00f4mico do que o fundo de concreto ou a\u00e7o. <\/li>\n\n\n\n<li>Instala\u00e7\u00e3o at\u00e9 60% mais r\u00e1pida do que todos os pisos de concreto. <\/li>\n\n\n\n<li>Permite futuras modifica\u00e7\u00f5es na batimetria a um custo moderado. <\/li>\n\n\n\n<li>Inclui um sistema patenteado de detec\u00e7\u00e3o de vazamentos.<\/li>\n\n\n\n<li>O perfil embutido personalizado elimina a necessidade de fixadores mec\u00e2nicos, garantindo uma ancoragem simples, segura e dur\u00e1vel.<\/li>\n<\/ul>\n  <!-- full img -->\n  <div href=\"\/testimonials\" id=\"section-block_7d4e0d3ec3975076473d183a46d7f1d7\" class=\"full-img--linked alignfull\">\n      <figure class=\"full-img full-img--quote\">\n          \n\n<figure class=\"wp-block-image alignfull size-large\"><img decoding=\"async\" width=\"1024\" height=\"576\" src=\"https:\/\/wavegarden.com\/wp-content\/uploads\/2023\/05\/Praia-da-Grama-views-from-the-beach-copia-edited-1-1024x576.jpg\" alt=\"Sistema Wavegarden Liner \" class=\"wp-image-17805\" srcset=\"https:\/\/wavegarden.com\/wp-content\/uploads\/2023\/05\/Praia-da-Grama-views-from-the-beach-copia-edited-1-1024x576.jpg 1024w, https:\/\/wavegarden.com\/wp-content\/uploads\/2023\/05\/Praia-da-Grama-views-from-the-beach-copia-edited-1-300x169.jpg 300w, https:\/\/wavegarden.com\/wp-content\/uploads\/2023\/05\/Praia-da-Grama-views-from-the-beach-copia-edited-1-768x432.jpg 768w, https:\/\/wavegarden.com\/wp-content\/uploads\/2023\/05\/Praia-da-Grama-views-from-the-beach-copia-edited-1-1536x864.jpg 1536w\" sizes=\"(max-width: 1024px) 100vw, 1024px\" \/><\/figure>\n\n\n\n<blockquote class=\"wp-block-quote testimonials__item__quote is-layout-flow wp-block-quote-is-layout-flow\">\n<p>N\u00f3s realmente tivemos que confiar na Wavegarden quando se tratou de impermeabilizar a lagoa e nossa aposta valeu a pena, pois a solu\u00e7\u00e3o deles \u00e9 abrangente, pr\u00e1tica e esteticamente agrad\u00e1vel.<\/p>\n<cite><strong>Oscar Segall, fundador da Praia da Grama e CEO da KSM Realty<\/strong>.<\/cite><\/blockquote>\n\n\n      <\/figure>\n  <\/div>\n\n<style>\n  .alignfull .full-img--quote {\n    max-width: 100%;\n  }\n.full-img.full-img--quote {\n  width: 100%;\n}\n.full-img.full-img--quote .wp-block-image {\n  height: 100%;\n}\n.full-img.full-img--quote cite {\n  font-size: .85rem;\n  font-weight: 400;\n  font-style: italic;\n}\n.wp-admin .full-img.full-img--quote cite {\n  color: black;\n}\n\n.full-img--linked.without-hover-animation blockquote {\n  opacity: 1;\n}\n\n@media (min-width: 64em){\n  .full-img--quote blockquote cite {\n    color: #fff;\n  }\n}\n<\/style>","protected":false},"excerpt":{"rendered":"<p>Impermeabiliza\u00e7\u00e3o com geomembranas Solu\u00e7\u00e3o para fundos de lagoas Nossa solu\u00e7\u00e3o de geomembrana vem sendo testada desde 2011 no centro de P&amp;D da Wavegarden e tamb\u00e9m j\u00e1 comprovou sua efic\u00e1cia em instala\u00e7\u00f5es comerciais da Wavegarden, como na Praia da Grama e na Surfland Brasil. Os engenheiros da Wavegarden passaram mais de uma d\u00e9cada pesquisando as solu\u00e7\u00f5es [&hellip;]<\/p>\n","protected":false},"author":5,"featured_media":36053,"parent":36076,"menu_order":0,"comment_status":"closed","ping_status":"closed","template":"pages\/cove.php","meta":{"_acf_changed":false,"footnotes":""},"class_list":["post-36051","page","type-page","status-publish","has-post-thumbnail","hentry"],"acf":[],"yoast_head":"<!-- This site is optimized with the Yoast SEO plugin v27.2 - https:\/\/yoast.com\/product\/yoast-seo-wordpress\/ -->\n<title>| Liner: Solu\u00e7\u00e3o de impermeabiliza\u00e7\u00e3o para piscinas de surfe<\/title>\n<meta name=\"description\" content=\"Descubra as vantagens do nosso sistema de liner: a geomembrana de impermeabiliza\u00e7\u00e3o para lagoas de surfe. Uma solu\u00e7\u00e3o comprovada, segura e sustent\u00e1vel.\" \/>\n<meta name=\"robots\" content=\"index, follow, max-snippet:-1, max-image-preview:large, max-video-preview:-1\" \/>\n<link rel=\"canonical\" href=\"https:\/\/wavegarden.com\/pt-br\/wavegarden-cove\/liner\/\" \/>\n<meta property=\"og:locale\" content=\"pt_BR\" \/>\n<meta property=\"og:type\" content=\"article\" \/>\n<meta property=\"og:title\" content=\"| Liner: Solu\u00e7\u00e3o de impermeabiliza\u00e7\u00e3o para piscinas de surfe\" \/>\n<meta property=\"og:description\" content=\"Descubra as vantagens do nosso sistema de liner: a geomembrana de impermeabiliza\u00e7\u00e3o para lagoas de surfe. Uma solu\u00e7\u00e3o comprovada, segura e sustent\u00e1vel.\" \/>\n<meta property=\"og:url\" content=\"https:\/\/wavegarden.com\/pt-br\/wavegarden-cove\/liner\/\" \/>\n<meta property=\"og:site_name\" content=\"Wavegarden\" \/>\n<meta property=\"article:publisher\" content=\"http:\/\/www.facebook.com\/Wavegarden\" \/>\n<meta property=\"article:modified_time\" content=\"2025-08-07T09:17:26+00:00\" \/>\n<meta property=\"og:image\" content=\"https:\/\/wavegarden.com\/wp-content\/uploads\/2022\/11\/Development-Services-modificada-scaled.jpg\" \/>\n\t<meta property=\"og:image:width\" content=\"2560\" \/>\n\t<meta property=\"og:image:height\" content=\"1920\" \/>\n\t<meta property=\"og:image:type\" content=\"image\/jpeg\" \/>\n<meta name=\"twitter:card\" content=\"summary_large_image\" \/>\n<meta name=\"twitter:site\" content=\"@wavegarden\" \/>\n<meta name=\"twitter:label1\" content=\"Est. tempo de leitura\" \/>\n\t<meta name=\"twitter:data1\" content=\"2 minutos\" \/>\n<script type=\"application\/ld+json\" class=\"yoast-schema-graph\">{\"@context\":\"https:\/\/schema.org\",\"@graph\":[{\"@type\":\"WebPage\",\"@id\":\"https:\/\/wavegarden.com\/pt-br\/wavegarden-cove\/liner\/\",\"url\":\"https:\/\/wavegarden.com\/pt-br\/wavegarden-cove\/liner\/\",\"name\":\"| Liner: Solu\u00e7\u00e3o de impermeabiliza\u00e7\u00e3o para piscinas de surfe\",\"isPartOf\":{\"@id\":\"https:\/\/wavegarden.com\/de\/#website\"},\"primaryImageOfPage\":{\"@id\":\"https:\/\/wavegarden.com\/pt-br\/wavegarden-cove\/liner\/#primaryimage\"},\"image\":{\"@id\":\"https:\/\/wavegarden.com\/pt-br\/wavegarden-cove\/liner\/#primaryimage\"},\"thumbnailUrl\":\"https:\/\/wavegarden.com\/wp-content\/uploads\/2022\/11\/Development-Services-modificada-scaled.jpg\",\"datePublished\":\"2025-07-04T13:26:11+00:00\",\"dateModified\":\"2025-08-07T09:17:26+00:00\",\"description\":\"Descubra as vantagens do nosso sistema de liner: a geomembrana de impermeabiliza\u00e7\u00e3o para lagoas de surfe. Uma solu\u00e7\u00e3o comprovada, segura e sustent\u00e1vel.\",\"breadcrumb\":{\"@id\":\"https:\/\/wavegarden.com\/pt-br\/wavegarden-cove\/liner\/#breadcrumb\"},\"inLanguage\":\"pt-BR\",\"potentialAction\":[{\"@type\":\"ReadAction\",\"target\":[\"https:\/\/wavegarden.com\/pt-br\/wavegarden-cove\/liner\/\"]}]},{\"@type\":\"ImageObject\",\"inLanguage\":\"pt-BR\",\"@id\":\"https:\/\/wavegarden.com\/pt-br\/wavegarden-cove\/liner\/#primaryimage\",\"url\":\"https:\/\/wavegarden.com\/wp-content\/uploads\/2022\/11\/Development-Services-modificada-scaled.jpg\",\"contentUrl\":\"https:\/\/wavegarden.com\/wp-content\/uploads\/2022\/11\/Development-Services-modificada-scaled.jpg\",\"width\":2560,\"height\":1920},{\"@type\":\"BreadcrumbList\",\"@id\":\"https:\/\/wavegarden.com\/pt-br\/wavegarden-cove\/liner\/#breadcrumb\",\"itemListElement\":[{\"@type\":\"ListItem\",\"position\":1,\"name\":\"Home\",\"item\":\"https:\/\/wavegarden.com\/pt-br\/\"},{\"@type\":\"ListItem\",\"position\":2,\"name\":\"Wavegarden Cove\",\"item\":\"https:\/\/wavegarden.com\/pt-br\/wavegarden-cove\/\"},{\"@type\":\"ListItem\",\"position\":3,\"name\":\"Liner\"}]},{\"@type\":\"WebSite\",\"@id\":\"https:\/\/wavegarden.com\/de\/#website\",\"url\":\"https:\/\/wavegarden.com\/de\/\",\"name\":\"Wavegarden\",\"description\":\"\",\"publisher\":{\"@id\":\"https:\/\/wavegarden.com\/de\/#organization\"},\"potentialAction\":[{\"@type\":\"SearchAction\",\"target\":{\"@type\":\"EntryPoint\",\"urlTemplate\":\"https:\/\/wavegarden.com\/de\/?s={search_term_string}\"},\"query-input\":{\"@type\":\"PropertyValueSpecification\",\"valueRequired\":true,\"valueName\":\"search_term_string\"}}],\"inLanguage\":\"pt-BR\"},{\"@type\":\"Organization\",\"@id\":\"https:\/\/wavegarden.com\/de\/#organization\",\"name\":\"Wavegarden\",\"alternateName\":\"Wavegarden\",\"url\":\"https:\/\/wavegarden.com\/de\/\",\"logo\":{\"@type\":\"ImageObject\",\"inLanguage\":\"pt-BR\",\"@id\":\"https:\/\/wavegarden.com\/de\/#\/schema\/logo\/image\/\",\"url\":\"https:\/\/wavegarden.com\/wp-content\/uploads\/2024\/06\/logo-wavegarden.png\",\"contentUrl\":\"https:\/\/wavegarden.com\/wp-content\/uploads\/2024\/06\/logo-wavegarden.png\",\"width\":692,\"height\":292,\"caption\":\"Wavegarden\"},\"image\":{\"@id\":\"https:\/\/wavegarden.com\/de\/#\/schema\/logo\/image\/\"},\"sameAs\":[\"http:\/\/www.facebook.com\/Wavegarden\",\"https:\/\/x.com\/wavegarden\",\"https:\/\/www.instagram.com\/wavegarden_official\/\",\"https:\/\/www.linkedin.com\/company\/wavegarden\/\",\"https:\/\/www.youtube.com\/@WavegardenOfficial\"]}]}<\/script>\n<!-- \/ Yoast SEO plugin. -->","yoast_head_json":{"title":"| Liner: Solu\u00e7\u00e3o de impermeabiliza\u00e7\u00e3o para piscinas de surfe","description":"Descubra as vantagens do nosso sistema de liner: a geomembrana de impermeabiliza\u00e7\u00e3o para lagoas de surfe. Uma solu\u00e7\u00e3o comprovada, segura e sustent\u00e1vel.","robots":{"index":"index","follow":"follow","max-snippet":"max-snippet:-1","max-image-preview":"max-image-preview:large","max-video-preview":"max-video-preview:-1"},"canonical":"https:\/\/wavegarden.com\/pt-br\/wavegarden-cove\/liner\/","og_locale":"pt_BR","og_type":"article","og_title":"| Liner: Solu\u00e7\u00e3o de impermeabiliza\u00e7\u00e3o para piscinas de surfe","og_description":"Descubra as vantagens do nosso sistema de liner: a geomembrana de impermeabiliza\u00e7\u00e3o para lagoas de surfe. Uma solu\u00e7\u00e3o comprovada, segura e sustent\u00e1vel.","og_url":"https:\/\/wavegarden.com\/pt-br\/wavegarden-cove\/liner\/","og_site_name":"Wavegarden","article_publisher":"http:\/\/www.facebook.com\/Wavegarden","article_modified_time":"2025-08-07T09:17:26+00:00","og_image":[{"width":2560,"height":1920,"url":"https:\/\/wavegarden.com\/wp-content\/uploads\/2022\/11\/Development-Services-modificada-scaled.jpg","type":"image\/jpeg"}],"twitter_card":"summary_large_image","twitter_site":"@wavegarden","twitter_misc":{"Est. tempo de leitura":"2 minutos"},"schema":{"@context":"https:\/\/schema.org","@graph":[{"@type":"WebPage","@id":"https:\/\/wavegarden.com\/pt-br\/wavegarden-cove\/liner\/","url":"https:\/\/wavegarden.com\/pt-br\/wavegarden-cove\/liner\/","name":"| Liner: Solu\u00e7\u00e3o de impermeabiliza\u00e7\u00e3o para piscinas de surfe","isPartOf":{"@id":"https:\/\/wavegarden.com\/de\/#website"},"primaryImageOfPage":{"@id":"https:\/\/wavegarden.com\/pt-br\/wavegarden-cove\/liner\/#primaryimage"},"image":{"@id":"https:\/\/wavegarden.com\/pt-br\/wavegarden-cove\/liner\/#primaryimage"},"thumbnailUrl":"https:\/\/wavegarden.com\/wp-content\/uploads\/2022\/11\/Development-Services-modificada-scaled.jpg","datePublished":"2025-07-04T13:26:11+00:00","dateModified":"2025-08-07T09:17:26+00:00","description":"Descubra as vantagens do nosso sistema de liner: a geomembrana de impermeabiliza\u00e7\u00e3o para lagoas de surfe. Uma solu\u00e7\u00e3o comprovada, segura e sustent\u00e1vel.","breadcrumb":{"@id":"https:\/\/wavegarden.com\/pt-br\/wavegarden-cove\/liner\/#breadcrumb"},"inLanguage":"pt-BR","potentialAction":[{"@type":"ReadAction","target":["https:\/\/wavegarden.com\/pt-br\/wavegarden-cove\/liner\/"]}]},{"@type":"ImageObject","inLanguage":"pt-BR","@id":"https:\/\/wavegarden.com\/pt-br\/wavegarden-cove\/liner\/#primaryimage","url":"https:\/\/wavegarden.com\/wp-content\/uploads\/2022\/11\/Development-Services-modificada-scaled.jpg","contentUrl":"https:\/\/wavegarden.com\/wp-content\/uploads\/2022\/11\/Development-Services-modificada-scaled.jpg","width":2560,"height":1920},{"@type":"BreadcrumbList","@id":"https:\/\/wavegarden.com\/pt-br\/wavegarden-cove\/liner\/#breadcrumb","itemListElement":[{"@type":"ListItem","position":1,"name":"Home","item":"https:\/\/wavegarden.com\/pt-br\/"},{"@type":"ListItem","position":2,"name":"Wavegarden Cove","item":"https:\/\/wavegarden.com\/pt-br\/wavegarden-cove\/"},{"@type":"ListItem","position":3,"name":"Liner"}]},{"@type":"WebSite","@id":"https:\/\/wavegarden.com\/de\/#website","url":"https:\/\/wavegarden.com\/de\/","name":"Wavegarden","description":"","publisher":{"@id":"https:\/\/wavegarden.com\/de\/#organization"},"potentialAction":[{"@type":"SearchAction","target":{"@type":"EntryPoint","urlTemplate":"https:\/\/wavegarden.com\/de\/?s={search_term_string}"},"query-input":{"@type":"PropertyValueSpecification","valueRequired":true,"valueName":"search_term_string"}}],"inLanguage":"pt-BR"},{"@type":"Organization","@id":"https:\/\/wavegarden.com\/de\/#organization","name":"Wavegarden","alternateName":"Wavegarden","url":"https:\/\/wavegarden.com\/de\/","logo":{"@type":"ImageObject","inLanguage":"pt-BR","@id":"https:\/\/wavegarden.com\/de\/#\/schema\/logo\/image\/","url":"https:\/\/wavegarden.com\/wp-content\/uploads\/2024\/06\/logo-wavegarden.png","contentUrl":"https:\/\/wavegarden.com\/wp-content\/uploads\/2024\/06\/logo-wavegarden.png","width":692,"height":292,"caption":"Wavegarden"},"image":{"@id":"https:\/\/wavegarden.com\/de\/#\/schema\/logo\/image\/"},"sameAs":["http:\/\/www.facebook.com\/Wavegarden","https:\/\/x.com\/wavegarden","https:\/\/www.instagram.com\/wavegarden_official\/","https:\/\/www.linkedin.com\/company\/wavegarden\/","https:\/\/www.youtube.com\/@WavegardenOfficial"]}]}},"_links":{"self":[{"href":"https:\/\/wavegarden.com\/pt-br\/wp-json\/wp\/v2\/pages\/36051","targetHints":{"allow":["GET"]}}],"collection":[{"href":"https:\/\/wavegarden.com\/pt-br\/wp-json\/wp\/v2\/pages"}],"about":[{"href":"https:\/\/wavegarden.com\/pt-br\/wp-json\/wp\/v2\/types\/page"}],"author":[{"embeddable":true,"href":"https:\/\/wavegarden.com\/pt-br\/wp-json\/wp\/v2\/users\/5"}],"replies":[{"embeddable":true,"href":"https:\/\/wavegarden.com\/pt-br\/wp-json\/wp\/v2\/comments?post=36051"}],"version-history":[{"count":3,"href":"https:\/\/wavegarden.com\/pt-br\/wp-json\/wp\/v2\/pages\/36051\/revisions"}],"predecessor-version":[{"id":39929,"href":"https:\/\/wavegarden.com\/pt-br\/wp-json\/wp\/v2\/pages\/36051\/revisions\/39929"}],"up":[{"embeddable":true,"href":"https:\/\/wavegarden.com\/pt-br\/wp-json\/wp\/v2\/pages\/36076"}],"wp:featuredmedia":[{"embeddable":true,"href":"https:\/\/wavegarden.com\/pt-br\/wp-json\/wp\/v2\/media\/36053"}],"wp:attachment":[{"href":"https:\/\/wavegarden.com\/pt-br\/wp-json\/wp\/v2\/media?parent=36051"}],"curies":[{"name":"wp","href":"https:\/\/api.w.org\/{rel}","templated":true}]}}