{"id":35972,"date":"2025-06-30T09:28:25","date_gmt":"2025-06-30T07:28:25","guid":{"rendered":"https:\/\/wavegarden.com\/aviso-legal\/"},"modified":"2025-06-30T09:28:26","modified_gmt":"2025-06-30T07:28:26","slug":"aviso-legal","status":"publish","type":"page","link":"https:\/\/wavegarden.com\/pt-br\/aviso-legal\/","title":{"rendered":"Aviso legal"},"content":{"rendered":"\n<h2 class=\"wp-block-heading\">LEI DE SERVI\u00c7OS DA SOCIEDADE DA INFORMA\u00c7\u00c3O (LSSI)<\/h2>\n\n<p>WAVEGARDEN S.L.U., respons\u00e1vel pelo site, doravante denominada CONTROLADORA, coloca \u00e0 disposi\u00e7\u00e3o dos usu\u00e1rios o presente documento, que tem como objetivo cumprir com as obriga\u00e7\u00f5es previstas na Lei 34\/2002, de 11 de julho, de Servi\u00e7os da Sociedade da Informa\u00e7\u00e3o e Com\u00e9rcio Eletr\u00f4nico (LSSICE), Di\u00e1rio Oficial do Estado n\u00ba 166, bem como informar a todos os usu\u00e1rios do site as condi\u00e7\u00f5es de uso.<\/p>\n\n<p>Qualquer pessoa que acesse este site adquire a condi\u00e7\u00e3o de usu\u00e1rio e, como tal, compromete-se a observar e cumprir rigorosamente as disposi\u00e7\u00f5es aqui previstas, bem como qualquer outra cl\u00e1usula legal aplic\u00e1vel.<\/p>\n\n<p>WAVEGARDEN S.L.U. se reserva o direito de modificar qualquer tipo de informa\u00e7\u00e3o que possa aparecer no site, n\u00e3o estando obrigada a dar aviso pr\u00e9vio ou informar os usu\u00e1rios de tais obriga\u00e7\u00f5es, entendendo-se como suficiente a publica\u00e7\u00e3o no site de WAVEGARDEN S.L.U.<\/p>\n\n<h2 class=\"wp-block-heading\">1. DADOS DE IDENTIFICA\u00c7\u00c3O<\/h2>\n\n<p>Nome do dom\u00ednio: <a href=\"http:\/\/wavegarden.com\/\" target=\"_blank\" rel=\"noreferrer noopener\">wavegarden.com<\/a><br\/>Nome comercial: WAVEGARDEN<br\/>Nome da empresa: WAVEGARDEN S.L.U.<br\/>TIN: B75107235<br\/>Endere\u00e7o de registro: C\/ Zabaleta 59, 20002 SAN SEBASTIAN (GUIP\u00daZCOA)<br\/>Telefone: +34 943 32 25 38<br\/>Email: privacy@wavegarden.com<br\/>Guip\u00fazcoa T 2644 , F 86, S 8, H SS 36434,I\/A 10<\/p>\n\n<h2 class=\"wp-block-heading\">2. DIREITOS DE PROPRIEDADE INTELECTUAL E INDUSTRIAL<\/h2>\n\n<p>O site, incluindo, mas n\u00e3o se limitando \u00e0 sua programa\u00e7\u00e3o, edi\u00e7\u00e3o, compila\u00e7\u00e3o e outros elementos necess\u00e1rios para sua opera\u00e7\u00e3o, os desenhos, logotipos, textos e\/ou gr\u00e1ficos, s\u00e3o de propriedade da CONTROLADORA ou, se for o caso, possuem licen\u00e7a expressa ou autoriza\u00e7\u00e3o expressa de seus autores. Todo o conte\u00fado do site est\u00e1 devidamente protegido pelas leis de propriedade intelectual e industrial, e est\u00e1 registrado nos registros p\u00fablicos correspondentes.<\/p>\n\n<p>Independentemente da finalidade pretendida, a reprodu\u00e7\u00e3o, uso, explora\u00e7\u00e3o, distribui\u00e7\u00e3o e comercializa\u00e7\u00e3o, total ou parcial, requer, em qualquer caso, a autoriza\u00e7\u00e3o pr\u00e9via por escrito da CONTROLADORA. Qualquer uso n\u00e3o autorizado \u00e9 considerado uma viola\u00e7\u00e3o grave dos direitos de propriedade intelectual ou industrial do autor.<\/p>\n\n<p>Os desenhos, logotipos, textos e\/ou gr\u00e1ficos que n\u00e3o pertencem \u00e0 CONTROLADORA e que podem aparecer no site pertencem a seus respectivos propriet\u00e1rios, que s\u00e3o respons\u00e1veis por qualquer poss\u00edvel lit\u00edgio que possa surgir em rela\u00e7\u00e3o a eles. A CONTROLADORA autoriza expressamente que terceiros fa\u00e7am o redirecionamento para o conte\u00fado espec\u00edfico do site e, em qualquer caso, para o site principal do <a href=\"http:\/\/wavegarden.com\/\" target=\"_blank\" rel=\"noreferrer noopener\">wavegarden.com<\/a>.<\/p>\n\n<p>A CONTROLADORA reconhece os correspondentes direitos de propriedade intelectual e industrial em favor de seus propriet\u00e1rios, e qualquer men\u00e7\u00e3o ou apari\u00e7\u00e3o no site n\u00e3o implica a exist\u00eancia de qualquer direito ou responsabilidade sobre os mesmos, nem tampouco endosso, patroc\u00ednio ou recomenda\u00e7\u00e3o por parte do site.<\/p>\n\n<p>Coment\u00e1rios sobre qualquer poss\u00edvel viola\u00e7\u00e3o de direitos de propriedade intelectual ou industrial, bem como sobre o conte\u00fado do site, podem ser feitos entrando em contato com privacy@wavegarden.com.<\/p>\n\n<h2 class=\"wp-block-heading\">3. ISEN\u00c7\u00c3O DE RESPONSABILIDADE<\/h2>\n\n<p>O RESPONS\u00c1VEL se exime de qualquer responsabilidade pelas informa\u00e7\u00f5es publicadas em seu site, desde que n\u00e3o tenha conhecimento real de que essas informa\u00e7\u00f5es tenham sido manipuladas ou introduzidas por terceiros externos a ele ou, se tiver, tenha agido diligentemente para remover os dados ou impossibilitar o acesso a eles.<\/p>\n\n<h3 class=\"wp-block-heading\">Uso de cookies<\/h3>\n\n<p>Este site usa cookies t\u00e9cnicos (pequenos arquivos com informa\u00e7\u00f5es que o servidor envia para o computador do usu\u00e1rio do site) para executar determinadas fun\u00e7\u00f5es consideradas necess\u00e1rias para o funcionamento correto e a visualiza\u00e7\u00e3o do site. De qualquer forma, os cookies usados s\u00e3o tempor\u00e1rios, com o \u00fanico objetivo de tornar a navega\u00e7\u00e3o no site mais eficiente, e desaparecem ao final da sess\u00e3o do usu\u00e1rio. Em nenhuma circunst\u00e2ncia esses cookies fornecem dados pessoais e n\u00e3o ser\u00e3o usados para a coleta de tais dados.<\/p>\n\n<p>Por meio do uso de cookies, tamb\u00e9m \u00e9 poss\u00edvel que o servidor onde o site est\u00e1 localizado reconhe\u00e7a o navegador usado pelo usu\u00e1rio para facilitar a navega\u00e7\u00e3o, permitindo, por exemplo, que os usu\u00e1rios que se registraram anteriormente acessem as \u00e1reas, servi\u00e7os, promo\u00e7\u00f5es ou concursos reservados exclusivamente a eles sem precisar se registrar em cada visita. Eles tamb\u00e9m podem ser usados para medir o p\u00fablico ou os par\u00e2metros de tr\u00e1fego, monitorar o progresso e o n\u00famero de inscri\u00e7\u00f5es, etc. Nesses casos, os cookies usados s\u00e3o tecnicamente n\u00e3o essenciais, mas ben\u00e9ficos para o usu\u00e1rio. Este site n\u00e3o instalar\u00e1 cookies n\u00e3o essenciais sem o consentimento pr\u00e9vio do usu\u00e1rio.<\/p>\n\n<p>Este site usa cookies anal\u00edticos para ativar o recurso exclusivo de rastreamento de visitantes e facilitar sua navega\u00e7\u00e3o. Todos os usu\u00e1rios que acessam o site s\u00e3o informados sobre o uso desses cookies por meio de um banner flutuante. Se eles aceitarem o processamento, considera-se que concordam com seu uso. Se seu uso for aceito, o banner desaparecer\u00e1, embora seja poss\u00edvel revogar o consentimento e obter mais informa\u00e7\u00f5es a qualquer momento consultando nossa Pol\u00edtica de Cookies.<\/p>\n\n<p>O navegador pode ser configurado pelo usu\u00e1rio para alert\u00e1-lo sobre o recebimento de cookies e para impedir sua instala\u00e7\u00e3o no computador. Para obter mais informa\u00e7\u00f5es, consulte as instru\u00e7\u00f5es do seu navegador.<\/p>\n\n<h3 class=\"wp-block-heading\">Pol\u00edtica de links<\/h3>\n\n<p>O usu\u00e1rio deste site pode ser redirecionado para o conte\u00fado de sites de terceiros. Como a CONTROLADORA nem sempre pode controlar o conte\u00fado de sites de terceiros, ela n\u00e3o assume nenhum tipo de responsabilidade com rela\u00e7\u00e3o a esse conte\u00fado. Em qualquer caso, a CONTROLADORA remover\u00e1 imediatamente qualquer conte\u00fado que possa estar violando as leis nacionais ou internacionais, a moral ou a ordem p\u00fablica, e remover\u00e1 imediatamente o redirecionamento para este site, informando as autoridades competentes sobre o conte\u00fado em quest\u00e3o.<\/p>\n\n<p>A CONTROLADORA n\u00e3o se responsabilizar\u00e1 pelas informa\u00e7\u00f5es e conte\u00fados encontrados, inclusive, mas n\u00e3o se limitando, em f\u00f3runs, chats, geradores de blogs, coment\u00e1rios, redes sociais ou qualquer outro meio que permita a terceiros publicar conte\u00fados de forma independente no site da CONTROLADORA. No entanto, e de acordo com os Atos 11 e 16 da LSSICE, o conte\u00fado de terceiros \u00e9 disponibilizado a todos os usu\u00e1rios, autoridades e \u00f3rg\u00e3os de aplica\u00e7\u00e3o da lei que colaboram diretamente na retirada ou no bloqueio de todo conte\u00fado que possa afetar ou violar a legisla\u00e7\u00e3o nacional ou internacional, os direitos de terceiros ou a moral e a ordem p\u00fablicas. Caso o usu\u00e1rio considere que h\u00e1 algum conte\u00fado no site que possa ser considerado como tal, notifique imediatamente o administrador do site.<\/p>\n\n<p>Este site foi revisado e testado para permitir seu funcionamento correto. Em princ\u00edpio, o funcionamento adequado pode ser garantido 365 dias por ano, 24 horas por dia. No entanto, a CONTROLADORA n\u00e3o descarta a possibilidade de que ocorram determinados erros de programa\u00e7\u00e3o, ou que ocorram casos de for\u00e7a maior, desastres naturais, greves ou circunst\u00e2ncias semelhantes que impossibilitem o acesso ao site.<\/p>\n\n<h3 class=\"wp-block-heading\">Endere\u00e7os IP<\/h3>\n\n<p>Os servidores do site podem detectar automaticamente o endere\u00e7o IP e o nome de dom\u00ednio usados pelo usu\u00e1rio. Um endere\u00e7o IP \u00e9 um n\u00famero atribu\u00eddo automaticamente a um computador quando conectado \u00e0 Internet. Todas essas informa\u00e7\u00f5es s\u00e3o registradas em um log de sistema devidamente registrado no servidor que permite o processamento posterior dos dados para obter apenas medi\u00e7\u00f5es estat\u00edsticas que nos mostram o n\u00famero de acessos \u00e0 p\u00e1gina, o n\u00famero de visitas feitas aos servidores da Web, a ordem das visitas, o ponto de acesso, etc.<\/p>\n\n<h2 class=\"wp-block-heading\">4. LEGISLA\u00c7\u00c3O E JURISDI\u00c7\u00c3O APLIC\u00c1VEIS<\/h2>\n\n<p>A legisla\u00e7\u00e3o espanhola ser\u00e1 aplic\u00e1vel para a resolu\u00e7\u00e3o de todas os lit\u00edgios ou quest\u00f5es relacionadas a este site ou \u00e0s atividades nele desenvolvidas, \u00e0s quais as partes se submetem expressamente, sendo competentes para a resolu\u00e7\u00e3o de todas as controv\u00e9rsias decorrentes ou relacionadas ao seu uso os Juizados e Tribunais do domic\u00edlio do USU\u00c1RIO ou do local de cumprimento da obriga\u00e7\u00e3o.<\/p>\n\n<div style=\"height:50px\" aria-hidden=\"true\" class=\"wp-block-spacer\"><\/div>\n","protected":false},"excerpt":{"rendered":"<p>LEI DE SERVI\u00c7OS DA SOCIEDADE DA INFORMA\u00c7\u00c3O (LSSI) WAVEGARDEN S.L.U., respons\u00e1vel pelo site, doravante denominada CONTROLADORA, coloca \u00e0 disposi\u00e7\u00e3o dos usu\u00e1rios o presente documento, que tem como objetivo cumprir com as obriga\u00e7\u00f5es previstas na Lei 34\/2002, de 11 de julho, de Servi\u00e7os da Sociedade da Informa\u00e7\u00e3o e Com\u00e9rcio Eletr\u00f4nico (LSSICE), Di\u00e1rio Oficial do Estado n\u00ba [&hellip;]<\/p>\n","protected":false},"author":4,"featured_media":35973,"parent":0,"menu_order":0,"comment_status":"closed","ping_status":"closed","template":"","meta":{"_acf_changed":false,"footnotes":""},"class_list":["post-35972","page","type-page","status-publish","has-post-thumbnail","hentry"],"acf":[],"yoast_head":"<!-- This site is optimized with the Yoast SEO plugin v27.2 - https:\/\/yoast.com\/product\/yoast-seo-wordpress\/ -->\n<title>Aviso legal - Wavegarden<\/title>\n<meta name=\"robots\" content=\"index, follow, max-snippet:-1, max-image-preview:large, max-video-preview:-1\" \/>\n<link rel=\"canonical\" href=\"https:\/\/wavegarden.com\/pt-br\/aviso-legal\/\" \/>\n<meta property=\"og:locale\" content=\"pt_BR\" \/>\n<meta property=\"og:type\" content=\"article\" \/>\n<meta property=\"og:title\" content=\"Aviso legal - Wavegarden\" \/>\n<meta property=\"og:description\" content=\"LEI DE SERVI\u00c7OS DA SOCIEDADE DA INFORMA\u00c7\u00c3O (LSSI) WAVEGARDEN S.L.U., respons\u00e1vel pelo site, doravante denominada CONTROLADORA, coloca \u00e0 disposi\u00e7\u00e3o dos usu\u00e1rios o presente documento, que tem como objetivo cumprir com as obriga\u00e7\u00f5es previstas na Lei 34\/2002, de 11 de julho, de Servi\u00e7os da Sociedade da Informa\u00e7\u00e3o e Com\u00e9rcio Eletr\u00f4nico (LSSICE), Di\u00e1rio Oficial do Estado n\u00ba [&hellip;]\" \/>\n<meta property=\"og:url\" content=\"https:\/\/wavegarden.com\/pt-br\/aviso-legal\/\" \/>\n<meta property=\"og:site_name\" content=\"Wavegarden\" \/>\n<meta property=\"article:publisher\" content=\"http:\/\/www.facebook.com\/Wavegarden\" \/>\n<meta property=\"article:modified_time\" content=\"2025-06-30T07:28:26+00:00\" \/>\n<meta property=\"og:image\" content=\"https:\/\/wavegarden.com\/wp-content\/uploads\/2023\/02\/291049643_3265482363664733_8140187885754460933_n.jpg\" \/>\n\t<meta property=\"og:image:width\" content=\"1600\" \/>\n\t<meta property=\"og:image:height\" content=\"1067\" \/>\n\t<meta property=\"og:image:type\" content=\"image\/jpeg\" \/>\n<meta name=\"twitter:card\" content=\"summary_large_image\" \/>\n<meta name=\"twitter:site\" content=\"@wavegarden\" \/>\n<meta name=\"twitter:label1\" content=\"Est. tempo de leitura\" \/>\n\t<meta name=\"twitter:data1\" content=\"7 minutos\" \/>\n<script type=\"application\/ld+json\" class=\"yoast-schema-graph\">{\"@context\":\"https:\/\/schema.org\",\"@graph\":[{\"@type\":\"WebPage\",\"@id\":\"https:\/\/wavegarden.com\/pt-br\/aviso-legal\/\",\"url\":\"https:\/\/wavegarden.com\/pt-br\/aviso-legal\/\",\"name\":\"Aviso legal - Wavegarden\",\"isPartOf\":{\"@id\":\"https:\/\/wavegarden.com\/de\/#website\"},\"primaryImageOfPage\":{\"@id\":\"https:\/\/wavegarden.com\/pt-br\/aviso-legal\/#primaryimage\"},\"image\":{\"@id\":\"https:\/\/wavegarden.com\/pt-br\/aviso-legal\/#primaryimage\"},\"thumbnailUrl\":\"https:\/\/wavegarden.com\/wp-content\/uploads\/2023\/02\/291049643_3265482363664733_8140187885754460933_n.jpg\",\"datePublished\":\"2025-06-30T07:28:25+00:00\",\"dateModified\":\"2025-06-30T07:28:26+00:00\",\"breadcrumb\":{\"@id\":\"https:\/\/wavegarden.com\/pt-br\/aviso-legal\/#breadcrumb\"},\"inLanguage\":\"pt-BR\",\"potentialAction\":[{\"@type\":\"ReadAction\",\"target\":[\"https:\/\/wavegarden.com\/pt-br\/aviso-legal\/\"]}]},{\"@type\":\"ImageObject\",\"inLanguage\":\"pt-BR\",\"@id\":\"https:\/\/wavegarden.com\/pt-br\/aviso-legal\/#primaryimage\",\"url\":\"https:\/\/wavegarden.com\/wp-content\/uploads\/2023\/02\/291049643_3265482363664733_8140187885754460933_n.jpg\",\"contentUrl\":\"https:\/\/wavegarden.com\/wp-content\/uploads\/2023\/02\/291049643_3265482363664733_8140187885754460933_n.jpg\",\"width\":1600,\"height\":1067},{\"@type\":\"BreadcrumbList\",\"@id\":\"https:\/\/wavegarden.com\/pt-br\/aviso-legal\/#breadcrumb\",\"itemListElement\":[{\"@type\":\"ListItem\",\"position\":1,\"name\":\"Home\",\"item\":\"https:\/\/wavegarden.com\/pt-br\/\"},{\"@type\":\"ListItem\",\"position\":2,\"name\":\"Aviso legal\"}]},{\"@type\":\"WebSite\",\"@id\":\"https:\/\/wavegarden.com\/de\/#website\",\"url\":\"https:\/\/wavegarden.com\/de\/\",\"name\":\"Wavegarden\",\"description\":\"\",\"publisher\":{\"@id\":\"https:\/\/wavegarden.com\/de\/#organization\"},\"potentialAction\":[{\"@type\":\"SearchAction\",\"target\":{\"@type\":\"EntryPoint\",\"urlTemplate\":\"https:\/\/wavegarden.com\/de\/?s={search_term_string}\"},\"query-input\":{\"@type\":\"PropertyValueSpecification\",\"valueRequired\":true,\"valueName\":\"search_term_string\"}}],\"inLanguage\":\"pt-BR\"},{\"@type\":\"Organization\",\"@id\":\"https:\/\/wavegarden.com\/de\/#organization\",\"name\":\"Wavegarden\",\"alternateName\":\"Wavegarden\",\"url\":\"https:\/\/wavegarden.com\/de\/\",\"logo\":{\"@type\":\"ImageObject\",\"inLanguage\":\"pt-BR\",\"@id\":\"https:\/\/wavegarden.com\/de\/#\/schema\/logo\/image\/\",\"url\":\"https:\/\/wavegarden.com\/wp-content\/uploads\/2024\/06\/logo-wavegarden.png\",\"contentUrl\":\"https:\/\/wavegarden.com\/wp-content\/uploads\/2024\/06\/logo-wavegarden.png\",\"width\":692,\"height\":292,\"caption\":\"Wavegarden\"},\"image\":{\"@id\":\"https:\/\/wavegarden.com\/de\/#\/schema\/logo\/image\/\"},\"sameAs\":[\"http:\/\/www.facebook.com\/Wavegarden\",\"https:\/\/x.com\/wavegarden\",\"https:\/\/www.instagram.com\/wavegarden_official\/\",\"https:\/\/www.linkedin.com\/company\/wavegarden\/\",\"https:\/\/www.youtube.com\/@WavegardenOfficial\"]}]}<\/script>\n<!-- \/ Yoast SEO plugin. -->","yoast_head_json":{"title":"Aviso legal - Wavegarden","robots":{"index":"index","follow":"follow","max-snippet":"max-snippet:-1","max-image-preview":"max-image-preview:large","max-video-preview":"max-video-preview:-1"},"canonical":"https:\/\/wavegarden.com\/pt-br\/aviso-legal\/","og_locale":"pt_BR","og_type":"article","og_title":"Aviso legal - Wavegarden","og_description":"LEI DE SERVI\u00c7OS DA SOCIEDADE DA INFORMA\u00c7\u00c3O (LSSI) WAVEGARDEN S.L.U., respons\u00e1vel pelo site, doravante denominada CONTROLADORA, coloca \u00e0 disposi\u00e7\u00e3o dos usu\u00e1rios o presente documento, que tem como objetivo cumprir com as obriga\u00e7\u00f5es previstas na Lei 34\/2002, de 11 de julho, de Servi\u00e7os da Sociedade da Informa\u00e7\u00e3o e Com\u00e9rcio Eletr\u00f4nico (LSSICE), Di\u00e1rio Oficial do Estado n\u00ba [&hellip;]","og_url":"https:\/\/wavegarden.com\/pt-br\/aviso-legal\/","og_site_name":"Wavegarden","article_publisher":"http:\/\/www.facebook.com\/Wavegarden","article_modified_time":"2025-06-30T07:28:26+00:00","og_image":[{"width":1600,"height":1067,"url":"https:\/\/wavegarden.com\/wp-content\/uploads\/2023\/02\/291049643_3265482363664733_8140187885754460933_n.jpg","type":"image\/jpeg"}],"twitter_card":"summary_large_image","twitter_site":"@wavegarden","twitter_misc":{"Est. tempo de leitura":"7 minutos"},"schema":{"@context":"https:\/\/schema.org","@graph":[{"@type":"WebPage","@id":"https:\/\/wavegarden.com\/pt-br\/aviso-legal\/","url":"https:\/\/wavegarden.com\/pt-br\/aviso-legal\/","name":"Aviso legal - Wavegarden","isPartOf":{"@id":"https:\/\/wavegarden.com\/de\/#website"},"primaryImageOfPage":{"@id":"https:\/\/wavegarden.com\/pt-br\/aviso-legal\/#primaryimage"},"image":{"@id":"https:\/\/wavegarden.com\/pt-br\/aviso-legal\/#primaryimage"},"thumbnailUrl":"https:\/\/wavegarden.com\/wp-content\/uploads\/2023\/02\/291049643_3265482363664733_8140187885754460933_n.jpg","datePublished":"2025-06-30T07:28:25+00:00","dateModified":"2025-06-30T07:28:26+00:00","breadcrumb":{"@id":"https:\/\/wavegarden.com\/pt-br\/aviso-legal\/#breadcrumb"},"inLanguage":"pt-BR","potentialAction":[{"@type":"ReadAction","target":["https:\/\/wavegarden.com\/pt-br\/aviso-legal\/"]}]},{"@type":"ImageObject","inLanguage":"pt-BR","@id":"https:\/\/wavegarden.com\/pt-br\/aviso-legal\/#primaryimage","url":"https:\/\/wavegarden.com\/wp-content\/uploads\/2023\/02\/291049643_3265482363664733_8140187885754460933_n.jpg","contentUrl":"https:\/\/wavegarden.com\/wp-content\/uploads\/2023\/02\/291049643_3265482363664733_8140187885754460933_n.jpg","width":1600,"height":1067},{"@type":"BreadcrumbList","@id":"https:\/\/wavegarden.com\/pt-br\/aviso-legal\/#breadcrumb","itemListElement":[{"@type":"ListItem","position":1,"name":"Home","item":"https:\/\/wavegarden.com\/pt-br\/"},{"@type":"ListItem","position":2,"name":"Aviso legal"}]},{"@type":"WebSite","@id":"https:\/\/wavegarden.com\/de\/#website","url":"https:\/\/wavegarden.com\/de\/","name":"Wavegarden","description":"","publisher":{"@id":"https:\/\/wavegarden.com\/de\/#organization"},"potentialAction":[{"@type":"SearchAction","target":{"@type":"EntryPoint","urlTemplate":"https:\/\/wavegarden.com\/de\/?s={search_term_string}"},"query-input":{"@type":"PropertyValueSpecification","valueRequired":true,"valueName":"search_term_string"}}],"inLanguage":"pt-BR"},{"@type":"Organization","@id":"https:\/\/wavegarden.com\/de\/#organization","name":"Wavegarden","alternateName":"Wavegarden","url":"https:\/\/wavegarden.com\/de\/","logo":{"@type":"ImageObject","inLanguage":"pt-BR","@id":"https:\/\/wavegarden.com\/de\/#\/schema\/logo\/image\/","url":"https:\/\/wavegarden.com\/wp-content\/uploads\/2024\/06\/logo-wavegarden.png","contentUrl":"https:\/\/wavegarden.com\/wp-content\/uploads\/2024\/06\/logo-wavegarden.png","width":692,"height":292,"caption":"Wavegarden"},"image":{"@id":"https:\/\/wavegarden.com\/de\/#\/schema\/logo\/image\/"},"sameAs":["http:\/\/www.facebook.com\/Wavegarden","https:\/\/x.com\/wavegarden","https:\/\/www.instagram.com\/wavegarden_official\/","https:\/\/www.linkedin.com\/company\/wavegarden\/","https:\/\/www.youtube.com\/@WavegardenOfficial"]}]}},"_links":{"self":[{"href":"https:\/\/wavegarden.com\/pt-br\/wp-json\/wp\/v2\/pages\/35972","targetHints":{"allow":["GET"]}}],"collection":[{"href":"https:\/\/wavegarden.com\/pt-br\/wp-json\/wp\/v2\/pages"}],"about":[{"href":"https:\/\/wavegarden.com\/pt-br\/wp-json\/wp\/v2\/types\/page"}],"author":[{"embeddable":true,"href":"https:\/\/wavegarden.com\/pt-br\/wp-json\/wp\/v2\/users\/4"}],"replies":[{"embeddable":true,"href":"https:\/\/wavegarden.com\/pt-br\/wp-json\/wp\/v2\/comments?post=35972"}],"version-history":[{"count":1,"href":"https:\/\/wavegarden.com\/pt-br\/wp-json\/wp\/v2\/pages\/35972\/revisions"}],"predecessor-version":[{"id":35974,"href":"https:\/\/wavegarden.com\/pt-br\/wp-json\/wp\/v2\/pages\/35972\/revisions\/35974"}],"wp:featuredmedia":[{"embeddable":true,"href":"https:\/\/wavegarden.com\/pt-br\/wp-json\/wp\/v2\/media\/35973"}],"wp:attachment":[{"href":"https:\/\/wavegarden.com\/pt-br\/wp-json\/wp\/v2\/media?parent=35972"}],"curies":[{"name":"wp","href":"https:\/\/api.w.org\/{rel}","templated":true}]}}