{"id":8004,"date":"2022-05-24T12:20:48","date_gmt":"2022-05-24T10:20:48","guid":{"rendered":"https:\/\/wavegarden.com\/46-modules\/"},"modified":"2025-10-15T13:37:51","modified_gmt":"2025-10-15T11:37:51","slug":"46-modules","status":"publish","type":"page","link":"https:\/\/wavegarden.com\/fr\/wave-menu\/46-modules\/","title":{"rendered":"46 Modules"},"content":{"rendered":"\n<h2 class=\"wp-block-heading has-text-align-center page-intro__title\">Grande qualit\u00e9 et vari\u00e9t\u00e9 de vagues, m\u00eame dans les petits espaces<\/h2>\n\n<p class=\"has-text-align-center\">Quarante six modules est la configuration minimale que nous recommandons pour notre machine \u00e0 vagues. Elle peut \u00eatre install\u00e9e dans des petits Wavegarden Coves sans Bays (comme \u00e0 Alaia Bay), ou bien dans les plus grands Wavegarden Coves avec Bays, comme Urbnsurf \u00e0 Melbourne.<\/p>\n\n<p class=\"has-text-align-center\"><strong>S\u00e9lectionnez une cat\u00e9gorie de vague et revoir les vid\u00e9os et les sp\u00e9cifications.<\/strong><\/p>\n\n<p class=\"has-text-align-center\">Plus de 20 vagues diff\u00e9rentes id\u00e9ales pour tous : d\u00e9butants, interm\u00e9diaires et pros<\/p>\n<section class=\"wave-type\">\n    <ul>\n        <li><p><a href=\"https:\/\/wavegarden.com\/fr\/wave-menu\/46-the-bays\/\">                                        <video poster=\"https:\/\/wavegarden.com\/wp-content\/uploads\/2021\/12\/iconos-olas-7_1-the-bays-copia-2.png\" src=\"https:\/\/wavegarden.com\/wp-content\/uploads\/2022\/06\/thebays-04.mp4\" onmouseenter=\"this.play();this.loop=1;\" onmouseleave=\"this.loop=0;\" onended=\"this.load();\" muted=\"muted\" playsinline><span class=\"video-border\"><\/span><\/video>\n                                    <span>The Bays<\/span><\/a><\/p><\/li><li><p><a href=\"https:\/\/wavegarden.com\/fr\/wave-menu\/46-waikiki-1\/\">                                        <video poster=\"https:\/\/wavegarden.com\/wp-content\/uploads\/2021\/12\/iconos-olas-7_2-Waikiki-copia-1.png\" src=\"https:\/\/wavegarden.com\/wp-content\/uploads\/2022\/05\/waikiki-03.mp4\" onmouseenter=\"this.play();this.loop=1;\" onmouseleave=\"this.loop=0;\" onended=\"this.load();\" muted=\"muted\" playsinline><span class=\"video-border\"><\/span><\/video>\n                                    <span>Waikikis<\/span><\/a><\/p><\/li><li><p><a href=\"https:\/\/wavegarden.com\/fr\/wave-menu\/46-malibu-1\/\">                                        <video poster=\"https:\/\/wavegarden.com\/wp-content\/uploads\/2021\/12\/iconos-olas-7_3-Malibu-copia.png\" src=\"https:\/\/wavegarden.com\/wp-content\/uploads\/2022\/06\/malibu-04.mp4\" onmouseenter=\"this.play();this.loop=1;\" onmouseleave=\"this.loop=0;\" onended=\"this.load();\" muted=\"muted\" playsinline><span class=\"video-border\"><\/span><\/video>\n                                    <span>Malibus<\/span><\/a><\/p><\/li><li><p><a href=\"https:\/\/wavegarden.com\/fr\/wave-menu\/46-turns-1\/\">                                        <video poster=\"https:\/\/wavegarden.com\/wp-content\/uploads\/2021\/12\/iconos-olas-7_4-turns-copia.png\" src=\"https:\/\/wavegarden.com\/wp-content\/uploads\/2022\/05\/turns-03.mp4\" onmouseenter=\"this.play();this.loop=1;\" onmouseleave=\"this.loop=0;\" onended=\"this.load();\" muted=\"muted\" playsinline><span class=\"video-border\"><\/span><\/video>\n                                    <span>Turns<\/span><\/a><\/p><\/li><li><p><a href=\"https:\/\/wavegarden.com\/fr\/wave-menu\/46-barrel-1\/\">                                        <video poster=\"https:\/\/wavegarden.com\/wp-content\/uploads\/2021\/12\/iconos-olas-7_5-Barrel-copia.png\" src=\"https:\/\/wavegarden.com\/wp-content\/uploads\/2022\/05\/barrel-03.mp4\" onmouseenter=\"this.play();this.loop=1;\" onmouseleave=\"this.loop=0;\" onended=\"this.load();\" muted=\"muted\" playsinline><span class=\"video-border\"><\/span><\/video>\n                                    <span>Barrels<\/span><\/a><\/p><\/li><li><p><a href=\"https:\/\/wavegarden.com\/fr\/wave-menu\/46-expert-air\/\">                                        <video poster=\"https:\/\/wavegarden.com\/wp-content\/uploads\/2021\/12\/iconos-olas-7_6-AirWave-copia-2.png\" src=\"https:\/\/wavegarden.com\/wp-content\/uploads\/2022\/05\/air-wave-03.mp4\" onmouseenter=\"this.play();this.loop=1;\" onmouseleave=\"this.loop=0;\" onended=\"this.load();\" muted=\"muted\" playsinline><span class=\"video-border\"><\/span><\/video>\n                                    <span>Air Waves<\/span><\/a><\/p><\/li>    <\/ul>\n<\/section>\n<h2 class=\"wp-block-heading has-text-align-center\">AVANTAGES<\/h2>\n\n<div class=\"wp-block-columns is-layout-flex wp-container-core-columns-is-layout-9d6595d7 wp-block-columns-is-layout-flex\">\n<div class=\"wp-block-column is-layout-flow wp-block-column-is-layout-flow\"><div class=\"wp-block-image\">\n<figure class=\"aligncenter size-full\"><img decoding=\"async\" width=\"54\" height=\"54\" src=\"https:\/\/wavegarden.com\/wp-content\/uploads\/2022\/06\/iconos-ventajas_Mesa-de-trabajo-1.png\" alt=\"\" class=\"wp-image-8836\"\/><\/figure>\n<\/div>\n\n\n<div style=\"height:20px\" aria-hidden=\"true\" class=\"wp-block-spacer\"><\/div>\n\n\n\n<p class=\"has-text-align-center\">Menu de vagues complet avec tous les types de vagues disponibles \u00e0 Wavegarden.<\/p>\n<\/div>\n\n\n\n<div class=\"wp-block-column is-layout-flow wp-block-column-is-layout-flow\"><div class=\"wp-block-image\">\n<figure class=\"aligncenter size-full\"><img decoding=\"async\" width=\"54\" height=\"54\" src=\"https:\/\/wavegarden.com\/wp-content\/uploads\/2022\/06\/iconos-ventajas_Mesa-de-trabajo-1.png\" alt=\"\" class=\"wp-image-8836\"\/><\/figure>\n<\/div>\n\n\n<div style=\"height:20px\" aria-hidden=\"true\" class=\"wp-block-spacer\"><\/div>\n\n\n\n<p class=\"has-text-align-center\">Taille minimum requise pour l\u2019accueil de comp\u00e9titions internationales.<\/p>\n<\/div>\n\n\n\n<div class=\"wp-block-column is-layout-flow wp-block-column-is-layout-flow\"><div class=\"wp-block-image\">\n<figure class=\"aligncenter size-full\"><img decoding=\"async\" width=\"54\" height=\"54\" src=\"https:\/\/wavegarden.com\/wp-content\/uploads\/2022\/06\/iconos-ventajas_Mesa-de-trabajo-1.png\" alt=\"\" class=\"wp-image-8836\"\/><\/figure>\n<\/div>\n\n\n<div style=\"height:20px\" aria-hidden=\"true\" class=\"wp-block-spacer\"><\/div>\n\n\n\n<p class=\"has-text-align-center\">Nombre de modules id\u00e9al pour des emplacements \u00e0 taille r\u00e9duite.<\/p>\n<\/div>\n<\/div>\n","protected":false},"excerpt":{"rendered":"<p>Grande qualit\u00e9 et vari\u00e9t\u00e9 de vagues, m\u00eame dans les petits espaces Quarante six modules est la configuration minimale que nous recommandons pour notre machine \u00e0 vagues. Elle peut \u00eatre install\u00e9e dans des petits Wavegarden Coves sans Bays (comme \u00e0 Alaia Bay), ou bien dans les plus grands Wavegarden Coves avec Bays, comme Urbnsurf \u00e0 Melbourne. [&hellip;]<\/p>\n","protected":false},"author":4,"featured_media":7910,"parent":7868,"menu_order":0,"comment_status":"closed","ping_status":"closed","template":"pages\/modules.php","meta":{"_acf_changed":false,"footnotes":""},"class_list":["post-8004","page","type-page","status-publish","has-post-thumbnail","hentry"],"acf":[],"yoast_head":"<!-- This site is optimized with the Yoast SEO plugin v27.2 - https:\/\/yoast.com\/product\/yoast-seo-wordpress\/ -->\n<title>| 46 Module machine \u00e0 vagues<\/title>\n<meta name=\"description\" content=\"D\u00e9couvrez le g\u00e9n\u00e9rateur de vagues \u00e0 46 modules con\u00e7u pour cr\u00e9er plus de 20 types de vagues dans des sites plus petits comme URBNSURF (Australie) ou Ala\u00efa Bay.\" \/>\n<meta name=\"robots\" content=\"index, follow, max-snippet:-1, max-image-preview:large, max-video-preview:-1\" \/>\n<link rel=\"canonical\" href=\"https:\/\/wavegarden.com\/fr\/wave-menu\/46-modules\/\" \/>\n<meta property=\"og:locale\" content=\"fr_FR\" \/>\n<meta property=\"og:type\" content=\"article\" \/>\n<meta property=\"og:title\" content=\"| 46 Module machine \u00e0 vagues\" \/>\n<meta property=\"og:description\" content=\"D\u00e9couvrez le g\u00e9n\u00e9rateur de vagues \u00e0 46 modules con\u00e7u pour cr\u00e9er plus de 20 types de vagues dans des sites plus petits comme URBNSURF (Australie) ou Ala\u00efa Bay.\" \/>\n<meta property=\"og:url\" content=\"https:\/\/wavegarden.com\/fr\/wave-menu\/46-modules\/\" \/>\n<meta property=\"og:site_name\" content=\"Wavegarden\" \/>\n<meta property=\"article:publisher\" content=\"http:\/\/www.facebook.com\/Wavegarden\" \/>\n<meta property=\"article:modified_time\" content=\"2025-10-15T11:37:51+00:00\" \/>\n<meta property=\"og:image\" content=\"https:\/\/wavegarden.com\/wp-content\/uploads\/2022\/05\/46-modulos-Alaia-Bay.jpg\" \/>\n\t<meta property=\"og:image:width\" content=\"2000\" \/>\n\t<meta property=\"og:image:height\" content=\"1126\" \/>\n\t<meta property=\"og:image:type\" content=\"image\/jpeg\" \/>\n<meta name=\"twitter:card\" content=\"summary_large_image\" \/>\n<meta name=\"twitter:site\" content=\"@wavegarden\" \/>\n<meta name=\"twitter:label1\" content=\"Dur\u00e9e de lecture estim\u00e9e\" \/>\n\t<meta name=\"twitter:data1\" content=\"1 minute\" \/>\n<script type=\"application\/ld+json\" class=\"yoast-schema-graph\">{\"@context\":\"https:\/\/schema.org\",\"@graph\":[{\"@type\":\"WebPage\",\"@id\":\"https:\/\/wavegarden.com\/fr\/wave-menu\/46-modules\/\",\"url\":\"https:\/\/wavegarden.com\/fr\/wave-menu\/46-modules\/\",\"name\":\"| 46 Module machine \u00e0 vagues\",\"isPartOf\":{\"@id\":\"https:\/\/wavegarden.com\/de\/#website\"},\"primaryImageOfPage\":{\"@id\":\"https:\/\/wavegarden.com\/fr\/wave-menu\/46-modules\/#primaryimage\"},\"image\":{\"@id\":\"https:\/\/wavegarden.com\/fr\/wave-menu\/46-modules\/#primaryimage\"},\"thumbnailUrl\":\"https:\/\/wavegarden.com\/wp-content\/uploads\/2022\/05\/46-modulos-Alaia-Bay.jpg\",\"datePublished\":\"2022-05-24T10:20:48+00:00\",\"dateModified\":\"2025-10-15T11:37:51+00:00\",\"description\":\"D\u00e9couvrez le g\u00e9n\u00e9rateur de vagues \u00e0 46 modules con\u00e7u pour cr\u00e9er plus de 20 types de vagues dans des sites plus petits comme URBNSURF (Australie) ou Ala\u00efa Bay.\",\"breadcrumb\":{\"@id\":\"https:\/\/wavegarden.com\/fr\/wave-menu\/46-modules\/#breadcrumb\"},\"inLanguage\":\"fr-FR\",\"potentialAction\":[{\"@type\":\"ReadAction\",\"target\":[\"https:\/\/wavegarden.com\/fr\/wave-menu\/46-modules\/\"]}]},{\"@type\":\"ImageObject\",\"inLanguage\":\"fr-FR\",\"@id\":\"https:\/\/wavegarden.com\/fr\/wave-menu\/46-modules\/#primaryimage\",\"url\":\"https:\/\/wavegarden.com\/wp-content\/uploads\/2022\/05\/46-modulos-Alaia-Bay.jpg\",\"contentUrl\":\"https:\/\/wavegarden.com\/wp-content\/uploads\/2022\/05\/46-modulos-Alaia-Bay.jpg\",\"width\":2000,\"height\":1126},{\"@type\":\"BreadcrumbList\",\"@id\":\"https:\/\/wavegarden.com\/fr\/wave-menu\/46-modules\/#breadcrumb\",\"itemListElement\":[{\"@type\":\"ListItem\",\"position\":1,\"name\":\"Home\",\"item\":\"https:\/\/wavegarden.com\/fr\/new-home\/\"},{\"@type\":\"ListItem\",\"position\":2,\"name\":\"Wave menu\",\"item\":\"https:\/\/wavegarden.com\/fr\/wave-menu\/\"},{\"@type\":\"ListItem\",\"position\":3,\"name\":\"46 Modules\"}]},{\"@type\":\"WebSite\",\"@id\":\"https:\/\/wavegarden.com\/de\/#website\",\"url\":\"https:\/\/wavegarden.com\/de\/\",\"name\":\"Wavegarden\",\"description\":\"\",\"publisher\":{\"@id\":\"https:\/\/wavegarden.com\/de\/#organization\"},\"potentialAction\":[{\"@type\":\"SearchAction\",\"target\":{\"@type\":\"EntryPoint\",\"urlTemplate\":\"https:\/\/wavegarden.com\/de\/?s={search_term_string}\"},\"query-input\":{\"@type\":\"PropertyValueSpecification\",\"valueRequired\":true,\"valueName\":\"search_term_string\"}}],\"inLanguage\":\"fr-FR\"},{\"@type\":\"Organization\",\"@id\":\"https:\/\/wavegarden.com\/de\/#organization\",\"name\":\"Wavegarden\",\"alternateName\":\"Wavegarden\",\"url\":\"https:\/\/wavegarden.com\/de\/\",\"logo\":{\"@type\":\"ImageObject\",\"inLanguage\":\"fr-FR\",\"@id\":\"https:\/\/wavegarden.com\/de\/#\/schema\/logo\/image\/\",\"url\":\"https:\/\/wavegarden.com\/wp-content\/uploads\/2024\/06\/logo-wavegarden.png\",\"contentUrl\":\"https:\/\/wavegarden.com\/wp-content\/uploads\/2024\/06\/logo-wavegarden.png\",\"width\":692,\"height\":292,\"caption\":\"Wavegarden\"},\"image\":{\"@id\":\"https:\/\/wavegarden.com\/de\/#\/schema\/logo\/image\/\"},\"sameAs\":[\"http:\/\/www.facebook.com\/Wavegarden\",\"https:\/\/x.com\/wavegarden\",\"https:\/\/www.instagram.com\/wavegarden_official\/\",\"https:\/\/www.linkedin.com\/company\/wavegarden\/\",\"https:\/\/www.youtube.com\/@WavegardenOfficial\"]}]}<\/script>\n<!-- \/ Yoast SEO plugin. -->","yoast_head_json":{"title":"| 46 Module machine \u00e0 vagues","description":"D\u00e9couvrez le g\u00e9n\u00e9rateur de vagues \u00e0 46 modules con\u00e7u pour cr\u00e9er plus de 20 types de vagues dans des sites plus petits comme URBNSURF (Australie) ou Ala\u00efa Bay.","robots":{"index":"index","follow":"follow","max-snippet":"max-snippet:-1","max-image-preview":"max-image-preview:large","max-video-preview":"max-video-preview:-1"},"canonical":"https:\/\/wavegarden.com\/fr\/wave-menu\/46-modules\/","og_locale":"fr_FR","og_type":"article","og_title":"| 46 Module machine \u00e0 vagues","og_description":"D\u00e9couvrez le g\u00e9n\u00e9rateur de vagues \u00e0 46 modules con\u00e7u pour cr\u00e9er plus de 20 types de vagues dans des sites plus petits comme URBNSURF (Australie) ou Ala\u00efa Bay.","og_url":"https:\/\/wavegarden.com\/fr\/wave-menu\/46-modules\/","og_site_name":"Wavegarden","article_publisher":"http:\/\/www.facebook.com\/Wavegarden","article_modified_time":"2025-10-15T11:37:51+00:00","og_image":[{"width":2000,"height":1126,"url":"https:\/\/wavegarden.com\/wp-content\/uploads\/2022\/05\/46-modulos-Alaia-Bay.jpg","type":"image\/jpeg"}],"twitter_card":"summary_large_image","twitter_site":"@wavegarden","twitter_misc":{"Dur\u00e9e de lecture estim\u00e9e":"1 minute"},"schema":{"@context":"https:\/\/schema.org","@graph":[{"@type":"WebPage","@id":"https:\/\/wavegarden.com\/fr\/wave-menu\/46-modules\/","url":"https:\/\/wavegarden.com\/fr\/wave-menu\/46-modules\/","name":"| 46 Module machine \u00e0 vagues","isPartOf":{"@id":"https:\/\/wavegarden.com\/de\/#website"},"primaryImageOfPage":{"@id":"https:\/\/wavegarden.com\/fr\/wave-menu\/46-modules\/#primaryimage"},"image":{"@id":"https:\/\/wavegarden.com\/fr\/wave-menu\/46-modules\/#primaryimage"},"thumbnailUrl":"https:\/\/wavegarden.com\/wp-content\/uploads\/2022\/05\/46-modulos-Alaia-Bay.jpg","datePublished":"2022-05-24T10:20:48+00:00","dateModified":"2025-10-15T11:37:51+00:00","description":"D\u00e9couvrez le g\u00e9n\u00e9rateur de vagues \u00e0 46 modules con\u00e7u pour cr\u00e9er plus de 20 types de vagues dans des sites plus petits comme URBNSURF (Australie) ou Ala\u00efa Bay.","breadcrumb":{"@id":"https:\/\/wavegarden.com\/fr\/wave-menu\/46-modules\/#breadcrumb"},"inLanguage":"fr-FR","potentialAction":[{"@type":"ReadAction","target":["https:\/\/wavegarden.com\/fr\/wave-menu\/46-modules\/"]}]},{"@type":"ImageObject","inLanguage":"fr-FR","@id":"https:\/\/wavegarden.com\/fr\/wave-menu\/46-modules\/#primaryimage","url":"https:\/\/wavegarden.com\/wp-content\/uploads\/2022\/05\/46-modulos-Alaia-Bay.jpg","contentUrl":"https:\/\/wavegarden.com\/wp-content\/uploads\/2022\/05\/46-modulos-Alaia-Bay.jpg","width":2000,"height":1126},{"@type":"BreadcrumbList","@id":"https:\/\/wavegarden.com\/fr\/wave-menu\/46-modules\/#breadcrumb","itemListElement":[{"@type":"ListItem","position":1,"name":"Home","item":"https:\/\/wavegarden.com\/fr\/new-home\/"},{"@type":"ListItem","position":2,"name":"Wave menu","item":"https:\/\/wavegarden.com\/fr\/wave-menu\/"},{"@type":"ListItem","position":3,"name":"46 Modules"}]},{"@type":"WebSite","@id":"https:\/\/wavegarden.com\/de\/#website","url":"https:\/\/wavegarden.com\/de\/","name":"Wavegarden","description":"","publisher":{"@id":"https:\/\/wavegarden.com\/de\/#organization"},"potentialAction":[{"@type":"SearchAction","target":{"@type":"EntryPoint","urlTemplate":"https:\/\/wavegarden.com\/de\/?s={search_term_string}"},"query-input":{"@type":"PropertyValueSpecification","valueRequired":true,"valueName":"search_term_string"}}],"inLanguage":"fr-FR"},{"@type":"Organization","@id":"https:\/\/wavegarden.com\/de\/#organization","name":"Wavegarden","alternateName":"Wavegarden","url":"https:\/\/wavegarden.com\/de\/","logo":{"@type":"ImageObject","inLanguage":"fr-FR","@id":"https:\/\/wavegarden.com\/de\/#\/schema\/logo\/image\/","url":"https:\/\/wavegarden.com\/wp-content\/uploads\/2024\/06\/logo-wavegarden.png","contentUrl":"https:\/\/wavegarden.com\/wp-content\/uploads\/2024\/06\/logo-wavegarden.png","width":692,"height":292,"caption":"Wavegarden"},"image":{"@id":"https:\/\/wavegarden.com\/de\/#\/schema\/logo\/image\/"},"sameAs":["http:\/\/www.facebook.com\/Wavegarden","https:\/\/x.com\/wavegarden","https:\/\/www.instagram.com\/wavegarden_official\/","https:\/\/www.linkedin.com\/company\/wavegarden\/","https:\/\/www.youtube.com\/@WavegardenOfficial"]}]}},"_links":{"self":[{"href":"https:\/\/wavegarden.com\/fr\/wp-json\/wp\/v2\/pages\/8004","targetHints":{"allow":["GET"]}}],"collection":[{"href":"https:\/\/wavegarden.com\/fr\/wp-json\/wp\/v2\/pages"}],"about":[{"href":"https:\/\/wavegarden.com\/fr\/wp-json\/wp\/v2\/types\/page"}],"author":[{"embeddable":true,"href":"https:\/\/wavegarden.com\/fr\/wp-json\/wp\/v2\/users\/4"}],"replies":[{"embeddable":true,"href":"https:\/\/wavegarden.com\/fr\/wp-json\/wp\/v2\/comments?post=8004"}],"version-history":[{"count":28,"href":"https:\/\/wavegarden.com\/fr\/wp-json\/wp\/v2\/pages\/8004\/revisions"}],"predecessor-version":[{"id":44652,"href":"https:\/\/wavegarden.com\/fr\/wp-json\/wp\/v2\/pages\/8004\/revisions\/44652"}],"up":[{"embeddable":true,"href":"https:\/\/wavegarden.com\/fr\/wp-json\/wp\/v2\/pages\/7868"}],"wp:featuredmedia":[{"embeddable":true,"href":"https:\/\/wavegarden.com\/fr\/wp-json\/wp\/v2\/media\/7910"}],"wp:attachment":[{"href":"https:\/\/wavegarden.com\/fr\/wp-json\/wp\/v2\/media?parent=8004"}],"curies":[{"name":"wp","href":"https:\/\/api.w.org\/{rel}","templated":true}]}}