{"id":7972,"date":"2022-05-24T11:47:52","date_gmt":"2022-05-24T09:47:52","guid":{"rendered":"https:\/\/wavegarden.com\/56-modules\/"},"modified":"2025-10-15T13:49:26","modified_gmt":"2025-10-15T11:49:26","slug":"56-modules","status":"publish","type":"page","link":"https:\/\/wavegarden.com\/fr\/wave-menu\/56-modules\/","title":{"rendered":"56 Modules"},"content":{"rendered":"\n<h2 class=\"wp-block-heading has-text-align-center\">Les vagues les plus longues, la plus grande vari\u00e9t\u00e9<\/h2>\n\n<p class=\"has-text-align-center\">Le Wavegarden Cove en Cor\u00e9e du Sud est compos\u00e9 d\u2019une machine de cinquante six modules. La qualit\u00e9 et la vari\u00e9t\u00e9 des vagues propos\u00e9es ont acquis une reconnaissance mondiale.<\/p>\n\n<p class=\"has-text-align-center\"><strong>S\u00e9lectionnez une cat\u00e9gorie de vague et revoir les vid\u00e9os et les sp\u00e9cifications.<\/strong><\/p>\n\n<p class=\"has-text-align-center\">Plus de 20 vagues diff\u00e9rentes id\u00e9ales pour tous : d\u00e9butants, interm\u00e9diaires et pros<\/p>\n<section class=\"wave-type\">\n    <ul>\n        <li><p><a href=\"https:\/\/wavegarden.com\/fr\/wave-menu\/56-the-bays\/\">                                        <video poster=\"https:\/\/wavegarden.com\/wp-content\/uploads\/2021\/12\/iconos-olas-7_1-the-bays-copia-2.png\" src=\"https:\/\/wavegarden.com\/wp-content\/uploads\/2022\/06\/thebays-04.mp4\" onmouseenter=\"this.play();this.loop=1;\" onmouseleave=\"this.loop=0;\" onended=\"this.load();\" muted=\"muted\" playsinline><span class=\"video-border\"><\/span><\/video>\n                                    <span>The Bays<\/span><\/a><\/p><\/li><li><p><a href=\"https:\/\/wavegarden.com\/fr\/wave-menu\/56-waikiki-1\/\">                                        <video poster=\"https:\/\/wavegarden.com\/wp-content\/uploads\/2021\/12\/iconos-olas-7_2-Waikiki-copia-1.png\" src=\"https:\/\/wavegarden.com\/wp-content\/uploads\/2022\/05\/waikiki-03.mp4\" onmouseenter=\"this.play();this.loop=1;\" onmouseleave=\"this.loop=0;\" onended=\"this.load();\" muted=\"muted\" playsinline><span class=\"video-border\"><\/span><\/video>\n                                    <span>Waikikis<\/span><\/a><\/p><\/li><li><p><a href=\"https:\/\/wavegarden.com\/fr\/wave-menu\/56-malibu-1\/\">                                        <video poster=\"https:\/\/wavegarden.com\/wp-content\/uploads\/2021\/12\/iconos-olas-7_3-Malibu-copia.png\" src=\"https:\/\/wavegarden.com\/wp-content\/uploads\/2022\/06\/malibu-04.mp4\" onmouseenter=\"this.play();this.loop=1;\" onmouseleave=\"this.loop=0;\" onended=\"this.load();\" muted=\"muted\" playsinline><span class=\"video-border\"><\/span><\/video>\n                                    <span>Malibus<\/span><\/a><\/p><\/li><li><p><a href=\"https:\/\/wavegarden.com\/fr\/wave-menu\/56-turns-1\/\">                                        <video poster=\"https:\/\/wavegarden.com\/wp-content\/uploads\/2021\/12\/iconos-olas-7_4-turns-copia.png\" src=\"https:\/\/wavegarden.com\/wp-content\/uploads\/2022\/05\/turns-03.mp4\" onmouseenter=\"this.play();this.loop=1;\" onmouseleave=\"this.loop=0;\" onended=\"this.load();\" muted=\"muted\" playsinline><span class=\"video-border\"><\/span><\/video>\n                                    <span>Turns<\/span><\/a><\/p><\/li><li><p><a href=\"https:\/\/wavegarden.com\/fr\/wave-menu\/56-barrel-1\/\">                                        <video poster=\"https:\/\/wavegarden.com\/wp-content\/uploads\/2021\/12\/iconos-olas-7_5-Barrel-copia.png\" src=\"https:\/\/wavegarden.com\/wp-content\/uploads\/2022\/05\/barrel-03.mp4\" onmouseenter=\"this.play();this.loop=1;\" onmouseleave=\"this.loop=0;\" onended=\"this.load();\" muted=\"muted\" playsinline><span class=\"video-border\"><\/span><\/video>\n                                    <span>Barrels<\/span><\/a><\/p><\/li><li><p><a href=\"https:\/\/wavegarden.com\/fr\/wave-menu\/56-beginner-air\/\">                                        <video poster=\"https:\/\/wavegarden.com\/wp-content\/uploads\/2021\/12\/iconos-olas-7_6-AirWave-copia-2.png\" src=\"https:\/\/wavegarden.com\/wp-content\/uploads\/2022\/05\/air-wave-03.mp4\" onmouseenter=\"this.play();this.loop=1;\" onmouseleave=\"this.loop=0;\" onended=\"this.load();\" muted=\"muted\" playsinline><span class=\"video-border\"><\/span><\/video>\n                                    <span>Air Waves<\/span><\/a><\/p><\/li>    <\/ul>\n<\/section>\n<h2 class=\"wp-block-heading has-text-align-center\">AVANTAGES<\/h2>\n\n<div class=\"wp-block-columns are-vertically-aligned-top is-layout-flex wp-container-core-columns-is-layout-9d6595d7 wp-block-columns-is-layout-flex\">\n<div class=\"wp-block-column is-vertically-aligned-top is-layout-flow wp-block-column-is-layout-flow\"><div class=\"wp-block-image\">\n<figure class=\"aligncenter size-full\"><img decoding=\"async\" width=\"54\" height=\"54\" src=\"https:\/\/wavegarden.com\/wp-content\/uploads\/2022\/06\/iconos-ventajas_Mesa-de-trabajo-1.png\" alt=\"\" class=\"wp-image-8836\"\/><\/figure>\n<\/div>\n\n\n<div style=\"height:20px\" aria-hidden=\"true\" class=\"wp-block-spacer\"><\/div>\n\n\n\n<p class=\"has-text-align-center\">Les plus longs temps de glisse et une exp\u00e9rience de surf haut de gamme.<\/p>\n<\/div>\n\n\n\n<div class=\"wp-block-column is-vertically-aligned-top is-layout-flow wp-block-column-is-layout-flow\"><div class=\"wp-block-image\">\n<figure class=\"aligncenter size-full\"><img decoding=\"async\" width=\"54\" height=\"54\" src=\"https:\/\/wavegarden.com\/wp-content\/uploads\/2022\/06\/iconos-ventajas_Mesa-de-trabajo-1.png\" alt=\"\" class=\"wp-image-8836\"\/><\/figure>\n<\/div>\n\n\n<div style=\"height:20px\" aria-hidden=\"true\" class=\"wp-block-spacer\"><\/div>\n\n\n\n<p class=\"has-text-align-center\">Menu de vagues complet avec tout type de vague disponible.<\/p>\n<\/div>\n\n\n\n<div class=\"wp-block-column is-vertically-aligned-top is-layout-flow wp-block-column-is-layout-flow\"><div class=\"wp-block-image\">\n<figure class=\"aligncenter size-full\"><img decoding=\"async\" width=\"54\" height=\"54\" src=\"https:\/\/wavegarden.com\/wp-content\/uploads\/2022\/06\/iconos-ventajas_Mesa-de-trabajo-1.png\" alt=\"\" class=\"wp-image-8836\"\/><\/figure>\n<\/div>\n\n\n<div style=\"height:20px\" aria-hidden=\"true\" class=\"wp-block-spacer\"><\/div>\n\n\n\n<p class=\"has-text-align-center\">Exceptionnel pour tous les types de comp\u00e9titions et \u00e9v\u00e9nements jusqu\u2019au plus haut niveau.<\/p>\n<\/div>\n<\/div>\n","protected":false},"excerpt":{"rendered":"<p>Les vagues les plus longues, la plus grande vari\u00e9t\u00e9 Le Wavegarden Cove en Cor\u00e9e du Sud est compos\u00e9 d\u2019une machine de cinquante six modules. La qualit\u00e9 et la vari\u00e9t\u00e9 des vagues propos\u00e9es ont acquis une reconnaissance mondiale. S\u00e9lectionnez une cat\u00e9gorie de vague et revoir les vid\u00e9os et les sp\u00e9cifications. Plus de 20 vagues diff\u00e9rentes id\u00e9ales [&hellip;]<\/p>\n","protected":false},"author":4,"featured_media":14927,"parent":7868,"menu_order":0,"comment_status":"closed","ping_status":"closed","template":"pages\/modules.php","meta":{"_acf_changed":false,"footnotes":""},"class_list":["post-7972","page","type-page","status-publish","has-post-thumbnail","hentry"],"acf":[],"yoast_head":"<!-- This site is optimized with the Yoast SEO plugin v27.2 - https:\/\/yoast.com\/product\/yoast-seo-wordpress\/ -->\n<title>| 56 Module machine \u00e0 vagues<\/title>\n<meta name=\"description\" content=\"Le Wavegarden Cove, compos\u00e9 de 56 modules, g\u00e9n\u00e8re les vagues les plus longues et de la meilleure qualit\u00e9. D\u00e9couvrez comment le Wave Park en Cor\u00e9e du Sud offre la meilleure exp\u00e9rience de surf pour tous les niveaux.\" \/>\n<meta name=\"robots\" content=\"index, follow, max-snippet:-1, max-image-preview:large, max-video-preview:-1\" \/>\n<link rel=\"canonical\" href=\"https:\/\/wavegarden.com\/fr\/wave-menu\/56-modules\/\" \/>\n<meta property=\"og:locale\" content=\"fr_FR\" \/>\n<meta property=\"og:type\" content=\"article\" \/>\n<meta property=\"og:title\" content=\"| 56 Module machine \u00e0 vagues\" \/>\n<meta property=\"og:description\" content=\"Le Wavegarden Cove, compos\u00e9 de 56 modules, g\u00e9n\u00e8re les vagues les plus longues et de la meilleure qualit\u00e9. D\u00e9couvrez comment le Wave Park en Cor\u00e9e du Sud offre la meilleure exp\u00e9rience de surf pour tous les niveaux.\" \/>\n<meta property=\"og:url\" content=\"https:\/\/wavegarden.com\/fr\/wave-menu\/56-modules\/\" \/>\n<meta property=\"og:site_name\" content=\"Wavegarden\" \/>\n<meta property=\"article:publisher\" content=\"http:\/\/www.facebook.com\/Wavegarden\" \/>\n<meta property=\"article:modified_time\" content=\"2025-10-15T11:49:26+00:00\" \/>\n<meta property=\"og:image\" content=\"https:\/\/wavegarden.com\/wp-content\/uploads\/2022\/10\/surf2-scaled.jpg\" \/>\n\t<meta property=\"og:image:width\" content=\"2560\" \/>\n\t<meta property=\"og:image:height\" content=\"1440\" \/>\n\t<meta property=\"og:image:type\" content=\"image\/jpeg\" \/>\n<meta name=\"twitter:card\" content=\"summary_large_image\" \/>\n<meta name=\"twitter:site\" content=\"@wavegarden\" \/>\n<meta name=\"twitter:label1\" content=\"Dur\u00e9e de lecture estim\u00e9e\" \/>\n\t<meta name=\"twitter:data1\" content=\"1 minute\" \/>\n<script type=\"application\/ld+json\" class=\"yoast-schema-graph\">{\"@context\":\"https:\/\/schema.org\",\"@graph\":[{\"@type\":\"WebPage\",\"@id\":\"https:\/\/wavegarden.com\/fr\/wave-menu\/56-modules\/\",\"url\":\"https:\/\/wavegarden.com\/fr\/wave-menu\/56-modules\/\",\"name\":\"| 56 Module machine \u00e0 vagues\",\"isPartOf\":{\"@id\":\"https:\/\/wavegarden.com\/de\/#website\"},\"primaryImageOfPage\":{\"@id\":\"https:\/\/wavegarden.com\/fr\/wave-menu\/56-modules\/#primaryimage\"},\"image\":{\"@id\":\"https:\/\/wavegarden.com\/fr\/wave-menu\/56-modules\/#primaryimage\"},\"thumbnailUrl\":\"https:\/\/wavegarden.com\/wp-content\/uploads\/2022\/10\/surf2-scaled.jpg\",\"datePublished\":\"2022-05-24T09:47:52+00:00\",\"dateModified\":\"2025-10-15T11:49:26+00:00\",\"description\":\"Le Wavegarden Cove, compos\u00e9 de 56 modules, g\u00e9n\u00e8re les vagues les plus longues et de la meilleure qualit\u00e9. D\u00e9couvrez comment le Wave Park en Cor\u00e9e du Sud offre la meilleure exp\u00e9rience de surf pour tous les niveaux.\",\"breadcrumb\":{\"@id\":\"https:\/\/wavegarden.com\/fr\/wave-menu\/56-modules\/#breadcrumb\"},\"inLanguage\":\"fr-FR\",\"potentialAction\":[{\"@type\":\"ReadAction\",\"target\":[\"https:\/\/wavegarden.com\/fr\/wave-menu\/56-modules\/\"]}]},{\"@type\":\"ImageObject\",\"inLanguage\":\"fr-FR\",\"@id\":\"https:\/\/wavegarden.com\/fr\/wave-menu\/56-modules\/#primaryimage\",\"url\":\"https:\/\/wavegarden.com\/wp-content\/uploads\/2022\/10\/surf2-scaled.jpg\",\"contentUrl\":\"https:\/\/wavegarden.com\/wp-content\/uploads\/2022\/10\/surf2-scaled.jpg\",\"width\":2560,\"height\":1440},{\"@type\":\"BreadcrumbList\",\"@id\":\"https:\/\/wavegarden.com\/fr\/wave-menu\/56-modules\/#breadcrumb\",\"itemListElement\":[{\"@type\":\"ListItem\",\"position\":1,\"name\":\"Home\",\"item\":\"https:\/\/wavegarden.com\/fr\/new-home\/\"},{\"@type\":\"ListItem\",\"position\":2,\"name\":\"Wave menu\",\"item\":\"https:\/\/wavegarden.com\/fr\/wave-menu\/\"},{\"@type\":\"ListItem\",\"position\":3,\"name\":\"56 Modules\"}]},{\"@type\":\"WebSite\",\"@id\":\"https:\/\/wavegarden.com\/de\/#website\",\"url\":\"https:\/\/wavegarden.com\/de\/\",\"name\":\"Wavegarden\",\"description\":\"\",\"publisher\":{\"@id\":\"https:\/\/wavegarden.com\/de\/#organization\"},\"potentialAction\":[{\"@type\":\"SearchAction\",\"target\":{\"@type\":\"EntryPoint\",\"urlTemplate\":\"https:\/\/wavegarden.com\/de\/?s={search_term_string}\"},\"query-input\":{\"@type\":\"PropertyValueSpecification\",\"valueRequired\":true,\"valueName\":\"search_term_string\"}}],\"inLanguage\":\"fr-FR\"},{\"@type\":\"Organization\",\"@id\":\"https:\/\/wavegarden.com\/de\/#organization\",\"name\":\"Wavegarden\",\"alternateName\":\"Wavegarden\",\"url\":\"https:\/\/wavegarden.com\/de\/\",\"logo\":{\"@type\":\"ImageObject\",\"inLanguage\":\"fr-FR\",\"@id\":\"https:\/\/wavegarden.com\/de\/#\/schema\/logo\/image\/\",\"url\":\"https:\/\/wavegarden.com\/wp-content\/uploads\/2024\/06\/logo-wavegarden.png\",\"contentUrl\":\"https:\/\/wavegarden.com\/wp-content\/uploads\/2024\/06\/logo-wavegarden.png\",\"width\":692,\"height\":292,\"caption\":\"Wavegarden\"},\"image\":{\"@id\":\"https:\/\/wavegarden.com\/de\/#\/schema\/logo\/image\/\"},\"sameAs\":[\"http:\/\/www.facebook.com\/Wavegarden\",\"https:\/\/x.com\/wavegarden\",\"https:\/\/www.instagram.com\/wavegarden_official\/\",\"https:\/\/www.linkedin.com\/company\/wavegarden\/\",\"https:\/\/www.youtube.com\/@WavegardenOfficial\"]}]}<\/script>\n<!-- \/ Yoast SEO plugin. -->","yoast_head_json":{"title":"| 56 Module machine \u00e0 vagues","description":"Le Wavegarden Cove, compos\u00e9 de 56 modules, g\u00e9n\u00e8re les vagues les plus longues et de la meilleure qualit\u00e9. D\u00e9couvrez comment le Wave Park en Cor\u00e9e du Sud offre la meilleure exp\u00e9rience de surf pour tous les niveaux.","robots":{"index":"index","follow":"follow","max-snippet":"max-snippet:-1","max-image-preview":"max-image-preview:large","max-video-preview":"max-video-preview:-1"},"canonical":"https:\/\/wavegarden.com\/fr\/wave-menu\/56-modules\/","og_locale":"fr_FR","og_type":"article","og_title":"| 56 Module machine \u00e0 vagues","og_description":"Le Wavegarden Cove, compos\u00e9 de 56 modules, g\u00e9n\u00e8re les vagues les plus longues et de la meilleure qualit\u00e9. D\u00e9couvrez comment le Wave Park en Cor\u00e9e du Sud offre la meilleure exp\u00e9rience de surf pour tous les niveaux.","og_url":"https:\/\/wavegarden.com\/fr\/wave-menu\/56-modules\/","og_site_name":"Wavegarden","article_publisher":"http:\/\/www.facebook.com\/Wavegarden","article_modified_time":"2025-10-15T11:49:26+00:00","og_image":[{"width":2560,"height":1440,"url":"https:\/\/wavegarden.com\/wp-content\/uploads\/2022\/10\/surf2-scaled.jpg","type":"image\/jpeg"}],"twitter_card":"summary_large_image","twitter_site":"@wavegarden","twitter_misc":{"Dur\u00e9e de lecture estim\u00e9e":"1 minute"},"schema":{"@context":"https:\/\/schema.org","@graph":[{"@type":"WebPage","@id":"https:\/\/wavegarden.com\/fr\/wave-menu\/56-modules\/","url":"https:\/\/wavegarden.com\/fr\/wave-menu\/56-modules\/","name":"| 56 Module machine \u00e0 vagues","isPartOf":{"@id":"https:\/\/wavegarden.com\/de\/#website"},"primaryImageOfPage":{"@id":"https:\/\/wavegarden.com\/fr\/wave-menu\/56-modules\/#primaryimage"},"image":{"@id":"https:\/\/wavegarden.com\/fr\/wave-menu\/56-modules\/#primaryimage"},"thumbnailUrl":"https:\/\/wavegarden.com\/wp-content\/uploads\/2022\/10\/surf2-scaled.jpg","datePublished":"2022-05-24T09:47:52+00:00","dateModified":"2025-10-15T11:49:26+00:00","description":"Le Wavegarden Cove, compos\u00e9 de 56 modules, g\u00e9n\u00e8re les vagues les plus longues et de la meilleure qualit\u00e9. D\u00e9couvrez comment le Wave Park en Cor\u00e9e du Sud offre la meilleure exp\u00e9rience de surf pour tous les niveaux.","breadcrumb":{"@id":"https:\/\/wavegarden.com\/fr\/wave-menu\/56-modules\/#breadcrumb"},"inLanguage":"fr-FR","potentialAction":[{"@type":"ReadAction","target":["https:\/\/wavegarden.com\/fr\/wave-menu\/56-modules\/"]}]},{"@type":"ImageObject","inLanguage":"fr-FR","@id":"https:\/\/wavegarden.com\/fr\/wave-menu\/56-modules\/#primaryimage","url":"https:\/\/wavegarden.com\/wp-content\/uploads\/2022\/10\/surf2-scaled.jpg","contentUrl":"https:\/\/wavegarden.com\/wp-content\/uploads\/2022\/10\/surf2-scaled.jpg","width":2560,"height":1440},{"@type":"BreadcrumbList","@id":"https:\/\/wavegarden.com\/fr\/wave-menu\/56-modules\/#breadcrumb","itemListElement":[{"@type":"ListItem","position":1,"name":"Home","item":"https:\/\/wavegarden.com\/fr\/new-home\/"},{"@type":"ListItem","position":2,"name":"Wave menu","item":"https:\/\/wavegarden.com\/fr\/wave-menu\/"},{"@type":"ListItem","position":3,"name":"56 Modules"}]},{"@type":"WebSite","@id":"https:\/\/wavegarden.com\/de\/#website","url":"https:\/\/wavegarden.com\/de\/","name":"Wavegarden","description":"","publisher":{"@id":"https:\/\/wavegarden.com\/de\/#organization"},"potentialAction":[{"@type":"SearchAction","target":{"@type":"EntryPoint","urlTemplate":"https:\/\/wavegarden.com\/de\/?s={search_term_string}"},"query-input":{"@type":"PropertyValueSpecification","valueRequired":true,"valueName":"search_term_string"}}],"inLanguage":"fr-FR"},{"@type":"Organization","@id":"https:\/\/wavegarden.com\/de\/#organization","name":"Wavegarden","alternateName":"Wavegarden","url":"https:\/\/wavegarden.com\/de\/","logo":{"@type":"ImageObject","inLanguage":"fr-FR","@id":"https:\/\/wavegarden.com\/de\/#\/schema\/logo\/image\/","url":"https:\/\/wavegarden.com\/wp-content\/uploads\/2024\/06\/logo-wavegarden.png","contentUrl":"https:\/\/wavegarden.com\/wp-content\/uploads\/2024\/06\/logo-wavegarden.png","width":692,"height":292,"caption":"Wavegarden"},"image":{"@id":"https:\/\/wavegarden.com\/de\/#\/schema\/logo\/image\/"},"sameAs":["http:\/\/www.facebook.com\/Wavegarden","https:\/\/x.com\/wavegarden","https:\/\/www.instagram.com\/wavegarden_official\/","https:\/\/www.linkedin.com\/company\/wavegarden\/","https:\/\/www.youtube.com\/@WavegardenOfficial"]}]}},"_links":{"self":[{"href":"https:\/\/wavegarden.com\/fr\/wp-json\/wp\/v2\/pages\/7972","targetHints":{"allow":["GET"]}}],"collection":[{"href":"https:\/\/wavegarden.com\/fr\/wp-json\/wp\/v2\/pages"}],"about":[{"href":"https:\/\/wavegarden.com\/fr\/wp-json\/wp\/v2\/types\/page"}],"author":[{"embeddable":true,"href":"https:\/\/wavegarden.com\/fr\/wp-json\/wp\/v2\/users\/4"}],"replies":[{"embeddable":true,"href":"https:\/\/wavegarden.com\/fr\/wp-json\/wp\/v2\/comments?post=7972"}],"version-history":[{"count":31,"href":"https:\/\/wavegarden.com\/fr\/wp-json\/wp\/v2\/pages\/7972\/revisions"}],"predecessor-version":[{"id":44657,"href":"https:\/\/wavegarden.com\/fr\/wp-json\/wp\/v2\/pages\/7972\/revisions\/44657"}],"up":[{"embeddable":true,"href":"https:\/\/wavegarden.com\/fr\/wp-json\/wp\/v2\/pages\/7868"}],"wp:featuredmedia":[{"embeddable":true,"href":"https:\/\/wavegarden.com\/fr\/wp-json\/wp\/v2\/media\/14927"}],"wp:attachment":[{"href":"https:\/\/wavegarden.com\/fr\/wp-json\/wp\/v2\/media?parent=7972"}],"curies":[{"name":"wp","href":"https:\/\/api.w.org\/{rel}","templated":true}]}}