{"id":18047,"date":"2023-06-02T11:23:10","date_gmt":"2023-06-02T09:23:10","guid":{"rendered":"https:\/\/wavegarden.com\/?page_id=18047"},"modified":"2024-01-15T12:56:24","modified_gmt":"2024-01-15T11:56:24","slug":"systeme","status":"publish","type":"page","link":"https:\/\/wavegarden.com\/fr\/wavegarden-cove\/systeme\/","title":{"rendered":"Liner"},"content":{"rendered":"\n<h2 class=\"wp-block-heading has-text-align-center\"><strong>Solution d&rsquo;imperm\u00e9abilisation <em>des fonds de lagune<\/em><\/strong><\/h2>\n\n<p class=\"has-text-align-center\">Notre solution de g\u00e9omembrane a \u00e9t\u00e9 test\u00e9e depuis 2011 dans les installations de R&amp;D de Wavegarden et a \u00e9galement prouv\u00e9 son efficacit\u00e9 dans les installations commerciales de Wavegarden, telles que <a href=\"https:\/\/wavegarden.com\/fr\/facilities\/praia-da-grama\/\">Praia da Grama<\/a>. Les ing\u00e9nieurs de Wavegarden ont pass\u00e9 plus d&rsquo;une d\u00e9cennie \u00e0 rechercher les solutions les plus robustes, efficaces et \u00e9conomiquement viables pour nos lagons.<\/p>\n\n<p class=\"has-text-align-center\">Nous pouvons concevoir des solutions sur mesure pour des projets pr\u00e9sentant des probl\u00e8mes sp\u00e9cifiques qui emp\u00eacheraient l&rsquo;installation de la g\u00e9omembrane. Toutes les solutions alternatives ont \u00e9t\u00e9 test\u00e9es dans notre centre de R&amp;D ou sur nos sites commerciaux.<\/p>\n\n<figure class=\"wp-block-embed is-type-video is-provider-youtube wp-block-embed-youtube wp-embed-aspect-16-9 wp-has-aspect-ratio\"><div class=\"wp-block-embed__wrapper\">\r\n<div class=\"videoWrapper\"><iframe title=\"Wavegarden&#039;s Exclusive Liner System\" width=\"500\" height=\"281\" src=\"https:\/\/www.youtube.com\/embed\/h53emcNpKKQ?feature=oembed\" frameborder=\"0\" allow=\"accelerometer; autoplay; clipboard-write; encrypted-media; gyroscope; picture-in-picture; web-share\" referrerpolicy=\"strict-origin-when-cross-origin\" allowfullscreen><\/iframe><\/div>\r\n<\/div><\/figure>\r\n\n<div style=\"height:44px\" aria-hidden=\"true\" class=\"wp-block-spacer\"><\/div>\n\n<blockquote class=\"wp-block-quote has-text-align-center is-layout-flow wp-block-quote-is-layout-flow\">\n<p style=\"font-size:25px\">\u00ab\u00a0Le g\u00e9nie civil et l&rsquo;\u00e9tanch\u00e9it\u00e9 des lagunes ont toujours \u00e9t\u00e9 un casse-t\u00eate dans notre secteur. En effet, l&rsquo;imperm\u00e9abilisation d&rsquo;un plan d&rsquo;eau avec des vagues repr\u00e9sente un d\u00e9fi technologique infiniment plus grand que pour un plan d&rsquo;eau calme. Apr\u00e8s tant d&rsquo;ann\u00e9es de travail dans les parcs de surf, nous pouvons affirmer qu&rsquo;il s&rsquo;agit d&rsquo;un probl\u00e8me pour lequel nous disposons d&rsquo;une solution \u00e9prouv\u00e9e et efficace.\u00a0\u00bb<\/p>\n<cite><strong>Josema Odriozola, Fondateur et PDG de Wavegarden<\/strong><\/cite><\/blockquote>\n\n<div style=\"height:20px\" aria-hidden=\"true\" class=\"wp-block-spacer\"><\/div>\n\n<h2 class=\"wp-block-heading has-text-align-center\">AVANTAGES <\/h2>\n\n<div style=\"height:20px\" aria-hidden=\"true\" class=\"wp-block-spacer\"><\/div>\n\n<ul class=\"fancy-list aligncenter wp-block-list\">\n<li>Facile \u00e0 entretenir avec des co\u00fbts d&rsquo;exploitation minimes.<\/li>\n\n\n\n<li>La g\u00e9omembrane est la surface la plus facile \u00e0 nettoyer et totalement r\u00e9sistante aux algues et \u00e0 tout autre type de biofilm. <\/li>\n\n\n\n<li>Empreinte carbone inf\u00e9rieure \u00e0 celle du b\u00e9ton pour la fabrication, la livraison et l&rsquo;installation.<\/li>\n\n\n\n<li>Il permet d\u2019int\u00e9grer une couche de coussin absorbant l&rsquo;impact des surfeurs sur le sol.<\/li>\n\n\n\n<li>Une dur\u00e9e de vie naturelle de plus de 20 ans, avec un potentiel de nombreuses ann\u00e9es suppl\u00e9mentaires en fonction des performances de nos installations mais aussi des tests m\u00e9caniques et chimiques effectu\u00e9s en laboratoire.&#13;\n<\/li>\n\n\n\n<li>Syst\u00e8me sur mesure con\u00e7u par Wavegarden pour les lagons de surf.<\/li>\n\n\n\n<li>Most reliable civil works on the market with lagoon availability of 99.9%.<\/li>\n\n\n\n<li>Notre syst\u00e8me est celui qui s&rsquo;adapte le mieux aux implantations, ce qui en fait la meilleure solution sur le march\u00e9 pour pr\u00e9venir efficacement les fuites \u00e0 long terme.<\/li>\n\n\n\n<li>En moyenne, 40 % moins cher qu&rsquo;un sol en b\u00e9ton nu ou en acier.<\/li>\n\n\n\n<li>Temps d&rsquo;installation jusqu&rsquo;\u00e0 60% plus rapide qu&rsquo;une bathym\u00e9trie enti\u00e8rement en b\u00e9ton. <\/li>\n\n\n\n<li>Facilement adaptable \u00e0 toute mise \u00e0 jour future du contour et de la bathym\u00e9trie.<\/li>\n\n\n\n<li>Comprend un syst\u00e8me exclusif de d\u00e9tection des fuites.<\/li>\n\n\n\n<li>Le profil encastr\u00e9 sur mesure \u00e9limine le besoin d&rsquo;attaches m\u00e9caniques, garantissant un ancrage simple, s\u00fbr et durable.<\/li>\n<\/ul>\n  <!-- full img -->\n  <div href=\"\/testimonials\" id=\"section-block_b3d829fe9b3aa621b76b992f325afc37\" class=\"full-img--linked alignfull\">\n      <figure class=\"full-img full-img--quote\">\n          \n\n<figure class=\"wp-block-image alignfull size-large\"><img decoding=\"async\" width=\"1024\" height=\"576\" src=\"https:\/\/wavegarden.com\/wp-content\/uploads\/2023\/05\/Praia-da-Grama-views-from-the-beach-copia-edited-1-1024x576.jpg\" alt=\"\" class=\"wp-image-17805\" srcset=\"https:\/\/wavegarden.com\/wp-content\/uploads\/2023\/05\/Praia-da-Grama-views-from-the-beach-copia-edited-1-1024x576.jpg 1024w, https:\/\/wavegarden.com\/wp-content\/uploads\/2023\/05\/Praia-da-Grama-views-from-the-beach-copia-edited-1-300x169.jpg 300w, https:\/\/wavegarden.com\/wp-content\/uploads\/2023\/05\/Praia-da-Grama-views-from-the-beach-copia-edited-1-768x432.jpg 768w, https:\/\/wavegarden.com\/wp-content\/uploads\/2023\/05\/Praia-da-Grama-views-from-the-beach-copia-edited-1-1536x864.jpg 1536w\" sizes=\"(max-width: 1024px) 100vw, 1024px\" \/><\/figure>\n\n\n\n<blockquote class=\"wp-block-quote testimonials__item__quote is-layout-flow wp-block-quote-is-layout-flow\">\n<p>Nous nous sommes naturellement orient\u00e9s vers Wavegarden pour l&rsquo;imperm\u00e9abilisation du lagon et notre pari s\u2019est av\u00e9r\u00e9 \u00eatre gagnant. Leur solution est compl\u00e8te, pratique et esth\u00e9tique.<\/p>\n<cite><strong>Oscar Segall, Fondateur de Praia da Grama et PDG de KSM Realty<\/strong>.<\/cite><\/blockquote>\n\n\n      <\/figure>\n  <\/div>\n\n<style>\n  .alignfull .full-img--quote {\n    max-width: 100%;\n  }\n.full-img.full-img--quote {\n  width: 100%;\n}\n.full-img.full-img--quote .wp-block-image {\n  height: 100%;\n}\n.full-img.full-img--quote cite {\n  font-size: .85rem;\n  font-weight: 400;\n  font-style: italic;\n}\n.wp-admin .full-img.full-img--quote cite {\n  color: black;\n}\n\n.full-img--linked.without-hover-animation blockquote {\n  opacity: 1;\n}\n\n@media (min-width: 64em){\n  .full-img--quote blockquote cite {\n    color: #fff;\n  }\n}\n<\/style>","protected":false},"excerpt":{"rendered":"<p>Solution d&rsquo;imperm\u00e9abilisation des fonds de lagune Notre solution de g\u00e9omembrane a \u00e9t\u00e9 test\u00e9e depuis 2011 dans les installations de R&amp;D de Wavegarden et a \u00e9galement prouv\u00e9 son efficacit\u00e9 dans les installations commerciales de Wavegarden, telles que Praia da Grama. Les ing\u00e9nieurs de Wavegarden ont pass\u00e9 plus d&rsquo;une d\u00e9cennie \u00e0 rechercher les solutions les plus robustes, [&hellip;]<\/p>\n","protected":false},"author":5,"featured_media":15444,"parent":14162,"menu_order":0,"comment_status":"closed","ping_status":"closed","template":"pages\/cove.php","meta":{"_acf_changed":false,"footnotes":""},"class_list":["post-18047","page","type-page","status-publish","has-post-thumbnail","hentry"],"acf":[],"yoast_head":"<!-- This site is optimized with the Yoast SEO plugin v27.2 - https:\/\/yoast.com\/product\/yoast-seo-wordpress\/ -->\n<title>Liner - Wavegarden<\/title>\n<meta name=\"robots\" content=\"index, follow, max-snippet:-1, max-image-preview:large, max-video-preview:-1\" \/>\n<link rel=\"canonical\" href=\"https:\/\/wavegarden.com\/fr\/wavegarden-cove\/systeme\/\" \/>\n<meta property=\"og:locale\" content=\"fr_FR\" \/>\n<meta property=\"og:type\" content=\"article\" \/>\n<meta property=\"og:title\" content=\"Liner - Wavegarden\" \/>\n<meta property=\"og:description\" content=\"Solution d&rsquo;imperm\u00e9abilisation des fonds de lagune Notre solution de g\u00e9omembrane a \u00e9t\u00e9 test\u00e9e depuis 2011 dans les installations de R&amp;D de Wavegarden et a \u00e9galement prouv\u00e9 son efficacit\u00e9 dans les installations commerciales de Wavegarden, telles que Praia da Grama. Les ing\u00e9nieurs de Wavegarden ont pass\u00e9 plus d&rsquo;une d\u00e9cennie \u00e0 rechercher les solutions les plus robustes, [&hellip;]\" \/>\n<meta property=\"og:url\" content=\"https:\/\/wavegarden.com\/fr\/wavegarden-cove\/systeme\/\" \/>\n<meta property=\"og:site_name\" content=\"Wavegarden\" \/>\n<meta property=\"article:publisher\" content=\"http:\/\/www.facebook.com\/Wavegarden\" \/>\n<meta property=\"article:modified_time\" content=\"2024-01-15T11:56:24+00:00\" \/>\n<meta property=\"og:image\" content=\"https:\/\/wavegarden.com\/wp-content\/uploads\/2022\/11\/Development-Services-modificada-scaled.jpg\" \/>\n\t<meta property=\"og:image:width\" content=\"2560\" \/>\n\t<meta property=\"og:image:height\" content=\"1920\" \/>\n\t<meta property=\"og:image:type\" content=\"image\/jpeg\" \/>\n<meta name=\"twitter:card\" content=\"summary_large_image\" \/>\n<meta name=\"twitter:site\" content=\"@wavegarden\" \/>\n<meta name=\"twitter:label1\" content=\"Dur\u00e9e de lecture estim\u00e9e\" \/>\n\t<meta name=\"twitter:data1\" content=\"2 minutes\" \/>\n<script type=\"application\/ld+json\" class=\"yoast-schema-graph\">{\"@context\":\"https:\/\/schema.org\",\"@graph\":[{\"@type\":\"WebPage\",\"@id\":\"https:\/\/wavegarden.com\/fr\/wavegarden-cove\/systeme\/\",\"url\":\"https:\/\/wavegarden.com\/fr\/wavegarden-cove\/systeme\/\",\"name\":\"Liner - Wavegarden\",\"isPartOf\":{\"@id\":\"https:\/\/wavegarden.com\/de\/#website\"},\"primaryImageOfPage\":{\"@id\":\"https:\/\/wavegarden.com\/fr\/wavegarden-cove\/systeme\/#primaryimage\"},\"image\":{\"@id\":\"https:\/\/wavegarden.com\/fr\/wavegarden-cove\/systeme\/#primaryimage\"},\"thumbnailUrl\":\"https:\/\/wavegarden.com\/wp-content\/uploads\/2022\/11\/Development-Services-modificada-scaled.jpg\",\"datePublished\":\"2023-06-02T09:23:10+00:00\",\"dateModified\":\"2024-01-15T11:56:24+00:00\",\"breadcrumb\":{\"@id\":\"https:\/\/wavegarden.com\/fr\/wavegarden-cove\/systeme\/#breadcrumb\"},\"inLanguage\":\"fr-FR\",\"potentialAction\":[{\"@type\":\"ReadAction\",\"target\":[\"https:\/\/wavegarden.com\/fr\/wavegarden-cove\/systeme\/\"]}]},{\"@type\":\"ImageObject\",\"inLanguage\":\"fr-FR\",\"@id\":\"https:\/\/wavegarden.com\/fr\/wavegarden-cove\/systeme\/#primaryimage\",\"url\":\"https:\/\/wavegarden.com\/wp-content\/uploads\/2022\/11\/Development-Services-modificada-scaled.jpg\",\"contentUrl\":\"https:\/\/wavegarden.com\/wp-content\/uploads\/2022\/11\/Development-Services-modificada-scaled.jpg\",\"width\":2560,\"height\":1920},{\"@type\":\"BreadcrumbList\",\"@id\":\"https:\/\/wavegarden.com\/fr\/wavegarden-cove\/systeme\/#breadcrumb\",\"itemListElement\":[{\"@type\":\"ListItem\",\"position\":1,\"name\":\"Home\",\"item\":\"https:\/\/wavegarden.com\/fr\/new-home\/\"},{\"@type\":\"ListItem\",\"position\":2,\"name\":\"Wavegarden Cove\",\"item\":\"https:\/\/wavegarden.com\/fr\/wavegarden-cove\/\"},{\"@type\":\"ListItem\",\"position\":3,\"name\":\"Liner\"}]},{\"@type\":\"WebSite\",\"@id\":\"https:\/\/wavegarden.com\/de\/#website\",\"url\":\"https:\/\/wavegarden.com\/de\/\",\"name\":\"Wavegarden\",\"description\":\"\",\"publisher\":{\"@id\":\"https:\/\/wavegarden.com\/de\/#organization\"},\"potentialAction\":[{\"@type\":\"SearchAction\",\"target\":{\"@type\":\"EntryPoint\",\"urlTemplate\":\"https:\/\/wavegarden.com\/de\/?s={search_term_string}\"},\"query-input\":{\"@type\":\"PropertyValueSpecification\",\"valueRequired\":true,\"valueName\":\"search_term_string\"}}],\"inLanguage\":\"fr-FR\"},{\"@type\":\"Organization\",\"@id\":\"https:\/\/wavegarden.com\/de\/#organization\",\"name\":\"Wavegarden\",\"alternateName\":\"Wavegarden\",\"url\":\"https:\/\/wavegarden.com\/de\/\",\"logo\":{\"@type\":\"ImageObject\",\"inLanguage\":\"fr-FR\",\"@id\":\"https:\/\/wavegarden.com\/de\/#\/schema\/logo\/image\/\",\"url\":\"https:\/\/wavegarden.com\/wp-content\/uploads\/2024\/06\/logo-wavegarden.png\",\"contentUrl\":\"https:\/\/wavegarden.com\/wp-content\/uploads\/2024\/06\/logo-wavegarden.png\",\"width\":692,\"height\":292,\"caption\":\"Wavegarden\"},\"image\":{\"@id\":\"https:\/\/wavegarden.com\/de\/#\/schema\/logo\/image\/\"},\"sameAs\":[\"http:\/\/www.facebook.com\/Wavegarden\",\"https:\/\/x.com\/wavegarden\",\"https:\/\/www.instagram.com\/wavegarden_official\/\",\"https:\/\/www.linkedin.com\/company\/wavegarden\/\",\"https:\/\/www.youtube.com\/@WavegardenOfficial\"]}]}<\/script>\n<!-- \/ Yoast SEO plugin. -->","yoast_head_json":{"title":"Liner - Wavegarden","robots":{"index":"index","follow":"follow","max-snippet":"max-snippet:-1","max-image-preview":"max-image-preview:large","max-video-preview":"max-video-preview:-1"},"canonical":"https:\/\/wavegarden.com\/fr\/wavegarden-cove\/systeme\/","og_locale":"fr_FR","og_type":"article","og_title":"Liner - Wavegarden","og_description":"Solution d&rsquo;imperm\u00e9abilisation des fonds de lagune Notre solution de g\u00e9omembrane a \u00e9t\u00e9 test\u00e9e depuis 2011 dans les installations de R&amp;D de Wavegarden et a \u00e9galement prouv\u00e9 son efficacit\u00e9 dans les installations commerciales de Wavegarden, telles que Praia da Grama. Les ing\u00e9nieurs de Wavegarden ont pass\u00e9 plus d&rsquo;une d\u00e9cennie \u00e0 rechercher les solutions les plus robustes, [&hellip;]","og_url":"https:\/\/wavegarden.com\/fr\/wavegarden-cove\/systeme\/","og_site_name":"Wavegarden","article_publisher":"http:\/\/www.facebook.com\/Wavegarden","article_modified_time":"2024-01-15T11:56:24+00:00","og_image":[{"width":2560,"height":1920,"url":"https:\/\/wavegarden.com\/wp-content\/uploads\/2022\/11\/Development-Services-modificada-scaled.jpg","type":"image\/jpeg"}],"twitter_card":"summary_large_image","twitter_site":"@wavegarden","twitter_misc":{"Dur\u00e9e de lecture estim\u00e9e":"2 minutes"},"schema":{"@context":"https:\/\/schema.org","@graph":[{"@type":"WebPage","@id":"https:\/\/wavegarden.com\/fr\/wavegarden-cove\/systeme\/","url":"https:\/\/wavegarden.com\/fr\/wavegarden-cove\/systeme\/","name":"Liner - Wavegarden","isPartOf":{"@id":"https:\/\/wavegarden.com\/de\/#website"},"primaryImageOfPage":{"@id":"https:\/\/wavegarden.com\/fr\/wavegarden-cove\/systeme\/#primaryimage"},"image":{"@id":"https:\/\/wavegarden.com\/fr\/wavegarden-cove\/systeme\/#primaryimage"},"thumbnailUrl":"https:\/\/wavegarden.com\/wp-content\/uploads\/2022\/11\/Development-Services-modificada-scaled.jpg","datePublished":"2023-06-02T09:23:10+00:00","dateModified":"2024-01-15T11:56:24+00:00","breadcrumb":{"@id":"https:\/\/wavegarden.com\/fr\/wavegarden-cove\/systeme\/#breadcrumb"},"inLanguage":"fr-FR","potentialAction":[{"@type":"ReadAction","target":["https:\/\/wavegarden.com\/fr\/wavegarden-cove\/systeme\/"]}]},{"@type":"ImageObject","inLanguage":"fr-FR","@id":"https:\/\/wavegarden.com\/fr\/wavegarden-cove\/systeme\/#primaryimage","url":"https:\/\/wavegarden.com\/wp-content\/uploads\/2022\/11\/Development-Services-modificada-scaled.jpg","contentUrl":"https:\/\/wavegarden.com\/wp-content\/uploads\/2022\/11\/Development-Services-modificada-scaled.jpg","width":2560,"height":1920},{"@type":"BreadcrumbList","@id":"https:\/\/wavegarden.com\/fr\/wavegarden-cove\/systeme\/#breadcrumb","itemListElement":[{"@type":"ListItem","position":1,"name":"Home","item":"https:\/\/wavegarden.com\/fr\/new-home\/"},{"@type":"ListItem","position":2,"name":"Wavegarden Cove","item":"https:\/\/wavegarden.com\/fr\/wavegarden-cove\/"},{"@type":"ListItem","position":3,"name":"Liner"}]},{"@type":"WebSite","@id":"https:\/\/wavegarden.com\/de\/#website","url":"https:\/\/wavegarden.com\/de\/","name":"Wavegarden","description":"","publisher":{"@id":"https:\/\/wavegarden.com\/de\/#organization"},"potentialAction":[{"@type":"SearchAction","target":{"@type":"EntryPoint","urlTemplate":"https:\/\/wavegarden.com\/de\/?s={search_term_string}"},"query-input":{"@type":"PropertyValueSpecification","valueRequired":true,"valueName":"search_term_string"}}],"inLanguage":"fr-FR"},{"@type":"Organization","@id":"https:\/\/wavegarden.com\/de\/#organization","name":"Wavegarden","alternateName":"Wavegarden","url":"https:\/\/wavegarden.com\/de\/","logo":{"@type":"ImageObject","inLanguage":"fr-FR","@id":"https:\/\/wavegarden.com\/de\/#\/schema\/logo\/image\/","url":"https:\/\/wavegarden.com\/wp-content\/uploads\/2024\/06\/logo-wavegarden.png","contentUrl":"https:\/\/wavegarden.com\/wp-content\/uploads\/2024\/06\/logo-wavegarden.png","width":692,"height":292,"caption":"Wavegarden"},"image":{"@id":"https:\/\/wavegarden.com\/de\/#\/schema\/logo\/image\/"},"sameAs":["http:\/\/www.facebook.com\/Wavegarden","https:\/\/x.com\/wavegarden","https:\/\/www.instagram.com\/wavegarden_official\/","https:\/\/www.linkedin.com\/company\/wavegarden\/","https:\/\/www.youtube.com\/@WavegardenOfficial"]}]}},"_links":{"self":[{"href":"https:\/\/wavegarden.com\/fr\/wp-json\/wp\/v2\/pages\/18047","targetHints":{"allow":["GET"]}}],"collection":[{"href":"https:\/\/wavegarden.com\/fr\/wp-json\/wp\/v2\/pages"}],"about":[{"href":"https:\/\/wavegarden.com\/fr\/wp-json\/wp\/v2\/types\/page"}],"author":[{"embeddable":true,"href":"https:\/\/wavegarden.com\/fr\/wp-json\/wp\/v2\/users\/5"}],"replies":[{"embeddable":true,"href":"https:\/\/wavegarden.com\/fr\/wp-json\/wp\/v2\/comments?post=18047"}],"version-history":[{"count":15,"href":"https:\/\/wavegarden.com\/fr\/wp-json\/wp\/v2\/pages\/18047\/revisions"}],"predecessor-version":[{"id":24032,"href":"https:\/\/wavegarden.com\/fr\/wp-json\/wp\/v2\/pages\/18047\/revisions\/24032"}],"up":[{"embeddable":true,"href":"https:\/\/wavegarden.com\/fr\/wp-json\/wp\/v2\/pages\/14162"}],"wp:featuredmedia":[{"embeddable":true,"href":"https:\/\/wavegarden.com\/fr\/wp-json\/wp\/v2\/media\/15444"}],"wp:attachment":[{"href":"https:\/\/wavegarden.com\/fr\/wp-json\/wp\/v2\/media?parent=18047"}],"curies":[{"name":"wp","href":"https:\/\/api.w.org\/{rel}","templated":true}]}}