{"id":16458,"date":"2023-01-12T16:55:07","date_gmt":"2023-01-12T15:55:07","guid":{"rendered":"https:\/\/wavegarden.com\/modele-commercial-eprouve\/"},"modified":"2025-10-13T13:53:57","modified_gmt":"2025-10-13T11:53:57","slug":"modele-commercial-eprouve","status":"publish","type":"page","link":"https:\/\/wavegarden.com\/fr\/modele-commercial-eprouve\/","title":{"rendered":"Mod\u00e8le commercial \u00e9prouv\u00e9"},"content":{"rendered":"\n<h2 class=\"wp-block-heading has-text-align-center\" style=\"font-size:2rem\">Finances solides<\/h2>\n\n<p class=\"has-text-align-center\" style=\"font-size:1.5rem\">Avec plus de 45 projets engag\u00e9s financi\u00e8rement, 10 installations en cours de construction et 12 autres exploit\u00e9es avec succ\u00e8s, notre technologie Wavegarden Cove s&rsquo;est av\u00e9r\u00e9e \u00eatre le choix num\u00e9ro 1 des d\u00e9veloppeurs et des investisseurs dans le monde entier.<\/p>\n\n<h4 class=\"wp-block-heading has-text-align-center\">Chiffres indicatifs pour les projets standard en Europe du Sud<\/h4>\n\n<div class=\"wp-block-group alignfull\"><div class=\"wp-block-group__inner-container is-layout-constrained wp-block-group-is-layout-constrained\">\n<div style=\"height:52px\" aria-hidden=\"true\" class=\"wp-block-spacer\"><\/div>\n<\/div><\/div>\n<div class=\"mcs-wgb-invest-numbers alignfull\" >\n  <p>\n          <span\n            class=\"mcs-wgb-invest-numbers-hilighted-data\"\n            data-max-size=\"10\"\n            data-min-size=\"1\"\n          >>250,000*<\/span>\n          <span>nombre de visiteurs moyen<\/span>\n        <\/p><p>\n          <span\n            class=\"mcs-wgb-invest-numbers-hilighted-data\"\n            data-max-size=\"10\"\n            data-min-size=\"1\"\n          >>90+<\/span>\n          <span>surfeurs simultan\u00e9ment <\/span>\n        <\/p><p>\n          <span\n            class=\"mcs-wgb-invest-numbers-hilighted-data\"\n            data-max-size=\"10\"\n            data-min-size=\"1\"\n          >300-1000<\/span>\n          <span>vagues par heure<\/span>\n        <\/p><p>\n          <span\n            class=\"mcs-wgb-invest-numbers-hilighted-data\"\n            data-max-size=\"10\"\n            data-min-size=\"1\"\n          >150.000<\/span>\n          <span>sessions de surf (heures) par an<\/span>\n        <\/p><p>\n          <span\n            class=\"mcs-wgb-invest-numbers-hilighted-data\"\n            data-max-size=\"10\"\n            data-min-size=\"1\"\n          >35-165 \u20ac<\/span>\n          <span>tarif d\u2019une session de surf<\/span>\n        <\/p><p>\n          <span\n            class=\"mcs-wgb-invest-numbers-hilighted-data\"\n            data-max-size=\"10\"\n            data-min-size=\"1\"\n          >25-40 M\u20ac <\/span>\n          <span>estimation des co\u00fbts totaux de d\u00e9veloppement du parc de suf<\/span>\n        <\/p><p>\n          <span\n            class=\"mcs-wgb-invest-numbers-hilighted-data\"\n            data-max-size=\"10\"\n            data-min-size=\"1\"\n          >10-25 M\u20ac<\/span>\n          <span>Co\u00fbt de la lagune, du g\u00e9n\u00e9rateur de vagues et du syst\u00e8me de traitement de l&rsquo;eau (projet en Espagne)<\/span>\n        <\/p><p>\n          <span\n            class=\"mcs-wgb-invest-numbers-hilighted-data\"\n            data-max-size=\"10\"\n            data-min-size=\"1\"\n          >>35-40%*<\/span>\n          <span>marge EBITDA<\/span>\n        <\/p><p>\n          <span\n            class=\"mcs-wgb-invest-numbers-hilighted-data\"\n            data-max-size=\"10\"\n            data-min-size=\"1\"\n          >350 kWh<\/span>\n          <span>consommation moyenne d&rsquo;\u00e9nergie par session de surf (1 heure)<\/span>\n        <\/p><p>\n          <span\n            class=\"mcs-wgb-invest-numbers-hilighted-data\"\n            data-max-size=\"10\"\n            data-min-size=\"1\"\n          >>20 %*<\/span>\n          <span>TRI \u00e0 effet de levier sup\u00e9rieur <\/span>\n        <\/p><\/div>\n\n\n\n<p><em>* Source : \u00c9valuation financi\u00e8re g\u00e9n\u00e9rique Wavegarden Cove 2025 pour un lagon de surf de taille standard en Espagne. Les co\u00fbts peuvent varier en fonction de la taille du lagon, de la difficult\u00e9 des travaux de g\u00e9nie civil, du pays (les estimations ci-dessus concernent l&rsquo;Espagne) et du g\u00e9n\u00e9rateur de vagues choisi.<\/em><\/p>\n\n<div style=\"height:50px\" aria-hidden=\"true\" class=\"wp-block-spacer\"><\/div>\n\n<div class=\"wp-block-group alignfull has-background\" style=\"background-color:#f5f5f5\"><div class=\"wp-block-group__inner-container is-layout-constrained wp-block-group-is-layout-constrained\">\n<div style=\"height:50px\" aria-hidden=\"true\" class=\"wp-block-spacer\"><\/div>\n\n\n\n<h2 class=\"wp-block-heading has-text-align-center\">Con\u00e7u pour la r\u00e9ussite des entreprises<\/h2>\n\n\n\n<div style=\"height:50px\" aria-hidden=\"true\" class=\"wp-block-spacer\"><\/div>\n\n\n\n<p class=\"has-text-align-center\">Un Wavegarden\u00ae offre la plus grande vari\u00e9t\u00e9 de vagues de qualit\u00e9 et une capacit\u00e9 d&rsquo;utilisation maximale, facteurs cl\u00e9s d&rsquo;une activit\u00e9 r\u00e9ussie. La conception de notre lagune est la plus efficace en raison de son rapport taille\/capacit\u00e9 d&rsquo;utilisation et de ses faibles co\u00fbts d&rsquo;exploitation.<\/p>\n\n\n\n<p class=\"has-text-align-center\">Nos parcs de surf sont ouverts au public, qu\u2019ils soient autonomes ou bien install\u00e9s comme \u00e9l\u00e9ments centraux au sein de communaut\u00e9s r\u00e9sidentielles, ou encore de d\u00e9veloppements \u00e0 usages mixtes \u00e0 plus grande \u00e9chelle. Tous nos parcs ont prouv\u00e9 qu\u2019ils \u00e9taient commercialement rentables.<\/p>\n\n\n\n<p class=\"has-text-align-center\">En effet, le taux d&rsquo;occupation \u00e9lev\u00e9 du lagon et le succ\u00e8s des entreprises commerciales environnantes ont encourag\u00e9 nos partenaires actuels \u00e0 investir dans des installations Wavegarden suppl\u00e9mentaires \u00e0 d&rsquo;autres endroits. Urbnsurf construit actuellement son <a href=\"https:\/\/wavegarden.com\/new-wavegarden-cove-in-sydney-australia-set-to-open-in-early-2023\/\">deuxi\u00e8me parc de surf \u00e0 Sydney<\/a>; notre The Wave a sign\u00e9 un accord pour livrer <a href=\"https:\/\/wavegarden.com\/wavegarden-and-the-wave-sign-major-strategic-alliance-agreement-to-develop-6-surf-park-in-the-uk-and-ireland\/\">6 installations suppl\u00e9mentaires \u00e0 travers le Royaume-Uni<\/a> et l&rsquo;Irlande. Enfin, notre partenaire au Br\u00e9sil pr\u00e9voit de livrer jusqu&rsquo;\u00e0 <a href=\"https:\/\/wavegarden.com\/wavegarden-expands-worldwide\/\">10 installations \u00e0 travers le pays<\/a>.<\/p>\n\n\n\n<div style=\"height:1px\" aria-hidden=\"true\" class=\"wp-block-spacer\"><\/div>\n<\/div><\/div>\n\n<div class=\"wp-block-group alignfull has-background\" style=\"background:linear-gradient(0deg,rgb(0,0,0) 46%,rgb(245,245,245) 46%)\"><div class=\"wp-block-group__inner-container is-layout-constrained wp-block-group-is-layout-constrained\">\n<div style=\"height:30px\" aria-hidden=\"true\" class=\"wp-block-spacer\"><\/div>\n\n\n<div id=\"\" class=\"mcs-wgb-vimeo-frame\" >\n\t<div class=\"acf-innerblocks-container\">\n\n<figure class=\"wp-block-embed is-type-video is-provider-vimeo wp-block-embed-vimeo wp-embed-aspect-16-9 wp-has-aspect-ratio\"><div class=\"wp-block-embed__wrapper\">\r\n<div class=\"videoWrapper\"><iframe title=\"Interview with Adam Bonvin about the success of Alaia Bay\" src=\"https:\/\/player.vimeo.com\/video\/732067533?h=e69dc19a71&amp;dnt=1&amp;app_id=122963\" width=\"500\" height=\"281\" frameborder=\"0\" allow=\"autoplay; fullscreen; picture-in-picture; clipboard-write; encrypted-media\"><\/iframe><\/div>\r\n<\/div><\/figure><br>\n\n<\/div>\n\t<div class=\"play-button\">\n\t\t<svg width=\"146px\" height=\"146px\" viewBox=\"0 0 146 146\" version=\"1.1\" xmlns=\"http:\/\/www.w3.org\/2000\/svg\" xmlns:xlink=\"http:\/\/www.w3.org\/1999\/xlink\">\n\t\t\t<title>btn-video-dark<\/title>\n\t\t\t<g id=\"Invest-01\" stroke=\"none\" stroke-width=\"1\" fill=\"none\" fill-rule=\"evenodd\" stroke-linejoin=\"round\">\n\t\t\t\t\t<g id=\"Pg-Why-create-a-surf-spot\" transform=\"translate(-632.000000, -2570.000000)\" stroke=\"#000000\" stroke-width=\"4\">\n\t\t\t\t\t\t\t<g id=\"btn-video-dark\" transform=\"translate(634.000000, 2572.000000)\">\n\t\t\t\t\t\t\t\t\t<circle id=\"Oval\" cx=\"71\" cy=\"71\" r=\"71\"><\/circle>\n\t\t\t\t\t\t\t\t\t<polygon id=\"Triangle\" transform=\"translate(79.500000, 71.500000) rotate(90.000000) translate(-79.500000, -71.500000) \" points=\"79.5 45 108 98 51 98\"><\/polygon>\n\t\t\t\t\t\t\t<\/g>\n\t\t\t\t\t<\/g>\n\t\t\t<\/g>\n\t\t<\/svg>\n\t<\/div>\n\t<div class=\"pause-button\">\n\t<\/div>\n<\/div>\n\n\n<div style=\"height:1px\" aria-hidden=\"true\" class=\"wp-block-spacer\"><\/div>\n<\/div><\/div>\n\n<div class=\"wp-block-group alignfull has-black-background-color has-background\"><div class=\"wp-block-group__inner-container is-layout-constrained wp-block-group-is-layout-constrained\">\n<div style=\"height:30px\" aria-hidden=\"true\" class=\"wp-block-spacer\"><\/div>\n\n\n\n<p class=\"has-text-align-center has-white-color has-text-color\">Wavegarden propose une gamme compl\u00e8te de services commerciaux et d\u2019ing\u00e9nierie n\u00e9cessaires afin d\u2019assurer le succ\u00e8s imm\u00e9diat et \u00e0 long terme de votre parc de surf.<\/p>\n\n\n\n<div class=\"wp-block-buttons is-content-justification-center is-layout-flex wp-container-core-buttons-is-layout-16018d1d wp-block-buttons-is-layout-flex\">\n<div class=\"wp-block-button\"><a class=\"wp-block-button__link has-black-color has-white-background-color has-text-color has-background wp-element-button\" href=\"mailto:sales@wavegarden.com\" target=\"_blank\" rel=\"noreferrer noopener\">CONTACTEZ NOTRE \u00c9QUIPE COMMERCIALE<\/a><\/div>\n<\/div>\n\n\n\n<div style=\"height:50px\" aria-hidden=\"true\" class=\"wp-block-spacer\"><\/div>\n<\/div><\/div>\n\n<div style=\"height:50px\" aria-hidden=\"true\" class=\"wp-block-spacer\"><\/div>\n\n<h2 class=\"wp-block-heading has-text-align-center\"><strong>Concept<\/strong><\/h2>\n\n<p>Un Wavegarden\u00ae transforme n\u2019importe quel endroit en une destination de surf r\u00eav\u00e9e, garantissant des vagues parfaites et unenvironnement de plage exotique. L\u2019association de notre concept unique et de sa technologie innovante offre une opportunit\u00e9 commerciale dynamique avec d\u2019innombrables possibilit\u00e9s. La pi\u00e8ce ma\u00eetresse propose des vagues parfaites con\u00e7ues et adapt\u00e9es aux surfeurs de tout niveau et \u00e2ge.<\/p>\n\n<p>S\u2019inspirant principalement des meilleures destinations surf dans le monde, nous cr\u00e9ons un environnement naturel et d\u00e9contract\u00e9. Ce dernier s\u2019inscrira obligatoirement sur la liste des endroits \u00e0 visiter pour chaque surfeur, amoureux de la plage et du surf.<\/p>\n\n<p>En plus d\u2019\u00eatre un endroit o\u00f9 amis et familles peuvent pratiquer le surf ensemble, un Wavegarden peut incorporer de nombreuses autres activit\u00e9s de loisirs, am\u00e9liorant l\u2019exp\u00e9rience globale et garantissant un taux d\u2019occupation \u00e9lev\u00e9 toute l\u2019ann\u00e9e.<\/p>\n\n<figure class=\"wp-block-image alignfull size-full\"><img decoding=\"async\" width=\"2876\" height=\"696\" src=\"https:\/\/wavegarden.com\/wp-content\/uploads\/2022\/12\/image-1.png\" alt=\"\" class=\"wp-image-15843\" srcset=\"https:\/\/wavegarden.com\/wp-content\/uploads\/2022\/12\/image-1.png 2876w, https:\/\/wavegarden.com\/wp-content\/uploads\/2022\/12\/image-1-300x73.png 300w, https:\/\/wavegarden.com\/wp-content\/uploads\/2022\/12\/image-1-1024x248.png 1024w, https:\/\/wavegarden.com\/wp-content\/uploads\/2022\/12\/image-1-768x186.png 768w, https:\/\/wavegarden.com\/wp-content\/uploads\/2022\/12\/image-1-1536x372.png 1536w, https:\/\/wavegarden.com\/wp-content\/uploads\/2022\/12\/image-1-2048x496.png 2048w, https:\/\/wavegarden.com\/wp-content\/uploads\/2022\/12\/image-1-800x194.png 800w\" sizes=\"(max-width: 2876px) 100vw, 2876px\" \/><\/figure>\n\n<div style=\"height:50px\" aria-hidden=\"true\" class=\"wp-block-spacer\"><\/div>\n\n<h2 class=\"wp-block-heading has-text-align-center\"><strong>Surfer, manger, se reposer, recommencer<\/strong><\/h2>\n\n<p>Les unit\u00e9s commerciales annexes peuvent inclure une \u00e9cole de surf et un centre de haute performance, un surf shop, des restaurants, des bars et des logements. Cette riche vari\u00e9t\u00e9 d\u2019activit\u00e9s et de services incitera les clients \u00e0 rester plus longtemps et \u00e0 revenir plus fr\u00e9quemment, g\u00e9n\u00e9rant ainsi des flux de revenus suppl\u00e9mentaires.<\/p>\n\n<p>Le surf est un sport tr\u00e8s populaire attirant de nombreux t\u00e9l\u00e9spectateurs, en direct et \u00e0 distance via Internet et la t\u00e9l\u00e9vision. Des revenus suppl\u00e9mentaires seront g\u00e9n\u00e9r\u00e9s par les \u00e9v\u00e9nements de surf, les camps de surf, les \u00e9v\u00e9nements d\u2019entreprises, les concerts et les partenariats.<\/p>\n\n<div style=\"height:50px\" aria-hidden=\"true\" class=\"wp-block-spacer\"><\/div>\n","protected":false},"excerpt":{"rendered":"<p>Finances solides Avec plus de 45 projets engag\u00e9s financi\u00e8rement, 10 installations en cours de construction et 12 autres exploit\u00e9es avec succ\u00e8s, notre technologie Wavegarden Cove s&rsquo;est av\u00e9r\u00e9e \u00eatre le choix num\u00e9ro 1 des d\u00e9veloppeurs et des investisseurs dans le monde entier. Chiffres indicatifs pour les projets standard en Europe du Sud * Source : \u00c9valuation [&hellip;]<\/p>\n","protected":false},"author":4,"featured_media":15722,"parent":0,"menu_order":0,"comment_status":"closed","ping_status":"closed","template":"","meta":{"_acf_changed":false,"footnotes":""},"class_list":["post-16458","page","type-page","status-publish","has-post-thumbnail","hentry"],"acf":[],"yoast_head":"<!-- This site is optimized with the Yoast SEO plugin v27.2 - https:\/\/yoast.com\/product\/yoast-seo-wordpress\/ -->\n<title>| Rentabilit\u00e9 d&#039;un Wavegarden Cove et co\u00fbts de construction<\/title>\n<meta name=\"description\" content=\"Wavegarden est l&#039;option la plus rentable pour les investisseurs. Consultez les chiffres d&#039;affaires d&#039;un Wavegarden Cove : investissement, retour sur investissement, revenus, co\u00fbts, consommation, etc.\" \/>\n<meta name=\"robots\" content=\"index, follow, max-snippet:-1, max-image-preview:large, max-video-preview:-1\" \/>\n<link rel=\"canonical\" href=\"https:\/\/wavegarden.com\/fr\/modele-commercial-eprouve\/\" \/>\n<meta property=\"og:locale\" content=\"fr_FR\" \/>\n<meta property=\"og:type\" content=\"article\" \/>\n<meta property=\"og:title\" content=\"| Rentabilit\u00e9 d&#039;un Wavegarden Cove et co\u00fbts de construction\" \/>\n<meta property=\"og:description\" content=\"Wavegarden est l&#039;option la plus rentable pour les investisseurs. Consultez les chiffres d&#039;affaires d&#039;un Wavegarden Cove : investissement, retour sur investissement, revenus, co\u00fbts, consommation, etc.\" \/>\n<meta property=\"og:url\" content=\"https:\/\/wavegarden.com\/fr\/modele-commercial-eprouve\/\" \/>\n<meta property=\"og:site_name\" content=\"Wavegarden\" \/>\n<meta property=\"article:publisher\" content=\"http:\/\/www.facebook.com\/Wavegarden\" \/>\n<meta property=\"article:modified_time\" content=\"2025-10-13T11:53:57+00:00\" \/>\n<meta property=\"og:image\" content=\"https:\/\/wavegarden.com\/wp-content\/uploads\/2022\/12\/Hero-wavegarden-Business.webp\" \/>\n\t<meta property=\"og:image:width\" content=\"1600\" \/>\n\t<meta property=\"og:image:height\" content=\"806\" \/>\n\t<meta property=\"og:image:type\" content=\"image\/webp\" \/>\n<meta name=\"twitter:card\" content=\"summary_large_image\" \/>\n<meta name=\"twitter:site\" content=\"@wavegarden\" \/>\n<meta name=\"twitter:label1\" content=\"Dur\u00e9e de lecture estim\u00e9e\" \/>\n\t<meta name=\"twitter:data1\" content=\"3 minutes\" \/>\n<script type=\"application\/ld+json\" class=\"yoast-schema-graph\">{\"@context\":\"https:\/\/schema.org\",\"@graph\":[{\"@type\":\"WebPage\",\"@id\":\"https:\/\/wavegarden.com\/fr\/modele-commercial-eprouve\/\",\"url\":\"https:\/\/wavegarden.com\/fr\/modele-commercial-eprouve\/\",\"name\":\"| Rentabilit\u00e9 d'un Wavegarden Cove et co\u00fbts de construction\",\"isPartOf\":{\"@id\":\"https:\/\/wavegarden.com\/de\/#website\"},\"primaryImageOfPage\":{\"@id\":\"https:\/\/wavegarden.com\/fr\/modele-commercial-eprouve\/#primaryimage\"},\"image\":{\"@id\":\"https:\/\/wavegarden.com\/fr\/modele-commercial-eprouve\/#primaryimage\"},\"thumbnailUrl\":\"https:\/\/wavegarden.com\/wp-content\/uploads\/2022\/12\/Hero-wavegarden-Business.webp\",\"datePublished\":\"2023-01-12T15:55:07+00:00\",\"dateModified\":\"2025-10-13T11:53:57+00:00\",\"description\":\"Wavegarden est l'option la plus rentable pour les investisseurs. Consultez les chiffres d'affaires d'un Wavegarden Cove : investissement, retour sur investissement, revenus, co\u00fbts, consommation, etc.\",\"breadcrumb\":{\"@id\":\"https:\/\/wavegarden.com\/fr\/modele-commercial-eprouve\/#breadcrumb\"},\"inLanguage\":\"fr-FR\",\"potentialAction\":[{\"@type\":\"ReadAction\",\"target\":[\"https:\/\/wavegarden.com\/fr\/modele-commercial-eprouve\/\"]}]},{\"@type\":\"ImageObject\",\"inLanguage\":\"fr-FR\",\"@id\":\"https:\/\/wavegarden.com\/fr\/modele-commercial-eprouve\/#primaryimage\",\"url\":\"https:\/\/wavegarden.com\/wp-content\/uploads\/2022\/12\/Hero-wavegarden-Business.webp\",\"contentUrl\":\"https:\/\/wavegarden.com\/wp-content\/uploads\/2022\/12\/Hero-wavegarden-Business.webp\",\"width\":1600,\"height\":806},{\"@type\":\"BreadcrumbList\",\"@id\":\"https:\/\/wavegarden.com\/fr\/modele-commercial-eprouve\/#breadcrumb\",\"itemListElement\":[{\"@type\":\"ListItem\",\"position\":1,\"name\":\"Home\",\"item\":\"https:\/\/wavegarden.com\/fr\/new-home\/\"},{\"@type\":\"ListItem\",\"position\":2,\"name\":\"Mod\u00e8le commercial \u00e9prouv\u00e9\"}]},{\"@type\":\"WebSite\",\"@id\":\"https:\/\/wavegarden.com\/de\/#website\",\"url\":\"https:\/\/wavegarden.com\/de\/\",\"name\":\"Wavegarden\",\"description\":\"\",\"publisher\":{\"@id\":\"https:\/\/wavegarden.com\/de\/#organization\"},\"potentialAction\":[{\"@type\":\"SearchAction\",\"target\":{\"@type\":\"EntryPoint\",\"urlTemplate\":\"https:\/\/wavegarden.com\/de\/?s={search_term_string}\"},\"query-input\":{\"@type\":\"PropertyValueSpecification\",\"valueRequired\":true,\"valueName\":\"search_term_string\"}}],\"inLanguage\":\"fr-FR\"},{\"@type\":\"Organization\",\"@id\":\"https:\/\/wavegarden.com\/de\/#organization\",\"name\":\"Wavegarden\",\"alternateName\":\"Wavegarden\",\"url\":\"https:\/\/wavegarden.com\/de\/\",\"logo\":{\"@type\":\"ImageObject\",\"inLanguage\":\"fr-FR\",\"@id\":\"https:\/\/wavegarden.com\/de\/#\/schema\/logo\/image\/\",\"url\":\"https:\/\/wavegarden.com\/wp-content\/uploads\/2024\/06\/logo-wavegarden.png\",\"contentUrl\":\"https:\/\/wavegarden.com\/wp-content\/uploads\/2024\/06\/logo-wavegarden.png\",\"width\":692,\"height\":292,\"caption\":\"Wavegarden\"},\"image\":{\"@id\":\"https:\/\/wavegarden.com\/de\/#\/schema\/logo\/image\/\"},\"sameAs\":[\"http:\/\/www.facebook.com\/Wavegarden\",\"https:\/\/x.com\/wavegarden\",\"https:\/\/www.instagram.com\/wavegarden_official\/\",\"https:\/\/www.linkedin.com\/company\/wavegarden\/\",\"https:\/\/www.youtube.com\/@WavegardenOfficial\"]}]}<\/script>\n<!-- \/ Yoast SEO plugin. -->","yoast_head_json":{"title":"| Rentabilit\u00e9 d'un Wavegarden Cove et co\u00fbts de construction","description":"Wavegarden est l'option la plus rentable pour les investisseurs. Consultez les chiffres d'affaires d'un Wavegarden Cove : investissement, retour sur investissement, revenus, co\u00fbts, consommation, etc.","robots":{"index":"index","follow":"follow","max-snippet":"max-snippet:-1","max-image-preview":"max-image-preview:large","max-video-preview":"max-video-preview:-1"},"canonical":"https:\/\/wavegarden.com\/fr\/modele-commercial-eprouve\/","og_locale":"fr_FR","og_type":"article","og_title":"| Rentabilit\u00e9 d'un Wavegarden Cove et co\u00fbts de construction","og_description":"Wavegarden est l'option la plus rentable pour les investisseurs. Consultez les chiffres d'affaires d'un Wavegarden Cove : investissement, retour sur investissement, revenus, co\u00fbts, consommation, etc.","og_url":"https:\/\/wavegarden.com\/fr\/modele-commercial-eprouve\/","og_site_name":"Wavegarden","article_publisher":"http:\/\/www.facebook.com\/Wavegarden","article_modified_time":"2025-10-13T11:53:57+00:00","og_image":[{"width":1600,"height":806,"url":"https:\/\/wavegarden.com\/wp-content\/uploads\/2022\/12\/Hero-wavegarden-Business.webp","type":"image\/webp"}],"twitter_card":"summary_large_image","twitter_site":"@wavegarden","twitter_misc":{"Dur\u00e9e de lecture estim\u00e9e":"3 minutes"},"schema":{"@context":"https:\/\/schema.org","@graph":[{"@type":"WebPage","@id":"https:\/\/wavegarden.com\/fr\/modele-commercial-eprouve\/","url":"https:\/\/wavegarden.com\/fr\/modele-commercial-eprouve\/","name":"| Rentabilit\u00e9 d'un Wavegarden Cove et co\u00fbts de construction","isPartOf":{"@id":"https:\/\/wavegarden.com\/de\/#website"},"primaryImageOfPage":{"@id":"https:\/\/wavegarden.com\/fr\/modele-commercial-eprouve\/#primaryimage"},"image":{"@id":"https:\/\/wavegarden.com\/fr\/modele-commercial-eprouve\/#primaryimage"},"thumbnailUrl":"https:\/\/wavegarden.com\/wp-content\/uploads\/2022\/12\/Hero-wavegarden-Business.webp","datePublished":"2023-01-12T15:55:07+00:00","dateModified":"2025-10-13T11:53:57+00:00","description":"Wavegarden est l'option la plus rentable pour les investisseurs. Consultez les chiffres d'affaires d'un Wavegarden Cove : investissement, retour sur investissement, revenus, co\u00fbts, consommation, etc.","breadcrumb":{"@id":"https:\/\/wavegarden.com\/fr\/modele-commercial-eprouve\/#breadcrumb"},"inLanguage":"fr-FR","potentialAction":[{"@type":"ReadAction","target":["https:\/\/wavegarden.com\/fr\/modele-commercial-eprouve\/"]}]},{"@type":"ImageObject","inLanguage":"fr-FR","@id":"https:\/\/wavegarden.com\/fr\/modele-commercial-eprouve\/#primaryimage","url":"https:\/\/wavegarden.com\/wp-content\/uploads\/2022\/12\/Hero-wavegarden-Business.webp","contentUrl":"https:\/\/wavegarden.com\/wp-content\/uploads\/2022\/12\/Hero-wavegarden-Business.webp","width":1600,"height":806},{"@type":"BreadcrumbList","@id":"https:\/\/wavegarden.com\/fr\/modele-commercial-eprouve\/#breadcrumb","itemListElement":[{"@type":"ListItem","position":1,"name":"Home","item":"https:\/\/wavegarden.com\/fr\/new-home\/"},{"@type":"ListItem","position":2,"name":"Mod\u00e8le commercial \u00e9prouv\u00e9"}]},{"@type":"WebSite","@id":"https:\/\/wavegarden.com\/de\/#website","url":"https:\/\/wavegarden.com\/de\/","name":"Wavegarden","description":"","publisher":{"@id":"https:\/\/wavegarden.com\/de\/#organization"},"potentialAction":[{"@type":"SearchAction","target":{"@type":"EntryPoint","urlTemplate":"https:\/\/wavegarden.com\/de\/?s={search_term_string}"},"query-input":{"@type":"PropertyValueSpecification","valueRequired":true,"valueName":"search_term_string"}}],"inLanguage":"fr-FR"},{"@type":"Organization","@id":"https:\/\/wavegarden.com\/de\/#organization","name":"Wavegarden","alternateName":"Wavegarden","url":"https:\/\/wavegarden.com\/de\/","logo":{"@type":"ImageObject","inLanguage":"fr-FR","@id":"https:\/\/wavegarden.com\/de\/#\/schema\/logo\/image\/","url":"https:\/\/wavegarden.com\/wp-content\/uploads\/2024\/06\/logo-wavegarden.png","contentUrl":"https:\/\/wavegarden.com\/wp-content\/uploads\/2024\/06\/logo-wavegarden.png","width":692,"height":292,"caption":"Wavegarden"},"image":{"@id":"https:\/\/wavegarden.com\/de\/#\/schema\/logo\/image\/"},"sameAs":["http:\/\/www.facebook.com\/Wavegarden","https:\/\/x.com\/wavegarden","https:\/\/www.instagram.com\/wavegarden_official\/","https:\/\/www.linkedin.com\/company\/wavegarden\/","https:\/\/www.youtube.com\/@WavegardenOfficial"]}]}},"_links":{"self":[{"href":"https:\/\/wavegarden.com\/fr\/wp-json\/wp\/v2\/pages\/16458","targetHints":{"allow":["GET"]}}],"collection":[{"href":"https:\/\/wavegarden.com\/fr\/wp-json\/wp\/v2\/pages"}],"about":[{"href":"https:\/\/wavegarden.com\/fr\/wp-json\/wp\/v2\/types\/page"}],"author":[{"embeddable":true,"href":"https:\/\/wavegarden.com\/fr\/wp-json\/wp\/v2\/users\/4"}],"replies":[{"embeddable":true,"href":"https:\/\/wavegarden.com\/fr\/wp-json\/wp\/v2\/comments?post=16458"}],"version-history":[{"count":24,"href":"https:\/\/wavegarden.com\/fr\/wp-json\/wp\/v2\/pages\/16458\/revisions"}],"predecessor-version":[{"id":44557,"href":"https:\/\/wavegarden.com\/fr\/wp-json\/wp\/v2\/pages\/16458\/revisions\/44557"}],"wp:featuredmedia":[{"embeddable":true,"href":"https:\/\/wavegarden.com\/fr\/wp-json\/wp\/v2\/media\/15722"}],"wp:attachment":[{"href":"https:\/\/wavegarden.com\/fr\/wp-json\/wp\/v2\/media?parent=16458"}],"curies":[{"name":"wp","href":"https:\/\/api.w.org\/{rel}","templated":true}]}}