{"id":14174,"date":"2022-10-17T12:01:54","date_gmt":"2022-10-17T10:01:54","guid":{"rendered":"https:\/\/wavegarden.com\/?page_id=14174"},"modified":"2022-10-18T17:02:15","modified_gmt":"2022-10-18T15:02:15","slug":"securite","status":"publish","type":"page","link":"https:\/\/wavegarden.com\/fr\/wavegarden-cove\/securite\/","title":{"rendered":"S\u00e9curit\u00e9"},"content":{"rendered":"\n<h2 class=\"has-text-align-center wp-block-heading\"><strong>Certificats de s\u00e9curit\u00e9 mondiaux<\/strong><\/h2>\n\n\n\n<p class=\"has-text-align-center\">Le Wavegarden Cove est conforme aux dispositions d\u2019un large \u00e9ventail de directives et de normes reconnues. La conception de la machine a \u00e9t\u00e9 audit\u00e9e avec succ\u00e8s par T\u00dcV Rheinland (certificateur leader mondial pour la pr\u00e9vention des risques) afin de garantir sa conformit\u00e9 face aux directives et normes de s\u00e9curit\u00e9 en vigueur. <\/p>\n\n\n\n<p class=\"has-text-align-center\">Wavegarden Cove a \u00e9t\u00e9 certifi\u00e9 conforme aux normes australiennes et am\u00e9ricaines. <\/p>\n\n\n<section id=\"section-block_f14cb04a490001bde1cb827a5114aac2\" class=\"chess wavegarden-gutenberg-advanced-chess alignfull\" >\n  <div class=\"advanced-chess-wrapper\"> \n    \n\n<div id=\"section-block_8b48ce8431d6fa5d53375573f4dd3a36\" class=\"wavegarden-advanced-chess-visual-content-block\" style=\"background-color: rgb(255,255,255)\">\n  \n\n<h2 class=\"wp-block-heading\">S\u00e9curit\u00e9 op\u00e9rationnelle<\/h2>\n\n\n\n<p>La s\u00e9curit\u00e9 des invit\u00e9s et des travailleurs est la priorit\u00e9 absolue des op\u00e9rations quotidiennes d\u2019une installation Wavegarden. C\u2019est un environnement totalement s\u00fbr pour surfer. Nos sp\u00e9cialistes ont d\u00e9velopp\u00e9s des proc\u00e9dures et manuels de formation tr\u00e8s d\u00e9taill\u00e9s pour s\u2019assurer que les activit\u00e9s se d\u00e9roulent en toute s\u00e9curit\u00e9 et sans incident, nous pouvons citer:<\/p>\n\n\n\n<ul class=\"wp-block-list\"><li>Des programmes de formation du personnel<\/li><li>La s\u00e9curit\u00e9 aquatique et sauveteurs<\/li><li>Le fonctionnement des diff\u00e9rentes zones de surf<\/li><li>Des recommandations de capacit\u00e9<\/li><li>La signalisation<\/li><li>L\u2019\u00e9quipement ad\u00e9quat<\/li><li>Les contr\u00f4les de s\u00e9curit\u00e9<\/li><\/ul>\n\n\n<\/div>\n\n\n<section id=\"section-block_26d82a9ae6fa150b089ba9688067d994\" class=\"wavegarden-advanced-chess-gutenberg-content-block\" >\n  <span class=\"dashicon dashicons dashicons-edit 1\"><\/span>\n      <section class=\"main-gallery alignfull\">\n      <div class=\"container\">\n        <div class=\"swiper-block_26d82a9ae6fa150b089ba9688067d994 swiper-container swiper-gallery\">\n          <div class=\"swiper-wrapper\">\n            <div class=\"swiper-slide\">\n                            <div class=\"card-image\">\n                                <a href=\"https:\/\/wavegarden.com\/wp-content\/uploads\/2022\/09\/Seguridad-usuarios.jpg\" class=\"inline-pics__item\" data-lity>\n                                    <img decoding=\"async\" src=\"https:\/\/wavegarden.com\/wp-content\/uploads\/2022\/09\/Seguridad-usuarios.jpg\"\n                                        srcset=\"https:\/\/wavegarden.com\/wp-content\/uploads\/2022\/09\/Seguridad-usuarios.jpg 1600w, https:\/\/wavegarden.com\/wp-content\/uploads\/2022\/09\/Seguridad-usuarios-300x200.jpg 300w, https:\/\/wavegarden.com\/wp-content\/uploads\/2022\/09\/Seguridad-usuarios-1024x683.jpg 1024w, https:\/\/wavegarden.com\/wp-content\/uploads\/2022\/09\/Seguridad-usuarios-768x512.jpg 768w, https:\/\/wavegarden.com\/wp-content\/uploads\/2022\/09\/Seguridad-usuarios-1536x1024.jpg 1536w, https:\/\/wavegarden.com\/wp-content\/uploads\/2022\/09\/Seguridad-usuarios-800x534.jpg 800w\"\n                                        sizes=\"(max-width: 1600px) 100vw, 1600px\"\n                                        alt=\"\" \/>\n                                <\/a>\n                            <\/div>\n                        <\/div>          <\/div>\n            <!-- Add Pagination -->\n          <div class=\"swiper-pagination-block_26d82a9ae6fa150b089ba9688067d994\"><\/div>\n        <\/div>\n      <\/div>\n    <\/section>\n\n    <script>\n        \/\/ Swiper Configuration - advanced chess visual content\n        var swiper = '';\n        if (typeof Swiper !== 'undefined') {\n            var swiper = new Swiper(\".swiper-block_26d82a9ae6fa150b089ba9688067d994\", {\n                slidesPerView: 1,\n                centeredSlides: true,\n                grabCursor: true,\n                loop: true,\n                                lazy: true,\n                pagination: {\n                  el: \".swiper-pagination-block_26d82a9ae6fa150b089ba9688067d994\",\n                },\n            });\n        }\n    <\/script>\n    \n    \n<\/section>\n\n\n<section id=\"section-block_d55e40594795123c5c46348eae8de2c7\" class=\"wavegarden-advanced-chess-gutenberg-content-block\" >\n  <span class=\"dashicon dashicons dashicons-edit 1\"><\/span>\n      <section class=\"main-gallery alignfull\">\n      <div class=\"container\">\n        <div class=\"swiper-block_d55e40594795123c5c46348eae8de2c7 swiper-container swiper-gallery\">\n          <div class=\"swiper-wrapper\">\n            <div class=\"swiper-slide\">\n                            <div class=\"card-image\">\n                                <a href=\"https:\/\/wavegarden.com\/wp-content\/uploads\/2022\/09\/Seguridad-de-los-usuarios.jpg\" class=\"inline-pics__item\" data-lity>\n                                    <img decoding=\"async\" src=\"https:\/\/wavegarden.com\/wp-content\/uploads\/2022\/09\/Seguridad-de-los-usuarios.jpg\"\n                                        srcset=\"https:\/\/wavegarden.com\/wp-content\/uploads\/2022\/09\/Seguridad-de-los-usuarios.jpg 2048w, https:\/\/wavegarden.com\/wp-content\/uploads\/2022\/09\/Seguridad-de-los-usuarios-300x200.jpg 300w, https:\/\/wavegarden.com\/wp-content\/uploads\/2022\/09\/Seguridad-de-los-usuarios-1024x683.jpg 1024w, https:\/\/wavegarden.com\/wp-content\/uploads\/2022\/09\/Seguridad-de-los-usuarios-768x512.jpg 768w, https:\/\/wavegarden.com\/wp-content\/uploads\/2022\/09\/Seguridad-de-los-usuarios-1536x1024.jpg 1536w, https:\/\/wavegarden.com\/wp-content\/uploads\/2022\/09\/Seguridad-de-los-usuarios-800x533.jpg 800w\"\n                                        sizes=\"(max-width: 2048px) 100vw, 2048px\"\n                                        alt=\"\" \/>\n                                <\/a>\n                            <\/div>\n                        <\/div>          <\/div>\n            <!-- Add Pagination -->\n          <div class=\"swiper-pagination-block_d55e40594795123c5c46348eae8de2c7\"><\/div>\n        <\/div>\n      <\/div>\n    <\/section>\n\n    <script>\n        \/\/ Swiper Configuration - advanced chess visual content\n        var swiper = '';\n        if (typeof Swiper !== 'undefined') {\n            var swiper = new Swiper(\".swiper-block_d55e40594795123c5c46348eae8de2c7\", {\n                slidesPerView: 1,\n                centeredSlides: true,\n                grabCursor: true,\n                loop: true,\n                                lazy: true,\n                pagination: {\n                  el: \".swiper-pagination-block_d55e40594795123c5c46348eae8de2c7\",\n                },\n            });\n        }\n    <\/script>\n    \n    \n<\/section>\n\n\n<div id=\"section-block_8b48ce8431d6fa5d53375573f4dd3a36\" class=\"wavegarden-advanced-chess-visual-content-block\" style=\"background-color: rgb(255,255,255)\">\n  \n\n<h2 class=\"wp-block-heading\">S\u00e9curit\u00e9 des surfeurs<\/h2>\n\n\n\n<p>De plus, nous offrons la possibilit\u00e9 de placer des rembourrages au sol, d\u2019augmenter les profondeurs des zones o\u00f9 les gens tombent le plus souvent, d\u2019utiliser des surfaces antid\u00e9rapantes etc.<\/p>\n\n\n\n<p>L\u2019un des gros avantages d\u2019une installation Wavegarden est qu\u2019elle cr\u00e9e un environnement contr\u00f4l\u00e9 en termes de profondeur d\u2019eau ainsi que de la taille et la fr\u00e9quence des vagues. Il n\u2019y a pas d\u2019\u00e9l\u00e9ments dangereux tels que des courants incontr\u00f4l\u00e9s, des coraux, des rochers cach\u00e9s ou de la animaux.<\/p>\n\n\n\n<p>Wavegarden est accessible \u00e0 toutes et \u00e0 tous. Il n\u2019est pas n\u00e9cessaire d\u2019avoir d\u2019exp\u00e9rience en surf, savoir nager et \u00eatre \u00e0 l\u2019aise dans l\u2019eau suffit.<\/p>\n\n\n<\/div>\n\n  <\/div>\n<\/section>\n\n\n<style>\n  body:not(.wp-admin) .advanced-chess-wrapper,\n  body.wp-admin .advanced-chess-wrapper > .block-editor-inner-blocks > .block-editor-block-list__layout {\n    display: flex;\n    flex-wrap: wrap;\n    max-width: 1440px;\n    margin-left: auto;\n    margin-right: auto;\n  }\n  body:not(.wp-admin) .advanced-chess-wrapper > *,\n  body.wp-admin .advanced-chess-wrapper > .block-editor-inner-blocks > .block-editor-block-list__layout > * {\n    overflow: hidden;\n    margin: 0;\n  }\n\n  body.wp-admin .block-editor-block-list__block.wp-block.wp-block-acf-wavegarden-advanced-chess {\n    width: 100%;\n    max-width: 1440px;\n  }\n\n  @media (min-width: 1024px){\n    body:not(.wp-admin) .advanced-chess-wrapper > *,\n    body.wp-admin .advanced-chess-wrapper > .block-editor-inner-blocks > .block-editor-block-list__layout > * {\n      width: 50%;\n      overflow: hidden;\n    }\n  }\n\n  @media (max-width: 1023px){\n                body:not(.wp-admin) #section-block_f14cb04a490001bde1cb827a5114aac2 .advanced-chess-wrapper > *:nth-child(1),\n            body.wp-admin #section-block_f14cb04a490001bde1cb827a5114aac2 .advanced-chess-wrapper > .block-editor-inner-blocks > .block-editor-block-list__layout > * :nth-child(1) {\n              order: 1;\n            }\n                    body:not(.wp-admin) #section-block_f14cb04a490001bde1cb827a5114aac2 .advanced-chess-wrapper > *:nth-child(2),\n            body.wp-admin #section-block_f14cb04a490001bde1cb827a5114aac2 .advanced-chess-wrapper > .block-editor-inner-blocks > .block-editor-block-list__layout > * :nth-child(2) {\n              order: 0;\n            }\n                    body:not(.wp-admin) #section-block_f14cb04a490001bde1cb827a5114aac2 .advanced-chess-wrapper > *:nth-child(3),\n            body.wp-admin #section-block_f14cb04a490001bde1cb827a5114aac2 .advanced-chess-wrapper > .block-editor-inner-blocks > .block-editor-block-list__layout > * :nth-child(3) {\n              order: 2;\n            }\n                    body:not(.wp-admin) #section-block_f14cb04a490001bde1cb827a5114aac2 .advanced-chess-wrapper > *:nth-child(4),\n            body.wp-admin #section-block_f14cb04a490001bde1cb827a5114aac2 .advanced-chess-wrapper > .block-editor-inner-blocks > .block-editor-block-list__layout > * :nth-child(4) {\n              order: 3;\n            }\n          }\n\n  \/** Visual content *\/\n  .wp-block-acf-wavegarden-advanced-chess-visual-content-block > div:not(.swiper-pagination-bullets ),\n  .wp-block-acf-wavegarden-advanced-chess-visual-content-block section,\n  .advanced-chess-wrapper .main-gallery .container .swiper-gallery .swiper-wrapper .card-image a,\n  .advanced-chess-wrapper .main-gallery .container .swiper-gallery .swiper-wrapper .card-image,\n  .advanced-chess-wrapper .main-gallery .container .swiper-gallery .swiper-wrapper,\n  .advanced-chess-wrapper .main-gallery .container .swiper-gallery,\n  .advanced-chess-wrapper .main-gallery .container,\n  .advanced-chess-wrapper .main-gallery {\n    height: 100%;\n  }\n\n  @supports ((-o-object-fit:cover) or (object-fit:cover)){\n    .inline-pics__item {\n      height: auto;\n    }\n    .inline-pics__item img {\n      min-width: none;\n      min-height: none;\n      max-width: 100%;\n      max-height: 100%;\n      top: 0;\n      left: 0;\n      -webkit-transform: none;\n      transform: none;\n      -o-object-fit: cover;\n      object-fit: cover;\n      display: block;\n    }\n  }\n\n  .inline-pics__item {\n    display: block;\n    position: relative;\n    overflow: hidden;\n    width: 100%;\n    height: auto;\n    \/* margin: 0 0 10px; 16\/09\/2024 *\/\n    margin: 0;\n  }\n\n  .inline-pics__item:before {\n    content: \"\";\n    display: block;\n    padding-top: 66.7%;\n  }\n\n  .inline-pics__item img {\n    position: absolute;\n    top: 50%;\n    left: 50%;\n    -webkit-transform: translate(-50%,-50%);\n    transform: translate(-50%,-50%);\n    display: block;\n    max-width: none;\n    max-height: none;\n    width: 101%;\n    height: 101%;\n    min-height: 100%;\n    min-width: 100%;\n  }\n\n  body.wp-admin a.inline-pics__item {\n    pointer-events: none;\n  }\n\n  body:not(.wp-admin) .advanced-chess-wrapper .main-gallery .container{\n    position: relative;\n  }\n\n  .swiper-horizontal>.swiper-pagination-bullets,\n  .swiper-pagination-bullets.swiper-pagination-horizontal {\n    position: absolute;\n    bottom: 20px;\n    z-index: 10;\n    display: flex;\n    justify-content: center;\n  }\n\n  body:not(.wp-admin) .wavegarden-advanced-chess-gutenberg-content-block span.dashicons-edit {\n    display: none;\n  }\n\n  body.wp-admin .wp-block-acf-wavegarden-advanced-chess-visual-content-block .acf-block-component > div ,\n  body.wp-admin .wp-block-acf-wavegarden-advanced-chess-visual-content-block .acf-block-component > div > .acf-block-preview {\n    height: 100%;\n  }\n\n  body.wp-admin .wavegarden-advanced-chess-gutenberg-content-block span.dashicons-edit {\n    position: absolute;\n    background: white;\n    padding: 15px;\n    z-index: 10;\n    border: solid 1px black;\n  }\n\n\n  body.wp-admin .wp-block-acf-wavegarden-advanced-chess-gutenberg-content-block,\n    body:not(.wp-admin) .wavegarden-advanced-chess-gutenberg-content-block {\n      \/*aspect-ratio: 1\/1; 16\/09\/2024 *\/\n      aspect-ratio: 1\/1;\n    }\n\n  @media (max-width: 1023px){\n    body.wp-admin .wp-block-acf-wavegarden-advanced-chess-gutenberg-content-block,\n    body:not(.wp-admin) .wavegarden-advanced-chess-gutenberg-content-block {\n      aspect-ratio: 1\/1;\n      width: 100%;\n      \/* max-width: 500px; 16\/09\/2024 *\/\n      max-height: 90vh;\n      margin: auto;\n    }\n  }\n\n  .swiper-slide {\n    overflow: hidden;\n  }\n\n  .media__video {\n    padding: 0;\n  }\n\n  .media__video svg {\n    position: absolute;\n    bottom: 50%;\n    right: 50%;\n    transform: translate(50%, 50%);\n    background: radial-gradient(circle, rgba(255,255,255,1) 0%, rgba(255,255,255,0.500437675070028) 25%, rgba(255,255,255,0) 75%);\n  }\n\n  .block-editor-page .swiper-slide .wg-video-embed img,\n  .block-editor-page .swiper-slide .wg-video-embed video {\n    max-width: unset;\n    object-fit: cover;\n    min-width: 100%;\n    min-height: 100%;\n    position: absolute;\n    top: 50%;\n    left: 50%;\n    transform: translate(-50%, -50%);\n  }\n\n  .advanced-chess-wrapper .swiper-slide .wg-video-embed video {\n    width: 100%;\n    height: 100%;\n  }\n\n  .block-editor-page .swiper-slide .wg-video-embed {\n    margin: 0;\n  }\n\n  .block-editor-page .swiper-slide .wg-video-embed svg {\n    bottom: 5px;\n    right: 10px;\n    position: absolute;\n  }\n  \n  .swiper-slide .wg-video-embed:hover svg {\n    background: radial-gradient(circle, rgba(0,0,0,1) 0%, rgba(0,0,0,0.500437675070028) 25%, rgba(0,0,0,0) 75%);\n  }\n\n  .swiper-slide .wg-video-embed:hover svg g {\n    fill: white;\n  }\n\n  \/** Gutenberg content *\/\n   .wavegarden-advanced-chess-visual-content-block {\n    display: flex;\n    flex-direction: column;\n    justify-content: center;\n    padding: 50px;\n  }\n<\/style>","protected":false},"excerpt":{"rendered":"<p>Certificats de s\u00e9curit\u00e9 mondiaux Le Wavegarden Cove est conforme aux dispositions d\u2019un large \u00e9ventail de directives et de normes reconnues. La conception de la machine a \u00e9t\u00e9 audit\u00e9e avec succ\u00e8s par T\u00dcV Rheinland (certificateur leader mondial pour la pr\u00e9vention des risques) afin de garantir sa conformit\u00e9 face aux directives et normes de s\u00e9curit\u00e9 en vigueur. [&hellip;]<\/p>\n","protected":false},"author":4,"featured_media":13827,"parent":14162,"menu_order":0,"comment_status":"closed","ping_status":"closed","template":"pages\/cove.php","meta":{"_acf_changed":false,"footnotes":""},"class_list":["post-14174","page","type-page","status-publish","has-post-thumbnail","hentry"],"acf":[],"yoast_head":"<!-- This site is optimized with the Yoast SEO plugin v27.2 - https:\/\/yoast.com\/product\/yoast-seo-wordpress\/ -->\n<title>S\u00e9curit\u00e9 - Wavegarden<\/title>\n<meta name=\"robots\" content=\"index, follow, max-snippet:-1, max-image-preview:large, max-video-preview:-1\" \/>\n<link rel=\"canonical\" href=\"https:\/\/wavegarden.com\/fr\/wavegarden-cove\/securite\/\" \/>\n<meta property=\"og:locale\" content=\"fr_FR\" \/>\n<meta property=\"og:type\" content=\"article\" \/>\n<meta property=\"og:title\" content=\"S\u00e9curit\u00e9 - Wavegarden\" \/>\n<meta property=\"og:description\" content=\"Certificats de s\u00e9curit\u00e9 mondiaux Le Wavegarden Cove est conforme aux dispositions d\u2019un large \u00e9ventail de directives et de normes reconnues. La conception de la machine a \u00e9t\u00e9 audit\u00e9e avec succ\u00e8s par T\u00dcV Rheinland (certificateur leader mondial pour la pr\u00e9vention des risques) afin de garantir sa conformit\u00e9 face aux directives et normes de s\u00e9curit\u00e9 en vigueur. [&hellip;]\" \/>\n<meta property=\"og:url\" content=\"https:\/\/wavegarden.com\/fr\/wavegarden-cove\/securite\/\" \/>\n<meta property=\"og:site_name\" content=\"Wavegarden\" \/>\n<meta property=\"article:publisher\" content=\"http:\/\/www.facebook.com\/Wavegarden\" \/>\n<meta property=\"article:modified_time\" content=\"2022-10-18T15:02:15+00:00\" \/>\n<meta property=\"og:image\" content=\"https:\/\/wavegarden.com\/wp-content\/uploads\/2022\/09\/IMG_0939-scaled.jpg\" \/>\n\t<meta property=\"og:image:width\" content=\"2560\" \/>\n\t<meta property=\"og:image:height\" content=\"2000\" \/>\n\t<meta property=\"og:image:type\" content=\"image\/jpeg\" \/>\n<meta name=\"twitter:card\" content=\"summary_large_image\" \/>\n<meta name=\"twitter:site\" content=\"@wavegarden\" \/>\n<meta name=\"twitter:label1\" content=\"Dur\u00e9e de lecture estim\u00e9e\" \/>\n\t<meta name=\"twitter:data1\" content=\"2 minutes\" \/>\n<script type=\"application\/ld+json\" class=\"yoast-schema-graph\">{\"@context\":\"https:\/\/schema.org\",\"@graph\":[{\"@type\":\"WebPage\",\"@id\":\"https:\/\/wavegarden.com\/fr\/wavegarden-cove\/securite\/\",\"url\":\"https:\/\/wavegarden.com\/fr\/wavegarden-cove\/securite\/\",\"name\":\"S\u00e9curit\u00e9 - Wavegarden\",\"isPartOf\":{\"@id\":\"https:\/\/wavegarden.com\/de\/#website\"},\"primaryImageOfPage\":{\"@id\":\"https:\/\/wavegarden.com\/fr\/wavegarden-cove\/securite\/#primaryimage\"},\"image\":{\"@id\":\"https:\/\/wavegarden.com\/fr\/wavegarden-cove\/securite\/#primaryimage\"},\"thumbnailUrl\":\"https:\/\/wavegarden.com\/wp-content\/uploads\/2022\/09\/IMG_0939-scaled.jpg\",\"datePublished\":\"2022-10-17T10:01:54+00:00\",\"dateModified\":\"2022-10-18T15:02:15+00:00\",\"breadcrumb\":{\"@id\":\"https:\/\/wavegarden.com\/fr\/wavegarden-cove\/securite\/#breadcrumb\"},\"inLanguage\":\"fr-FR\",\"potentialAction\":[{\"@type\":\"ReadAction\",\"target\":[\"https:\/\/wavegarden.com\/fr\/wavegarden-cove\/securite\/\"]}]},{\"@type\":\"ImageObject\",\"inLanguage\":\"fr-FR\",\"@id\":\"https:\/\/wavegarden.com\/fr\/wavegarden-cove\/securite\/#primaryimage\",\"url\":\"https:\/\/wavegarden.com\/wp-content\/uploads\/2022\/09\/IMG_0939-scaled.jpg\",\"contentUrl\":\"https:\/\/wavegarden.com\/wp-content\/uploads\/2022\/09\/IMG_0939-scaled.jpg\",\"width\":2560,\"height\":2000},{\"@type\":\"BreadcrumbList\",\"@id\":\"https:\/\/wavegarden.com\/fr\/wavegarden-cove\/securite\/#breadcrumb\",\"itemListElement\":[{\"@type\":\"ListItem\",\"position\":1,\"name\":\"Home\",\"item\":\"https:\/\/wavegarden.com\/fr\/new-home\/\"},{\"@type\":\"ListItem\",\"position\":2,\"name\":\"Wavegarden Cove\",\"item\":\"https:\/\/wavegarden.com\/fr\/wavegarden-cove\/\"},{\"@type\":\"ListItem\",\"position\":3,\"name\":\"S\u00e9curit\u00e9\"}]},{\"@type\":\"WebSite\",\"@id\":\"https:\/\/wavegarden.com\/de\/#website\",\"url\":\"https:\/\/wavegarden.com\/de\/\",\"name\":\"Wavegarden\",\"description\":\"\",\"publisher\":{\"@id\":\"https:\/\/wavegarden.com\/de\/#organization\"},\"potentialAction\":[{\"@type\":\"SearchAction\",\"target\":{\"@type\":\"EntryPoint\",\"urlTemplate\":\"https:\/\/wavegarden.com\/de\/?s={search_term_string}\"},\"query-input\":{\"@type\":\"PropertyValueSpecification\",\"valueRequired\":true,\"valueName\":\"search_term_string\"}}],\"inLanguage\":\"fr-FR\"},{\"@type\":\"Organization\",\"@id\":\"https:\/\/wavegarden.com\/de\/#organization\",\"name\":\"Wavegarden\",\"alternateName\":\"Wavegarden\",\"url\":\"https:\/\/wavegarden.com\/de\/\",\"logo\":{\"@type\":\"ImageObject\",\"inLanguage\":\"fr-FR\",\"@id\":\"https:\/\/wavegarden.com\/de\/#\/schema\/logo\/image\/\",\"url\":\"https:\/\/wavegarden.com\/wp-content\/uploads\/2024\/06\/logo-wavegarden.png\",\"contentUrl\":\"https:\/\/wavegarden.com\/wp-content\/uploads\/2024\/06\/logo-wavegarden.png\",\"width\":692,\"height\":292,\"caption\":\"Wavegarden\"},\"image\":{\"@id\":\"https:\/\/wavegarden.com\/de\/#\/schema\/logo\/image\/\"},\"sameAs\":[\"http:\/\/www.facebook.com\/Wavegarden\",\"https:\/\/x.com\/wavegarden\",\"https:\/\/www.instagram.com\/wavegarden_official\/\",\"https:\/\/www.linkedin.com\/company\/wavegarden\/\",\"https:\/\/www.youtube.com\/@WavegardenOfficial\"]}]}<\/script>\n<!-- \/ Yoast SEO plugin. -->","yoast_head_json":{"title":"S\u00e9curit\u00e9 - Wavegarden","robots":{"index":"index","follow":"follow","max-snippet":"max-snippet:-1","max-image-preview":"max-image-preview:large","max-video-preview":"max-video-preview:-1"},"canonical":"https:\/\/wavegarden.com\/fr\/wavegarden-cove\/securite\/","og_locale":"fr_FR","og_type":"article","og_title":"S\u00e9curit\u00e9 - Wavegarden","og_description":"Certificats de s\u00e9curit\u00e9 mondiaux Le Wavegarden Cove est conforme aux dispositions d\u2019un large \u00e9ventail de directives et de normes reconnues. La conception de la machine a \u00e9t\u00e9 audit\u00e9e avec succ\u00e8s par T\u00dcV Rheinland (certificateur leader mondial pour la pr\u00e9vention des risques) afin de garantir sa conformit\u00e9 face aux directives et normes de s\u00e9curit\u00e9 en vigueur. [&hellip;]","og_url":"https:\/\/wavegarden.com\/fr\/wavegarden-cove\/securite\/","og_site_name":"Wavegarden","article_publisher":"http:\/\/www.facebook.com\/Wavegarden","article_modified_time":"2022-10-18T15:02:15+00:00","og_image":[{"width":2560,"height":2000,"url":"https:\/\/wavegarden.com\/wp-content\/uploads\/2022\/09\/IMG_0939-scaled.jpg","type":"image\/jpeg"}],"twitter_card":"summary_large_image","twitter_site":"@wavegarden","twitter_misc":{"Dur\u00e9e de lecture estim\u00e9e":"2 minutes"},"schema":{"@context":"https:\/\/schema.org","@graph":[{"@type":"WebPage","@id":"https:\/\/wavegarden.com\/fr\/wavegarden-cove\/securite\/","url":"https:\/\/wavegarden.com\/fr\/wavegarden-cove\/securite\/","name":"S\u00e9curit\u00e9 - Wavegarden","isPartOf":{"@id":"https:\/\/wavegarden.com\/de\/#website"},"primaryImageOfPage":{"@id":"https:\/\/wavegarden.com\/fr\/wavegarden-cove\/securite\/#primaryimage"},"image":{"@id":"https:\/\/wavegarden.com\/fr\/wavegarden-cove\/securite\/#primaryimage"},"thumbnailUrl":"https:\/\/wavegarden.com\/wp-content\/uploads\/2022\/09\/IMG_0939-scaled.jpg","datePublished":"2022-10-17T10:01:54+00:00","dateModified":"2022-10-18T15:02:15+00:00","breadcrumb":{"@id":"https:\/\/wavegarden.com\/fr\/wavegarden-cove\/securite\/#breadcrumb"},"inLanguage":"fr-FR","potentialAction":[{"@type":"ReadAction","target":["https:\/\/wavegarden.com\/fr\/wavegarden-cove\/securite\/"]}]},{"@type":"ImageObject","inLanguage":"fr-FR","@id":"https:\/\/wavegarden.com\/fr\/wavegarden-cove\/securite\/#primaryimage","url":"https:\/\/wavegarden.com\/wp-content\/uploads\/2022\/09\/IMG_0939-scaled.jpg","contentUrl":"https:\/\/wavegarden.com\/wp-content\/uploads\/2022\/09\/IMG_0939-scaled.jpg","width":2560,"height":2000},{"@type":"BreadcrumbList","@id":"https:\/\/wavegarden.com\/fr\/wavegarden-cove\/securite\/#breadcrumb","itemListElement":[{"@type":"ListItem","position":1,"name":"Home","item":"https:\/\/wavegarden.com\/fr\/new-home\/"},{"@type":"ListItem","position":2,"name":"Wavegarden Cove","item":"https:\/\/wavegarden.com\/fr\/wavegarden-cove\/"},{"@type":"ListItem","position":3,"name":"S\u00e9curit\u00e9"}]},{"@type":"WebSite","@id":"https:\/\/wavegarden.com\/de\/#website","url":"https:\/\/wavegarden.com\/de\/","name":"Wavegarden","description":"","publisher":{"@id":"https:\/\/wavegarden.com\/de\/#organization"},"potentialAction":[{"@type":"SearchAction","target":{"@type":"EntryPoint","urlTemplate":"https:\/\/wavegarden.com\/de\/?s={search_term_string}"},"query-input":{"@type":"PropertyValueSpecification","valueRequired":true,"valueName":"search_term_string"}}],"inLanguage":"fr-FR"},{"@type":"Organization","@id":"https:\/\/wavegarden.com\/de\/#organization","name":"Wavegarden","alternateName":"Wavegarden","url":"https:\/\/wavegarden.com\/de\/","logo":{"@type":"ImageObject","inLanguage":"fr-FR","@id":"https:\/\/wavegarden.com\/de\/#\/schema\/logo\/image\/","url":"https:\/\/wavegarden.com\/wp-content\/uploads\/2024\/06\/logo-wavegarden.png","contentUrl":"https:\/\/wavegarden.com\/wp-content\/uploads\/2024\/06\/logo-wavegarden.png","width":692,"height":292,"caption":"Wavegarden"},"image":{"@id":"https:\/\/wavegarden.com\/de\/#\/schema\/logo\/image\/"},"sameAs":["http:\/\/www.facebook.com\/Wavegarden","https:\/\/x.com\/wavegarden","https:\/\/www.instagram.com\/wavegarden_official\/","https:\/\/www.linkedin.com\/company\/wavegarden\/","https:\/\/www.youtube.com\/@WavegardenOfficial"]}]}},"_links":{"self":[{"href":"https:\/\/wavegarden.com\/fr\/wp-json\/wp\/v2\/pages\/14174","targetHints":{"allow":["GET"]}}],"collection":[{"href":"https:\/\/wavegarden.com\/fr\/wp-json\/wp\/v2\/pages"}],"about":[{"href":"https:\/\/wavegarden.com\/fr\/wp-json\/wp\/v2\/types\/page"}],"author":[{"embeddable":true,"href":"https:\/\/wavegarden.com\/fr\/wp-json\/wp\/v2\/users\/4"}],"replies":[{"embeddable":true,"href":"https:\/\/wavegarden.com\/fr\/wp-json\/wp\/v2\/comments?post=14174"}],"version-history":[{"count":6,"href":"https:\/\/wavegarden.com\/fr\/wp-json\/wp\/v2\/pages\/14174\/revisions"}],"predecessor-version":[{"id":14948,"href":"https:\/\/wavegarden.com\/fr\/wp-json\/wp\/v2\/pages\/14174\/revisions\/14948"}],"up":[{"embeddable":true,"href":"https:\/\/wavegarden.com\/fr\/wp-json\/wp\/v2\/pages\/14162"}],"wp:featuredmedia":[{"embeddable":true,"href":"https:\/\/wavegarden.com\/fr\/wp-json\/wp\/v2\/media\/13827"}],"wp:attachment":[{"href":"https:\/\/wavegarden.com\/fr\/wp-json\/wp\/v2\/media?parent=14174"}],"curies":[{"name":"wp","href":"https:\/\/api.w.org\/{rel}","templated":true}]}}