{"id":12095,"date":"2022-08-12T19:02:00","date_gmt":"2022-08-12T17:02:00","guid":{"rendered":"https:\/\/wavegarden.com\/?page_id=12095"},"modified":"2025-10-10T12:40:37","modified_gmt":"2025-10-10T10:40:37","slug":"empreinte-carbone","status":"publish","type":"page","link":"https:\/\/wavegarden.com\/fr\/empreinte-carbone\/","title":{"rendered":"Empreinte carbone"},"content":{"rendered":"\n<figure class=\"wp-block-image alignfull size-full\"><img decoding=\"async\" width=\"2560\" height=\"800\" src=\"https:\/\/wavegarden.com\/wp-content\/uploads\/2022\/10\/Ilustracion-web-scaled.jpg\" alt=\"\" class=\"wp-image-15042\" srcset=\"https:\/\/wavegarden.com\/wp-content\/uploads\/2022\/10\/Ilustracion-web-scaled.jpg 2560w, https:\/\/wavegarden.com\/wp-content\/uploads\/2022\/10\/Ilustracion-web-300x94.jpg 300w, https:\/\/wavegarden.com\/wp-content\/uploads\/2022\/10\/Ilustracion-web-1024x320.jpg 1024w, https:\/\/wavegarden.com\/wp-content\/uploads\/2022\/10\/Ilustracion-web-768x240.jpg 768w, https:\/\/wavegarden.com\/wp-content\/uploads\/2022\/10\/Ilustracion-web-1536x480.jpg 1536w, https:\/\/wavegarden.com\/wp-content\/uploads\/2022\/10\/Ilustracion-web-2048x640.jpg 2048w, https:\/\/wavegarden.com\/wp-content\/uploads\/2022\/10\/Ilustracion-web-800x250.jpg 800w\" sizes=\"(max-width: 2560px) 100vw, 2560px\" \/><\/figure>\n\n<h1 class=\"wp-block-heading has-text-align-center page-header__article__title\">Empreinte carbone<\/h1>\n\n<p>Wavegarden s&rsquo;engage \u00e0 compenser l&#8217;empreinte carbone de la fabrication des machines pour \u00eatre neutre en carbone pour les ann\u00e9es \u00e0 venir.<\/p>\n\n<h5 class=\"wp-block-heading has-text-align-left\">Comparaison de la consommation de C02 d&rsquo;un Wavegarden Cove par rapport \u00e0 un trajet \u00e0 la plage en voiture<\/h5>\n\n<p class=\"has-text-align-left\">Afin d\u2019\u00e9valuer la distance \u00e0 laquelle surfer dans un Wavegarden a la plus faible empreinte carbone, nous avons consid\u00e9r\u00e9 l\u2019endroit o\u00f9 votre maison devrait se situer par rapport \u00e0 votre plage favorite et au Wavegarden le plus proche. <\/p>\n\n<p class=\"has-text-align-left\">Ce calcul est bas\u00e9 sur les hypoth\u00e8ses suivantes:<\/p>\n\n<ul class=\"wp-block-list\">\n<li>Votre voiture est un v\u00e9hicule utilitaire et vous voyagez seul.<\/li>\n\n\n\n<li>Vous passez une heure et demie \u00e0 surfer \u00e0 Wavegarden Lagoon.<\/li>\n<\/ul>\n\n\n\n<p class=\"has-text-align-left\">Il s\u2019agit d\u2019un calcul approximatif et ne repose que sur l\u2019\u00e9nergie directe utilis\u00e9e par la voiture et le g\u00e9n\u00e9rateur de vagues. Il ne prend pas en compte l\u2019\u00e9nergie utilis\u00e9e pour construire le lagon Wavegarden, les routes, ou la voiture elle-m\u00eame.<\/p>\n\n<p class=\"has-text-align-left\">L\u2019\u00e9tude montre que votre empreinte carbone serait moindre si vous surfiez au Wavegarden, \u00e0 condition qu\u2019il soit plus proche de chez vous d\u2019au moins un quart d\u2019heure que votre plage pr\u00e9f\u00e9r\u00e9e.<\/p>\n\n<figure class=\"wp-block-table aligncenter\"><table><thead><tr><th class=\"has-text-align-left\" data-align=\"left\">Wavegarden Cove<\/th><th class=\"has-text-align-right\" data-align=\"right\"><\/th><\/tr><\/thead><tbody><tr><td class=\"has-text-align-left\" data-align=\"left\">Energie consomm\u00e9e par WG par heure (kWh\/h)\t<\/td><td class=\"has-text-align-right\" data-align=\"right\">450 kWh<\/td><\/tr><tr><td class=\"has-text-align-left\" data-align=\"left\">N\u00ba of surfers per hour<\/td><td class=\"has-text-align-right\" data-align=\"right\">80<\/td><\/tr><tr><td class=\"has-text-align-left\" data-align=\"left\">Energie \u00e9mise par WG par heure par surfeur (kWh\/h)\t<\/td><td class=\"has-text-align-right\" data-align=\"right\">5,625 kWh<\/td><\/tr><tr><td class=\"has-text-align-left\" data-align=\"left\">Emissions de CO2 par session et par personne au WG (kg)\t<\/td><td class=\"has-text-align-right\" data-align=\"right\">1.74 kg<\/td><\/tr><\/tbody><\/table><\/figure>\n\n<figure class=\"wp-block-table aligncenter\"><table><thead><tr><th class=\"has-text-align-left\" data-align=\"left\">Voiture<\/th><th class=\"has-text-align-right\" data-align=\"right\"><\/th><\/tr><\/thead><tbody><tr><td class=\"has-text-align-left\" data-align=\"left\">Consommation d\u2019essence par voiture \u00e0 100km\/h (l)\t<\/td><td class=\"has-text-align-right\" data-align=\"right\">6,00 l<\/td><\/tr><tr><td class=\"has-text-align-left\" data-align=\"left\">Nombre de personnes par voiture\t<\/td><td class=\"has-text-align-right\" data-align=\"right\">1<\/td><\/tr><tr><td class=\"has-text-align-left\" data-align=\"left\">Emissions de CO2 par heure et par personne dans une voiture roulant \u00e0 l\u2019essence (kg)\t<\/td><td class=\"has-text-align-right\" data-align=\"right\">14.35 kg<\/td><\/tr><\/tbody><\/table><\/figure>\n\n<figure class=\"wp-block-table aligncenter\"><table><thead><tr><th class=\"has-text-align-left\" data-align=\"left\">Distance de voiture \u00e9gale au CO2<\/th><th class=\"has-text-align-right\" data-align=\"right\"><\/th><\/tr><\/thead><tbody><tr><td class=\"has-text-align-left\" data-align=\"left\">Minutes de voiture par section (aller-retour) pour correspondre aux \u00e9missions de CO2 d\u2019une session WG par personne<\/td><td class=\"has-text-align-right\" data-align=\"right\"> <strong> <\/strong>24<\/td><\/tr><tr><td class=\"has-text-align-left\" data-align=\"left\">Minutes de voiture par section (aller-retour) pour correspondre aux \u00e9missions de CO2 lors de la session Wavegarden par personne<\/td><td class=\"has-text-align-right\" data-align=\"right\">  12<\/td><\/tr><\/tbody><\/table><\/figure>\n\n<div style=\"height:50px\" aria-hidden=\"true\" class=\"wp-block-spacer\"><\/div>\n\n<figure class=\"wp-block-image alignwide size-full\"><img decoding=\"async\" width=\"2560\" height=\"1442\" src=\"https:\/\/wavegarden.com\/wp-content\/uploads\/2022\/10\/Ilustracion-web-2-scaled.jpg\" alt=\"\" class=\"wp-image-15048\" srcset=\"https:\/\/wavegarden.com\/wp-content\/uploads\/2022\/10\/Ilustracion-web-2-scaled.jpg 2560w, https:\/\/wavegarden.com\/wp-content\/uploads\/2022\/10\/Ilustracion-web-2-300x169.jpg 300w, https:\/\/wavegarden.com\/wp-content\/uploads\/2022\/10\/Ilustracion-web-2-1024x577.jpg 1024w, https:\/\/wavegarden.com\/wp-content\/uploads\/2022\/10\/Ilustracion-web-2-768x433.jpg 768w, https:\/\/wavegarden.com\/wp-content\/uploads\/2022\/10\/Ilustracion-web-2-1536x865.jpg 1536w, https:\/\/wavegarden.com\/wp-content\/uploads\/2022\/10\/Ilustracion-web-2-2048x1154.jpg 2048w, https:\/\/wavegarden.com\/wp-content\/uploads\/2022\/10\/Ilustracion-web-2-800x451.jpg 800w\" sizes=\"(max-width: 2560px) 100vw, 2560px\" \/><\/figure>\n\n<h3 class=\"wp-block-heading has-text-align-left\"><strong>Moins de carbone, plus de surf<\/strong><\/h3>\n\n<p><strong>Faites l&rsquo;exp\u00e9rience d&rsquo;un voyage de surf alternatif sans quitter votre pays avec Wavegarden !<\/strong><\/p>\n\n<p>Un Wavegarden est une tr\u00e8s bonne alternative aux voyages \u00e0 l\u2019\u00e9tranger destin\u00e9s \u00e0 la recherche de belles vagues. Les installations de Wavegarden offrent une solution durable et pratique, r\u00e9duisant la n\u00e9cessit\u00e9 de voyager en avion pour profiter d&rsquo;un s\u00e9jour de surf. Ce fait contribue directement \u00e0 une r\u00e9duction significative de l&#8217;empreinte carbone g\u00e9n\u00e9r\u00e9e par les voyages de surf, en particulier les voyages en avion.<\/p>\n\n<p>L&rsquo;engagement de Wavegarden en faveur du d\u00e9veloppement durable s&rsquo;\u00e9tend \u00e0 la minimisation de la consommation d&rsquo;\u00e9nergie, ce qui permet de r\u00e9duire les \u00e9missions de CO2 pendant les sessions de surf.<\/p>\n\n<p>Par exemple, un Wavegarden Cove en Suisse consommerait moins de 450 kWh au cours d&rsquo;une session d&rsquo;une heure avec une moyenne de 88 surfeurs, ce qui se traduirait par des \u00e9missions de carbone \u00e9quivalentes \u00e0 50,75 kg de CO2 ou 0,63 kg de CO2 par session et par personne.<\/p>\n\n<div style=\"height:50px\" aria-hidden=\"true\" class=\"wp-block-spacer\"><\/div>\n\n<div class=\"wp-block-columns is-layout-flex wp-container-core-columns-is-layout-9d6595d7 wp-block-columns-is-layout-flex\">\n<div class=\"wp-block-column is-layout-flow wp-block-column-is-layout-flow\" style=\"flex-basis:25%\"><\/div>\n\n\n\n<div class=\"wp-block-column is-layout-flow wp-block-column-is-layout-flow\" style=\"flex-basis:50%\">\n<figure class=\"wp-block-image size-full\"><img decoding=\"async\" width=\"54\" height=\"54\" src=\"https:\/\/wavegarden.com\/wp-content\/uploads\/2022\/06\/iconos-ventajas_Mesa-de-trabajo-1.png\" alt=\"\" class=\"wp-image-8836\"\/><\/figure>\n\n\n\n<div style=\"height:20px\" aria-hidden=\"true\" class=\"wp-block-spacer\"><\/div>\n\n\n\n<p>Un voyage aller-retour en avion de la Suisse \u00e0 Bali \u00e9met environ 800 000 kg de CO2 (pour 246 passagers). Cela \u00e9quivaut \u00e0 un Wavegarden fonctionnant pendant 1 970 jours (8 heures par jour).<\/p>\n<\/div>\n\n\n\n<div class=\"wp-block-column is-layout-flow wp-block-column-is-layout-flow\" style=\"flex-basis:50%\">\n<figure class=\"wp-block-image size-full\"><img decoding=\"async\" width=\"54\" height=\"54\" src=\"https:\/\/wavegarden.com\/wp-content\/uploads\/2022\/06\/iconos-ventajas_Mesa-de-trabajo-1.png\" alt=\"\" class=\"wp-image-8836\"\/><\/figure>\n\n\n\n<div style=\"height:20px\" aria-hidden=\"true\" class=\"wp-block-spacer\"><\/div>\n\n\n\n<p>Chaque passager voyageant en avion de la Suisse \u00e0 Bali \u00e9met 3&rsquo;252 kg CO2eq (aller-retour), ce qui \u00e9quivaut \u00e0 5&rsquo;638 s\u00e9ances de Wavegarden par personne.<\/p>\n<\/div>\n\n\n\n<div class=\"wp-block-column is-layout-flow wp-block-column-is-layout-flow\" style=\"flex-basis:25%\"><\/div>\n<\/div>\n\n<div style=\"height:50px\" aria-hidden=\"true\" class=\"wp-block-spacer\"><\/div>\n","protected":false},"excerpt":{"rendered":"<p>Empreinte carbone Wavegarden s&rsquo;engage \u00e0 compenser l&#8217;empreinte carbone de la fabrication des machines pour \u00eatre neutre en carbone pour les ann\u00e9es \u00e0 venir. Comparaison de la consommation de C02 d&rsquo;un Wavegarden Cove par rapport \u00e0 un trajet \u00e0 la plage en voiture Afin d\u2019\u00e9valuer la distance \u00e0 laquelle surfer dans un Wavegarden a la plus [&hellip;]<\/p>\n","protected":false},"author":4,"featured_media":9948,"parent":0,"menu_order":0,"comment_status":"closed","ping_status":"closed","template":"","meta":{"_acf_changed":false,"footnotes":""},"class_list":["post-12095","page","type-page","status-publish","has-post-thumbnail","hentry"],"acf":[],"yoast_head":"<!-- This site is optimized with the Yoast SEO plugin v27.2 - https:\/\/yoast.com\/product\/yoast-seo-wordpress\/ -->\n<title>| Vers un surf park neutre en carbone<\/title>\n<meta name=\"description\" content=\"Chez Wavegarden, nous travaillons pour atteindre la neutralit\u00e9 carbone. D\u00e9couvrez les donn\u00e9es cl\u00e9s sur la consommation des parcs de surf Wavegarden.\" \/>\n<meta name=\"robots\" content=\"index, follow, max-snippet:-1, max-image-preview:large, max-video-preview:-1\" \/>\n<link rel=\"canonical\" href=\"https:\/\/wavegarden.com\/fr\/empreinte-carbone\/\" \/>\n<meta property=\"og:locale\" content=\"fr_FR\" \/>\n<meta property=\"og:type\" content=\"article\" \/>\n<meta property=\"og:title\" content=\"| Vers un surf park neutre en carbone\" \/>\n<meta property=\"og:description\" content=\"Chez Wavegarden, nous travaillons pour atteindre la neutralit\u00e9 carbone. D\u00e9couvrez les donn\u00e9es cl\u00e9s sur la consommation des parcs de surf Wavegarden.\" \/>\n<meta property=\"og:url\" content=\"https:\/\/wavegarden.com\/fr\/empreinte-carbone\/\" \/>\n<meta property=\"og:site_name\" content=\"Wavegarden\" \/>\n<meta property=\"article:publisher\" content=\"http:\/\/www.facebook.com\/Wavegarden\" \/>\n<meta property=\"article:modified_time\" content=\"2025-10-10T10:40:37+00:00\" \/>\n<meta property=\"og:image\" content=\"https:\/\/wavegarden.com\/wp-content\/uploads\/2022\/04\/170A6385-opt.jpg\" \/>\n\t<meta property=\"og:image:width\" content=\"2000\" \/>\n\t<meta property=\"og:image:height\" content=\"1335\" \/>\n\t<meta property=\"og:image:type\" content=\"image\/jpeg\" \/>\n<meta name=\"twitter:card\" content=\"summary_large_image\" \/>\n<meta name=\"twitter:site\" content=\"@wavegarden\" \/>\n<meta name=\"twitter:label1\" content=\"Dur\u00e9e de lecture estim\u00e9e\" \/>\n\t<meta name=\"twitter:data1\" content=\"3 minutes\" \/>\n<script type=\"application\/ld+json\" class=\"yoast-schema-graph\">{\"@context\":\"https:\/\/schema.org\",\"@graph\":[{\"@type\":\"WebPage\",\"@id\":\"https:\/\/wavegarden.com\/fr\/empreinte-carbone\/\",\"url\":\"https:\/\/wavegarden.com\/fr\/empreinte-carbone\/\",\"name\":\"| Vers un surf park neutre en carbone\",\"isPartOf\":{\"@id\":\"https:\/\/wavegarden.com\/de\/#website\"},\"primaryImageOfPage\":{\"@id\":\"https:\/\/wavegarden.com\/fr\/empreinte-carbone\/#primaryimage\"},\"image\":{\"@id\":\"https:\/\/wavegarden.com\/fr\/empreinte-carbone\/#primaryimage\"},\"thumbnailUrl\":\"https:\/\/wavegarden.com\/wp-content\/uploads\/2022\/04\/170A6385-opt.jpg\",\"datePublished\":\"2022-08-12T17:02:00+00:00\",\"dateModified\":\"2025-10-10T10:40:37+00:00\",\"description\":\"Chez Wavegarden, nous travaillons pour atteindre la neutralit\u00e9 carbone. D\u00e9couvrez les donn\u00e9es cl\u00e9s sur la consommation des parcs de surf Wavegarden.\",\"breadcrumb\":{\"@id\":\"https:\/\/wavegarden.com\/fr\/empreinte-carbone\/#breadcrumb\"},\"inLanguage\":\"fr-FR\",\"potentialAction\":[{\"@type\":\"ReadAction\",\"target\":[\"https:\/\/wavegarden.com\/fr\/empreinte-carbone\/\"]}]},{\"@type\":\"ImageObject\",\"inLanguage\":\"fr-FR\",\"@id\":\"https:\/\/wavegarden.com\/fr\/empreinte-carbone\/#primaryimage\",\"url\":\"https:\/\/wavegarden.com\/wp-content\/uploads\/2022\/04\/170A6385-opt.jpg\",\"contentUrl\":\"https:\/\/wavegarden.com\/wp-content\/uploads\/2022\/04\/170A6385-opt.jpg\",\"width\":2000,\"height\":1335},{\"@type\":\"BreadcrumbList\",\"@id\":\"https:\/\/wavegarden.com\/fr\/empreinte-carbone\/#breadcrumb\",\"itemListElement\":[{\"@type\":\"ListItem\",\"position\":1,\"name\":\"Home\",\"item\":\"https:\/\/wavegarden.com\/fr\/new-home\/\"},{\"@type\":\"ListItem\",\"position\":2,\"name\":\"Empreinte carbone\"}]},{\"@type\":\"WebSite\",\"@id\":\"https:\/\/wavegarden.com\/de\/#website\",\"url\":\"https:\/\/wavegarden.com\/de\/\",\"name\":\"Wavegarden\",\"description\":\"\",\"publisher\":{\"@id\":\"https:\/\/wavegarden.com\/de\/#organization\"},\"potentialAction\":[{\"@type\":\"SearchAction\",\"target\":{\"@type\":\"EntryPoint\",\"urlTemplate\":\"https:\/\/wavegarden.com\/de\/?s={search_term_string}\"},\"query-input\":{\"@type\":\"PropertyValueSpecification\",\"valueRequired\":true,\"valueName\":\"search_term_string\"}}],\"inLanguage\":\"fr-FR\"},{\"@type\":\"Organization\",\"@id\":\"https:\/\/wavegarden.com\/de\/#organization\",\"name\":\"Wavegarden\",\"alternateName\":\"Wavegarden\",\"url\":\"https:\/\/wavegarden.com\/de\/\",\"logo\":{\"@type\":\"ImageObject\",\"inLanguage\":\"fr-FR\",\"@id\":\"https:\/\/wavegarden.com\/de\/#\/schema\/logo\/image\/\",\"url\":\"https:\/\/wavegarden.com\/wp-content\/uploads\/2024\/06\/logo-wavegarden.png\",\"contentUrl\":\"https:\/\/wavegarden.com\/wp-content\/uploads\/2024\/06\/logo-wavegarden.png\",\"width\":692,\"height\":292,\"caption\":\"Wavegarden\"},\"image\":{\"@id\":\"https:\/\/wavegarden.com\/de\/#\/schema\/logo\/image\/\"},\"sameAs\":[\"http:\/\/www.facebook.com\/Wavegarden\",\"https:\/\/x.com\/wavegarden\",\"https:\/\/www.instagram.com\/wavegarden_official\/\",\"https:\/\/www.linkedin.com\/company\/wavegarden\/\",\"https:\/\/www.youtube.com\/@WavegardenOfficial\"]}]}<\/script>\n<!-- \/ Yoast SEO plugin. -->","yoast_head_json":{"title":"| Vers un surf park neutre en carbone","description":"Chez Wavegarden, nous travaillons pour atteindre la neutralit\u00e9 carbone. D\u00e9couvrez les donn\u00e9es cl\u00e9s sur la consommation des parcs de surf Wavegarden.","robots":{"index":"index","follow":"follow","max-snippet":"max-snippet:-1","max-image-preview":"max-image-preview:large","max-video-preview":"max-video-preview:-1"},"canonical":"https:\/\/wavegarden.com\/fr\/empreinte-carbone\/","og_locale":"fr_FR","og_type":"article","og_title":"| Vers un surf park neutre en carbone","og_description":"Chez Wavegarden, nous travaillons pour atteindre la neutralit\u00e9 carbone. D\u00e9couvrez les donn\u00e9es cl\u00e9s sur la consommation des parcs de surf Wavegarden.","og_url":"https:\/\/wavegarden.com\/fr\/empreinte-carbone\/","og_site_name":"Wavegarden","article_publisher":"http:\/\/www.facebook.com\/Wavegarden","article_modified_time":"2025-10-10T10:40:37+00:00","og_image":[{"width":2000,"height":1335,"url":"https:\/\/wavegarden.com\/wp-content\/uploads\/2022\/04\/170A6385-opt.jpg","type":"image\/jpeg"}],"twitter_card":"summary_large_image","twitter_site":"@wavegarden","twitter_misc":{"Dur\u00e9e de lecture estim\u00e9e":"3 minutes"},"schema":{"@context":"https:\/\/schema.org","@graph":[{"@type":"WebPage","@id":"https:\/\/wavegarden.com\/fr\/empreinte-carbone\/","url":"https:\/\/wavegarden.com\/fr\/empreinte-carbone\/","name":"| Vers un surf park neutre en carbone","isPartOf":{"@id":"https:\/\/wavegarden.com\/de\/#website"},"primaryImageOfPage":{"@id":"https:\/\/wavegarden.com\/fr\/empreinte-carbone\/#primaryimage"},"image":{"@id":"https:\/\/wavegarden.com\/fr\/empreinte-carbone\/#primaryimage"},"thumbnailUrl":"https:\/\/wavegarden.com\/wp-content\/uploads\/2022\/04\/170A6385-opt.jpg","datePublished":"2022-08-12T17:02:00+00:00","dateModified":"2025-10-10T10:40:37+00:00","description":"Chez Wavegarden, nous travaillons pour atteindre la neutralit\u00e9 carbone. D\u00e9couvrez les donn\u00e9es cl\u00e9s sur la consommation des parcs de surf Wavegarden.","breadcrumb":{"@id":"https:\/\/wavegarden.com\/fr\/empreinte-carbone\/#breadcrumb"},"inLanguage":"fr-FR","potentialAction":[{"@type":"ReadAction","target":["https:\/\/wavegarden.com\/fr\/empreinte-carbone\/"]}]},{"@type":"ImageObject","inLanguage":"fr-FR","@id":"https:\/\/wavegarden.com\/fr\/empreinte-carbone\/#primaryimage","url":"https:\/\/wavegarden.com\/wp-content\/uploads\/2022\/04\/170A6385-opt.jpg","contentUrl":"https:\/\/wavegarden.com\/wp-content\/uploads\/2022\/04\/170A6385-opt.jpg","width":2000,"height":1335},{"@type":"BreadcrumbList","@id":"https:\/\/wavegarden.com\/fr\/empreinte-carbone\/#breadcrumb","itemListElement":[{"@type":"ListItem","position":1,"name":"Home","item":"https:\/\/wavegarden.com\/fr\/new-home\/"},{"@type":"ListItem","position":2,"name":"Empreinte carbone"}]},{"@type":"WebSite","@id":"https:\/\/wavegarden.com\/de\/#website","url":"https:\/\/wavegarden.com\/de\/","name":"Wavegarden","description":"","publisher":{"@id":"https:\/\/wavegarden.com\/de\/#organization"},"potentialAction":[{"@type":"SearchAction","target":{"@type":"EntryPoint","urlTemplate":"https:\/\/wavegarden.com\/de\/?s={search_term_string}"},"query-input":{"@type":"PropertyValueSpecification","valueRequired":true,"valueName":"search_term_string"}}],"inLanguage":"fr-FR"},{"@type":"Organization","@id":"https:\/\/wavegarden.com\/de\/#organization","name":"Wavegarden","alternateName":"Wavegarden","url":"https:\/\/wavegarden.com\/de\/","logo":{"@type":"ImageObject","inLanguage":"fr-FR","@id":"https:\/\/wavegarden.com\/de\/#\/schema\/logo\/image\/","url":"https:\/\/wavegarden.com\/wp-content\/uploads\/2024\/06\/logo-wavegarden.png","contentUrl":"https:\/\/wavegarden.com\/wp-content\/uploads\/2024\/06\/logo-wavegarden.png","width":692,"height":292,"caption":"Wavegarden"},"image":{"@id":"https:\/\/wavegarden.com\/de\/#\/schema\/logo\/image\/"},"sameAs":["http:\/\/www.facebook.com\/Wavegarden","https:\/\/x.com\/wavegarden","https:\/\/www.instagram.com\/wavegarden_official\/","https:\/\/www.linkedin.com\/company\/wavegarden\/","https:\/\/www.youtube.com\/@WavegardenOfficial"]}]}},"_links":{"self":[{"href":"https:\/\/wavegarden.com\/fr\/wp-json\/wp\/v2\/pages\/12095","targetHints":{"allow":["GET"]}}],"collection":[{"href":"https:\/\/wavegarden.com\/fr\/wp-json\/wp\/v2\/pages"}],"about":[{"href":"https:\/\/wavegarden.com\/fr\/wp-json\/wp\/v2\/types\/page"}],"author":[{"embeddable":true,"href":"https:\/\/wavegarden.com\/fr\/wp-json\/wp\/v2\/users\/4"}],"replies":[{"embeddable":true,"href":"https:\/\/wavegarden.com\/fr\/wp-json\/wp\/v2\/comments?post=12095"}],"version-history":[{"count":20,"href":"https:\/\/wavegarden.com\/fr\/wp-json\/wp\/v2\/pages\/12095\/revisions"}],"predecessor-version":[{"id":44515,"href":"https:\/\/wavegarden.com\/fr\/wp-json\/wp\/v2\/pages\/12095\/revisions\/44515"}],"wp:featuredmedia":[{"embeddable":true,"href":"https:\/\/wavegarden.com\/fr\/wp-json\/wp\/v2\/media\/9948"}],"wp:attachment":[{"href":"https:\/\/wavegarden.com\/fr\/wp-json\/wp\/v2\/media?parent=12095"}],"curies":[{"name":"wp","href":"https:\/\/api.w.org\/{rel}","templated":true}]}}