{"id":1058,"date":"2016-09-26T09:46:00","date_gmt":"2016-09-26T07:46:00","guid":{"rendered":"https:\/\/wavegarden.com\/why-create-a-surf-spot\/"},"modified":"2023-05-10T17:15:32","modified_gmt":"2023-05-10T15:15:32","slug":"pourquoi-creer-un-spot-de-surf","status":"publish","type":"page","link":"https:\/\/wavegarden.com\/fr\/pourquoi-creer-un-spot-de-surf\/","title":{"rendered":"Pourquoi cr\u00e9er un spot de surf?"},"content":{"rendered":"\n<p class=\"has-text-align-center\">La croissance exponentielle des sports de plein air est imparable. Environ 25-35 millions de surfeurs participent \u00e0 ce sport dans le monde (Forbes, ISA).<\/p>\n\n\n\n<div style=\"height:51px\" aria-hidden=\"true\" class=\"wp-block-spacer\"><\/div>\n\n\n<div  class=\"grids-section grids-is-advanced\" style=\"--_gs-gap-desktop:50px 50px;--_gs-m-desktop:0 0 0 0;--_gs-p-desktop:0 0 0 0;--_gs-bg-desktop:transparent none;--_gs-bg-xp-desktop:0px;--_gs-zi-desktop:auto;--_gs-d-desktop:block;--_gs-mw-desktop:calc(100% - 0 - 0);--_gs-gap-tablet:50px 50px;--_gs-m-tablet:0 0 0 0;--_gs-p-tablet:0 0 0 0;--_gs-bg-tablet:transparent none;--_gs-bg-xp-tablet:0px;--_gs-zi-tablet:auto;--_gs-d-tablet:block;--_gs-mw-tablet:calc(100% - 0 - 0);--_gs-gap-mobile:50px 50px;--_gs-m-mobile:0 0 0 0;--_gs-p-mobile:0 0 0 0;--_gs-bg-mobile:transparent none;--_gs-bg-xp-mobile:0px;--_gs-zi-mobile:auto;--_gs-d-mobile:block;--_gs-mw-mobile:calc(100% - 0 - 0);--_gs-columns:12;--_gs-rows:6\"><div class=\"grids-s-w_i\">\n<div class=\"grids-area\" style=\"--_ga-column:3\/7;--_ga-row:1\/7;--_ga-m-desktop:0 0 0 0;--_ga-p-desktop:0 0 0 0;--_ga-bg-desktop:transparent none;--_ga-zi-desktop:auto;--_ga-d-desktop:flex;--_ga-mw-desktop:calc(100% - 0 - 0);--_ga-m-tablet:0 0 0 0;--_ga-p-tablet:0 0 0 0;--_ga-bg-tablet:transparent none;--_ga-zi-tablet:auto;--_ga-d-tablet:flex;--_ga-mw-tablet:calc(100% - 0 - 0);--_ga-m-mobile:0 0 0 0;--_ga-p-mobile:0 0 0 0;--_ga-bg-mobile:transparent none;--_ga-zi-mobile:auto;--_ga-d-mobile:flex;--_ga-mw-mobile:calc(100% - 0 - 0)\">\n<div class=\"wp-block-image\">\n<figure class=\"aligncenter size-full\"><img decoding=\"async\" width=\"120\" height=\"120\" src=\"https:\/\/wavegarden.com\/wp-content\/uploads\/2023\/01\/ico-surf-olimpics.webp\" alt=\"\" class=\"wp-image-16435\"\/><\/figure>\n<\/div>\n\n\n<div style=\"height:20px\" aria-hidden=\"true\" class=\"wp-block-spacer\"><\/div>\n\n\n\n<p class=\"has-text-align-center\">Le surf a fait ses d\u00e9buts en 2021 aux Jeux olympiques de Tokyo.<\/p>\n\n<\/div>\n\n<div class=\"grids-area\" style=\"--_ga-column:7\/11;--_ga-row:1\/7;--_ga-m-desktop:0 0 0 0;--_ga-p-desktop:0 0 0 0;--_ga-bg-desktop:transparent none;--_ga-zi-desktop:auto;--_ga-d-desktop:flex;--_ga-mw-desktop:calc(100% - 0 - 0);--_ga-m-tablet:0 0 0 0;--_ga-p-tablet:0 0 0 0;--_ga-bg-tablet:transparent none;--_ga-zi-tablet:auto;--_ga-d-tablet:flex;--_ga-mw-tablet:calc(100% - 0 - 0);--_ga-m-mobile:0 0 0 0;--_ga-p-mobile:0 0 0 0;--_ga-bg-mobile:transparent none;--_ga-zi-mobile:auto;--_ga-d-mobile:flex;--_ga-mw-mobile:calc(100% - 0 - 0)\">\n<div class=\"wp-block-image\">\n<figure class=\"aligncenter size-full\"><img decoding=\"async\" width=\"120\" height=\"120\" src=\"https:\/\/wavegarden.com\/wp-content\/uploads\/2023\/01\/ico-outdoor-sports@1x.webp\" alt=\"\" class=\"wp-image-16439\"\/><\/figure>\n<\/div>\n\n\n<div style=\"height:20px\" aria-hidden=\"true\" class=\"wp-block-spacer\"><\/div>\n\n\n\n<p class=\"has-text-align-center\">La pand\u00e9mie a accru la pratique des sports de plein air. <\/p>\n\n<\/div>\n<\/div><\/div>\n\n\n<div style=\"height:55px\" aria-hidden=\"true\" class=\"wp-block-spacer\"><\/div>\n\n\n\n<h2 class=\"wp-block-heading has-text-align-center\">Impact \u00e9conomique annuel<\/h2>\n\n\n\n<h3 class=\"wp-block-heading has-text-align-center\">du surf sur trois spots de surf populaires<\/h3>\n\n\n\n<div style=\"height:50px\" aria-hidden=\"true\" class=\"wp-block-spacer\"><\/div>\n\n\n<div  class=\"grids-section grids-is-advanced\" style=\"--_gs-gap-desktop:0px 0px;--_gs-m-desktop:0 0 0 0;--_gs-p-desktop:0 0 0 0;--_gs-bg-desktop:transparent none;--_gs-bg-xp-desktop:0px;--_gs-zi-desktop:auto;--_gs-d-desktop:block;--_gs-mw-desktop:calc(100% - 0 - 0);--_gs-gap-tablet:0px 0px;--_gs-m-tablet:0 0 0 0;--_gs-p-tablet:0 0 0 0;--_gs-bg-tablet:transparent none;--_gs-bg-xp-tablet:0px;--_gs-zi-tablet:auto;--_gs-d-tablet:block;--_gs-mw-tablet:calc(100% - 0 - 0);--_gs-gap-mobile:0px 0px;--_gs-m-mobile:0 0 0 0;--_gs-p-mobile:0 0 0 0;--_gs-bg-mobile:transparent none;--_gs-bg-xp-mobile:0px;--_gs-zi-mobile:auto;--_gs-d-mobile:block;--_gs-mw-mobile:calc(100% - 0 - 0);--_gs-columns:12;--_gs-rows:6\"><div class=\"grids-s-w_i\">\n<div class=\"grids-area\" style=\"--_ga-column:1\/5;--_ga-row:1\/4;--_ga-m-desktop:0 0 0 0;--_ga-p-desktop:0 0 0 0;--_ga-bg-desktop:transparent none;--_ga-zi-desktop:auto;--_ga-d-desktop:flex;--_ga-mw-desktop:calc(100% - 0 - 0);--_ga-m-tablet:0 0 0 0;--_ga-p-tablet:0 0 0 0;--_ga-bg-tablet:transparent none;--_ga-zi-tablet:auto;--_ga-d-tablet:flex;--_ga-mw-tablet:calc(100% - 0 - 0);--_ga-m-mobile:0 0 0 0;--_ga-p-mobile:0 0 0 0;--_ga-bg-mobile:transparent none;--_ga-zi-mobile:auto;--_ga-d-mobile:flex;--_ga-mw-mobile:calc(100% - 0 - 0)\">\n\n<div class=\"wp-block-group flex-baseline is-content-justification-center is-nowrap is-layout-flex wp-container-core-group-is-layout-94bc23d7 wp-block-group-is-layout-flex\">\n<p style=\"font-size:4rem\"><strong>\u20ac<\/strong><\/p>\n\n\n<p id=\"\" class=\"mcs-wgb-number-increaser\" style=\"font-size:4rem;\r\nfont-weight:900;\" >\n\t35<\/p>\n\n\n\n<p style=\"font-size:4rem\"><strong>M<\/strong><\/p>\n<\/div>\n\n<\/div>\n\n<div class=\"grids-area\" style=\"--_ga-column:1\/5;--_ga-row:4\/7;--_ga-m-desktop:0 0 0 0;--_ga-p-desktop:0 0 0 0;--_ga-bg-desktop:transparent none;--_ga-zi-desktop:auto;--_ga-d-desktop:flex;--_ga-mw-desktop:calc(100% - 0 - 0);--_ga-m-tablet:0 0 0 0;--_ga-p-tablet:0 0 0 0;--_ga-bg-tablet:transparent none;--_ga-zi-tablet:auto;--_ga-d-tablet:flex;--_ga-mw-tablet:calc(100% - 0 - 0);--_ga-m-mobile:0 0 0 0;--_ga-p-mobile:0 0 0 0;--_ga-bg-mobile:transparent none;--_ga-zi-mobile:auto;--_ga-d-mobile:flex;--_ga-mw-mobile:calc(100% - 0 - 0)\">\n\n<p class=\"has-text-align-center\">Uluwatu, Indonesia<\/p>\n\n<\/div>\n\n<div class=\"grids-area\" style=\"--_ga-column:5\/9;--_ga-row:1\/4;--_ga-m-desktop:0 0 0 0;--_ga-p-desktop:0 0 0 0;--_ga-bg-desktop:transparent none;--_ga-zi-desktop:auto;--_ga-d-desktop:flex;--_ga-mw-desktop:calc(100% - 0 - 0);--_ga-m-tablet:0 0 0 0;--_ga-p-tablet:0 0 0 0;--_ga-bg-tablet:transparent none;--_ga-zi-tablet:auto;--_ga-d-tablet:flex;--_ga-mw-tablet:calc(100% - 0 - 0);--_ga-m-mobile:0 0 0 0;--_ga-p-mobile:0 0 0 0;--_ga-bg-mobile:transparent none;--_ga-zi-mobile:auto;--_ga-d-mobile:flex;--_ga-mw-mobile:calc(100% - 0 - 0)\">\n\n<div class=\"wp-block-group flex-baseline is-content-justification-center is-nowrap is-layout-flex wp-container-core-group-is-layout-94bc23d7 wp-block-group-is-layout-flex\">\n<p style=\"font-size:4rem\"><strong>\u20ac<\/strong><\/p>\n\n\n<p id=\"\" class=\"mcs-wgb-number-increaser\" style=\"font-size:4rem;\r\nfont-weight:900;\" >\n\t4.5<\/p>\n\n\n\n<p style=\"font-size:4rem\"><strong>M<\/strong><\/p>\n<\/div>\n\n<\/div>\n\n<div class=\"grids-area\" style=\"--_ga-column:5\/9;--_ga-row:4\/7;--_ga-m-desktop:0 0 0 0;--_ga-p-desktop:0 0 0 0;--_ga-bg-desktop:transparent none;--_ga-zi-desktop:auto;--_ga-d-desktop:flex;--_ga-mw-desktop:calc(100% - 0 - 0);--_ga-m-tablet:0 0 0 0;--_ga-p-tablet:0 0 0 0;--_ga-bg-tablet:transparent none;--_ga-zi-tablet:auto;--_ga-d-tablet:flex;--_ga-mw-tablet:calc(100% - 0 - 0);--_ga-m-mobile:0 0 0 0;--_ga-p-mobile:0 0 0 0;--_ga-bg-mobile:transparent none;--_ga-zi-mobile:auto;--_ga-d-mobile:flex;--_ga-mw-mobile:calc(100% - 0 - 0)\">\n\n<p class=\"has-text-align-center\">Mundaka, Pays Basque, Espagne<\/p>\n\n<\/div>\n\n<div class=\"grids-area\" style=\"--_ga-column:9\/13;--_ga-row:1\/4;--_ga-m-desktop:0 0 0 0;--_ga-p-desktop:0 0 0 0;--_ga-bg-desktop:transparent none;--_ga-zi-desktop:auto;--_ga-d-desktop:flex;--_ga-mw-desktop:calc(100% - 0 - 0);--_ga-m-tablet:0 0 0 0;--_ga-p-tablet:0 0 0 0;--_ga-bg-tablet:transparent none;--_ga-zi-tablet:auto;--_ga-d-tablet:flex;--_ga-mw-tablet:calc(100% - 0 - 0);--_ga-m-mobile:0 0 0 0;--_ga-p-mobile:0 0 0 0;--_ga-bg-mobile:transparent none;--_ga-zi-mobile:auto;--_ga-d-mobile:flex;--_ga-mw-mobile:calc(100% - 0 - 0)\">\n\n<div class=\"wp-block-group flex-baseline is-content-justification-center is-nowrap is-layout-flex wp-container-core-group-is-layout-94bc23d7 wp-block-group-is-layout-flex\">\n<p style=\"font-size:4rem\"><strong>\u20ac<\/strong><\/p>\n\n\n<p id=\"\" class=\"mcs-wgb-number-increaser\" style=\"font-size:4rem;\r\nfont-weight:900;\" >\n\t23.9<\/p>\n\n\n\n<p style=\"font-size:4rem\"><strong>M<\/strong><\/p>\n<\/div>\n\n<\/div>\n\n<div class=\"grids-area\" style=\"--_ga-column:9\/13;--_ga-row:4\/7;--_ga-m-desktop:0 0 0 0;--_ga-p-desktop:0 0 0 0;--_ga-bg-desktop:transparent none;--_ga-zi-desktop:auto;--_ga-d-desktop:flex;--_ga-mw-desktop:calc(100% - 0 - 0);--_ga-m-tablet:0 0 0 0;--_ga-p-tablet:0 0 0 0;--_ga-bg-tablet:transparent none;--_ga-zi-tablet:auto;--_ga-d-tablet:flex;--_ga-mw-tablet:calc(100% - 0 - 0);--_ga-m-mobile:0 0 0 0;--_ga-p-mobile:0 0 0 0;--_ga-bg-mobile:transparent none;--_ga-zi-mobile:auto;--_ga-d-mobile:flex;--_ga-mw-mobile:calc(100% - 0 - 0)\">\n\n<p class=\"has-text-align-center\">Mavericks, Californie du Nord, \u00c9tats-Unis<\/p>\n\n<\/div>\n<\/div><\/div>\n\n\n<div style=\"height:50px\" aria-hidden=\"true\" class=\"wp-block-spacer\"><\/div>\n\n\n\n<div class=\"wp-block-group flex-baseline is-content-justification-center is-layout-flex wp-container-core-group-is-layout-64b26803 wp-block-group-is-layout-flex\"><p id=\"\" class=\"mcs-wgb-number-increaser\" style=\"font-size:8rem;\r\nfont-weight:900;\" >\n\t7.3<\/p>\n\n\n\n<h2 class=\"wp-block-heading\" style=\"font-size:8rem\"><strong>Milliards<\/strong><\/h2>\n<\/div>\n\n\n\n<p class=\"has-text-align-center\">L&rsquo;industrie du surf g\u00e9n\u00e8re 7,3 milliards d&rsquo;euros par an (Statistic Brain).<\/p>\n\n\n\n<div style=\"height:50px\" aria-hidden=\"true\" class=\"wp-block-spacer\"><\/div>\n\n\n\n<div class=\"wp-block-group alignfull reasons grey-bg has-background\" style=\"background-color:#f5f5f5\"><div class=\"wp-block-group__inner-container is-layout-flow wp-block-group-is-layout-flow\">\n<h1 class=\"wp-block-heading has-text-align-center reasons__title\">Douze raisons de construire un Wavegarden\u00ae<\/h1>\n\n\n\n<ol class=\"reasons_list wp-block-list\">\n<li>Il s\u2019agit de l\u2019installation de loisirs la plus r\u00e9cente, la plus passionnante et la plus rentable du march\u00e9, construite autour du sport et du style de vie populaire du surf.<\/li>\n\n\n\n<li>Toutes les villes et destinations ont besoin d\u2019une bonne plage de surf, en particulier celles qui sont loin de l\u2019oc\u00e9an.<\/li>\n\n\n\n<li>Wavegarden offre une exp\u00e9rience de surf et de plage unique au c\u0153ur de tout d\u00e9veloppement.<\/li>\n\n\n\n<li>Les installations Wavegarden existantes ont d\u2019excellents taux d\u2019occupation, offrant un retour commercial \u00e0 part enti\u00e8re.<\/li>\n\n\n\n<li>Augmente les ventes et la valeur des biens immobiliers \u00e0 proximit\u00e9, augmente les prix et l\u2019occupation des h\u00f4tels adjacents. Augmente la fr\u00e9quentation, le temps de s\u00e9jour et les d\u00e9penses \u00e0 la destination d\u2019accueil.<\/li>\n\n\n\n<li>D\u00e9veloppe le tourisme et offre des avantages \u00e9conomiques \u00e0 la municipalit\u00e9.<\/li>\n\n\n\n<li>Offre des avantages sociaux et communautaires positifs.<\/li>\n\n\n\n<li>Wavegarden Cove est la technologie de g\u00e9n\u00e9ration de vagues la plus durable et la plus efficace au monde. <\/li>\n\n\n\n<li>Avec la plus faible consommation d\u2019eau et d\u2019\u00e9nergie du march\u00e9, la technologie de Wavegarden offre la plus grande vari\u00e9t\u00e9 de vagues et de capacit\u00e9 d\u2019utilisation.<\/li>\n\n\n\n<li>Nous offrons l\u2019exp\u00e9rience de surf la plus authentique et la plus inclusive possible, rendant cette activit\u00e9 saine et accessible \u00e0 tous.<\/li>\n\n\n\n<li>Un Wavegarden est l\u2019endroit id\u00e9al pour l\u2019entra\u00eenement et la comp\u00e9tition d\u2019\u00e9lite. <\/li>\n\n\n\n<li>Avantageux \u00e0 la fois pour les promoteurs, la municipalit\u00e9 et la communaut\u00e9. <\/li>\n<\/ol>\n<\/div><\/div>\n\n\n<div id=\"\" class=\"mcs-wgb-vimeo-frame alignfull\" >\n\t<div class=\"acf-innerblocks-container\">\n\n<figure class=\"wp-block-embed alignfull is-type-video is-provider-vimeo wp-block-embed-vimeo wp-embed-aspect-16-9 wp-has-aspect-ratio\"><div class=\"wp-block-embed__wrapper\">\n<div class=\"videoWrapper\"><iframe title=\"Interview with Oscar Segall, developer of Praia da Grama project\" src=\"https:\/\/player.vimeo.com\/video\/582041125?h=f7b798f519&amp;dnt=1&amp;app_id=122963\" width=\"500\" height=\"281\" frameborder=\"0\" allow=\"autoplay; fullscreen; picture-in-picture; clipboard-write\"><\/iframe><\/div>\n<\/div><\/figure>\n\n<\/div>\n\t<div class=\"play-button\">\n\t\t<svg width=\"146px\" height=\"146px\" viewBox=\"0 0 146 146\" version=\"1.1\" xmlns=\"http:\/\/www.w3.org\/2000\/svg\" xmlns:xlink=\"http:\/\/www.w3.org\/1999\/xlink\">\n\t\t\t<title>btn-video-dark<\/title>\n\t\t\t<g id=\"Invest-01\" stroke=\"none\" stroke-width=\"1\" fill=\"none\" fill-rule=\"evenodd\" stroke-linejoin=\"round\">\n\t\t\t\t\t<g id=\"Pg-Why-create-a-surf-spot\" transform=\"translate(-632.000000, -2570.000000)\" stroke=\"#000000\" stroke-width=\"4\">\n\t\t\t\t\t\t\t<g id=\"btn-video-dark\" transform=\"translate(634.000000, 2572.000000)\">\n\t\t\t\t\t\t\t\t\t<circle id=\"Oval\" cx=\"71\" cy=\"71\" r=\"71\"><\/circle>\n\t\t\t\t\t\t\t\t\t<polygon id=\"Triangle\" transform=\"translate(79.500000, 71.500000) rotate(90.000000) translate(-79.500000, -71.500000) \" points=\"79.5 45 108 98 51 98\"><\/polygon>\n\t\t\t\t\t\t\t<\/g>\n\t\t\t\t\t<\/g>\n\t\t\t<\/g>\n\t\t<\/svg>\n\t<\/div>\n\t<div class=\"pause-button\">\n\t<\/div>\n<\/div>","protected":false},"excerpt":{"rendered":"<p>La croissance exponentielle des sports de plein air est imparable. Environ 25-35 millions de surfeurs participent \u00e0 ce sport dans le monde (Forbes, ISA). Impact \u00e9conomique annuel du surf sur trois spots de surf populaires Milliards L&rsquo;industrie du surf g\u00e9n\u00e8re 7,3 milliards d&rsquo;euros par an (Statistic Brain). Douze raisons de construire un Wavegarden\u00ae<\/p>\n","protected":false},"author":2,"featured_media":2465,"parent":0,"menu_order":0,"comment_status":"closed","ping_status":"closed","template":"","meta":{"_acf_changed":false,"footnotes":""},"class_list":["post-1058","page","type-page","status-publish","has-post-thumbnail","hentry"],"acf":[],"yoast_head":"<!-- This site is optimized with the Yoast SEO plugin v27.2 - https:\/\/yoast.com\/product\/yoast-seo-wordpress\/ -->\n<title>Pourquoi cr\u00e9er un spot de surf? - Wavegarden<\/title>\n<meta name=\"robots\" content=\"index, follow, max-snippet:-1, max-image-preview:large, max-video-preview:-1\" \/>\n<link rel=\"canonical\" href=\"https:\/\/wavegarden.com\/fr\/pourquoi-creer-un-spot-de-surf\/\" \/>\n<meta property=\"og:locale\" content=\"fr_FR\" \/>\n<meta property=\"og:type\" content=\"article\" \/>\n<meta property=\"og:title\" content=\"Pourquoi cr\u00e9er un spot de surf? - Wavegarden\" \/>\n<meta property=\"og:description\" content=\"La croissance exponentielle des sports de plein air est imparable. Environ 25-35 millions de surfeurs participent \u00e0 ce sport dans le monde (Forbes, ISA). Impact \u00e9conomique annuel du surf sur trois spots de surf populaires Milliards L&rsquo;industrie du surf g\u00e9n\u00e8re 7,3 milliards d&rsquo;euros par an (Statistic Brain). Douze raisons de construire un Wavegarden\u00ae\" \/>\n<meta property=\"og:url\" content=\"https:\/\/wavegarden.com\/fr\/pourquoi-creer-un-spot-de-surf\/\" \/>\n<meta property=\"og:site_name\" content=\"Wavegarden\" \/>\n<meta property=\"article:publisher\" content=\"http:\/\/www.facebook.com\/Wavegarden\" \/>\n<meta property=\"article:modified_time\" content=\"2023-05-10T15:15:32+00:00\" \/>\n<meta property=\"og:image\" content=\"https:\/\/wavegarden.com\/wp-content\/uploads\/2019\/10\/MG_9574.jpg\" \/>\n\t<meta property=\"og:image:width\" content=\"1600\" \/>\n\t<meta property=\"og:image:height\" content=\"1067\" \/>\n\t<meta property=\"og:image:type\" content=\"image\/jpeg\" \/>\n<meta name=\"twitter:card\" content=\"summary_large_image\" \/>\n<meta name=\"twitter:site\" content=\"@wavegarden\" \/>\n<meta name=\"twitter:label1\" content=\"Dur\u00e9e de lecture estim\u00e9e\" \/>\n\t<meta name=\"twitter:data1\" content=\"2 minutes\" \/>\n<script type=\"application\/ld+json\" class=\"yoast-schema-graph\">{\"@context\":\"https:\/\/schema.org\",\"@graph\":[{\"@type\":\"WebPage\",\"@id\":\"https:\/\/wavegarden.com\/fr\/pourquoi-creer-un-spot-de-surf\/\",\"url\":\"https:\/\/wavegarden.com\/fr\/pourquoi-creer-un-spot-de-surf\/\",\"name\":\"Pourquoi cr\u00e9er un spot de surf? - Wavegarden\",\"isPartOf\":{\"@id\":\"https:\/\/wavegarden.com\/de\/#website\"},\"primaryImageOfPage\":{\"@id\":\"https:\/\/wavegarden.com\/fr\/pourquoi-creer-un-spot-de-surf\/#primaryimage\"},\"image\":{\"@id\":\"https:\/\/wavegarden.com\/fr\/pourquoi-creer-un-spot-de-surf\/#primaryimage\"},\"thumbnailUrl\":\"https:\/\/wavegarden.com\/wp-content\/uploads\/2019\/10\/MG_9574.jpg\",\"datePublished\":\"2016-09-26T07:46:00+00:00\",\"dateModified\":\"2023-05-10T15:15:32+00:00\",\"breadcrumb\":{\"@id\":\"https:\/\/wavegarden.com\/fr\/pourquoi-creer-un-spot-de-surf\/#breadcrumb\"},\"inLanguage\":\"fr-FR\",\"potentialAction\":[{\"@type\":\"ReadAction\",\"target\":[\"https:\/\/wavegarden.com\/fr\/pourquoi-creer-un-spot-de-surf\/\"]}]},{\"@type\":\"ImageObject\",\"inLanguage\":\"fr-FR\",\"@id\":\"https:\/\/wavegarden.com\/fr\/pourquoi-creer-un-spot-de-surf\/#primaryimage\",\"url\":\"https:\/\/wavegarden.com\/wp-content\/uploads\/2019\/10\/MG_9574.jpg\",\"contentUrl\":\"https:\/\/wavegarden.com\/wp-content\/uploads\/2019\/10\/MG_9574.jpg\",\"width\":1600,\"height\":1067},{\"@type\":\"BreadcrumbList\",\"@id\":\"https:\/\/wavegarden.com\/fr\/pourquoi-creer-un-spot-de-surf\/#breadcrumb\",\"itemListElement\":[{\"@type\":\"ListItem\",\"position\":1,\"name\":\"Home\",\"item\":\"https:\/\/wavegarden.com\/fr\/new-home\/\"},{\"@type\":\"ListItem\",\"position\":2,\"name\":\"Pourquoi cr\u00e9er un spot de surf?\"}]},{\"@type\":\"WebSite\",\"@id\":\"https:\/\/wavegarden.com\/de\/#website\",\"url\":\"https:\/\/wavegarden.com\/de\/\",\"name\":\"Wavegarden\",\"description\":\"\",\"publisher\":{\"@id\":\"https:\/\/wavegarden.com\/de\/#organization\"},\"potentialAction\":[{\"@type\":\"SearchAction\",\"target\":{\"@type\":\"EntryPoint\",\"urlTemplate\":\"https:\/\/wavegarden.com\/de\/?s={search_term_string}\"},\"query-input\":{\"@type\":\"PropertyValueSpecification\",\"valueRequired\":true,\"valueName\":\"search_term_string\"}}],\"inLanguage\":\"fr-FR\"},{\"@type\":\"Organization\",\"@id\":\"https:\/\/wavegarden.com\/de\/#organization\",\"name\":\"Wavegarden\",\"alternateName\":\"Wavegarden\",\"url\":\"https:\/\/wavegarden.com\/de\/\",\"logo\":{\"@type\":\"ImageObject\",\"inLanguage\":\"fr-FR\",\"@id\":\"https:\/\/wavegarden.com\/de\/#\/schema\/logo\/image\/\",\"url\":\"https:\/\/wavegarden.com\/wp-content\/uploads\/2024\/06\/logo-wavegarden.png\",\"contentUrl\":\"https:\/\/wavegarden.com\/wp-content\/uploads\/2024\/06\/logo-wavegarden.png\",\"width\":692,\"height\":292,\"caption\":\"Wavegarden\"},\"image\":{\"@id\":\"https:\/\/wavegarden.com\/de\/#\/schema\/logo\/image\/\"},\"sameAs\":[\"http:\/\/www.facebook.com\/Wavegarden\",\"https:\/\/x.com\/wavegarden\",\"https:\/\/www.instagram.com\/wavegarden_official\/\",\"https:\/\/www.linkedin.com\/company\/wavegarden\/\",\"https:\/\/www.youtube.com\/@WavegardenOfficial\"]}]}<\/script>\n<!-- \/ Yoast SEO plugin. -->","yoast_head_json":{"title":"Pourquoi cr\u00e9er un spot de surf? - Wavegarden","robots":{"index":"index","follow":"follow","max-snippet":"max-snippet:-1","max-image-preview":"max-image-preview:large","max-video-preview":"max-video-preview:-1"},"canonical":"https:\/\/wavegarden.com\/fr\/pourquoi-creer-un-spot-de-surf\/","og_locale":"fr_FR","og_type":"article","og_title":"Pourquoi cr\u00e9er un spot de surf? - Wavegarden","og_description":"La croissance exponentielle des sports de plein air est imparable. Environ 25-35 millions de surfeurs participent \u00e0 ce sport dans le monde (Forbes, ISA). Impact \u00e9conomique annuel du surf sur trois spots de surf populaires Milliards L&rsquo;industrie du surf g\u00e9n\u00e8re 7,3 milliards d&rsquo;euros par an (Statistic Brain). Douze raisons de construire un Wavegarden\u00ae","og_url":"https:\/\/wavegarden.com\/fr\/pourquoi-creer-un-spot-de-surf\/","og_site_name":"Wavegarden","article_publisher":"http:\/\/www.facebook.com\/Wavegarden","article_modified_time":"2023-05-10T15:15:32+00:00","og_image":[{"width":1600,"height":1067,"url":"https:\/\/wavegarden.com\/wp-content\/uploads\/2019\/10\/MG_9574.jpg","type":"image\/jpeg"}],"twitter_card":"summary_large_image","twitter_site":"@wavegarden","twitter_misc":{"Dur\u00e9e de lecture estim\u00e9e":"2 minutes"},"schema":{"@context":"https:\/\/schema.org","@graph":[{"@type":"WebPage","@id":"https:\/\/wavegarden.com\/fr\/pourquoi-creer-un-spot-de-surf\/","url":"https:\/\/wavegarden.com\/fr\/pourquoi-creer-un-spot-de-surf\/","name":"Pourquoi cr\u00e9er un spot de surf? - Wavegarden","isPartOf":{"@id":"https:\/\/wavegarden.com\/de\/#website"},"primaryImageOfPage":{"@id":"https:\/\/wavegarden.com\/fr\/pourquoi-creer-un-spot-de-surf\/#primaryimage"},"image":{"@id":"https:\/\/wavegarden.com\/fr\/pourquoi-creer-un-spot-de-surf\/#primaryimage"},"thumbnailUrl":"https:\/\/wavegarden.com\/wp-content\/uploads\/2019\/10\/MG_9574.jpg","datePublished":"2016-09-26T07:46:00+00:00","dateModified":"2023-05-10T15:15:32+00:00","breadcrumb":{"@id":"https:\/\/wavegarden.com\/fr\/pourquoi-creer-un-spot-de-surf\/#breadcrumb"},"inLanguage":"fr-FR","potentialAction":[{"@type":"ReadAction","target":["https:\/\/wavegarden.com\/fr\/pourquoi-creer-un-spot-de-surf\/"]}]},{"@type":"ImageObject","inLanguage":"fr-FR","@id":"https:\/\/wavegarden.com\/fr\/pourquoi-creer-un-spot-de-surf\/#primaryimage","url":"https:\/\/wavegarden.com\/wp-content\/uploads\/2019\/10\/MG_9574.jpg","contentUrl":"https:\/\/wavegarden.com\/wp-content\/uploads\/2019\/10\/MG_9574.jpg","width":1600,"height":1067},{"@type":"BreadcrumbList","@id":"https:\/\/wavegarden.com\/fr\/pourquoi-creer-un-spot-de-surf\/#breadcrumb","itemListElement":[{"@type":"ListItem","position":1,"name":"Home","item":"https:\/\/wavegarden.com\/fr\/new-home\/"},{"@type":"ListItem","position":2,"name":"Pourquoi cr\u00e9er un spot de surf?"}]},{"@type":"WebSite","@id":"https:\/\/wavegarden.com\/de\/#website","url":"https:\/\/wavegarden.com\/de\/","name":"Wavegarden","description":"","publisher":{"@id":"https:\/\/wavegarden.com\/de\/#organization"},"potentialAction":[{"@type":"SearchAction","target":{"@type":"EntryPoint","urlTemplate":"https:\/\/wavegarden.com\/de\/?s={search_term_string}"},"query-input":{"@type":"PropertyValueSpecification","valueRequired":true,"valueName":"search_term_string"}}],"inLanguage":"fr-FR"},{"@type":"Organization","@id":"https:\/\/wavegarden.com\/de\/#organization","name":"Wavegarden","alternateName":"Wavegarden","url":"https:\/\/wavegarden.com\/de\/","logo":{"@type":"ImageObject","inLanguage":"fr-FR","@id":"https:\/\/wavegarden.com\/de\/#\/schema\/logo\/image\/","url":"https:\/\/wavegarden.com\/wp-content\/uploads\/2024\/06\/logo-wavegarden.png","contentUrl":"https:\/\/wavegarden.com\/wp-content\/uploads\/2024\/06\/logo-wavegarden.png","width":692,"height":292,"caption":"Wavegarden"},"image":{"@id":"https:\/\/wavegarden.com\/de\/#\/schema\/logo\/image\/"},"sameAs":["http:\/\/www.facebook.com\/Wavegarden","https:\/\/x.com\/wavegarden","https:\/\/www.instagram.com\/wavegarden_official\/","https:\/\/www.linkedin.com\/company\/wavegarden\/","https:\/\/www.youtube.com\/@WavegardenOfficial"]}]}},"_links":{"self":[{"href":"https:\/\/wavegarden.com\/fr\/wp-json\/wp\/v2\/pages\/1058","targetHints":{"allow":["GET"]}}],"collection":[{"href":"https:\/\/wavegarden.com\/fr\/wp-json\/wp\/v2\/pages"}],"about":[{"href":"https:\/\/wavegarden.com\/fr\/wp-json\/wp\/v2\/types\/page"}],"author":[{"embeddable":true,"href":"https:\/\/wavegarden.com\/fr\/wp-json\/wp\/v2\/users\/2"}],"replies":[{"embeddable":true,"href":"https:\/\/wavegarden.com\/fr\/wp-json\/wp\/v2\/comments?post=1058"}],"version-history":[{"count":23,"href":"https:\/\/wavegarden.com\/fr\/wp-json\/wp\/v2\/pages\/1058\/revisions"}],"predecessor-version":[{"id":17566,"href":"https:\/\/wavegarden.com\/fr\/wp-json\/wp\/v2\/pages\/1058\/revisions\/17566"}],"wp:featuredmedia":[{"embeddable":true,"href":"https:\/\/wavegarden.com\/fr\/wp-json\/wp\/v2\/media\/2465"}],"wp:attachment":[{"href":"https:\/\/wavegarden.com\/fr\/wp-json\/wp\/v2\/media?parent=1058"}],"curies":[{"name":"wp","href":"https:\/\/api.w.org\/{rel}","templated":true}]}}