{"id":911,"date":"2016-09-26T09:46:00","date_gmt":"2016-09-26T07:46:00","guid":{"rendered":"https:\/\/wavegarden.com\/why-create-a-surf-spot\/"},"modified":"2024-07-02T12:21:08","modified_gmt":"2024-07-02T10:21:08","slug":"porque-crear-un-spot-de-surf","status":"publish","type":"page","link":"https:\/\/wavegarden.com\/es\/porque-crear-un-spot-de-surf\/","title":{"rendered":"\u00bfPor qu\u00e9 crear un Spot de Surf?"},"content":{"rendered":"\n<p class=\"has-text-align-center\">El crecimiento exponencial de los deportes al aire libre es imparable. Se estima que a d\u00eda de hoy hay entre 25-35 millones de surfistas en todo el mundo (fuente: ISA\/Forbes).<\/p>\n\n\n\n<div style=\"height:51px\" aria-hidden=\"true\" class=\"wp-block-spacer\"><\/div>\n\n\n<div  class=\"grids-section grids-is-advanced\" style=\"--_gs-gap-desktop:50px 50px;--_gs-m-desktop:0 0 0 0;--_gs-p-desktop:0 0 0 0;--_gs-bg-desktop:transparent none;--_gs-bg-xp-desktop:0px;--_gs-zi-desktop:auto;--_gs-d-desktop:block;--_gs-mw-desktop:calc(100% - 0 - 0);--_gs-gap-tablet:50px 50px;--_gs-m-tablet:0 0 0 0;--_gs-p-tablet:0 0 0 0;--_gs-bg-tablet:transparent none;--_gs-bg-xp-tablet:0px;--_gs-zi-tablet:auto;--_gs-d-tablet:block;--_gs-mw-tablet:calc(100% - 0 - 0);--_gs-gap-mobile:50px 50px;--_gs-m-mobile:0 0 0 0;--_gs-p-mobile:0 0 0 0;--_gs-bg-mobile:transparent none;--_gs-bg-xp-mobile:0px;--_gs-zi-mobile:auto;--_gs-d-mobile:block;--_gs-mw-mobile:calc(100% - 0 - 0);--_gs-columns:12;--_gs-rows:6\"><div class=\"grids-s-w_i\">\n<div class=\"grids-area\" style=\"--_ga-column:3\/7;--_ga-row:1\/7;--_ga-m-desktop:0 0 0 0;--_ga-p-desktop:0 0 0 0;--_ga-bg-desktop:transparent none;--_ga-zi-desktop:auto;--_ga-d-desktop:flex;--_ga-mw-desktop:calc(100% - 0 - 0);--_ga-m-tablet:0 0 0 0;--_ga-p-tablet:0 0 0 0;--_ga-bg-tablet:transparent none;--_ga-zi-tablet:auto;--_ga-d-tablet:flex;--_ga-mw-tablet:calc(100% - 0 - 0);--_ga-m-mobile:0 0 0 0;--_ga-p-mobile:0 0 0 0;--_ga-bg-mobile:transparent none;--_ga-zi-mobile:auto;--_ga-d-mobile:flex;--_ga-mw-mobile:calc(100% - 0 - 0)\">\n<div class=\"wp-block-image\">\n<figure class=\"aligncenter size-full\"><img decoding=\"async\" width=\"120\" height=\"120\" src=\"https:\/\/wavegarden.com\/wp-content\/uploads\/2023\/01\/ico-surf-olimpics.webp\" alt=\"\" class=\"wp-image-16435\"\/><\/figure>\n<\/div>\n\n\n<div style=\"height:20px\" aria-hidden=\"true\" class=\"wp-block-spacer\"><\/div>\n\n\n\n<p class=\"has-text-align-center\">El surf debut\u00f3 en 2021 en los Juegos Ol\u00edmpicos de Tokio<\/p>\n\n<\/div>\n\n<div class=\"grids-area\" style=\"--_ga-column:7\/11;--_ga-row:1\/7;--_ga-m-desktop:0 0 0 0;--_ga-p-desktop:0 0 0 0;--_ga-bg-desktop:transparent none;--_ga-zi-desktop:auto;--_ga-d-desktop:flex;--_ga-mw-desktop:calc(100% - 0 - 0);--_ga-m-tablet:0 0 0 0;--_ga-p-tablet:0 0 0 0;--_ga-bg-tablet:transparent none;--_ga-zi-tablet:auto;--_ga-d-tablet:flex;--_ga-mw-tablet:calc(100% - 0 - 0);--_ga-m-mobile:0 0 0 0;--_ga-p-mobile:0 0 0 0;--_ga-bg-mobile:transparent none;--_ga-zi-mobile:auto;--_ga-d-mobile:flex;--_ga-mw-mobile:calc(100% - 0 - 0)\">\n<div class=\"wp-block-image\">\n<figure class=\"aligncenter size-full\"><img decoding=\"async\" width=\"120\" height=\"120\" src=\"https:\/\/wavegarden.com\/wp-content\/uploads\/2023\/01\/ico-outdoor-sports@1x.webp\" alt=\"\" class=\"wp-image-16439\"\/><\/figure>\n<\/div>\n\n\n<div style=\"height:20px\" aria-hidden=\"true\" class=\"wp-block-spacer\"><\/div>\n\n\n\n<p class=\"has-text-align-center\">La pandemia ha incrementado el inter\u00e9s en los deportes al aire al aire libre<\/p>\n\n<\/div>\n<\/div><\/div>\n\n\n<div style=\"height:55px\" aria-hidden=\"true\" class=\"wp-block-spacer\"><\/div>\n\n\n\n<h2 class=\"wp-block-heading has-text-align-center\">Impacto econ\u00f3mico anual<\/h2>\n\n\n\n<h3 class=\"wp-block-heading has-text-align-center\">del surf en 3 destinos de surf populares<\/h3>\n\n\n\n<div style=\"height:50px\" aria-hidden=\"true\" class=\"wp-block-spacer\"><\/div>\n\n\n<div  class=\"grids-section grids-is-advanced\" style=\"--_gs-gap-desktop:0px 0px;--_gs-m-desktop:0 0 0 0;--_gs-p-desktop:0 0 0 0;--_gs-bg-desktop:transparent none;--_gs-bg-xp-desktop:0px;--_gs-zi-desktop:auto;--_gs-d-desktop:block;--_gs-mw-desktop:calc(100% - 0 - 0);--_gs-gap-tablet:0px 0px;--_gs-m-tablet:0 0 0 0;--_gs-p-tablet:0 0 0 0;--_gs-bg-tablet:transparent none;--_gs-bg-xp-tablet:0px;--_gs-zi-tablet:auto;--_gs-d-tablet:block;--_gs-mw-tablet:calc(100% - 0 - 0);--_gs-gap-mobile:0px 0px;--_gs-m-mobile:0 0 0 0;--_gs-p-mobile:0 0 0 0;--_gs-bg-mobile:transparent none;--_gs-bg-xp-mobile:0px;--_gs-zi-mobile:auto;--_gs-d-mobile:block;--_gs-mw-mobile:calc(100% - 0 - 0);--_gs-columns:12;--_gs-rows:6\"><div class=\"grids-s-w_i\">\n<div class=\"grids-area\" style=\"--_ga-column:1\/5;--_ga-row:1\/4;--_ga-m-desktop:0 0 0 0;--_ga-p-desktop:0 0 0 0;--_ga-bg-desktop:transparent none;--_ga-zi-desktop:auto;--_ga-d-desktop:flex;--_ga-mw-desktop:calc(100% - 0 - 0);--_ga-m-tablet:0 0 0 0;--_ga-p-tablet:0 0 0 0;--_ga-bg-tablet:transparent none;--_ga-zi-tablet:auto;--_ga-d-tablet:flex;--_ga-mw-tablet:calc(100% - 0 - 0);--_ga-m-mobile:0 0 0 0;--_ga-p-mobile:0 0 0 0;--_ga-bg-mobile:transparent none;--_ga-zi-mobile:auto;--_ga-d-mobile:flex;--_ga-mw-mobile:calc(100% - 0 - 0)\">\n\n<div class=\"wp-block-group flex-baseline is-content-justification-center is-nowrap is-layout-flex wp-container-core-group-is-layout-94bc23d7 wp-block-group-is-layout-flex\">\n<p style=\"font-size:4rem\"><strong>\u20ac<\/strong><\/p>\n\n\n<p id=\"\" class=\"mcs-wgb-number-increaser\" style=\"font-size:4rem;\r\nfont-weight:900;\" >\n\t35<\/p>\n\n\n\n<p style=\"font-size:4rem\"><strong>M<\/strong><\/p>\n<\/div>\n\n<\/div>\n\n<div class=\"grids-area\" style=\"--_ga-column:1\/5;--_ga-row:4\/7;--_ga-m-desktop:0 0 0 0;--_ga-p-desktop:0 0 0 0;--_ga-bg-desktop:transparent none;--_ga-zi-desktop:auto;--_ga-d-desktop:flex;--_ga-mw-desktop:calc(100% - 0 - 0);--_ga-m-tablet:0 0 0 0;--_ga-p-tablet:0 0 0 0;--_ga-bg-tablet:transparent none;--_ga-zi-tablet:auto;--_ga-d-tablet:flex;--_ga-mw-tablet:calc(100% - 0 - 0);--_ga-m-mobile:0 0 0 0;--_ga-p-mobile:0 0 0 0;--_ga-bg-mobile:transparent none;--_ga-zi-mobile:auto;--_ga-d-mobile:flex;--_ga-mw-mobile:calc(100% - 0 - 0)\">\n\n<p class=\"has-text-align-center\">Uluwatu, Indonesia<\/p>\n\n<\/div>\n\n<div class=\"grids-area\" style=\"--_ga-column:5\/9;--_ga-row:1\/4;--_ga-m-desktop:0 0 0 0;--_ga-p-desktop:0 0 0 0;--_ga-bg-desktop:transparent none;--_ga-zi-desktop:auto;--_ga-d-desktop:flex;--_ga-mw-desktop:calc(100% - 0 - 0);--_ga-m-tablet:0 0 0 0;--_ga-p-tablet:0 0 0 0;--_ga-bg-tablet:transparent none;--_ga-zi-tablet:auto;--_ga-d-tablet:flex;--_ga-mw-tablet:calc(100% - 0 - 0);--_ga-m-mobile:0 0 0 0;--_ga-p-mobile:0 0 0 0;--_ga-bg-mobile:transparent none;--_ga-zi-mobile:auto;--_ga-d-mobile:flex;--_ga-mw-mobile:calc(100% - 0 - 0)\">\n\n<div class=\"wp-block-group flex-baseline is-content-justification-center is-nowrap is-layout-flex wp-container-core-group-is-layout-94bc23d7 wp-block-group-is-layout-flex\">\n<p style=\"font-size:4rem\"><strong>\u20ac<\/strong><\/p>\n\n\n<p id=\"\" class=\"mcs-wgb-number-increaser\" style=\"font-size:4rem;\r\nfont-weight:900;\" >\n\t4.5<\/p>\n\n\n\n<p style=\"font-size:4rem\"><strong>M<\/strong><\/p>\n<\/div>\n\n<\/div>\n\n<div class=\"grids-area\" style=\"--_ga-column:5\/9;--_ga-row:4\/7;--_ga-m-desktop:0 0 0 0;--_ga-p-desktop:0 0 0 0;--_ga-bg-desktop:transparent none;--_ga-zi-desktop:auto;--_ga-d-desktop:flex;--_ga-mw-desktop:calc(100% - 0 - 0);--_ga-m-tablet:0 0 0 0;--_ga-p-tablet:0 0 0 0;--_ga-bg-tablet:transparent none;--_ga-zi-tablet:auto;--_ga-d-tablet:flex;--_ga-mw-tablet:calc(100% - 0 - 0);--_ga-m-mobile:0 0 0 0;--_ga-p-mobile:0 0 0 0;--_ga-bg-mobile:transparent none;--_ga-zi-mobile:auto;--_ga-d-mobile:flex;--_ga-mw-mobile:calc(100% - 0 - 0)\">\n\n<p class=\"has-text-align-center\">Mundaka, Pa\u00eds Vasco, Espa\u00f1a<\/p>\n\n<\/div>\n\n<div class=\"grids-area\" style=\"--_ga-column:9\/13;--_ga-row:1\/4;--_ga-m-desktop:0 0 0 0;--_ga-p-desktop:0 0 0 0;--_ga-bg-desktop:transparent none;--_ga-zi-desktop:auto;--_ga-d-desktop:flex;--_ga-mw-desktop:calc(100% - 0 - 0);--_ga-m-tablet:0 0 0 0;--_ga-p-tablet:0 0 0 0;--_ga-bg-tablet:transparent none;--_ga-zi-tablet:auto;--_ga-d-tablet:flex;--_ga-mw-tablet:calc(100% - 0 - 0);--_ga-m-mobile:0 0 0 0;--_ga-p-mobile:0 0 0 0;--_ga-bg-mobile:transparent none;--_ga-zi-mobile:auto;--_ga-d-mobile:flex;--_ga-mw-mobile:calc(100% - 0 - 0)\">\n\n<div class=\"wp-block-group flex-baseline is-content-justification-center is-nowrap is-layout-flex wp-container-core-group-is-layout-94bc23d7 wp-block-group-is-layout-flex\">\n<p style=\"font-size:4rem\"><strong>\u20ac<\/strong><\/p>\n\n\n<p id=\"\" class=\"mcs-wgb-number-increaser\" style=\"font-size:4rem;\r\nfont-weight:900;\" >\n\t23.9<\/p>\n\n\n\n<p style=\"font-size:4rem\"><strong>M<\/strong><\/p>\n<\/div>\n\n<\/div>\n\n<div class=\"grids-area\" style=\"--_ga-column:9\/13;--_ga-row:4\/7;--_ga-m-desktop:0 0 0 0;--_ga-p-desktop:0 0 0 0;--_ga-bg-desktop:transparent none;--_ga-zi-desktop:auto;--_ga-d-desktop:flex;--_ga-mw-desktop:calc(100% - 0 - 0);--_ga-m-tablet:0 0 0 0;--_ga-p-tablet:0 0 0 0;--_ga-bg-tablet:transparent none;--_ga-zi-tablet:auto;--_ga-d-tablet:flex;--_ga-mw-tablet:calc(100% - 0 - 0);--_ga-m-mobile:0 0 0 0;--_ga-p-mobile:0 0 0 0;--_ga-bg-mobile:transparent none;--_ga-zi-mobile:auto;--_ga-d-mobile:flex;--_ga-mw-mobile:calc(100% - 0 - 0)\">\n\n<p class=\"has-text-align-center\">Mavericks, California, EE.UU.<\/p>\n\n<\/div>\n<\/div><\/div>\n\n\n<div style=\"height:50px\" aria-hidden=\"true\" class=\"wp-block-spacer\"><\/div>\n\n\n\n<div class=\"wp-block-group flex-baseline is-content-justification-center is-layout-flex wp-container-core-group-is-layout-64b26803 wp-block-group-is-layout-flex\"><p id=\"\" class=\"mcs-wgb-number-increaser\" style=\"font-size:8rem;\r\nfont-weight:900;\" >\n\t7.3<\/p>\n\n\n\n<h2 class=\"wp-block-heading\" style=\"font-size:8rem\"><strong>Millardos<\/strong><\/h2>\n<\/div>\n\n\n\n<p class=\"has-text-align-center\">La industria del surf genera 7,3 millardos de \u20ac anuales (Statistic Brain)<\/p>\n\n\n\n<div style=\"height:50px\" aria-hidden=\"true\" class=\"wp-block-spacer\"><\/div>\n\n\n\n<div class=\"wp-block-group alignfull reasons grey-bg has-background\" style=\"background-color:#f5f5f5\"><div class=\"wp-block-group__inner-container is-layout-flow wp-block-group-is-layout-flow\">\n<h1 class=\"wp-block-heading has-text-align-center reasons__title\">12 motivos para construir un Wavegarden\u00ae<\/h1>\n\n\n\n<ol class=\"reasons_list wp-block-list\">\n<li>Es la instalaci\u00f3n de ocio m\u00e1s novedosa, divertida y rentable del mercado construida en torno al popular deporte y estilo de vida del surf.<\/li>\n\n\n\n<li>Todas las ciudades y destinos necesitan una buena playa de surf, especialmente las que est\u00e1n alejadas del oc\u00e9ano.<\/li>\n\n\n\n<li>Un Wavegarden proporciona una experiencia de surf y playa \u00fanica.<\/li>\n\n\n\n<li>Las instalaciones Wavegarden existentes tienen excelentes tasas de ocupaci\u00f3n, proporcionando un rendimiento comercial que no genera p\u00e9rdidas.<\/li>\n\n\n\n<li>Aumenta las ventas y el valor de los inmuebles cercanos, incrementa los precios y la ocupaci\u00f3n de los hoteles adyacentes y aumenta la afluencia, el tiempo de permanencia y el gasto en el destino anfitri\u00f3n.<\/li>\n\n\n\n<li>Aumenta el turismo y proporciona beneficios econ\u00f3micos al municipio.<\/li>\n\n\n\n<li>Proporciona beneficios sociales y comunitarios positivos.<\/li>\n\n\n\n<li>Wavegarden Cove es la tecnolog\u00eda de generaci\u00f3n de olas m\u00e1s sostenible del mundo y la m\u00e1s eficiente.<\/li>\n\n\n\n<li>La tecnolog\u00eda de Wavegarden ofrece la mayor variedad de olas y capacidad de usuarios, con el menor consumo de energ\u00eda y agua del mercado.<\/li>\n\n\n\n<li>Ofrecemos la experiencia de surf m\u00e1s aut\u00e9ntica e inclusiva posible, haciendo que esta actividad divertida y saludable sea accesible para todos.<\/li>\n\n\n\n<li>Un Wavegarden es el lugar perfecto para el entrenamiento y la competici\u00f3n de \u00e9lite.<\/li>\n\n\n\n<li>Los promotores, el municipio y la comunidad salen ganando.<\/li>\n<\/ol>\n<\/div><\/div>\n\n\n<div id=\"\" class=\"mcs-wgb-vimeo-frame alignfull\" >\n\t<div class=\"acf-innerblocks-container\">\n\n<figure class=\"wp-block-embed alignfull is-type-video is-provider-vimeo wp-block-embed-vimeo wp-embed-aspect-16-9 wp-has-aspect-ratio\"><div class=\"wp-block-embed__wrapper\">\n<div class=\"videoWrapper\"><iframe title=\"Interview with Oscar Segall, developer of Praia da Grama project\" src=\"https:\/\/player.vimeo.com\/video\/582041125?h=f7b798f519&amp;dnt=1&amp;app_id=122963\" width=\"500\" height=\"281\" frameborder=\"0\" allow=\"autoplay; fullscreen; picture-in-picture; clipboard-write\"><\/iframe><\/div>\n<\/div><\/figure>\n\n<\/div>\n\t<div class=\"play-button\">\n\t\t<svg width=\"146px\" height=\"146px\" viewBox=\"0 0 146 146\" version=\"1.1\" xmlns=\"http:\/\/www.w3.org\/2000\/svg\" xmlns:xlink=\"http:\/\/www.w3.org\/1999\/xlink\">\n\t\t\t<title>btn-video-dark<\/title>\n\t\t\t<g id=\"Invest-01\" stroke=\"none\" stroke-width=\"1\" fill=\"none\" fill-rule=\"evenodd\" stroke-linejoin=\"round\">\n\t\t\t\t\t<g id=\"Pg-Why-create-a-surf-spot\" transform=\"translate(-632.000000, -2570.000000)\" stroke=\"#000000\" stroke-width=\"4\">\n\t\t\t\t\t\t\t<g id=\"btn-video-dark\" transform=\"translate(634.000000, 2572.000000)\">\n\t\t\t\t\t\t\t\t\t<circle id=\"Oval\" cx=\"71\" cy=\"71\" r=\"71\"><\/circle>\n\t\t\t\t\t\t\t\t\t<polygon id=\"Triangle\" transform=\"translate(79.500000, 71.500000) rotate(90.000000) translate(-79.500000, -71.500000) \" points=\"79.5 45 108 98 51 98\"><\/polygon>\n\t\t\t\t\t\t\t<\/g>\n\t\t\t\t\t<\/g>\n\t\t\t<\/g>\n\t\t<\/svg>\n\t<\/div>\n\t<div class=\"pause-button\">\n\t<\/div>\n<\/div>","protected":false},"excerpt":{"rendered":"<p>El crecimiento exponencial de los deportes al aire libre es imparable. Se estima que a d\u00eda de hoy hay entre 25-35 millones de surfistas en todo el mundo (fuente: ISA\/Forbes). Impacto econ\u00f3mico anual del surf en 3 destinos de surf populares Millardos La industria del surf genera 7,3 millardos de \u20ac anuales (Statistic Brain) 12 [&hellip;]<\/p>\n","protected":false},"author":2,"featured_media":2467,"parent":0,"menu_order":0,"comment_status":"closed","ping_status":"closed","template":"","meta":{"_acf_changed":false,"footnotes":""},"class_list":["post-911","page","type-page","status-publish","has-post-thumbnail","hentry"],"acf":[],"yoast_head":"<!-- This site is optimized with the Yoast SEO plugin v27.2 - https:\/\/yoast.com\/product\/yoast-seo-wordpress\/ -->\n<title>| 12 motivos para construir un Wavegarden Cove<\/title>\n<meta name=\"description\" content=\"Consulta las razones por las que un surf park es un negocio rentable e innovador. El crecimiento de deportes al aire libre est\u00e1 en auge y el surf es imparable.\" \/>\n<meta name=\"robots\" content=\"index, follow, max-snippet:-1, max-image-preview:large, max-video-preview:-1\" \/>\n<link rel=\"canonical\" href=\"https:\/\/wavegarden.com\/es\/porque-crear-un-spot-de-surf\/\" \/>\n<meta property=\"og:locale\" content=\"es_ES\" \/>\n<meta property=\"og:type\" content=\"article\" \/>\n<meta property=\"og:title\" content=\"| 12 motivos para construir un Wavegarden Cove\" \/>\n<meta property=\"og:description\" content=\"Consulta las razones por las que un surf park es un negocio rentable e innovador. El crecimiento de deportes al aire libre est\u00e1 en auge y el surf es imparable.\" \/>\n<meta property=\"og:url\" content=\"https:\/\/wavegarden.com\/es\/porque-crear-un-spot-de-surf\/\" \/>\n<meta property=\"og:site_name\" content=\"Wavegarden\" \/>\n<meta property=\"article:publisher\" content=\"http:\/\/www.facebook.com\/Wavegarden\" \/>\n<meta property=\"article:modified_time\" content=\"2024-07-02T10:21:08+00:00\" \/>\n<meta property=\"og:image\" content=\"https:\/\/wavegarden.com\/wp-content\/uploads\/2019\/10\/MG_9574.jpg\" \/>\n\t<meta property=\"og:image:width\" content=\"1600\" \/>\n\t<meta property=\"og:image:height\" content=\"1067\" \/>\n\t<meta property=\"og:image:type\" content=\"image\/jpeg\" \/>\n<meta name=\"twitter:card\" content=\"summary_large_image\" \/>\n<meta name=\"twitter:site\" content=\"@wavegarden\" \/>\n<meta name=\"twitter:label1\" content=\"Tiempo de lectura\" \/>\n\t<meta name=\"twitter:data1\" content=\"6 minutos\" \/>\n<script type=\"application\/ld+json\" class=\"yoast-schema-graph\">{\"@context\":\"https:\/\/schema.org\",\"@graph\":[{\"@type\":\"WebPage\",\"@id\":\"https:\/\/wavegarden.com\/es\/porque-crear-un-spot-de-surf\/\",\"url\":\"https:\/\/wavegarden.com\/es\/porque-crear-un-spot-de-surf\/\",\"name\":\"| 12 motivos para construir un Wavegarden Cove\",\"isPartOf\":{\"@id\":\"https:\/\/wavegarden.com\/de\/#website\"},\"primaryImageOfPage\":{\"@id\":\"https:\/\/wavegarden.com\/es\/porque-crear-un-spot-de-surf\/#primaryimage\"},\"image\":{\"@id\":\"https:\/\/wavegarden.com\/es\/porque-crear-un-spot-de-surf\/#primaryimage\"},\"thumbnailUrl\":\"https:\/\/wavegarden.com\/wp-content\/uploads\/2019\/10\/MG_9574.jpg\",\"datePublished\":\"2016-09-26T07:46:00+00:00\",\"dateModified\":\"2024-07-02T10:21:08+00:00\",\"description\":\"Consulta las razones por las que un surf park es un negocio rentable e innovador. El crecimiento de deportes al aire libre est\u00e1 en auge y el surf es imparable.\",\"breadcrumb\":{\"@id\":\"https:\/\/wavegarden.com\/es\/porque-crear-un-spot-de-surf\/#breadcrumb\"},\"inLanguage\":\"es\",\"potentialAction\":[{\"@type\":\"ReadAction\",\"target\":[\"https:\/\/wavegarden.com\/es\/porque-crear-un-spot-de-surf\/\"]}]},{\"@type\":\"ImageObject\",\"inLanguage\":\"es\",\"@id\":\"https:\/\/wavegarden.com\/es\/porque-crear-un-spot-de-surf\/#primaryimage\",\"url\":\"https:\/\/wavegarden.com\/wp-content\/uploads\/2019\/10\/MG_9574.jpg\",\"contentUrl\":\"https:\/\/wavegarden.com\/wp-content\/uploads\/2019\/10\/MG_9574.jpg\",\"width\":1600,\"height\":1067},{\"@type\":\"BreadcrumbList\",\"@id\":\"https:\/\/wavegarden.com\/es\/porque-crear-un-spot-de-surf\/#breadcrumb\",\"itemListElement\":[{\"@type\":\"ListItem\",\"position\":1,\"name\":\"Home\",\"item\":\"https:\/\/wavegarden.com\/es\/\"},{\"@type\":\"ListItem\",\"position\":2,\"name\":\"\u00bfPor qu\u00e9 crear un Spot de Surf?\"}]},{\"@type\":\"WebSite\",\"@id\":\"https:\/\/wavegarden.com\/de\/#website\",\"url\":\"https:\/\/wavegarden.com\/de\/\",\"name\":\"Wavegarden\",\"description\":\"\",\"publisher\":{\"@id\":\"https:\/\/wavegarden.com\/de\/#organization\"},\"potentialAction\":[{\"@type\":\"SearchAction\",\"target\":{\"@type\":\"EntryPoint\",\"urlTemplate\":\"https:\/\/wavegarden.com\/de\/?s={search_term_string}\"},\"query-input\":{\"@type\":\"PropertyValueSpecification\",\"valueRequired\":true,\"valueName\":\"search_term_string\"}}],\"inLanguage\":\"es\"},{\"@type\":\"Organization\",\"@id\":\"https:\/\/wavegarden.com\/de\/#organization\",\"name\":\"Wavegarden\",\"alternateName\":\"Wavegarden\",\"url\":\"https:\/\/wavegarden.com\/de\/\",\"logo\":{\"@type\":\"ImageObject\",\"inLanguage\":\"es\",\"@id\":\"https:\/\/wavegarden.com\/de\/#\/schema\/logo\/image\/\",\"url\":\"https:\/\/wavegarden.com\/wp-content\/uploads\/2024\/06\/logo-wavegarden.png\",\"contentUrl\":\"https:\/\/wavegarden.com\/wp-content\/uploads\/2024\/06\/logo-wavegarden.png\",\"width\":692,\"height\":292,\"caption\":\"Wavegarden\"},\"image\":{\"@id\":\"https:\/\/wavegarden.com\/de\/#\/schema\/logo\/image\/\"},\"sameAs\":[\"http:\/\/www.facebook.com\/Wavegarden\",\"https:\/\/x.com\/wavegarden\",\"https:\/\/www.instagram.com\/wavegarden_official\/\",\"https:\/\/www.linkedin.com\/company\/wavegarden\/\",\"https:\/\/www.youtube.com\/@WavegardenOfficial\"]}]}<\/script>\n<!-- \/ Yoast SEO plugin. -->","yoast_head_json":{"title":"| 12 motivos para construir un Wavegarden Cove","description":"Consulta las razones por las que un surf park es un negocio rentable e innovador. El crecimiento de deportes al aire libre est\u00e1 en auge y el surf es imparable.","robots":{"index":"index","follow":"follow","max-snippet":"max-snippet:-1","max-image-preview":"max-image-preview:large","max-video-preview":"max-video-preview:-1"},"canonical":"https:\/\/wavegarden.com\/es\/porque-crear-un-spot-de-surf\/","og_locale":"es_ES","og_type":"article","og_title":"| 12 motivos para construir un Wavegarden Cove","og_description":"Consulta las razones por las que un surf park es un negocio rentable e innovador. El crecimiento de deportes al aire libre est\u00e1 en auge y el surf es imparable.","og_url":"https:\/\/wavegarden.com\/es\/porque-crear-un-spot-de-surf\/","og_site_name":"Wavegarden","article_publisher":"http:\/\/www.facebook.com\/Wavegarden","article_modified_time":"2024-07-02T10:21:08+00:00","og_image":[{"width":1600,"height":1067,"url":"https:\/\/wavegarden.com\/wp-content\/uploads\/2019\/10\/MG_9574.jpg","type":"image\/jpeg"}],"twitter_card":"summary_large_image","twitter_site":"@wavegarden","twitter_misc":{"Tiempo de lectura":"6 minutos"},"schema":{"@context":"https:\/\/schema.org","@graph":[{"@type":"WebPage","@id":"https:\/\/wavegarden.com\/es\/porque-crear-un-spot-de-surf\/","url":"https:\/\/wavegarden.com\/es\/porque-crear-un-spot-de-surf\/","name":"| 12 motivos para construir un Wavegarden Cove","isPartOf":{"@id":"https:\/\/wavegarden.com\/de\/#website"},"primaryImageOfPage":{"@id":"https:\/\/wavegarden.com\/es\/porque-crear-un-spot-de-surf\/#primaryimage"},"image":{"@id":"https:\/\/wavegarden.com\/es\/porque-crear-un-spot-de-surf\/#primaryimage"},"thumbnailUrl":"https:\/\/wavegarden.com\/wp-content\/uploads\/2019\/10\/MG_9574.jpg","datePublished":"2016-09-26T07:46:00+00:00","dateModified":"2024-07-02T10:21:08+00:00","description":"Consulta las razones por las que un surf park es un negocio rentable e innovador. El crecimiento de deportes al aire libre est\u00e1 en auge y el surf es imparable.","breadcrumb":{"@id":"https:\/\/wavegarden.com\/es\/porque-crear-un-spot-de-surf\/#breadcrumb"},"inLanguage":"es","potentialAction":[{"@type":"ReadAction","target":["https:\/\/wavegarden.com\/es\/porque-crear-un-spot-de-surf\/"]}]},{"@type":"ImageObject","inLanguage":"es","@id":"https:\/\/wavegarden.com\/es\/porque-crear-un-spot-de-surf\/#primaryimage","url":"https:\/\/wavegarden.com\/wp-content\/uploads\/2019\/10\/MG_9574.jpg","contentUrl":"https:\/\/wavegarden.com\/wp-content\/uploads\/2019\/10\/MG_9574.jpg","width":1600,"height":1067},{"@type":"BreadcrumbList","@id":"https:\/\/wavegarden.com\/es\/porque-crear-un-spot-de-surf\/#breadcrumb","itemListElement":[{"@type":"ListItem","position":1,"name":"Home","item":"https:\/\/wavegarden.com\/es\/"},{"@type":"ListItem","position":2,"name":"\u00bfPor qu\u00e9 crear un Spot de Surf?"}]},{"@type":"WebSite","@id":"https:\/\/wavegarden.com\/de\/#website","url":"https:\/\/wavegarden.com\/de\/","name":"Wavegarden","description":"","publisher":{"@id":"https:\/\/wavegarden.com\/de\/#organization"},"potentialAction":[{"@type":"SearchAction","target":{"@type":"EntryPoint","urlTemplate":"https:\/\/wavegarden.com\/de\/?s={search_term_string}"},"query-input":{"@type":"PropertyValueSpecification","valueRequired":true,"valueName":"search_term_string"}}],"inLanguage":"es"},{"@type":"Organization","@id":"https:\/\/wavegarden.com\/de\/#organization","name":"Wavegarden","alternateName":"Wavegarden","url":"https:\/\/wavegarden.com\/de\/","logo":{"@type":"ImageObject","inLanguage":"es","@id":"https:\/\/wavegarden.com\/de\/#\/schema\/logo\/image\/","url":"https:\/\/wavegarden.com\/wp-content\/uploads\/2024\/06\/logo-wavegarden.png","contentUrl":"https:\/\/wavegarden.com\/wp-content\/uploads\/2024\/06\/logo-wavegarden.png","width":692,"height":292,"caption":"Wavegarden"},"image":{"@id":"https:\/\/wavegarden.com\/de\/#\/schema\/logo\/image\/"},"sameAs":["http:\/\/www.facebook.com\/Wavegarden","https:\/\/x.com\/wavegarden","https:\/\/www.instagram.com\/wavegarden_official\/","https:\/\/www.linkedin.com\/company\/wavegarden\/","https:\/\/www.youtube.com\/@WavegardenOfficial"]}]}},"_links":{"self":[{"href":"https:\/\/wavegarden.com\/es\/wp-json\/wp\/v2\/pages\/911","targetHints":{"allow":["GET"]}}],"collection":[{"href":"https:\/\/wavegarden.com\/es\/wp-json\/wp\/v2\/pages"}],"about":[{"href":"https:\/\/wavegarden.com\/es\/wp-json\/wp\/v2\/types\/page"}],"author":[{"embeddable":true,"href":"https:\/\/wavegarden.com\/es\/wp-json\/wp\/v2\/users\/2"}],"replies":[{"embeddable":true,"href":"https:\/\/wavegarden.com\/es\/wp-json\/wp\/v2\/comments?post=911"}],"version-history":[{"count":28,"href":"https:\/\/wavegarden.com\/es\/wp-json\/wp\/v2\/pages\/911\/revisions"}],"predecessor-version":[{"id":24984,"href":"https:\/\/wavegarden.com\/es\/wp-json\/wp\/v2\/pages\/911\/revisions\/24984"}],"wp:featuredmedia":[{"embeddable":true,"href":"https:\/\/wavegarden.com\/es\/wp-json\/wp\/v2\/media\/2467"}],"wp:attachment":[{"href":"https:\/\/wavegarden.com\/es\/wp-json\/wp\/v2\/media?parent=911"}],"curies":[{"name":"wp","href":"https:\/\/api.w.org\/{rel}","templated":true}]}}