{"id":7988,"date":"2022-05-24T12:12:02","date_gmt":"2022-05-24T10:12:02","guid":{"rendered":"https:\/\/wavegarden.com\/46-modulos\/"},"modified":"2025-10-15T13:44:15","modified_gmt":"2025-10-15T11:44:15","slug":"46-modulos","status":"publish","type":"page","link":"https:\/\/wavegarden.com\/es\/wave-menu\/46-modulos\/","title":{"rendered":"46 M\u00f3dulos"},"content":{"rendered":"\n<h2 class=\"wp-block-heading has-text-align-center page-intro__title\">Calidad y variedad de olas para espacios m\u00e1s peque\u00f1os<\/h2>\n\n<p class=\"has-text-align-center\">El tama\u00f1o m\u00ednimo recomendado del generador de olas es de 46 m\u00f3dulos. Puede ser instalado tanto en espacios peque\u00f1os, como es el caso de Ala\u00efa Bay (sin zonas de Bays) o en lagunas de tama\u00f1o completo con zonas de Bays como Urbnsurf Melbourne. <\/p>\n\n<p class=\"has-text-align-center\"><strong>Selecciona una categor\u00eda de ola y comprueba los videos y las especificaciones.<\/strong><\/p>\n\n<p class=\"has-text-align-center\">M\u00e1s de 20 olas diferentes ideales para todos: principiantes, intermedios y profesionales.<\/p>\n<section class=\"wave-type\">\n    <ul>\n        <li><p><a href=\"https:\/\/wavegarden.com\/es\/wave-menu\/46-the-bays\/\">                                        <video poster=\"https:\/\/wavegarden.com\/wp-content\/uploads\/2021\/12\/iconos-olas-7_1-the-bays-copia-2.png\" src=\"https:\/\/wavegarden.com\/wp-content\/uploads\/2022\/06\/thebays-04.mp4\" onmouseenter=\"this.play();this.loop=1;\" onmouseleave=\"this.loop=0;\" onended=\"this.load();\" muted=\"muted\" playsinline><span class=\"video-border\"><\/span><\/video>\n                                    <span>The Bays<\/span><\/a><\/p><\/li><li><p><a href=\"https:\/\/wavegarden.com\/es\/wave-menu\/46-waikiki-1\/\">                                        <video poster=\"https:\/\/wavegarden.com\/wp-content\/uploads\/2021\/12\/iconos-olas-7_2-Waikiki-copia-1.png\" src=\"https:\/\/wavegarden.com\/wp-content\/uploads\/2022\/05\/waikiki-03.mp4\" onmouseenter=\"this.play();this.loop=1;\" onmouseleave=\"this.loop=0;\" onended=\"this.load();\" muted=\"muted\" playsinline><span class=\"video-border\"><\/span><\/video>\n                                    <span>Waikikis<\/span><\/a><\/p><\/li><li><p><a href=\"https:\/\/wavegarden.com\/es\/wave-menu\/46-malibu-1\/\">                                        <video poster=\"https:\/\/wavegarden.com\/wp-content\/uploads\/2021\/12\/iconos-olas-7_3-Malibu-copia.png\" src=\"https:\/\/wavegarden.com\/wp-content\/uploads\/2022\/06\/malibu-04.mp4\" onmouseenter=\"this.play();this.loop=1;\" onmouseleave=\"this.loop=0;\" onended=\"this.load();\" muted=\"muted\" playsinline><span class=\"video-border\"><\/span><\/video>\n                                    <span>Malibus<\/span><\/a><\/p><\/li><li><p><a href=\"https:\/\/wavegarden.com\/es\/wave-menu\/46-turns-1\/\">                                        <video poster=\"https:\/\/wavegarden.com\/wp-content\/uploads\/2021\/12\/iconos-olas-7_4-turns-copia.png\" src=\"https:\/\/wavegarden.com\/wp-content\/uploads\/2022\/05\/turns-03.mp4\" onmouseenter=\"this.play();this.loop=1;\" onmouseleave=\"this.loop=0;\" onended=\"this.load();\" muted=\"muted\" playsinline><span class=\"video-border\"><\/span><\/video>\n                                    <span>Turns<\/span><\/a><\/p><\/li><li><p><a href=\"https:\/\/wavegarden.com\/es\/wave-menu\/46-barrel-1\/\">                                        <video poster=\"https:\/\/wavegarden.com\/wp-content\/uploads\/2021\/12\/iconos-olas-7_5-Barrel-copia.png\" src=\"https:\/\/wavegarden.com\/wp-content\/uploads\/2022\/05\/barrel-03.mp4\" onmouseenter=\"this.play();this.loop=1;\" onmouseleave=\"this.loop=0;\" onended=\"this.load();\" muted=\"muted\" playsinline><span class=\"video-border\"><\/span><\/video>\n                                    <span>Barrels<\/span><\/a><\/p><\/li><li><p><a href=\"https:\/\/wavegarden.com\/es\/wave-menu\/46-air-expertos\/\">                                        <video poster=\"https:\/\/wavegarden.com\/wp-content\/uploads\/2021\/12\/iconos-olas-7_6-AirWave-copia-2.png\" src=\"https:\/\/wavegarden.com\/wp-content\/uploads\/2022\/05\/air-wave-03.mp4\" onmouseenter=\"this.play();this.loop=1;\" onmouseleave=\"this.loop=0;\" onended=\"this.load();\" muted=\"muted\" playsinline><span class=\"video-border\"><\/span><\/video>\n                                    <span>Air Waves<\/span><\/a><\/p><\/li>    <\/ul>\n<\/section>\n<h2 class=\"wp-block-heading has-text-align-center\">VENTAJAS<\/h2>\n\n<div class=\"wp-block-columns is-layout-flex wp-container-core-columns-is-layout-9d6595d7 wp-block-columns-is-layout-flex\">\n<div class=\"wp-block-column is-layout-flow wp-block-column-is-layout-flow\"><div class=\"wp-block-image\">\n<figure class=\"aligncenter size-full\"><img decoding=\"async\" width=\"54\" height=\"54\" src=\"https:\/\/wavegarden.com\/wp-content\/uploads\/2022\/06\/iconos-ventajas_Mesa-de-trabajo-1.png\" alt=\"\" class=\"wp-image-8836\"\/><\/figure>\n<\/div>\n\n\n<div style=\"height:20px\" aria-hidden=\"true\" class=\"wp-block-spacer\"><\/div>\n\n\n\n<p class=\"has-text-align-center\">Men\u00fa de olas completo con todos los tipos de olas disponibles<\/p>\n<\/div>\n\n\n\n<div class=\"wp-block-column is-layout-flow wp-block-column-is-layout-flow\"><div class=\"wp-block-image\">\n<figure class=\"aligncenter size-full\"><img decoding=\"async\" width=\"54\" height=\"54\" src=\"https:\/\/wavegarden.com\/wp-content\/uploads\/2022\/06\/iconos-ventajas_Mesa-de-trabajo-1.png\" alt=\"\" class=\"wp-image-8836\"\/><\/figure>\n<\/div>\n\n\n<div style=\"height:20px\" aria-hidden=\"true\" class=\"wp-block-spacer\"><\/div>\n\n\n\n<p class=\"has-text-align-center\">Tama\u00f1o m\u00ednimo probado para realizar competiciones internacionales<\/p>\n<\/div>\n\n\n\n<div class=\"wp-block-column is-layout-flow wp-block-column-is-layout-flow\"><div class=\"wp-block-image\">\n<figure class=\"aligncenter size-full\"><img decoding=\"async\" width=\"54\" height=\"54\" src=\"https:\/\/wavegarden.com\/wp-content\/uploads\/2022\/06\/iconos-ventajas_Mesa-de-trabajo-1.png\" alt=\"\" class=\"wp-image-8836\"\/><\/figure>\n<\/div>\n\n\n<div style=\"height:20px\" aria-hidden=\"true\" class=\"wp-block-spacer\"><\/div>\n\n\n\n<p class=\"has-text-align-center\">N\u00famero de m\u00f3dulos id\u00f3neo para terrenos m\u00e1s peque\u00f1os<\/p>\n<\/div>\n<\/div>\n","protected":false},"excerpt":{"rendered":"<p>Calidad y variedad de olas para espacios m\u00e1s peque\u00f1os El tama\u00f1o m\u00ednimo recomendado del generador de olas es de 46 m\u00f3dulos. Puede ser instalado tanto en espacios peque\u00f1os, como es el caso de Ala\u00efa Bay (sin zonas de Bays) o en lagunas de tama\u00f1o completo con zonas de Bays como Urbnsurf Melbourne. Selecciona una categor\u00eda [&hellip;]<\/p>\n","protected":false},"author":4,"featured_media":7912,"parent":7864,"menu_order":0,"comment_status":"closed","ping_status":"closed","template":"pages\/modules.php","meta":{"_acf_changed":false,"footnotes":""},"class_list":["post-7988","page","type-page","status-publish","has-post-thumbnail","hentry"],"acf":[],"yoast_head":"<!-- This site is optimized with the Yoast SEO plugin v27.2 - https:\/\/yoast.com\/product\/yoast-seo-wordpress\/ -->\n<title>| 46 Module machine \u00e0 vagues<\/title>\n<meta name=\"description\" content=\"D\u00e9couvrez le g\u00e9n\u00e9rateur de vagues \u00e0 46 modules con\u00e7u pour cr\u00e9er plus de 20 types de vagues dans des sites plus petits comme URBNSURF (Australie) ou Ala\u00efa Bay.\" \/>\n<meta name=\"robots\" content=\"index, follow, max-snippet:-1, max-image-preview:large, max-video-preview:-1\" \/>\n<link rel=\"canonical\" href=\"https:\/\/wavegarden.com\/es\/wave-menu\/46-modulos\/\" \/>\n<meta property=\"og:locale\" content=\"es_ES\" \/>\n<meta property=\"og:type\" content=\"article\" \/>\n<meta property=\"og:title\" content=\"| 46 Module machine \u00e0 vagues\" \/>\n<meta property=\"og:description\" content=\"D\u00e9couvrez le g\u00e9n\u00e9rateur de vagues \u00e0 46 modules con\u00e7u pour cr\u00e9er plus de 20 types de vagues dans des sites plus petits comme URBNSURF (Australie) ou Ala\u00efa Bay.\" \/>\n<meta property=\"og:url\" content=\"https:\/\/wavegarden.com\/es\/wave-menu\/46-modulos\/\" \/>\n<meta property=\"og:site_name\" content=\"Wavegarden\" \/>\n<meta property=\"article:publisher\" content=\"http:\/\/www.facebook.com\/Wavegarden\" \/>\n<meta property=\"article:modified_time\" content=\"2025-10-15T11:44:15+00:00\" \/>\n<meta property=\"og:image\" content=\"https:\/\/wavegarden.com\/wp-content\/uploads\/2022\/05\/46-modulos-Alaia-Bay.jpg\" \/>\n\t<meta property=\"og:image:width\" content=\"2000\" \/>\n\t<meta property=\"og:image:height\" content=\"1126\" \/>\n\t<meta property=\"og:image:type\" content=\"image\/jpeg\" \/>\n<meta name=\"twitter:card\" content=\"summary_large_image\" \/>\n<meta name=\"twitter:site\" content=\"@wavegarden\" \/>\n<meta name=\"twitter:label1\" content=\"Tiempo de lectura\" \/>\n\t<meta name=\"twitter:data1\" content=\"5 minutos\" \/>\n<script type=\"application\/ld+json\" class=\"yoast-schema-graph\">{\"@context\":\"https:\/\/schema.org\",\"@graph\":[{\"@type\":\"WebPage\",\"@id\":\"https:\/\/wavegarden.com\/es\/wave-menu\/46-modulos\/\",\"url\":\"https:\/\/wavegarden.com\/es\/wave-menu\/46-modulos\/\",\"name\":\"| 46 Module machine \u00e0 vagues\",\"isPartOf\":{\"@id\":\"https:\/\/wavegarden.com\/de\/#website\"},\"primaryImageOfPage\":{\"@id\":\"https:\/\/wavegarden.com\/es\/wave-menu\/46-modulos\/#primaryimage\"},\"image\":{\"@id\":\"https:\/\/wavegarden.com\/es\/wave-menu\/46-modulos\/#primaryimage\"},\"thumbnailUrl\":\"https:\/\/wavegarden.com\/wp-content\/uploads\/2022\/05\/46-modulos-Alaia-Bay.jpg\",\"datePublished\":\"2022-05-24T10:12:02+00:00\",\"dateModified\":\"2025-10-15T11:44:15+00:00\",\"description\":\"D\u00e9couvrez le g\u00e9n\u00e9rateur de vagues \u00e0 46 modules con\u00e7u pour cr\u00e9er plus de 20 types de vagues dans des sites plus petits comme URBNSURF (Australie) ou Ala\u00efa Bay.\",\"breadcrumb\":{\"@id\":\"https:\/\/wavegarden.com\/es\/wave-menu\/46-modulos\/#breadcrumb\"},\"inLanguage\":\"es\",\"potentialAction\":[{\"@type\":\"ReadAction\",\"target\":[\"https:\/\/wavegarden.com\/es\/wave-menu\/46-modulos\/\"]}]},{\"@type\":\"ImageObject\",\"inLanguage\":\"es\",\"@id\":\"https:\/\/wavegarden.com\/es\/wave-menu\/46-modulos\/#primaryimage\",\"url\":\"https:\/\/wavegarden.com\/wp-content\/uploads\/2022\/05\/46-modulos-Alaia-Bay.jpg\",\"contentUrl\":\"https:\/\/wavegarden.com\/wp-content\/uploads\/2022\/05\/46-modulos-Alaia-Bay.jpg\",\"width\":2000,\"height\":1126},{\"@type\":\"BreadcrumbList\",\"@id\":\"https:\/\/wavegarden.com\/es\/wave-menu\/46-modulos\/#breadcrumb\",\"itemListElement\":[{\"@type\":\"ListItem\",\"position\":1,\"name\":\"Home\",\"item\":\"https:\/\/wavegarden.com\/es\/\"},{\"@type\":\"ListItem\",\"position\":2,\"name\":\"Wave menu\",\"item\":\"https:\/\/wavegarden.com\/es\/wave-menu\/\"},{\"@type\":\"ListItem\",\"position\":3,\"name\":\"46 M\u00f3dulos\"}]},{\"@type\":\"WebSite\",\"@id\":\"https:\/\/wavegarden.com\/de\/#website\",\"url\":\"https:\/\/wavegarden.com\/de\/\",\"name\":\"Wavegarden\",\"description\":\"\",\"publisher\":{\"@id\":\"https:\/\/wavegarden.com\/de\/#organization\"},\"potentialAction\":[{\"@type\":\"SearchAction\",\"target\":{\"@type\":\"EntryPoint\",\"urlTemplate\":\"https:\/\/wavegarden.com\/de\/?s={search_term_string}\"},\"query-input\":{\"@type\":\"PropertyValueSpecification\",\"valueRequired\":true,\"valueName\":\"search_term_string\"}}],\"inLanguage\":\"es\"},{\"@type\":\"Organization\",\"@id\":\"https:\/\/wavegarden.com\/de\/#organization\",\"name\":\"Wavegarden\",\"alternateName\":\"Wavegarden\",\"url\":\"https:\/\/wavegarden.com\/de\/\",\"logo\":{\"@type\":\"ImageObject\",\"inLanguage\":\"es\",\"@id\":\"https:\/\/wavegarden.com\/de\/#\/schema\/logo\/image\/\",\"url\":\"https:\/\/wavegarden.com\/wp-content\/uploads\/2024\/06\/logo-wavegarden.png\",\"contentUrl\":\"https:\/\/wavegarden.com\/wp-content\/uploads\/2024\/06\/logo-wavegarden.png\",\"width\":692,\"height\":292,\"caption\":\"Wavegarden\"},\"image\":{\"@id\":\"https:\/\/wavegarden.com\/de\/#\/schema\/logo\/image\/\"},\"sameAs\":[\"http:\/\/www.facebook.com\/Wavegarden\",\"https:\/\/x.com\/wavegarden\",\"https:\/\/www.instagram.com\/wavegarden_official\/\",\"https:\/\/www.linkedin.com\/company\/wavegarden\/\",\"https:\/\/www.youtube.com\/@WavegardenOfficial\"]}]}<\/script>\n<!-- \/ Yoast SEO plugin. -->","yoast_head_json":{"title":"| 46 Module machine \u00e0 vagues","description":"D\u00e9couvrez le g\u00e9n\u00e9rateur de vagues \u00e0 46 modules con\u00e7u pour cr\u00e9er plus de 20 types de vagues dans des sites plus petits comme URBNSURF (Australie) ou Ala\u00efa Bay.","robots":{"index":"index","follow":"follow","max-snippet":"max-snippet:-1","max-image-preview":"max-image-preview:large","max-video-preview":"max-video-preview:-1"},"canonical":"https:\/\/wavegarden.com\/es\/wave-menu\/46-modulos\/","og_locale":"es_ES","og_type":"article","og_title":"| 46 Module machine \u00e0 vagues","og_description":"D\u00e9couvrez le g\u00e9n\u00e9rateur de vagues \u00e0 46 modules con\u00e7u pour cr\u00e9er plus de 20 types de vagues dans des sites plus petits comme URBNSURF (Australie) ou Ala\u00efa Bay.","og_url":"https:\/\/wavegarden.com\/es\/wave-menu\/46-modulos\/","og_site_name":"Wavegarden","article_publisher":"http:\/\/www.facebook.com\/Wavegarden","article_modified_time":"2025-10-15T11:44:15+00:00","og_image":[{"width":2000,"height":1126,"url":"https:\/\/wavegarden.com\/wp-content\/uploads\/2022\/05\/46-modulos-Alaia-Bay.jpg","type":"image\/jpeg"}],"twitter_card":"summary_large_image","twitter_site":"@wavegarden","twitter_misc":{"Tiempo de lectura":"5 minutos"},"schema":{"@context":"https:\/\/schema.org","@graph":[{"@type":"WebPage","@id":"https:\/\/wavegarden.com\/es\/wave-menu\/46-modulos\/","url":"https:\/\/wavegarden.com\/es\/wave-menu\/46-modulos\/","name":"| 46 Module machine \u00e0 vagues","isPartOf":{"@id":"https:\/\/wavegarden.com\/de\/#website"},"primaryImageOfPage":{"@id":"https:\/\/wavegarden.com\/es\/wave-menu\/46-modulos\/#primaryimage"},"image":{"@id":"https:\/\/wavegarden.com\/es\/wave-menu\/46-modulos\/#primaryimage"},"thumbnailUrl":"https:\/\/wavegarden.com\/wp-content\/uploads\/2022\/05\/46-modulos-Alaia-Bay.jpg","datePublished":"2022-05-24T10:12:02+00:00","dateModified":"2025-10-15T11:44:15+00:00","description":"D\u00e9couvrez le g\u00e9n\u00e9rateur de vagues \u00e0 46 modules con\u00e7u pour cr\u00e9er plus de 20 types de vagues dans des sites plus petits comme URBNSURF (Australie) ou Ala\u00efa Bay.","breadcrumb":{"@id":"https:\/\/wavegarden.com\/es\/wave-menu\/46-modulos\/#breadcrumb"},"inLanguage":"es","potentialAction":[{"@type":"ReadAction","target":["https:\/\/wavegarden.com\/es\/wave-menu\/46-modulos\/"]}]},{"@type":"ImageObject","inLanguage":"es","@id":"https:\/\/wavegarden.com\/es\/wave-menu\/46-modulos\/#primaryimage","url":"https:\/\/wavegarden.com\/wp-content\/uploads\/2022\/05\/46-modulos-Alaia-Bay.jpg","contentUrl":"https:\/\/wavegarden.com\/wp-content\/uploads\/2022\/05\/46-modulos-Alaia-Bay.jpg","width":2000,"height":1126},{"@type":"BreadcrumbList","@id":"https:\/\/wavegarden.com\/es\/wave-menu\/46-modulos\/#breadcrumb","itemListElement":[{"@type":"ListItem","position":1,"name":"Home","item":"https:\/\/wavegarden.com\/es\/"},{"@type":"ListItem","position":2,"name":"Wave menu","item":"https:\/\/wavegarden.com\/es\/wave-menu\/"},{"@type":"ListItem","position":3,"name":"46 M\u00f3dulos"}]},{"@type":"WebSite","@id":"https:\/\/wavegarden.com\/de\/#website","url":"https:\/\/wavegarden.com\/de\/","name":"Wavegarden","description":"","publisher":{"@id":"https:\/\/wavegarden.com\/de\/#organization"},"potentialAction":[{"@type":"SearchAction","target":{"@type":"EntryPoint","urlTemplate":"https:\/\/wavegarden.com\/de\/?s={search_term_string}"},"query-input":{"@type":"PropertyValueSpecification","valueRequired":true,"valueName":"search_term_string"}}],"inLanguage":"es"},{"@type":"Organization","@id":"https:\/\/wavegarden.com\/de\/#organization","name":"Wavegarden","alternateName":"Wavegarden","url":"https:\/\/wavegarden.com\/de\/","logo":{"@type":"ImageObject","inLanguage":"es","@id":"https:\/\/wavegarden.com\/de\/#\/schema\/logo\/image\/","url":"https:\/\/wavegarden.com\/wp-content\/uploads\/2024\/06\/logo-wavegarden.png","contentUrl":"https:\/\/wavegarden.com\/wp-content\/uploads\/2024\/06\/logo-wavegarden.png","width":692,"height":292,"caption":"Wavegarden"},"image":{"@id":"https:\/\/wavegarden.com\/de\/#\/schema\/logo\/image\/"},"sameAs":["http:\/\/www.facebook.com\/Wavegarden","https:\/\/x.com\/wavegarden","https:\/\/www.instagram.com\/wavegarden_official\/","https:\/\/www.linkedin.com\/company\/wavegarden\/","https:\/\/www.youtube.com\/@WavegardenOfficial"]}]}},"_links":{"self":[{"href":"https:\/\/wavegarden.com\/es\/wp-json\/wp\/v2\/pages\/7988","targetHints":{"allow":["GET"]}}],"collection":[{"href":"https:\/\/wavegarden.com\/es\/wp-json\/wp\/v2\/pages"}],"about":[{"href":"https:\/\/wavegarden.com\/es\/wp-json\/wp\/v2\/types\/page"}],"author":[{"embeddable":true,"href":"https:\/\/wavegarden.com\/es\/wp-json\/wp\/v2\/users\/4"}],"replies":[{"embeddable":true,"href":"https:\/\/wavegarden.com\/es\/wp-json\/wp\/v2\/comments?post=7988"}],"version-history":[{"count":33,"href":"https:\/\/wavegarden.com\/es\/wp-json\/wp\/v2\/pages\/7988\/revisions"}],"predecessor-version":[{"id":44654,"href":"https:\/\/wavegarden.com\/es\/wp-json\/wp\/v2\/pages\/7988\/revisions\/44654"}],"up":[{"embeddable":true,"href":"https:\/\/wavegarden.com\/es\/wp-json\/wp\/v2\/pages\/7864"}],"wp:featuredmedia":[{"embeddable":true,"href":"https:\/\/wavegarden.com\/es\/wp-json\/wp\/v2\/media\/7912"}],"wp:attachment":[{"href":"https:\/\/wavegarden.com\/es\/wp-json\/wp\/v2\/media?parent=7988"}],"curies":[{"name":"wp","href":"https:\/\/api.w.org\/{rel}","templated":true}]}}