{"id":7894,"date":"2022-05-23T13:45:18","date_gmt":"2022-05-23T11:45:18","guid":{"rendered":"https:\/\/wavegarden.com\/56-modulos\/"},"modified":"2025-10-15T13:52:58","modified_gmt":"2025-10-15T11:52:58","slug":"56-modulos","status":"publish","type":"page","link":"https:\/\/wavegarden.com\/es\/wave-menu\/56-modulos\/","title":{"rendered":"56 m\u00f3dulos"},"content":{"rendered":"\n<h2 class=\"wp-block-heading has-text-align-center\">Las olas m\u00e1s largas con la mayor variedad<\/h2>\n\n<p class=\"has-text-align-center\">El Wavegarden Cove de Corea del Sur tiene un generador de olas de 56 m\u00f3dulos y la calidad y variedad de sus olas han sido reconocidas a nivel mundial.<\/p>\n\n<p class=\"has-text-align-center\"><strong>Selecciona una categor\u00eda de ola y comprueba los videos y las especificaciones.<\/strong><\/p>\n\n<p class=\"has-text-align-center\">M\u00e1s de 20 olas diferentes ideales para todos: principiantes, intermedios y profesionales.<\/p>\n<section class=\"wave-type\">\n    <ul>\n        <li><p><a href=\"https:\/\/wavegarden.com\/es\/wave-menu\/56-the-bays\/\">                                        <video poster=\"https:\/\/wavegarden.com\/wp-content\/uploads\/2021\/12\/iconos-olas-7_1-the-bays-copia-2.png\" src=\"https:\/\/wavegarden.com\/wp-content\/uploads\/2022\/06\/thebays-04.mp4\" onmouseenter=\"this.play();this.loop=1;\" onmouseleave=\"this.loop=0;\" onended=\"this.load();\" muted=\"muted\" playsinline><span class=\"video-border\"><\/span><\/video>\n                                    <span>The Bays<\/span><\/a><\/p><\/li><li><p><a href=\"https:\/\/wavegarden.com\/es\/wave-menu\/56-waikiki-1\/\">                                        <video poster=\"https:\/\/wavegarden.com\/wp-content\/uploads\/2021\/12\/iconos-olas-7_2-Waikiki-copia-1.png\" src=\"https:\/\/wavegarden.com\/wp-content\/uploads\/2022\/05\/waikiki-03.mp4\" onmouseenter=\"this.play();this.loop=1;\" onmouseleave=\"this.loop=0;\" onended=\"this.load();\" muted=\"muted\" playsinline><span class=\"video-border\"><\/span><\/video>\n                                    <span>Waikikis<\/span><\/a><\/p><\/li><li><p><a href=\"https:\/\/wavegarden.com\/es\/wave-menu\/56-malibu-1\/\">                                        <video poster=\"https:\/\/wavegarden.com\/wp-content\/uploads\/2021\/12\/iconos-olas-7_3-Malibu-copia.png\" src=\"https:\/\/wavegarden.com\/wp-content\/uploads\/2022\/06\/malibu-04.mp4\" onmouseenter=\"this.play();this.loop=1;\" onmouseleave=\"this.loop=0;\" onended=\"this.load();\" muted=\"muted\" playsinline><span class=\"video-border\"><\/span><\/video>\n                                    <span>Malibus<\/span><\/a><\/p><\/li><li><p><a href=\"https:\/\/wavegarden.com\/es\/wave-menu\/56-turns-1\/\">                                        <video poster=\"https:\/\/wavegarden.com\/wp-content\/uploads\/2021\/12\/iconos-olas-7_4-turns-copia.png\" src=\"https:\/\/wavegarden.com\/wp-content\/uploads\/2022\/05\/turns-03.mp4\" onmouseenter=\"this.play();this.loop=1;\" onmouseleave=\"this.loop=0;\" onended=\"this.load();\" muted=\"muted\" playsinline><span class=\"video-border\"><\/span><\/video>\n                                    <span>Turns<\/span><\/a><\/p><\/li><li><p><a href=\"https:\/\/wavegarden.com\/es\/wave-menu\/56-barrel-1\/\">                                        <video poster=\"https:\/\/wavegarden.com\/wp-content\/uploads\/2021\/12\/iconos-olas-7_5-Barrel-copia.png\" src=\"https:\/\/wavegarden.com\/wp-content\/uploads\/2022\/05\/barrel-03.mp4\" onmouseenter=\"this.play();this.loop=1;\" onmouseleave=\"this.loop=0;\" onended=\"this.load();\" muted=\"muted\" playsinline><span class=\"video-border\"><\/span><\/video>\n                                    <span>Barrels<\/span><\/a><\/p><\/li><li><p><a href=\"https:\/\/wavegarden.com\/es\/wave-menu\/56-air-expertos\/\">                                        <video poster=\"https:\/\/wavegarden.com\/wp-content\/uploads\/2021\/12\/iconos-olas-7_6-AirWave-copia-2.png\" src=\"https:\/\/wavegarden.com\/wp-content\/uploads\/2022\/05\/air-wave-03.mp4\" onmouseenter=\"this.play();this.loop=1;\" onmouseleave=\"this.loop=0;\" onended=\"this.load();\" muted=\"muted\" playsinline><span class=\"video-border\"><\/span><\/video>\n                                    <span>Air Waves<\/span><\/a><\/p><\/li>    <\/ul>\n<\/section>\n<h2 class=\"wp-block-heading has-text-align-center\">VENTAJAS<\/h2>\n\n<div class=\"wp-block-columns are-vertically-aligned-top is-layout-flex wp-container-core-columns-is-layout-9d6595d7 wp-block-columns-is-layout-flex\">\n<div class=\"wp-block-column is-vertically-aligned-top is-layout-flow wp-block-column-is-layout-flow\"><div class=\"wp-block-image\">\n<figure class=\"aligncenter size-full\"><img decoding=\"async\" width=\"54\" height=\"54\" src=\"https:\/\/wavegarden.com\/wp-content\/uploads\/2022\/06\/iconos-ventajas_Mesa-de-trabajo-1.png\" alt=\"\" class=\"wp-image-8836\"\/><\/figure>\n<\/div>\n\n\n<div style=\"height:20px\" aria-hidden=\"true\" class=\"wp-block-spacer\"><\/div>\n\n\n\n<p class=\"has-text-align-center\">Los recorridos de ola son los m\u00e1s largos y la experiencia de surf es la m\u00e1s premium.<\/p>\n<\/div>\n\n\n\n<div class=\"wp-block-column is-vertically-aligned-top is-layout-flow wp-block-column-is-layout-flow\"><div class=\"wp-block-image\">\n<figure class=\"aligncenter size-full\"><img decoding=\"async\" width=\"54\" height=\"54\" src=\"https:\/\/wavegarden.com\/wp-content\/uploads\/2022\/06\/iconos-ventajas_Mesa-de-trabajo-1.png\" alt=\"\" class=\"wp-image-8836\"\/><\/figure>\n<\/div>\n\n\n<div style=\"height:20px\" aria-hidden=\"true\" class=\"wp-block-spacer\"><\/div>\n\n\n\n<p class=\"has-text-align-center\">Cuenta con el men\u00fa de olas completo, tiene preprogramadas todas las olas disponibles.<\/p>\n<\/div>\n\n\n\n<div class=\"wp-block-column is-vertically-aligned-top is-layout-flow wp-block-column-is-layout-flow\"><div class=\"wp-block-image\">\n<figure class=\"aligncenter size-full\"><img decoding=\"async\" width=\"54\" height=\"54\" src=\"https:\/\/wavegarden.com\/wp-content\/uploads\/2022\/06\/iconos-ventajas_Mesa-de-trabajo-1.png\" alt=\"\" class=\"wp-image-8836\"\/><\/figure>\n<\/div>\n\n\n<div style=\"height:20px\" aria-hidden=\"true\" class=\"wp-block-spacer\"><\/div>\n\n\n\n<p class=\"has-text-align-center\">Instalaci\u00f3n excepcional para todo tipo de competiciones y eventos de alto nivel.<\/p>\n<\/div>\n<\/div>\n","protected":false},"excerpt":{"rendered":"<p>Las olas m\u00e1s largas con la mayor variedad El Wavegarden Cove de Corea del Sur tiene un generador de olas de 56 m\u00f3dulos y la calidad y variedad de sus olas han sido reconocidas a nivel mundial. Selecciona una categor\u00eda de ola y comprueba los videos y las especificaciones. M\u00e1s de 20 olas diferentes ideales [&hellip;]<\/p>\n","protected":false},"author":4,"featured_media":14929,"parent":7864,"menu_order":0,"comment_status":"closed","ping_status":"closed","template":"pages\/modules.php","meta":{"_acf_changed":false,"footnotes":""},"class_list":["post-7894","page","type-page","status-publish","has-post-thumbnail","hentry"],"acf":[],"yoast_head":"<!-- This site is optimized with the Yoast SEO plugin v27.2 - https:\/\/yoast.com\/product\/yoast-seo-wordpress\/ -->\n<title>Cove | Generador de olas de 56 m\u00f3dulos<\/title>\n<meta name=\"description\" content=\"El Wavegarden Cove de 56 m\u00f3dulos genera las olas mas largas y de mayor calidad. Descubre c\u00f3mo Wave Park ofrece la mejor experiencia de surf para todos niveles.\" \/>\n<meta name=\"robots\" content=\"index, follow, max-snippet:-1, max-image-preview:large, max-video-preview:-1\" \/>\n<link rel=\"canonical\" href=\"https:\/\/wavegarden.com\/es\/wave-menu\/56-modulos\/\" \/>\n<meta property=\"og:locale\" content=\"es_ES\" \/>\n<meta property=\"og:type\" content=\"article\" \/>\n<meta property=\"og:title\" content=\"Cove | Generador de olas de 56 m\u00f3dulos\" \/>\n<meta property=\"og:description\" content=\"El Wavegarden Cove de 56 m\u00f3dulos genera las olas mas largas y de mayor calidad. Descubre c\u00f3mo Wave Park ofrece la mejor experiencia de surf para todos niveles.\" \/>\n<meta property=\"og:url\" content=\"https:\/\/wavegarden.com\/es\/wave-menu\/56-modulos\/\" \/>\n<meta property=\"og:site_name\" content=\"Wavegarden\" \/>\n<meta property=\"article:publisher\" content=\"http:\/\/www.facebook.com\/Wavegarden\" \/>\n<meta property=\"article:modified_time\" content=\"2025-10-15T11:52:58+00:00\" \/>\n<meta property=\"og:image\" content=\"https:\/\/wavegarden.com\/wp-content\/uploads\/2022\/10\/surf2-scaled.jpg\" \/>\n\t<meta property=\"og:image:width\" content=\"2560\" \/>\n\t<meta property=\"og:image:height\" content=\"1440\" \/>\n\t<meta property=\"og:image:type\" content=\"image\/jpeg\" \/>\n<meta name=\"twitter:card\" content=\"summary_large_image\" \/>\n<meta name=\"twitter:site\" content=\"@wavegarden\" \/>\n<meta name=\"twitter:label1\" content=\"Tiempo de lectura\" \/>\n\t<meta name=\"twitter:data1\" content=\"5 minutos\" \/>\n<script type=\"application\/ld+json\" class=\"yoast-schema-graph\">{\"@context\":\"https:\/\/schema.org\",\"@graph\":[{\"@type\":\"WebPage\",\"@id\":\"https:\/\/wavegarden.com\/es\/wave-menu\/56-modulos\/\",\"url\":\"https:\/\/wavegarden.com\/es\/wave-menu\/56-modulos\/\",\"name\":\"Cove | Generador de olas de 56 m\u00f3dulos\",\"isPartOf\":{\"@id\":\"https:\/\/wavegarden.com\/de\/#website\"},\"primaryImageOfPage\":{\"@id\":\"https:\/\/wavegarden.com\/es\/wave-menu\/56-modulos\/#primaryimage\"},\"image\":{\"@id\":\"https:\/\/wavegarden.com\/es\/wave-menu\/56-modulos\/#primaryimage\"},\"thumbnailUrl\":\"https:\/\/wavegarden.com\/wp-content\/uploads\/2022\/10\/surf2-scaled.jpg\",\"datePublished\":\"2022-05-23T11:45:18+00:00\",\"dateModified\":\"2025-10-15T11:52:58+00:00\",\"description\":\"El Wavegarden Cove de 56 m\u00f3dulos genera las olas mas largas y de mayor calidad. Descubre c\u00f3mo Wave Park ofrece la mejor experiencia de surf para todos niveles.\",\"breadcrumb\":{\"@id\":\"https:\/\/wavegarden.com\/es\/wave-menu\/56-modulos\/#breadcrumb\"},\"inLanguage\":\"es\",\"potentialAction\":[{\"@type\":\"ReadAction\",\"target\":[\"https:\/\/wavegarden.com\/es\/wave-menu\/56-modulos\/\"]}]},{\"@type\":\"ImageObject\",\"inLanguage\":\"es\",\"@id\":\"https:\/\/wavegarden.com\/es\/wave-menu\/56-modulos\/#primaryimage\",\"url\":\"https:\/\/wavegarden.com\/wp-content\/uploads\/2022\/10\/surf2-scaled.jpg\",\"contentUrl\":\"https:\/\/wavegarden.com\/wp-content\/uploads\/2022\/10\/surf2-scaled.jpg\",\"width\":2560,\"height\":1440},{\"@type\":\"BreadcrumbList\",\"@id\":\"https:\/\/wavegarden.com\/es\/wave-menu\/56-modulos\/#breadcrumb\",\"itemListElement\":[{\"@type\":\"ListItem\",\"position\":1,\"name\":\"Home\",\"item\":\"https:\/\/wavegarden.com\/es\/\"},{\"@type\":\"ListItem\",\"position\":2,\"name\":\"Wave menu\",\"item\":\"https:\/\/wavegarden.com\/es\/wave-menu\/\"},{\"@type\":\"ListItem\",\"position\":3,\"name\":\"56 m\u00f3dulos\"}]},{\"@type\":\"WebSite\",\"@id\":\"https:\/\/wavegarden.com\/de\/#website\",\"url\":\"https:\/\/wavegarden.com\/de\/\",\"name\":\"Wavegarden\",\"description\":\"\",\"publisher\":{\"@id\":\"https:\/\/wavegarden.com\/de\/#organization\"},\"potentialAction\":[{\"@type\":\"SearchAction\",\"target\":{\"@type\":\"EntryPoint\",\"urlTemplate\":\"https:\/\/wavegarden.com\/de\/?s={search_term_string}\"},\"query-input\":{\"@type\":\"PropertyValueSpecification\",\"valueRequired\":true,\"valueName\":\"search_term_string\"}}],\"inLanguage\":\"es\"},{\"@type\":\"Organization\",\"@id\":\"https:\/\/wavegarden.com\/de\/#organization\",\"name\":\"Wavegarden\",\"alternateName\":\"Wavegarden\",\"url\":\"https:\/\/wavegarden.com\/de\/\",\"logo\":{\"@type\":\"ImageObject\",\"inLanguage\":\"es\",\"@id\":\"https:\/\/wavegarden.com\/de\/#\/schema\/logo\/image\/\",\"url\":\"https:\/\/wavegarden.com\/wp-content\/uploads\/2024\/06\/logo-wavegarden.png\",\"contentUrl\":\"https:\/\/wavegarden.com\/wp-content\/uploads\/2024\/06\/logo-wavegarden.png\",\"width\":692,\"height\":292,\"caption\":\"Wavegarden\"},\"image\":{\"@id\":\"https:\/\/wavegarden.com\/de\/#\/schema\/logo\/image\/\"},\"sameAs\":[\"http:\/\/www.facebook.com\/Wavegarden\",\"https:\/\/x.com\/wavegarden\",\"https:\/\/www.instagram.com\/wavegarden_official\/\",\"https:\/\/www.linkedin.com\/company\/wavegarden\/\",\"https:\/\/www.youtube.com\/@WavegardenOfficial\"]}]}<\/script>\n<!-- \/ Yoast SEO plugin. -->","yoast_head_json":{"title":"Cove | Generador de olas de 56 m\u00f3dulos","description":"El Wavegarden Cove de 56 m\u00f3dulos genera las olas mas largas y de mayor calidad. Descubre c\u00f3mo Wave Park ofrece la mejor experiencia de surf para todos niveles.","robots":{"index":"index","follow":"follow","max-snippet":"max-snippet:-1","max-image-preview":"max-image-preview:large","max-video-preview":"max-video-preview:-1"},"canonical":"https:\/\/wavegarden.com\/es\/wave-menu\/56-modulos\/","og_locale":"es_ES","og_type":"article","og_title":"Cove | Generador de olas de 56 m\u00f3dulos","og_description":"El Wavegarden Cove de 56 m\u00f3dulos genera las olas mas largas y de mayor calidad. Descubre c\u00f3mo Wave Park ofrece la mejor experiencia de surf para todos niveles.","og_url":"https:\/\/wavegarden.com\/es\/wave-menu\/56-modulos\/","og_site_name":"Wavegarden","article_publisher":"http:\/\/www.facebook.com\/Wavegarden","article_modified_time":"2025-10-15T11:52:58+00:00","og_image":[{"width":2560,"height":1440,"url":"https:\/\/wavegarden.com\/wp-content\/uploads\/2022\/10\/surf2-scaled.jpg","type":"image\/jpeg"}],"twitter_card":"summary_large_image","twitter_site":"@wavegarden","twitter_misc":{"Tiempo de lectura":"5 minutos"},"schema":{"@context":"https:\/\/schema.org","@graph":[{"@type":"WebPage","@id":"https:\/\/wavegarden.com\/es\/wave-menu\/56-modulos\/","url":"https:\/\/wavegarden.com\/es\/wave-menu\/56-modulos\/","name":"Cove | Generador de olas de 56 m\u00f3dulos","isPartOf":{"@id":"https:\/\/wavegarden.com\/de\/#website"},"primaryImageOfPage":{"@id":"https:\/\/wavegarden.com\/es\/wave-menu\/56-modulos\/#primaryimage"},"image":{"@id":"https:\/\/wavegarden.com\/es\/wave-menu\/56-modulos\/#primaryimage"},"thumbnailUrl":"https:\/\/wavegarden.com\/wp-content\/uploads\/2022\/10\/surf2-scaled.jpg","datePublished":"2022-05-23T11:45:18+00:00","dateModified":"2025-10-15T11:52:58+00:00","description":"El Wavegarden Cove de 56 m\u00f3dulos genera las olas mas largas y de mayor calidad. Descubre c\u00f3mo Wave Park ofrece la mejor experiencia de surf para todos niveles.","breadcrumb":{"@id":"https:\/\/wavegarden.com\/es\/wave-menu\/56-modulos\/#breadcrumb"},"inLanguage":"es","potentialAction":[{"@type":"ReadAction","target":["https:\/\/wavegarden.com\/es\/wave-menu\/56-modulos\/"]}]},{"@type":"ImageObject","inLanguage":"es","@id":"https:\/\/wavegarden.com\/es\/wave-menu\/56-modulos\/#primaryimage","url":"https:\/\/wavegarden.com\/wp-content\/uploads\/2022\/10\/surf2-scaled.jpg","contentUrl":"https:\/\/wavegarden.com\/wp-content\/uploads\/2022\/10\/surf2-scaled.jpg","width":2560,"height":1440},{"@type":"BreadcrumbList","@id":"https:\/\/wavegarden.com\/es\/wave-menu\/56-modulos\/#breadcrumb","itemListElement":[{"@type":"ListItem","position":1,"name":"Home","item":"https:\/\/wavegarden.com\/es\/"},{"@type":"ListItem","position":2,"name":"Wave menu","item":"https:\/\/wavegarden.com\/es\/wave-menu\/"},{"@type":"ListItem","position":3,"name":"56 m\u00f3dulos"}]},{"@type":"WebSite","@id":"https:\/\/wavegarden.com\/de\/#website","url":"https:\/\/wavegarden.com\/de\/","name":"Wavegarden","description":"","publisher":{"@id":"https:\/\/wavegarden.com\/de\/#organization"},"potentialAction":[{"@type":"SearchAction","target":{"@type":"EntryPoint","urlTemplate":"https:\/\/wavegarden.com\/de\/?s={search_term_string}"},"query-input":{"@type":"PropertyValueSpecification","valueRequired":true,"valueName":"search_term_string"}}],"inLanguage":"es"},{"@type":"Organization","@id":"https:\/\/wavegarden.com\/de\/#organization","name":"Wavegarden","alternateName":"Wavegarden","url":"https:\/\/wavegarden.com\/de\/","logo":{"@type":"ImageObject","inLanguage":"es","@id":"https:\/\/wavegarden.com\/de\/#\/schema\/logo\/image\/","url":"https:\/\/wavegarden.com\/wp-content\/uploads\/2024\/06\/logo-wavegarden.png","contentUrl":"https:\/\/wavegarden.com\/wp-content\/uploads\/2024\/06\/logo-wavegarden.png","width":692,"height":292,"caption":"Wavegarden"},"image":{"@id":"https:\/\/wavegarden.com\/de\/#\/schema\/logo\/image\/"},"sameAs":["http:\/\/www.facebook.com\/Wavegarden","https:\/\/x.com\/wavegarden","https:\/\/www.instagram.com\/wavegarden_official\/","https:\/\/www.linkedin.com\/company\/wavegarden\/","https:\/\/www.youtube.com\/@WavegardenOfficial"]}]}},"_links":{"self":[{"href":"https:\/\/wavegarden.com\/es\/wp-json\/wp\/v2\/pages\/7894","targetHints":{"allow":["GET"]}}],"collection":[{"href":"https:\/\/wavegarden.com\/es\/wp-json\/wp\/v2\/pages"}],"about":[{"href":"https:\/\/wavegarden.com\/es\/wp-json\/wp\/v2\/types\/page"}],"author":[{"embeddable":true,"href":"https:\/\/wavegarden.com\/es\/wp-json\/wp\/v2\/users\/4"}],"replies":[{"embeddable":true,"href":"https:\/\/wavegarden.com\/es\/wp-json\/wp\/v2\/comments?post=7894"}],"version-history":[{"count":36,"href":"https:\/\/wavegarden.com\/es\/wp-json\/wp\/v2\/pages\/7894\/revisions"}],"predecessor-version":[{"id":51732,"href":"https:\/\/wavegarden.com\/es\/wp-json\/wp\/v2\/pages\/7894\/revisions\/51732"}],"up":[{"embeddable":true,"href":"https:\/\/wavegarden.com\/es\/wp-json\/wp\/v2\/pages\/7864"}],"wp:featuredmedia":[{"embeddable":true,"href":"https:\/\/wavegarden.com\/es\/wp-json\/wp\/v2\/media\/14929"}],"wp:attachment":[{"href":"https:\/\/wavegarden.com\/es\/wp-json\/wp\/v2\/media?parent=7894"}],"curies":[{"name":"wp","href":"https:\/\/api.w.org\/{rel}","templated":true}]}}