{"id":18044,"date":"2023-06-02T11:16:15","date_gmt":"2023-06-02T09:16:15","guid":{"rendered":"https:\/\/wavegarden.com\/?page_id=18044"},"modified":"2024-07-02T22:03:04","modified_gmt":"2024-07-02T20:03:04","slug":"liner","status":"publish","type":"page","link":"https:\/\/wavegarden.com\/es\/wavegarden-cove\/liner\/","title":{"rendered":"Liner"},"content":{"rendered":"\n<h2 class=\"wp-block-heading has-text-align-center\">Soluci\u00f3n de impermeabilizaci\u00f3n del fondo de la laguna de surf<\/h2>\n\n<p class=\"has-text-align-center\">Nuestra soluci\u00f3n de geomembrana ha sido probada desde 2011 en las instalaciones de I+D de Wavegarden y ha demostrado su eficacia en nuestros parques de surf comerciales, como <a href=\"https:\/\/wavegarden.com\/es\/facilities\/praia-da-grama\/\">Praia da Grama<\/a> y <a href=\"https:\/\/surflandbrasil.com.br\" data-type=\"link\" data-id=\"https:\/\/surflandbrasil.com.br\">Surfland Brasil<\/a>. El equipo de ingenieros de Wavegarden lleva m\u00e1s de una d\u00e9cada investigando las soluciones m\u00e1s robustas, eficientes y econ\u00f3micamente viables para la construcci\u00f3n e impermeabilizaci\u00f3n de nuestras lagunas.<\/p>\n\n<p class=\"has-text-align-center\">Adem\u00e1s, ofrecemos soluciones alternativas probadas en nuestro centro de I+D e instalaciones comerciales para aquellos proyectos que no puedan instalar el sistema de geomembrana.<\/p>\n\n<figure class=\"wp-block-embed is-type-video is-provider-youtube wp-block-embed-youtube wp-embed-aspect-16-9 wp-has-aspect-ratio\"><div class=\"wp-block-embed__wrapper\">\r\n<div class=\"videoWrapper\"><iframe title=\"Wavegarden&#039;s Exclusive Liner System\" width=\"500\" height=\"281\" src=\"https:\/\/www.youtube.com\/embed\/h53emcNpKKQ?feature=oembed\" frameborder=\"0\" allow=\"accelerometer; autoplay; clipboard-write; encrypted-media; gyroscope; picture-in-picture; web-share\" referrerpolicy=\"strict-origin-when-cross-origin\" allowfullscreen><\/iframe><\/div>\r\n<\/div><\/figure>\r\n\n<div style=\"height:20px\" aria-hidden=\"true\" class=\"wp-block-spacer\"><\/div>\n\n<blockquote class=\"wp-block-quote has-text-align-center testimonials__item__quote__mov is-layout-flow wp-block-quote-is-layout-flow\">\n<p style=\"font-size:18px\">\u00abLa obra civil e impermeabilizaci\u00f3n de las lagunas ha sido hist\u00f3ricamente un quebradero de cabeza en nuestro sector. Es l\u00f3gico, pues impermeabilizar un cuerpo de agua con olas entra\u00f1a un reto tecnol\u00f3gico infinitamente mayor que hacerlo para agua en calma. Despu\u00e9s de tantos a\u00f1os realizando surf parks, podemos afirmar con rotundidad que este es un problema para el que tenemos una soluci\u00f3n contrastada y eficiente\u00bb. <\/p>\n<cite><strong>Josema Odriozola, Fundador y CEO de Wavegarden<\/strong><\/cite><\/blockquote>\n\n<div style=\"height:20px\" aria-hidden=\"true\" class=\"wp-block-spacer\"><\/div>\n\n<h2 class=\"wp-block-heading has-text-align-center\">Ventajas<\/h2>\n\n<div style=\"height:20px\" aria-hidden=\"true\" class=\"wp-block-spacer\"><\/div>\n\n<ul class=\"fancy-list aligncenter width-mov-80 wp-block-list\">\n<li>Mantenimiento sencillo con costes operativos m\u00ednimos.<\/li>\n\n\n\n<li>Resistente a las algas y cualquier otro tipo de biofilm.<\/li>\n\n\n\n<li>La soluci\u00f3n m\u00e1s sostenible y 100% reciclable. <\/li>\n\n\n\n<li>Huella de carbono significativamente inferior a la del hormig\u00f3n en t\u00e9rminos de fabricaci\u00f3n, transporte e instalaci\u00f3n.<\/li>\n\n\n\n<li>Impact absorption for safety: non abrasive &amp; cushioned.<\/li>\n\n\n\n<li>M\u00e1s de 20 a\u00f1os de vida \u00fatil natural, con potencial para muchos m\u00e1s seg\u00fan las pruebas realizadas en instalaciones y los ensayos mec\u00e1nicos y qu\u00edmicos de laboratorio. <\/li>\n\n\n\n<li>Provada en los parques de surf con tecnolog\u00eda Wavegarden. <\/li>\n\n\n\n<li>La obra civil m\u00e1s fiable del mercado con una disponibilidad de laguna de 99.9%<\/li>\n\n\n\n<li>Sistema que mejor se adapta a los posibles asentamientos, convirti\u00e9ndolo en el m\u00e1s fiable para prevenir filtraciones a largo plazo de manera efectiva. <\/li>\n\n\n\n<li>40% m\u00e1s econ\u00f3mico que una soluci\u00f3n de hormig\u00f3n o acero. <\/li>\n\n\n\n<li>Instalaci\u00f3n un 60% m\u00e1s r\u00e1pida que la de una batimetr\u00eda de hormig\u00f3n.<\/li>\n\n\n\n<li>Permite modificaciones de la batimetr\u00eda a un precio asequible. <\/li>\n\n\n\n<li>Incluye un sistema propio de detecci\u00f3n de fugas. <\/li>\n\n\n\n<li>Perfil embebido a medida que elimina la necesidad de fijaciones mec\u00e1nicas, garantizando un anclaje seguro y duradero.<\/li>\n<\/ul>\n  <!-- full img -->\n  <div href=\"\/testimonials\" id=\"section-block_35468048b2fcc96681f2be704f1509ca\" class=\"full-img--linked alignfull\">\n      <figure class=\"full-img full-img--quote\">\n          \n\n<figure class=\"wp-block-image alignfull size-large\"><img decoding=\"async\" width=\"1024\" height=\"576\" src=\"https:\/\/wavegarden.com\/wp-content\/uploads\/2023\/05\/Praia-da-Grama-views-from-the-beach-copia-edited-1-1024x576.jpg\" alt=\"Sistema de liner de Wavegarden \" class=\"wp-image-17805\" srcset=\"https:\/\/wavegarden.com\/wp-content\/uploads\/2023\/05\/Praia-da-Grama-views-from-the-beach-copia-edited-1-1024x576.jpg 1024w, https:\/\/wavegarden.com\/wp-content\/uploads\/2023\/05\/Praia-da-Grama-views-from-the-beach-copia-edited-1-300x169.jpg 300w, https:\/\/wavegarden.com\/wp-content\/uploads\/2023\/05\/Praia-da-Grama-views-from-the-beach-copia-edited-1-768x432.jpg 768w, https:\/\/wavegarden.com\/wp-content\/uploads\/2023\/05\/Praia-da-Grama-views-from-the-beach-copia-edited-1-1536x864.jpg 1536w\" sizes=\"(max-width: 1024px) 100vw, 1024px\" \/><\/figure>\n\n\n\n<blockquote class=\"wp-block-quote testimonials__item__quote is-layout-flow wp-block-quote-is-layout-flow\">\n<p>\u201cConf\u00edamos en la soluci\u00f3n de Wavegarden a la hora de impermeabilizar la laguna. Y nuestra apuesta vali\u00f3 la pena, su soluci\u00f3n es completa, pr\u00e1ctica y est\u00e9tica\u201d.<\/p>\n<cite><strong>Oscar Segall, Fundador de Praia da Grama y CEO de KSM Realty<\/strong>.<\/cite><\/blockquote>\n\n\n      <\/figure>\n  <\/div>\n\n<style>\n  .alignfull .full-img--quote {\n    max-width: 100%;\n  }\n.full-img.full-img--quote {\n  width: 100%;\n}\n.full-img.full-img--quote .wp-block-image {\n  height: 100%;\n}\n.full-img.full-img--quote cite {\n  font-size: .85rem;\n  font-weight: 400;\n  font-style: italic;\n}\n.wp-admin .full-img.full-img--quote cite {\n  color: black;\n}\n\n.full-img--linked.without-hover-animation blockquote {\n  opacity: 1;\n}\n\n@media (min-width: 64em){\n  .full-img--quote blockquote cite {\n    color: #fff;\n  }\n}\n<\/style>","protected":false},"excerpt":{"rendered":"<p>Soluci\u00f3n de impermeabilizaci\u00f3n del fondo de la laguna de surf Nuestra soluci\u00f3n de geomembrana ha sido probada desde 2011 en las instalaciones de I+D de Wavegarden y ha demostrado su eficacia en nuestros parques de surf comerciales, como Praia da Grama y Surfland Brasil. El equipo de ingenieros de Wavegarden lleva m\u00e1s de una d\u00e9cada [&hellip;]<\/p>\n","protected":false},"author":5,"featured_media":15446,"parent":14195,"menu_order":0,"comment_status":"closed","ping_status":"closed","template":"pages\/cove.php","meta":{"_acf_changed":false,"footnotes":""},"class_list":["post-18044","page","type-page","status-publish","has-post-thumbnail","hentry"],"acf":[],"yoast_head":"<!-- This site is optimized with the Yoast SEO plugin v27.2 - https:\/\/yoast.com\/product\/yoast-seo-wordpress\/ -->\n<title>| Liner para impermeabilizaci\u00f3n de lagunas de surf<\/title>\n<meta name=\"description\" content=\"Conoce las ventajas de nuestro Liner, la geomembrana impermeabilizante para fondos de lagunas de surf. Una soluci\u00f3n segura y sostenible probada con \u00e9xito.\" \/>\n<meta name=\"robots\" content=\"index, follow, max-snippet:-1, max-image-preview:large, max-video-preview:-1\" \/>\n<link rel=\"canonical\" href=\"https:\/\/wavegarden.com\/es\/wavegarden-cove\/liner\/\" \/>\n<meta property=\"og:locale\" content=\"es_ES\" \/>\n<meta property=\"og:type\" content=\"article\" \/>\n<meta property=\"og:title\" content=\"| Liner para impermeabilizaci\u00f3n de lagunas de surf\" \/>\n<meta property=\"og:description\" content=\"Conoce las ventajas de nuestro Liner, la geomembrana impermeabilizante para fondos de lagunas de surf. Una soluci\u00f3n segura y sostenible probada con \u00e9xito.\" \/>\n<meta property=\"og:url\" content=\"https:\/\/wavegarden.com\/es\/wavegarden-cove\/liner\/\" \/>\n<meta property=\"og:site_name\" content=\"Wavegarden\" \/>\n<meta property=\"article:publisher\" content=\"http:\/\/www.facebook.com\/Wavegarden\" \/>\n<meta property=\"article:modified_time\" content=\"2024-07-02T20:03:04+00:00\" \/>\n<meta property=\"og:image\" content=\"https:\/\/wavegarden.com\/wp-content\/uploads\/2022\/11\/Development-Services-modificada-scaled.jpg\" \/>\n\t<meta property=\"og:image:width\" content=\"2560\" \/>\n\t<meta property=\"og:image:height\" content=\"1920\" \/>\n\t<meta property=\"og:image:type\" content=\"image\/jpeg\" \/>\n<meta name=\"twitter:card\" content=\"summary_large_image\" \/>\n<meta name=\"twitter:site\" content=\"@wavegarden\" \/>\n<meta name=\"twitter:label1\" content=\"Tiempo de lectura\" \/>\n\t<meta name=\"twitter:data1\" content=\"2 minutos\" \/>\n<script type=\"application\/ld+json\" class=\"yoast-schema-graph\">{\"@context\":\"https:\/\/schema.org\",\"@graph\":[{\"@type\":\"WebPage\",\"@id\":\"https:\/\/wavegarden.com\/es\/wavegarden-cove\/liner\/\",\"url\":\"https:\/\/wavegarden.com\/es\/wavegarden-cove\/liner\/\",\"name\":\"| Liner para impermeabilizaci\u00f3n de lagunas de surf\",\"isPartOf\":{\"@id\":\"https:\/\/wavegarden.com\/de\/#website\"},\"primaryImageOfPage\":{\"@id\":\"https:\/\/wavegarden.com\/es\/wavegarden-cove\/liner\/#primaryimage\"},\"image\":{\"@id\":\"https:\/\/wavegarden.com\/es\/wavegarden-cove\/liner\/#primaryimage\"},\"thumbnailUrl\":\"https:\/\/wavegarden.com\/wp-content\/uploads\/2022\/11\/Development-Services-modificada-scaled.jpg\",\"datePublished\":\"2023-06-02T09:16:15+00:00\",\"dateModified\":\"2024-07-02T20:03:04+00:00\",\"description\":\"Conoce las ventajas de nuestro Liner, la geomembrana impermeabilizante para fondos de lagunas de surf. Una soluci\u00f3n segura y sostenible probada con \u00e9xito.\",\"breadcrumb\":{\"@id\":\"https:\/\/wavegarden.com\/es\/wavegarden-cove\/liner\/#breadcrumb\"},\"inLanguage\":\"es\",\"potentialAction\":[{\"@type\":\"ReadAction\",\"target\":[\"https:\/\/wavegarden.com\/es\/wavegarden-cove\/liner\/\"]}]},{\"@type\":\"ImageObject\",\"inLanguage\":\"es\",\"@id\":\"https:\/\/wavegarden.com\/es\/wavegarden-cove\/liner\/#primaryimage\",\"url\":\"https:\/\/wavegarden.com\/wp-content\/uploads\/2022\/11\/Development-Services-modificada-scaled.jpg\",\"contentUrl\":\"https:\/\/wavegarden.com\/wp-content\/uploads\/2022\/11\/Development-Services-modificada-scaled.jpg\",\"width\":2560,\"height\":1920},{\"@type\":\"BreadcrumbList\",\"@id\":\"https:\/\/wavegarden.com\/es\/wavegarden-cove\/liner\/#breadcrumb\",\"itemListElement\":[{\"@type\":\"ListItem\",\"position\":1,\"name\":\"Home\",\"item\":\"https:\/\/wavegarden.com\/es\/\"},{\"@type\":\"ListItem\",\"position\":2,\"name\":\"Wavegarden Cove\",\"item\":\"https:\/\/wavegarden.com\/es\/wavegarden-cove\/\"},{\"@type\":\"ListItem\",\"position\":3,\"name\":\"Liner\"}]},{\"@type\":\"WebSite\",\"@id\":\"https:\/\/wavegarden.com\/de\/#website\",\"url\":\"https:\/\/wavegarden.com\/de\/\",\"name\":\"Wavegarden\",\"description\":\"\",\"publisher\":{\"@id\":\"https:\/\/wavegarden.com\/de\/#organization\"},\"potentialAction\":[{\"@type\":\"SearchAction\",\"target\":{\"@type\":\"EntryPoint\",\"urlTemplate\":\"https:\/\/wavegarden.com\/de\/?s={search_term_string}\"},\"query-input\":{\"@type\":\"PropertyValueSpecification\",\"valueRequired\":true,\"valueName\":\"search_term_string\"}}],\"inLanguage\":\"es\"},{\"@type\":\"Organization\",\"@id\":\"https:\/\/wavegarden.com\/de\/#organization\",\"name\":\"Wavegarden\",\"alternateName\":\"Wavegarden\",\"url\":\"https:\/\/wavegarden.com\/de\/\",\"logo\":{\"@type\":\"ImageObject\",\"inLanguage\":\"es\",\"@id\":\"https:\/\/wavegarden.com\/de\/#\/schema\/logo\/image\/\",\"url\":\"https:\/\/wavegarden.com\/wp-content\/uploads\/2024\/06\/logo-wavegarden.png\",\"contentUrl\":\"https:\/\/wavegarden.com\/wp-content\/uploads\/2024\/06\/logo-wavegarden.png\",\"width\":692,\"height\":292,\"caption\":\"Wavegarden\"},\"image\":{\"@id\":\"https:\/\/wavegarden.com\/de\/#\/schema\/logo\/image\/\"},\"sameAs\":[\"http:\/\/www.facebook.com\/Wavegarden\",\"https:\/\/x.com\/wavegarden\",\"https:\/\/www.instagram.com\/wavegarden_official\/\",\"https:\/\/www.linkedin.com\/company\/wavegarden\/\",\"https:\/\/www.youtube.com\/@WavegardenOfficial\"]}]}<\/script>\n<!-- \/ Yoast SEO plugin. -->","yoast_head_json":{"title":"| Liner para impermeabilizaci\u00f3n de lagunas de surf","description":"Conoce las ventajas de nuestro Liner, la geomembrana impermeabilizante para fondos de lagunas de surf. Una soluci\u00f3n segura y sostenible probada con \u00e9xito.","robots":{"index":"index","follow":"follow","max-snippet":"max-snippet:-1","max-image-preview":"max-image-preview:large","max-video-preview":"max-video-preview:-1"},"canonical":"https:\/\/wavegarden.com\/es\/wavegarden-cove\/liner\/","og_locale":"es_ES","og_type":"article","og_title":"| Liner para impermeabilizaci\u00f3n de lagunas de surf","og_description":"Conoce las ventajas de nuestro Liner, la geomembrana impermeabilizante para fondos de lagunas de surf. Una soluci\u00f3n segura y sostenible probada con \u00e9xito.","og_url":"https:\/\/wavegarden.com\/es\/wavegarden-cove\/liner\/","og_site_name":"Wavegarden","article_publisher":"http:\/\/www.facebook.com\/Wavegarden","article_modified_time":"2024-07-02T20:03:04+00:00","og_image":[{"width":2560,"height":1920,"url":"https:\/\/wavegarden.com\/wp-content\/uploads\/2022\/11\/Development-Services-modificada-scaled.jpg","type":"image\/jpeg"}],"twitter_card":"summary_large_image","twitter_site":"@wavegarden","twitter_misc":{"Tiempo de lectura":"2 minutos"},"schema":{"@context":"https:\/\/schema.org","@graph":[{"@type":"WebPage","@id":"https:\/\/wavegarden.com\/es\/wavegarden-cove\/liner\/","url":"https:\/\/wavegarden.com\/es\/wavegarden-cove\/liner\/","name":"| Liner para impermeabilizaci\u00f3n de lagunas de surf","isPartOf":{"@id":"https:\/\/wavegarden.com\/de\/#website"},"primaryImageOfPage":{"@id":"https:\/\/wavegarden.com\/es\/wavegarden-cove\/liner\/#primaryimage"},"image":{"@id":"https:\/\/wavegarden.com\/es\/wavegarden-cove\/liner\/#primaryimage"},"thumbnailUrl":"https:\/\/wavegarden.com\/wp-content\/uploads\/2022\/11\/Development-Services-modificada-scaled.jpg","datePublished":"2023-06-02T09:16:15+00:00","dateModified":"2024-07-02T20:03:04+00:00","description":"Conoce las ventajas de nuestro Liner, la geomembrana impermeabilizante para fondos de lagunas de surf. Una soluci\u00f3n segura y sostenible probada con \u00e9xito.","breadcrumb":{"@id":"https:\/\/wavegarden.com\/es\/wavegarden-cove\/liner\/#breadcrumb"},"inLanguage":"es","potentialAction":[{"@type":"ReadAction","target":["https:\/\/wavegarden.com\/es\/wavegarden-cove\/liner\/"]}]},{"@type":"ImageObject","inLanguage":"es","@id":"https:\/\/wavegarden.com\/es\/wavegarden-cove\/liner\/#primaryimage","url":"https:\/\/wavegarden.com\/wp-content\/uploads\/2022\/11\/Development-Services-modificada-scaled.jpg","contentUrl":"https:\/\/wavegarden.com\/wp-content\/uploads\/2022\/11\/Development-Services-modificada-scaled.jpg","width":2560,"height":1920},{"@type":"BreadcrumbList","@id":"https:\/\/wavegarden.com\/es\/wavegarden-cove\/liner\/#breadcrumb","itemListElement":[{"@type":"ListItem","position":1,"name":"Home","item":"https:\/\/wavegarden.com\/es\/"},{"@type":"ListItem","position":2,"name":"Wavegarden Cove","item":"https:\/\/wavegarden.com\/es\/wavegarden-cove\/"},{"@type":"ListItem","position":3,"name":"Liner"}]},{"@type":"WebSite","@id":"https:\/\/wavegarden.com\/de\/#website","url":"https:\/\/wavegarden.com\/de\/","name":"Wavegarden","description":"","publisher":{"@id":"https:\/\/wavegarden.com\/de\/#organization"},"potentialAction":[{"@type":"SearchAction","target":{"@type":"EntryPoint","urlTemplate":"https:\/\/wavegarden.com\/de\/?s={search_term_string}"},"query-input":{"@type":"PropertyValueSpecification","valueRequired":true,"valueName":"search_term_string"}}],"inLanguage":"es"},{"@type":"Organization","@id":"https:\/\/wavegarden.com\/de\/#organization","name":"Wavegarden","alternateName":"Wavegarden","url":"https:\/\/wavegarden.com\/de\/","logo":{"@type":"ImageObject","inLanguage":"es","@id":"https:\/\/wavegarden.com\/de\/#\/schema\/logo\/image\/","url":"https:\/\/wavegarden.com\/wp-content\/uploads\/2024\/06\/logo-wavegarden.png","contentUrl":"https:\/\/wavegarden.com\/wp-content\/uploads\/2024\/06\/logo-wavegarden.png","width":692,"height":292,"caption":"Wavegarden"},"image":{"@id":"https:\/\/wavegarden.com\/de\/#\/schema\/logo\/image\/"},"sameAs":["http:\/\/www.facebook.com\/Wavegarden","https:\/\/x.com\/wavegarden","https:\/\/www.instagram.com\/wavegarden_official\/","https:\/\/www.linkedin.com\/company\/wavegarden\/","https:\/\/www.youtube.com\/@WavegardenOfficial"]}]}},"_links":{"self":[{"href":"https:\/\/wavegarden.com\/es\/wp-json\/wp\/v2\/pages\/18044","targetHints":{"allow":["GET"]}}],"collection":[{"href":"https:\/\/wavegarden.com\/es\/wp-json\/wp\/v2\/pages"}],"about":[{"href":"https:\/\/wavegarden.com\/es\/wp-json\/wp\/v2\/types\/page"}],"author":[{"embeddable":true,"href":"https:\/\/wavegarden.com\/es\/wp-json\/wp\/v2\/users\/5"}],"replies":[{"embeddable":true,"href":"https:\/\/wavegarden.com\/es\/wp-json\/wp\/v2\/comments?post=18044"}],"version-history":[{"count":24,"href":"https:\/\/wavegarden.com\/es\/wp-json\/wp\/v2\/pages\/18044\/revisions"}],"predecessor-version":[{"id":24996,"href":"https:\/\/wavegarden.com\/es\/wp-json\/wp\/v2\/pages\/18044\/revisions\/24996"}],"up":[{"embeddable":true,"href":"https:\/\/wavegarden.com\/es\/wp-json\/wp\/v2\/pages\/14195"}],"wp:featuredmedia":[{"embeddable":true,"href":"https:\/\/wavegarden.com\/es\/wp-json\/wp\/v2\/media\/15446"}],"wp:attachment":[{"href":"https:\/\/wavegarden.com\/es\/wp-json\/wp\/v2\/media?parent=18044"}],"curies":[{"name":"wp","href":"https:\/\/api.w.org\/{rel}","templated":true}]}}