{"id":16464,"date":"2023-01-12T17:07:41","date_gmt":"2023-01-12T16:07:41","guid":{"rendered":"https:\/\/wavegarden.com\/negocio-probado\/"},"modified":"2025-10-13T14:07:04","modified_gmt":"2025-10-13T12:07:04","slug":"negocio-probado","status":"publish","type":"page","link":"https:\/\/wavegarden.com\/es\/negocio-probado\/","title":{"rendered":"Negocio probado"},"content":{"rendered":"\n<h2 class=\"wp-block-heading has-text-align-center\" style=\"font-size:2rem\">Finanzas s\u00f3lidas<\/h2>\n\n<p class=\"has-text-align-center\" style=\"font-size:1.5rem\">Con m\u00e1s de 45 proyectos comprometidos financieramente, 10 en construcci\u00f3n y 12 instalaciones operando con \u00e9xito, se ha demostrado que Wavegarden Cove es para los inversores de todo el mundo la opci\u00f3n n\u00famero uno en tecnolog\u00edas de generaci\u00f3n de olas.<\/p>\n\n<h4 class=\"wp-block-heading has-text-align-center\">Cifras indicativas de proyectos en funcionamiento en el sur de Europa<\/h4>\n\n<div class=\"wp-block-group alignfull\"><div class=\"wp-block-group__inner-container is-layout-constrained wp-block-group-is-layout-constrained\">\n<div style=\"height:52px\" aria-hidden=\"true\" class=\"wp-block-spacer\"><\/div>\n<\/div><\/div>\n<div class=\"mcs-wgb-invest-numbers alignfull\" >\n  <p>\n          <span\n            class=\"mcs-wgb-invest-numbers-hilighted-data\"\n            data-max-size=\"10\"\n            data-min-size=\"1\"\n          >>250,000*<\/span>\n          <span>visitantes por a\u00f1o<\/span>\n        <\/p><p>\n          <span\n            class=\"mcs-wgb-invest-numbers-hilighted-data\"\n            data-max-size=\"10\"\n            data-min-size=\"1\"\n          >>90+<\/span>\n          <span>surfistas simult\u00e1neamente<\/span>\n        <\/p><p>\n          <span\n            class=\"mcs-wgb-invest-numbers-hilighted-data\"\n            data-max-size=\"10\"\n            data-min-size=\"1\"\n          >300-1000<\/span>\n          <span>olas por hora<\/span>\n        <\/p><p>\n          <span\n            class=\"mcs-wgb-invest-numbers-hilighted-data\"\n            data-max-size=\"10\"\n            data-min-size=\"1\"\n          >150.000<\/span>\n          <span>sesiones de surf (horas) al a\u00f1o<\/span>\n        <\/p><p>\n          <span\n            class=\"mcs-wgb-invest-numbers-hilighted-data\"\n            data-max-size=\"10\"\n            data-min-size=\"1\"\n          >35-165 \u20ac<\/span>\n          <span>por sesi\u00f3n <\/span>\n        <\/p><p>\n          <span\n            class=\"mcs-wgb-invest-numbers-hilighted-data\"\n            data-max-size=\"10\"\n            data-min-size=\"1\"\n          >25-40 M\u20ac <\/span>\n          <span>costes totales estimados de desarrollo de un parque de surf<\/span>\n        <\/p><p>\n          <span\n            class=\"mcs-wgb-invest-numbers-hilighted-data\"\n            data-max-size=\"10\"\n            data-min-size=\"1\"\n          >10-25 M\u20ac<\/span>\n          <span>coste de la laguna, el generador de olas y el sistema de tratamiento de agua (de un proyecto en Espa\u00f1a). <\/span>\n        <\/p><p>\n          <span\n            class=\"mcs-wgb-invest-numbers-hilighted-data\"\n            data-max-size=\"10\"\n            data-min-size=\"1\"\n          >>35-40%*<\/span>\n          <span>margen EBITDA<\/span>\n        <\/p><p>\n          <span\n            class=\"mcs-wgb-invest-numbers-hilighted-data\"\n            data-max-size=\"10\"\n            data-min-size=\"1\"\n          >350 kWh<\/span>\n          <span>consumo medio de energ\u00eda por sesi\u00f3n de surf (1 hora)<\/span>\n        <\/p><p>\n          <span\n            class=\"mcs-wgb-invest-numbers-hilighted-data\"\n            data-max-size=\"10\"\n            data-min-size=\"1\"\n          >>20 %*<\/span>\n          <span>TIR apalancado<\/span>\n        <\/p><\/div>\n\n\n\n<p><em><sub>*Fuente: Evaluaci\u00f3n financiera gen\u00e9rica de Wavegarden Cove 2025 para una laguna de surf de tama\u00f1o est\u00e1ndar en Espa\u00f1a. Los costes pueden variar en funci\u00f3n del tama\u00f1o de la laguna, la dificultad de las obras civiles, el pa\u00eds (las estimaciones anteriores son para Espa\u00f1a) y el generador de olas elegido.<\/sub><\/em>.<\/p>\n\n<div style=\"height:50px\" aria-hidden=\"true\" class=\"wp-block-spacer\"><\/div>\n\n<div class=\"wp-block-group alignfull has-background\" style=\"background-color:#f5f5f5\"><div class=\"wp-block-group__inner-container is-layout-constrained wp-block-group-is-layout-constrained\">\n<div style=\"height:50px\" aria-hidden=\"true\" class=\"wp-block-spacer\"><\/div>\n\n\n\n<h2 class=\"wp-block-heading has-text-align-center\">Dise\u00f1ado para el \u00e9xito empresarial<\/h2>\n\n\n\n<div style=\"height:50px\" aria-hidden=\"true\" class=\"wp-block-spacer\"><\/div>\n\n\n\n<p class=\"has-text-align-center\">Un Wavegarden\u00ae ofrece la mayor variedad de olas de calidad y la m\u00e1xima capacidad de usuarios, factores clave para el \u00e9xito de un negocio. Nuestro dise\u00f1o de laguna es el m\u00e1s eficiente por la relaci\u00f3n entre el tama\u00f1o de la laguna, la capacidad de usuarios y los bajos costes de explotaci\u00f3n.<\/p>\n\n\n\n<p class=\"has-text-align-center\">Nuestros parques de surf abiertos al p\u00fablico, tanto los independientes (stand-alone) como los que son el emento de atracci\u00f3n principal de comunidades residenciales o desarrollos de uso mixto a gran escala, han demostrado ser comercialmente rentables.<\/p>\n\n\n\n<p class=\"has-text-align-center\">De hecho, la alta ocupaci\u00f3n de la laguna y el \u00e9xito de los negocios adyacentes han animado a nuestros socios actuales a buscar nuevas localizaciones e invertir en nuevos proyectos con Wavegarden. El grupo Urbnsurf, est\u00e1 construyendo su <a href=\"https:\/\/wavegarden.com\/new-wavegarden-cove-in-sydney-australia-set-to-open-in-early-2023\/\">segundo parque de surf en S\u00eddney<\/a>; El grupo The Wave, ha firmado <a href=\"https:\/\/wavegarden.com\/wavegarden-and-the-wave-sign-major-strategic-alliance-agreement-to-develop-6-surf-park-in-the-uk-and-ireland\/\">un acuerdo para construir otras 6 instalaciones en el Reino Unido<\/a> e Irlanda, y nuestro socio de Brasil tiene previsto construir <a href=\"https:\/\/wavegarden.com\/wavegarden-expands-worldwide\/\">hasta 10 proyectos en todo el pa\u00eds<\/a>.<\/p>\n\n\n\n<div style=\"height:1px\" aria-hidden=\"true\" class=\"wp-block-spacer\"><\/div>\n<\/div><\/div>\n\n<div class=\"wp-block-group alignfull has-background\" style=\"background:linear-gradient(0deg,rgb(0,0,0) 46%,rgb(245,245,245) 46%)\"><div class=\"wp-block-group__inner-container is-layout-constrained wp-block-group-is-layout-constrained\">\n<div style=\"height:30px\" aria-hidden=\"true\" class=\"wp-block-spacer\"><\/div>\n\n\n<div id=\"\" class=\"mcs-wgb-vimeo-frame\" >\n\t<div class=\"acf-innerblocks-container\">\n\n<figure class=\"wp-block-embed is-type-video is-provider-vimeo wp-block-embed-vimeo wp-embed-aspect-16-9 wp-has-aspect-ratio\">\r\n<div class=\"wp-block-embed__wrapper\">https:\/\/vimeo.com\/732067533\/e69dc19a71<\/div><\/figure>\n\n<\/div>\n\t<div class=\"play-button\">\n\t\t<svg width=\"146px\" height=\"146px\" viewBox=\"0 0 146 146\" version=\"1.1\" xmlns=\"http:\/\/www.w3.org\/2000\/svg\" xmlns:xlink=\"http:\/\/www.w3.org\/1999\/xlink\">\n\t\t\t<title>btn-video-dark<\/title>\n\t\t\t<g id=\"Invest-01\" stroke=\"none\" stroke-width=\"1\" fill=\"none\" fill-rule=\"evenodd\" stroke-linejoin=\"round\">\n\t\t\t\t\t<g id=\"Pg-Why-create-a-surf-spot\" transform=\"translate(-632.000000, -2570.000000)\" stroke=\"#000000\" stroke-width=\"4\">\n\t\t\t\t\t\t\t<g id=\"btn-video-dark\" transform=\"translate(634.000000, 2572.000000)\">\n\t\t\t\t\t\t\t\t\t<circle id=\"Oval\" cx=\"71\" cy=\"71\" r=\"71\"><\/circle>\n\t\t\t\t\t\t\t\t\t<polygon id=\"Triangle\" transform=\"translate(79.500000, 71.500000) rotate(90.000000) translate(-79.500000, -71.500000) \" points=\"79.5 45 108 98 51 98\"><\/polygon>\n\t\t\t\t\t\t\t<\/g>\n\t\t\t\t\t<\/g>\n\t\t\t<\/g>\n\t\t<\/svg>\n\t<\/div>\n\t<div class=\"pause-button\">\n\t<\/div>\n<\/div>\n\n\n<div style=\"height:1px\" aria-hidden=\"true\" class=\"wp-block-spacer\"><\/div>\n<\/div><\/div>\n\n<div class=\"wp-block-group alignfull has-black-background-color has-background\"><div class=\"wp-block-group__inner-container is-layout-constrained wp-block-group-is-layout-constrained\">\n<div style=\"height:30px\" aria-hidden=\"true\" class=\"wp-block-spacer\"><\/div>\n\n\n\n<p class=\"has-text-align-center has-white-color has-text-color\">Wavegarden ofrece una gama completa de servicios comerciales y de ingenier\u00eda necesarios para garantizar el \u00e9xito inmediato y a largo plazo de su parque de surf. <\/p>\n\n\n\n<div class=\"wp-block-buttons is-content-justification-center is-layout-flex wp-container-core-buttons-is-layout-16018d1d wp-block-buttons-is-layout-flex\">\n<div class=\"wp-block-button\"><a class=\"wp-block-button__link has-black-color has-white-background-color has-text-color has-background wp-element-button\" href=\"mailto:sales@wavegarden.com\" target=\"_blank\" rel=\"noreferrer noopener\">CONTACTAR AL EQUIPO COMERCIAL<\/a><\/div>\n<\/div>\n\n\n\n<div style=\"height:50px\" aria-hidden=\"true\" class=\"wp-block-spacer\"><\/div>\n<\/div><\/div>\n\n<div style=\"height:50px\" aria-hidden=\"true\" class=\"wp-block-spacer\"><\/div>\n\n<h2 class=\"wp-block-heading has-text-align-center\"><strong>Concepto<\/strong><\/h2>\n\n<p>Un Wavegarden\u00ae transforma cualquier lugar en un destino de ensue\u00f1o para la pr\u00e1ctica del surf, con olas garantizadas y un entorno de playa ex\u00f3tico. La combinaci\u00f3n de nuestro concepto \u00fanico y de nuestra tecnolog\u00eda innovadora, ofrece un negocio din\u00e1mico con infinitas posibilidades, en el que el elemento central es una laguna con olas perfectas, dise\u00f1adas y adaptable para surfistas de todas las edades y todos los niveles.<\/p>\n\n<p>Creamos entornos naturales, atractivos para surfistas de todos los niveles y p\u00fablico general, inspirados en los mejores lugares donde se practica el surf. <\/p>\n\n<p>Adem\u00e1s de ser un lugar donde amigos y familias pueden surfear juntos, un Wavegarden puede incorporar varias actividades de ocio complementarias, ofreciendo una experiencia m\u00e1s completa y un ratio de ocupaci\u00f3n m\u00e1s alto a lo largo del a\u00f1o.<\/p>\n\n<figure class=\"wp-block-image alignfull size-full\"><img decoding=\"async\" width=\"2876\" height=\"696\" src=\"https:\/\/wavegarden.com\/wp-content\/uploads\/2022\/12\/image-1.png\" alt=\"\" class=\"wp-image-15843\" srcset=\"https:\/\/wavegarden.com\/wp-content\/uploads\/2022\/12\/image-1.png 2876w, https:\/\/wavegarden.com\/wp-content\/uploads\/2022\/12\/image-1-300x73.png 300w, https:\/\/wavegarden.com\/wp-content\/uploads\/2022\/12\/image-1-1024x248.png 1024w, https:\/\/wavegarden.com\/wp-content\/uploads\/2022\/12\/image-1-768x186.png 768w, https:\/\/wavegarden.com\/wp-content\/uploads\/2022\/12\/image-1-1536x372.png 1536w, https:\/\/wavegarden.com\/wp-content\/uploads\/2022\/12\/image-1-2048x496.png 2048w, https:\/\/wavegarden.com\/wp-content\/uploads\/2022\/12\/image-1-800x194.png 800w\" sizes=\"(max-width: 2876px) 100vw, 2876px\" \/><\/figure>\n\n<div style=\"height:50px\" aria-hidden=\"true\" class=\"wp-block-spacer\"><\/div>\n\n<h2 class=\"wp-block-heading has-text-align-center\"><strong>Surfea, come, descansa, repite<\/strong><\/h2>\n\n<p>Un Wavegarden abre las posibilidades de establecer varias unidades de negocio complementarias como una escuela de surf, un centro de alto rendimiento, una tienda de surf, restaurantes, bares y alojamiento. <br\/><\/p>\n\n<p>El surf es un deporte muy espectacular que atrae a un gran n\u00famero de espectadores. Los campeonatos, surf camps para ni\u00f1os y adolescentes, los eventos corporativos, conciertos y patrocinios tambi\u00e9n son fuentes de ingreso complementarias.<br\/><\/p>\n\n<div style=\"height:50px\" aria-hidden=\"true\" class=\"wp-block-spacer\"><\/div>\n","protected":false},"excerpt":{"rendered":"<p>Finanzas s\u00f3lidas Con m\u00e1s de 45 proyectos comprometidos financieramente, 10 en construcci\u00f3n y 12 instalaciones operando con \u00e9xito, se ha demostrado que Wavegarden Cove es para los inversores de todo el mundo la opci\u00f3n n\u00famero uno en tecnolog\u00edas de generaci\u00f3n de olas. Cifras indicativas de proyectos en funcionamiento en el sur de Europa *Fuente: Evaluaci\u00f3n [&hellip;]<\/p>\n","protected":false},"author":4,"featured_media":15724,"parent":0,"menu_order":0,"comment_status":"closed","ping_status":"closed","template":"","meta":{"_acf_changed":false,"footnotes":""},"class_list":["post-16464","page","type-page","status-publish","has-post-thumbnail","hentry"],"acf":[],"yoast_head":"<!-- This site is optimized with the Yoast SEO plugin v27.2 - https:\/\/yoast.com\/product\/yoast-seo-wordpress\/ -->\n<title>| Rentabilidad Wavegarden Cove y \u00bfcu\u00e1nto cuesta construirlo?<\/title>\n<meta name=\"description\" content=\"Wavegarden es la opci\u00f3n m\u00e1s rentable para inversores. Conoce las cifras de negocio claves de un Wavegarden Cove: inversi\u00f3n, ROI, ingresos, costes, consumos y m\u00e1s\" \/>\n<meta name=\"robots\" content=\"index, follow, max-snippet:-1, max-image-preview:large, max-video-preview:-1\" \/>\n<link rel=\"canonical\" href=\"https:\/\/wavegarden.com\/es\/negocio-probado\/\" \/>\n<meta property=\"og:locale\" content=\"es_ES\" \/>\n<meta property=\"og:type\" content=\"article\" \/>\n<meta property=\"og:title\" content=\"| Rentabilidad Wavegarden Cove y \u00bfcu\u00e1nto cuesta construirlo?\" \/>\n<meta property=\"og:description\" content=\"Wavegarden es la opci\u00f3n m\u00e1s rentable para inversores. Conoce las cifras de negocio claves de un Wavegarden Cove: inversi\u00f3n, ROI, ingresos, costes, consumos y m\u00e1s\" \/>\n<meta property=\"og:url\" content=\"https:\/\/wavegarden.com\/es\/negocio-probado\/\" \/>\n<meta property=\"og:site_name\" content=\"Wavegarden\" \/>\n<meta property=\"article:publisher\" content=\"http:\/\/www.facebook.com\/Wavegarden\" \/>\n<meta property=\"article:modified_time\" content=\"2025-10-13T12:07:04+00:00\" \/>\n<meta property=\"og:image\" content=\"https:\/\/wavegarden.com\/wp-content\/uploads\/2022\/12\/Hero-wavegarden-Business.webp\" \/>\n\t<meta property=\"og:image:width\" content=\"1600\" \/>\n\t<meta property=\"og:image:height\" content=\"806\" \/>\n\t<meta property=\"og:image:type\" content=\"image\/webp\" \/>\n<meta name=\"twitter:card\" content=\"summary_large_image\" \/>\n<meta name=\"twitter:site\" content=\"@wavegarden\" \/>\n<meta name=\"twitter:label1\" content=\"Tiempo de lectura\" \/>\n\t<meta name=\"twitter:data1\" content=\"3 minutos\" \/>\n<script type=\"application\/ld+json\" class=\"yoast-schema-graph\">{\"@context\":\"https:\/\/schema.org\",\"@graph\":[{\"@type\":\"WebPage\",\"@id\":\"https:\/\/wavegarden.com\/es\/negocio-probado\/\",\"url\":\"https:\/\/wavegarden.com\/es\/negocio-probado\/\",\"name\":\"| Rentabilidad Wavegarden Cove y \u00bfcu\u00e1nto cuesta construirlo?\",\"isPartOf\":{\"@id\":\"https:\/\/wavegarden.com\/de\/#website\"},\"primaryImageOfPage\":{\"@id\":\"https:\/\/wavegarden.com\/es\/negocio-probado\/#primaryimage\"},\"image\":{\"@id\":\"https:\/\/wavegarden.com\/es\/negocio-probado\/#primaryimage\"},\"thumbnailUrl\":\"https:\/\/wavegarden.com\/wp-content\/uploads\/2022\/12\/Hero-wavegarden-Business.webp\",\"datePublished\":\"2023-01-12T16:07:41+00:00\",\"dateModified\":\"2025-10-13T12:07:04+00:00\",\"description\":\"Wavegarden es la opci\u00f3n m\u00e1s rentable para inversores. Conoce las cifras de negocio claves de un Wavegarden Cove: inversi\u00f3n, ROI, ingresos, costes, consumos y m\u00e1s\",\"breadcrumb\":{\"@id\":\"https:\/\/wavegarden.com\/es\/negocio-probado\/#breadcrumb\"},\"inLanguage\":\"es\",\"potentialAction\":[{\"@type\":\"ReadAction\",\"target\":[\"https:\/\/wavegarden.com\/es\/negocio-probado\/\"]}]},{\"@type\":\"ImageObject\",\"inLanguage\":\"es\",\"@id\":\"https:\/\/wavegarden.com\/es\/negocio-probado\/#primaryimage\",\"url\":\"https:\/\/wavegarden.com\/wp-content\/uploads\/2022\/12\/Hero-wavegarden-Business.webp\",\"contentUrl\":\"https:\/\/wavegarden.com\/wp-content\/uploads\/2022\/12\/Hero-wavegarden-Business.webp\",\"width\":1600,\"height\":806},{\"@type\":\"BreadcrumbList\",\"@id\":\"https:\/\/wavegarden.com\/es\/negocio-probado\/#breadcrumb\",\"itemListElement\":[{\"@type\":\"ListItem\",\"position\":1,\"name\":\"Home\",\"item\":\"https:\/\/wavegarden.com\/es\/\"},{\"@type\":\"ListItem\",\"position\":2,\"name\":\"Negocio probado\"}]},{\"@type\":\"WebSite\",\"@id\":\"https:\/\/wavegarden.com\/de\/#website\",\"url\":\"https:\/\/wavegarden.com\/de\/\",\"name\":\"Wavegarden\",\"description\":\"\",\"publisher\":{\"@id\":\"https:\/\/wavegarden.com\/de\/#organization\"},\"potentialAction\":[{\"@type\":\"SearchAction\",\"target\":{\"@type\":\"EntryPoint\",\"urlTemplate\":\"https:\/\/wavegarden.com\/de\/?s={search_term_string}\"},\"query-input\":{\"@type\":\"PropertyValueSpecification\",\"valueRequired\":true,\"valueName\":\"search_term_string\"}}],\"inLanguage\":\"es\"},{\"@type\":\"Organization\",\"@id\":\"https:\/\/wavegarden.com\/de\/#organization\",\"name\":\"Wavegarden\",\"alternateName\":\"Wavegarden\",\"url\":\"https:\/\/wavegarden.com\/de\/\",\"logo\":{\"@type\":\"ImageObject\",\"inLanguage\":\"es\",\"@id\":\"https:\/\/wavegarden.com\/de\/#\/schema\/logo\/image\/\",\"url\":\"https:\/\/wavegarden.com\/wp-content\/uploads\/2024\/06\/logo-wavegarden.png\",\"contentUrl\":\"https:\/\/wavegarden.com\/wp-content\/uploads\/2024\/06\/logo-wavegarden.png\",\"width\":692,\"height\":292,\"caption\":\"Wavegarden\"},\"image\":{\"@id\":\"https:\/\/wavegarden.com\/de\/#\/schema\/logo\/image\/\"},\"sameAs\":[\"http:\/\/www.facebook.com\/Wavegarden\",\"https:\/\/x.com\/wavegarden\",\"https:\/\/www.instagram.com\/wavegarden_official\/\",\"https:\/\/www.linkedin.com\/company\/wavegarden\/\",\"https:\/\/www.youtube.com\/@WavegardenOfficial\"]}]}<\/script>\n<!-- \/ Yoast SEO plugin. -->","yoast_head_json":{"title":"| Rentabilidad Wavegarden Cove y \u00bfcu\u00e1nto cuesta construirlo?","description":"Wavegarden es la opci\u00f3n m\u00e1s rentable para inversores. Conoce las cifras de negocio claves de un Wavegarden Cove: inversi\u00f3n, ROI, ingresos, costes, consumos y m\u00e1s","robots":{"index":"index","follow":"follow","max-snippet":"max-snippet:-1","max-image-preview":"max-image-preview:large","max-video-preview":"max-video-preview:-1"},"canonical":"https:\/\/wavegarden.com\/es\/negocio-probado\/","og_locale":"es_ES","og_type":"article","og_title":"| Rentabilidad Wavegarden Cove y \u00bfcu\u00e1nto cuesta construirlo?","og_description":"Wavegarden es la opci\u00f3n m\u00e1s rentable para inversores. Conoce las cifras de negocio claves de un Wavegarden Cove: inversi\u00f3n, ROI, ingresos, costes, consumos y m\u00e1s","og_url":"https:\/\/wavegarden.com\/es\/negocio-probado\/","og_site_name":"Wavegarden","article_publisher":"http:\/\/www.facebook.com\/Wavegarden","article_modified_time":"2025-10-13T12:07:04+00:00","og_image":[{"width":1600,"height":806,"url":"https:\/\/wavegarden.com\/wp-content\/uploads\/2022\/12\/Hero-wavegarden-Business.webp","type":"image\/webp"}],"twitter_card":"summary_large_image","twitter_site":"@wavegarden","twitter_misc":{"Tiempo de lectura":"3 minutos"},"schema":{"@context":"https:\/\/schema.org","@graph":[{"@type":"WebPage","@id":"https:\/\/wavegarden.com\/es\/negocio-probado\/","url":"https:\/\/wavegarden.com\/es\/negocio-probado\/","name":"| Rentabilidad Wavegarden Cove y \u00bfcu\u00e1nto cuesta construirlo?","isPartOf":{"@id":"https:\/\/wavegarden.com\/de\/#website"},"primaryImageOfPage":{"@id":"https:\/\/wavegarden.com\/es\/negocio-probado\/#primaryimage"},"image":{"@id":"https:\/\/wavegarden.com\/es\/negocio-probado\/#primaryimage"},"thumbnailUrl":"https:\/\/wavegarden.com\/wp-content\/uploads\/2022\/12\/Hero-wavegarden-Business.webp","datePublished":"2023-01-12T16:07:41+00:00","dateModified":"2025-10-13T12:07:04+00:00","description":"Wavegarden es la opci\u00f3n m\u00e1s rentable para inversores. Conoce las cifras de negocio claves de un Wavegarden Cove: inversi\u00f3n, ROI, ingresos, costes, consumos y m\u00e1s","breadcrumb":{"@id":"https:\/\/wavegarden.com\/es\/negocio-probado\/#breadcrumb"},"inLanguage":"es","potentialAction":[{"@type":"ReadAction","target":["https:\/\/wavegarden.com\/es\/negocio-probado\/"]}]},{"@type":"ImageObject","inLanguage":"es","@id":"https:\/\/wavegarden.com\/es\/negocio-probado\/#primaryimage","url":"https:\/\/wavegarden.com\/wp-content\/uploads\/2022\/12\/Hero-wavegarden-Business.webp","contentUrl":"https:\/\/wavegarden.com\/wp-content\/uploads\/2022\/12\/Hero-wavegarden-Business.webp","width":1600,"height":806},{"@type":"BreadcrumbList","@id":"https:\/\/wavegarden.com\/es\/negocio-probado\/#breadcrumb","itemListElement":[{"@type":"ListItem","position":1,"name":"Home","item":"https:\/\/wavegarden.com\/es\/"},{"@type":"ListItem","position":2,"name":"Negocio probado"}]},{"@type":"WebSite","@id":"https:\/\/wavegarden.com\/de\/#website","url":"https:\/\/wavegarden.com\/de\/","name":"Wavegarden","description":"","publisher":{"@id":"https:\/\/wavegarden.com\/de\/#organization"},"potentialAction":[{"@type":"SearchAction","target":{"@type":"EntryPoint","urlTemplate":"https:\/\/wavegarden.com\/de\/?s={search_term_string}"},"query-input":{"@type":"PropertyValueSpecification","valueRequired":true,"valueName":"search_term_string"}}],"inLanguage":"es"},{"@type":"Organization","@id":"https:\/\/wavegarden.com\/de\/#organization","name":"Wavegarden","alternateName":"Wavegarden","url":"https:\/\/wavegarden.com\/de\/","logo":{"@type":"ImageObject","inLanguage":"es","@id":"https:\/\/wavegarden.com\/de\/#\/schema\/logo\/image\/","url":"https:\/\/wavegarden.com\/wp-content\/uploads\/2024\/06\/logo-wavegarden.png","contentUrl":"https:\/\/wavegarden.com\/wp-content\/uploads\/2024\/06\/logo-wavegarden.png","width":692,"height":292,"caption":"Wavegarden"},"image":{"@id":"https:\/\/wavegarden.com\/de\/#\/schema\/logo\/image\/"},"sameAs":["http:\/\/www.facebook.com\/Wavegarden","https:\/\/x.com\/wavegarden","https:\/\/www.instagram.com\/wavegarden_official\/","https:\/\/www.linkedin.com\/company\/wavegarden\/","https:\/\/www.youtube.com\/@WavegardenOfficial"]}]}},"_links":{"self":[{"href":"https:\/\/wavegarden.com\/es\/wp-json\/wp\/v2\/pages\/16464","targetHints":{"allow":["GET"]}}],"collection":[{"href":"https:\/\/wavegarden.com\/es\/wp-json\/wp\/v2\/pages"}],"about":[{"href":"https:\/\/wavegarden.com\/es\/wp-json\/wp\/v2\/types\/page"}],"author":[{"embeddable":true,"href":"https:\/\/wavegarden.com\/es\/wp-json\/wp\/v2\/users\/4"}],"replies":[{"embeddable":true,"href":"https:\/\/wavegarden.com\/es\/wp-json\/wp\/v2\/comments?post=16464"}],"version-history":[{"count":17,"href":"https:\/\/wavegarden.com\/es\/wp-json\/wp\/v2\/pages\/16464\/revisions"}],"predecessor-version":[{"id":44560,"href":"https:\/\/wavegarden.com\/es\/wp-json\/wp\/v2\/pages\/16464\/revisions\/44560"}],"wp:featuredmedia":[{"embeddable":true,"href":"https:\/\/wavegarden.com\/es\/wp-json\/wp\/v2\/media\/15724"}],"wp:attachment":[{"href":"https:\/\/wavegarden.com\/es\/wp-json\/wp\/v2\/media?parent=16464"}],"curies":[{"name":"wp","href":"https:\/\/api.w.org\/{rel}","templated":true}]}}