{"id":14203,"date":"2022-10-17T12:01:51","date_gmt":"2022-10-17T10:01:51","guid":{"rendered":"https:\/\/wavegarden.com\/?page_id=14203"},"modified":"2024-07-02T12:08:11","modified_gmt":"2024-07-02T10:08:11","slug":"seguridad","status":"publish","type":"page","link":"https:\/\/wavegarden.com\/es\/wavegarden-cove\/seguridad\/","title":{"rendered":"Seguridad"},"content":{"rendered":"\n<h2 class=\"wp-block-heading has-text-align-center\">Certificados de seguridad a nivel mundial<\/h2>\n\n<p class=\"has-text-align-center\">El generador de olas Wavegarden Cove cumple con las disposiciones de una amplia gama de directivas y normas reconocidas. El dise\u00f1o de la m\u00e1quina ha sido auditado con \u00e9xito por T\u00dcV Rheinland (certificadora l\u00edder mundial para la prevenci\u00f3n de riesgos), con el fin de garantizar su conformidad con las directrices y normas de seguridad vigentes.<\/p>\n\n<p class=\"has-text-align-center\">Tambi\u00e9n ha sido certificado seg\u00fan las normas australianas y americanas.<\/p>\n<section id=\"section-block_6fe9e911ac5b50e529f146b5729a035c\" class=\"chess wavegarden-gutenberg-advanced-chess alignfull\" >\n  <div class=\"advanced-chess-wrapper\"> \n    \n\n<div id=\"section-block_4b3d0c95c5c2e7788b4086289254a67d\" class=\"wavegarden-advanced-chess-visual-content-block\" style=\"background-color: rgb(255,255,255)\">\n  \n\n<h2 class=\"wp-block-heading\">Seguridad de operaci\u00f3n<\/h2>\n\n\n\n<p>La seguridad de los visitantes y de los trabajadores es la principal prioridad operativa del d\u00eda a d\u00eda de una instalaci\u00f3n. Un Wavergarden cuenta con un entorno completamente seguro para practicar el surf, adem\u00e1s nuestros especialistas han desarrollado procedimientos y manuales de formaci\u00f3n muy detallados para garantizar que las actividades se desarrollan sin incidentes y con seguridad. Estos incluyen:<\/p>\n\n\n\n<ul class=\"wp-block-list\">\n<li>Programas de formaci\u00f3n del personal<\/li>\n\n\n\n<li>Seguridad en el agua y socorrismo<\/li>\n\n\n\n<li>Operaci\u00f3n de las diferentes zonas de surf<\/li>\n\n\n\n<li>Recomendaciones de capacidades<\/li>\n\n\n\n<li>Se\u00f1al\u00e9tica<\/li>\n\n\n\n<li>Equipamiento adecuado<\/li>\n\n\n\n<li>Comprobaciones de seguridad<\/li>\n<\/ul>\n\n\n<\/div>\n\n\n<section id=\"section-block_131a96f715936bebf6c8841cc90d75a8\" class=\"wavegarden-advanced-chess-gutenberg-content-block\" >\n  <span class=\"dashicon dashicons dashicons-edit 1\"><\/span>\n      <section class=\"main-gallery alignfull\">\n      <div class=\"container\">\n        <div class=\"swiper-block_131a96f715936bebf6c8841cc90d75a8 swiper-container swiper-gallery\">\n          <div class=\"swiper-wrapper\">\n            <div class=\"swiper-slide\">\n                            <div class=\"card-image\">\n                                <a href=\"https:\/\/wavegarden.com\/wp-content\/uploads\/2022\/09\/Seguridad-usuarios.jpg\" class=\"inline-pics__item\" data-lity>\n                                    <img decoding=\"async\" src=\"https:\/\/wavegarden.com\/wp-content\/uploads\/2022\/09\/Seguridad-usuarios.jpg\"\n                                        srcset=\"https:\/\/wavegarden.com\/wp-content\/uploads\/2022\/09\/Seguridad-usuarios.jpg 1600w, https:\/\/wavegarden.com\/wp-content\/uploads\/2022\/09\/Seguridad-usuarios-300x200.jpg 300w, https:\/\/wavegarden.com\/wp-content\/uploads\/2022\/09\/Seguridad-usuarios-1024x683.jpg 1024w, https:\/\/wavegarden.com\/wp-content\/uploads\/2022\/09\/Seguridad-usuarios-768x512.jpg 768w, https:\/\/wavegarden.com\/wp-content\/uploads\/2022\/09\/Seguridad-usuarios-1536x1024.jpg 1536w, https:\/\/wavegarden.com\/wp-content\/uploads\/2022\/09\/Seguridad-usuarios-800x534.jpg 800w\"\n                                        sizes=\"(max-width: 1600px) 100vw, 1600px\"\n                                        alt=\"\" \/>\n                                <\/a>\n                            <\/div>\n                        <\/div>          <\/div>\n            <!-- Add Pagination -->\n          <div class=\"swiper-pagination-block_131a96f715936bebf6c8841cc90d75a8\"><\/div>\n        <\/div>\n      <\/div>\n    <\/section>\n\n    <script>\n        \/\/ Swiper Configuration - advanced chess visual content\n        var swiper = '';\n        if (typeof Swiper !== 'undefined') {\n            var swiper = new Swiper(\".swiper-block_131a96f715936bebf6c8841cc90d75a8\", {\n                slidesPerView: 1,\n                centeredSlides: true,\n                grabCursor: true,\n                loop: true,\n                                lazy: true,\n                pagination: {\n                  el: \".swiper-pagination-block_131a96f715936bebf6c8841cc90d75a8\",\n                },\n            });\n        }\n    <\/script>\n    \n    \n<\/section>\n\n\n<section id=\"section-block_4e5a350024f6f90b5eda77d3807c57a7\" class=\"wavegarden-advanced-chess-gutenberg-content-block\" >\n  <span class=\"dashicon dashicons dashicons-edit 1\"><\/span>\n      <section class=\"main-gallery alignfull\">\n      <div class=\"container\">\n        <div class=\"swiper-block_4e5a350024f6f90b5eda77d3807c57a7 swiper-container swiper-gallery\">\n          <div class=\"swiper-wrapper\">\n            <div class=\"swiper-slide\">\n                            <div class=\"card-image\">\n                                <a href=\"https:\/\/wavegarden.com\/wp-content\/uploads\/2022\/09\/Seguridad-de-los-usuarios.jpg\" class=\"inline-pics__item\" data-lity>\n                                    <img decoding=\"async\" src=\"https:\/\/wavegarden.com\/wp-content\/uploads\/2022\/09\/Seguridad-de-los-usuarios.jpg\"\n                                        srcset=\"https:\/\/wavegarden.com\/wp-content\/uploads\/2022\/09\/Seguridad-de-los-usuarios.jpg 2048w, https:\/\/wavegarden.com\/wp-content\/uploads\/2022\/09\/Seguridad-de-los-usuarios-300x200.jpg 300w, https:\/\/wavegarden.com\/wp-content\/uploads\/2022\/09\/Seguridad-de-los-usuarios-1024x683.jpg 1024w, https:\/\/wavegarden.com\/wp-content\/uploads\/2022\/09\/Seguridad-de-los-usuarios-768x512.jpg 768w, https:\/\/wavegarden.com\/wp-content\/uploads\/2022\/09\/Seguridad-de-los-usuarios-1536x1024.jpg 1536w, https:\/\/wavegarden.com\/wp-content\/uploads\/2022\/09\/Seguridad-de-los-usuarios-800x533.jpg 800w\"\n                                        sizes=\"(max-width: 2048px) 100vw, 2048px\"\n                                        alt=\"\" \/>\n                                <\/a>\n                            <\/div>\n                        <\/div>          <\/div>\n            <!-- Add Pagination -->\n          <div class=\"swiper-pagination-block_4e5a350024f6f90b5eda77d3807c57a7\"><\/div>\n        <\/div>\n      <\/div>\n    <\/section>\n\n    <script>\n        \/\/ Swiper Configuration - advanced chess visual content\n        var swiper = '';\n        if (typeof Swiper !== 'undefined') {\n            var swiper = new Swiper(\".swiper-block_4e5a350024f6f90b5eda77d3807c57a7\", {\n                slidesPerView: 1,\n                centeredSlides: true,\n                grabCursor: true,\n                loop: true,\n                                lazy: true,\n                pagination: {\n                  el: \".swiper-pagination-block_4e5a350024f6f90b5eda77d3807c57a7\",\n                },\n            });\n        }\n    <\/script>\n    \n    \n<\/section>\n\n\n<div id=\"section-block_4b3d0c95c5c2e7788b4086289254a67d\" class=\"wavegarden-advanced-chess-visual-content-block\" style=\"background-color: rgb(255,255,255)\">\n  \n\n<h2 class=\"wp-block-heading\">Seguridad de los surfistas<\/h2>\n\n\n\n<p>Adem\u00e1s, existe la posibilidad de acolchar el fondo, crear zonas profundas para potenciales ca\u00eddas, desarrollar superficies con un equilibrio correcto entre antideslizamiento y abrasi\u00f3n, etc.<\/p>\n\n\n\n<p>Una de las grandes ventajas de una instalaci\u00f3n Wavegarden es que crea un entorno controlado en cuanto a profundidad, tama\u00f1o y frecuencia de las olas. No hay elementos peligrosos como corrientes no controladas, corales, rocas ocultas, ni animales.<\/p>\n\n\n\n<p>Cualquier persona puede acudir a un Wavegarden, no es necesario tener experiencia previa surfeando; con saber nadar y estar c\u00f3modo en el agua es suficiente.<\/p>\n\n\n<\/div>\n\n  <\/div>\n<\/section>\n\n\n<style>\n  body:not(.wp-admin) .advanced-chess-wrapper,\n  body.wp-admin .advanced-chess-wrapper > .block-editor-inner-blocks > .block-editor-block-list__layout {\n    display: flex;\n    flex-wrap: wrap;\n    max-width: 1440px;\n    margin-left: auto;\n    margin-right: auto;\n  }\n  body:not(.wp-admin) .advanced-chess-wrapper > *,\n  body.wp-admin .advanced-chess-wrapper > .block-editor-inner-blocks > .block-editor-block-list__layout > * {\n    overflow: hidden;\n    margin: 0;\n  }\n\n  body.wp-admin .block-editor-block-list__block.wp-block.wp-block-acf-wavegarden-advanced-chess {\n    width: 100%;\n    max-width: 1440px;\n  }\n\n  @media (min-width: 1024px){\n    body:not(.wp-admin) .advanced-chess-wrapper > *,\n    body.wp-admin .advanced-chess-wrapper > .block-editor-inner-blocks > .block-editor-block-list__layout > * {\n      width: 50%;\n      overflow: hidden;\n    }\n  }\n\n  @media (max-width: 1023px){\n                body:not(.wp-admin) #section-block_6fe9e911ac5b50e529f146b5729a035c .advanced-chess-wrapper > *:nth-child(1),\n            body.wp-admin #section-block_6fe9e911ac5b50e529f146b5729a035c .advanced-chess-wrapper > .block-editor-inner-blocks > .block-editor-block-list__layout > * :nth-child(1) {\n              order: 1;\n            }\n                    body:not(.wp-admin) #section-block_6fe9e911ac5b50e529f146b5729a035c .advanced-chess-wrapper > *:nth-child(2),\n            body.wp-admin #section-block_6fe9e911ac5b50e529f146b5729a035c .advanced-chess-wrapper > .block-editor-inner-blocks > .block-editor-block-list__layout > * :nth-child(2) {\n              order: 0;\n            }\n                    body:not(.wp-admin) #section-block_6fe9e911ac5b50e529f146b5729a035c .advanced-chess-wrapper > *:nth-child(3),\n            body.wp-admin #section-block_6fe9e911ac5b50e529f146b5729a035c .advanced-chess-wrapper > .block-editor-inner-blocks > .block-editor-block-list__layout > * :nth-child(3) {\n              order: 2;\n            }\n                    body:not(.wp-admin) #section-block_6fe9e911ac5b50e529f146b5729a035c .advanced-chess-wrapper > *:nth-child(4),\n            body.wp-admin #section-block_6fe9e911ac5b50e529f146b5729a035c .advanced-chess-wrapper > .block-editor-inner-blocks > .block-editor-block-list__layout > * :nth-child(4) {\n              order: 3;\n            }\n          }\n\n  \/** Visual content *\/\n  .wp-block-acf-wavegarden-advanced-chess-visual-content-block > div:not(.swiper-pagination-bullets ),\n  .wp-block-acf-wavegarden-advanced-chess-visual-content-block section,\n  .advanced-chess-wrapper .main-gallery .container .swiper-gallery .swiper-wrapper .card-image a,\n  .advanced-chess-wrapper .main-gallery .container .swiper-gallery .swiper-wrapper .card-image,\n  .advanced-chess-wrapper .main-gallery .container .swiper-gallery .swiper-wrapper,\n  .advanced-chess-wrapper .main-gallery .container .swiper-gallery,\n  .advanced-chess-wrapper .main-gallery .container,\n  .advanced-chess-wrapper .main-gallery {\n    height: 100%;\n  }\n\n  @supports ((-o-object-fit:cover) or (object-fit:cover)){\n    .inline-pics__item {\n      height: auto;\n    }\n    .inline-pics__item img {\n      min-width: none;\n      min-height: none;\n      max-width: 100%;\n      max-height: 100%;\n      top: 0;\n      left: 0;\n      -webkit-transform: none;\n      transform: none;\n      -o-object-fit: cover;\n      object-fit: cover;\n      display: block;\n    }\n  }\n\n  .inline-pics__item {\n    display: block;\n    position: relative;\n    overflow: hidden;\n    width: 100%;\n    height: auto;\n    \/* margin: 0 0 10px; 16\/09\/2024 *\/\n    margin: 0;\n  }\n\n  .inline-pics__item:before {\n    content: \"\";\n    display: block;\n    padding-top: 66.7%;\n  }\n\n  .inline-pics__item img {\n    position: absolute;\n    top: 50%;\n    left: 50%;\n    -webkit-transform: translate(-50%,-50%);\n    transform: translate(-50%,-50%);\n    display: block;\n    max-width: none;\n    max-height: none;\n    width: 101%;\n    height: 101%;\n    min-height: 100%;\n    min-width: 100%;\n  }\n\n  body.wp-admin a.inline-pics__item {\n    pointer-events: none;\n  }\n\n  body:not(.wp-admin) .advanced-chess-wrapper .main-gallery .container{\n    position: relative;\n  }\n\n  .swiper-horizontal>.swiper-pagination-bullets,\n  .swiper-pagination-bullets.swiper-pagination-horizontal {\n    position: absolute;\n    bottom: 20px;\n    z-index: 10;\n    display: flex;\n    justify-content: center;\n  }\n\n  body:not(.wp-admin) .wavegarden-advanced-chess-gutenberg-content-block span.dashicons-edit {\n    display: none;\n  }\n\n  body.wp-admin .wp-block-acf-wavegarden-advanced-chess-visual-content-block .acf-block-component > div ,\n  body.wp-admin .wp-block-acf-wavegarden-advanced-chess-visual-content-block .acf-block-component > div > .acf-block-preview {\n    height: 100%;\n  }\n\n  body.wp-admin .wavegarden-advanced-chess-gutenberg-content-block span.dashicons-edit {\n    position: absolute;\n    background: white;\n    padding: 15px;\n    z-index: 10;\n    border: solid 1px black;\n  }\n\n\n  body.wp-admin .wp-block-acf-wavegarden-advanced-chess-gutenberg-content-block,\n    body:not(.wp-admin) .wavegarden-advanced-chess-gutenberg-content-block {\n      \/*aspect-ratio: 1\/1; 16\/09\/2024 *\/\n      aspect-ratio: 1\/1;\n    }\n\n  @media (max-width: 1023px){\n    body.wp-admin .wp-block-acf-wavegarden-advanced-chess-gutenberg-content-block,\n    body:not(.wp-admin) .wavegarden-advanced-chess-gutenberg-content-block {\n      aspect-ratio: 1\/1;\n      width: 100%;\n      \/* max-width: 500px; 16\/09\/2024 *\/\n      max-height: 90vh;\n      margin: auto;\n    }\n  }\n\n  .swiper-slide {\n    overflow: hidden;\n  }\n\n  .media__video {\n    padding: 0;\n  }\n\n  .media__video svg {\n    position: absolute;\n    bottom: 50%;\n    right: 50%;\n    transform: translate(50%, 50%);\n    background: radial-gradient(circle, rgba(255,255,255,1) 0%, rgba(255,255,255,0.500437675070028) 25%, rgba(255,255,255,0) 75%);\n  }\n\n  .block-editor-page .swiper-slide .wg-video-embed img,\n  .block-editor-page .swiper-slide .wg-video-embed video {\n    max-width: unset;\n    object-fit: cover;\n    min-width: 100%;\n    min-height: 100%;\n    position: absolute;\n    top: 50%;\n    left: 50%;\n    transform: translate(-50%, -50%);\n  }\n\n  .advanced-chess-wrapper .swiper-slide .wg-video-embed video {\n    width: 100%;\n    height: 100%;\n  }\n\n  .block-editor-page .swiper-slide .wg-video-embed {\n    margin: 0;\n  }\n\n  .block-editor-page .swiper-slide .wg-video-embed svg {\n    bottom: 5px;\n    right: 10px;\n    position: absolute;\n  }\n  \n  .swiper-slide .wg-video-embed:hover svg {\n    background: radial-gradient(circle, rgba(0,0,0,1) 0%, rgba(0,0,0,0.500437675070028) 25%, rgba(0,0,0,0) 75%);\n  }\n\n  .swiper-slide .wg-video-embed:hover svg g {\n    fill: white;\n  }\n\n  \/** Gutenberg content *\/\n   .wavegarden-advanced-chess-visual-content-block {\n    display: flex;\n    flex-direction: column;\n    justify-content: center;\n    padding: 50px;\n  }\n<\/style>","protected":false},"excerpt":{"rendered":"<p>Certificados de seguridad a nivel mundial El generador de olas Wavegarden Cove cumple con las disposiciones de una amplia gama de directivas y normas reconocidas. El dise\u00f1o de la m\u00e1quina ha sido auditado con \u00e9xito por T\u00dcV Rheinland (certificadora l\u00edder mundial para la prevenci\u00f3n de riesgos), con el fin de garantizar su conformidad con las [&hellip;]<\/p>\n","protected":false},"author":4,"featured_media":13829,"parent":14195,"menu_order":0,"comment_status":"closed","ping_status":"closed","template":"pages\/cove.php","meta":{"_acf_changed":false,"footnotes":""},"class_list":["post-14203","page","type-page","status-publish","has-post-thumbnail","hentry"],"acf":[],"yoast_head":"<!-- This site is optimized with the Yoast SEO plugin v27.2 - https:\/\/yoast.com\/product\/yoast-seo-wordpress\/ -->\n<title>Cove | El surf park mas seguro<\/title>\n<meta name=\"description\" content=\"Wavegarden Cove cuenta con numerosos certificados de seguridad internacionales. Ofrecemos un entorno completamente seguro para la pr\u00e1ctica del surf.\" \/>\n<meta name=\"robots\" content=\"index, follow, max-snippet:-1, max-image-preview:large, max-video-preview:-1\" \/>\n<link rel=\"canonical\" href=\"https:\/\/wavegarden.com\/es\/wavegarden-cove\/seguridad\/\" \/>\n<meta property=\"og:locale\" content=\"es_ES\" \/>\n<meta property=\"og:type\" content=\"article\" \/>\n<meta property=\"og:title\" content=\"Cove | El surf park mas seguro\" \/>\n<meta property=\"og:description\" content=\"Wavegarden Cove cuenta con numerosos certificados de seguridad internacionales. Ofrecemos un entorno completamente seguro para la pr\u00e1ctica del surf.\" \/>\n<meta property=\"og:url\" content=\"https:\/\/wavegarden.com\/es\/wavegarden-cove\/seguridad\/\" \/>\n<meta property=\"og:site_name\" content=\"Wavegarden\" \/>\n<meta property=\"article:publisher\" content=\"http:\/\/www.facebook.com\/Wavegarden\" \/>\n<meta property=\"article:modified_time\" content=\"2024-07-02T10:08:11+00:00\" \/>\n<meta property=\"og:image\" content=\"https:\/\/wavegarden.com\/wp-content\/uploads\/2022\/09\/IMG_0939-scaled.jpg\" \/>\n\t<meta property=\"og:image:width\" content=\"2560\" \/>\n\t<meta property=\"og:image:height\" content=\"2000\" \/>\n\t<meta property=\"og:image:type\" content=\"image\/jpeg\" \/>\n<meta name=\"twitter:card\" content=\"summary_large_image\" \/>\n<meta name=\"twitter:site\" content=\"@wavegarden\" \/>\n<meta name=\"twitter:label1\" content=\"Tiempo de lectura\" \/>\n\t<meta name=\"twitter:data1\" content=\"2 minutos\" \/>\n<script type=\"application\/ld+json\" class=\"yoast-schema-graph\">{\"@context\":\"https:\/\/schema.org\",\"@graph\":[{\"@type\":\"WebPage\",\"@id\":\"https:\/\/wavegarden.com\/es\/wavegarden-cove\/seguridad\/\",\"url\":\"https:\/\/wavegarden.com\/es\/wavegarden-cove\/seguridad\/\",\"name\":\"Cove | El surf park mas seguro\",\"isPartOf\":{\"@id\":\"https:\/\/wavegarden.com\/de\/#website\"},\"primaryImageOfPage\":{\"@id\":\"https:\/\/wavegarden.com\/es\/wavegarden-cove\/seguridad\/#primaryimage\"},\"image\":{\"@id\":\"https:\/\/wavegarden.com\/es\/wavegarden-cove\/seguridad\/#primaryimage\"},\"thumbnailUrl\":\"https:\/\/wavegarden.com\/wp-content\/uploads\/2022\/09\/IMG_0939-scaled.jpg\",\"datePublished\":\"2022-10-17T10:01:51+00:00\",\"dateModified\":\"2024-07-02T10:08:11+00:00\",\"description\":\"Wavegarden Cove cuenta con numerosos certificados de seguridad internacionales. Ofrecemos un entorno completamente seguro para la pr\u00e1ctica del surf.\",\"breadcrumb\":{\"@id\":\"https:\/\/wavegarden.com\/es\/wavegarden-cove\/seguridad\/#breadcrumb\"},\"inLanguage\":\"es\",\"potentialAction\":[{\"@type\":\"ReadAction\",\"target\":[\"https:\/\/wavegarden.com\/es\/wavegarden-cove\/seguridad\/\"]}]},{\"@type\":\"ImageObject\",\"inLanguage\":\"es\",\"@id\":\"https:\/\/wavegarden.com\/es\/wavegarden-cove\/seguridad\/#primaryimage\",\"url\":\"https:\/\/wavegarden.com\/wp-content\/uploads\/2022\/09\/IMG_0939-scaled.jpg\",\"contentUrl\":\"https:\/\/wavegarden.com\/wp-content\/uploads\/2022\/09\/IMG_0939-scaled.jpg\",\"width\":2560,\"height\":2000},{\"@type\":\"BreadcrumbList\",\"@id\":\"https:\/\/wavegarden.com\/es\/wavegarden-cove\/seguridad\/#breadcrumb\",\"itemListElement\":[{\"@type\":\"ListItem\",\"position\":1,\"name\":\"Home\",\"item\":\"https:\/\/wavegarden.com\/es\/\"},{\"@type\":\"ListItem\",\"position\":2,\"name\":\"Wavegarden Cove\",\"item\":\"https:\/\/wavegarden.com\/es\/wavegarden-cove\/\"},{\"@type\":\"ListItem\",\"position\":3,\"name\":\"Seguridad\"}]},{\"@type\":\"WebSite\",\"@id\":\"https:\/\/wavegarden.com\/de\/#website\",\"url\":\"https:\/\/wavegarden.com\/de\/\",\"name\":\"Wavegarden\",\"description\":\"\",\"publisher\":{\"@id\":\"https:\/\/wavegarden.com\/de\/#organization\"},\"potentialAction\":[{\"@type\":\"SearchAction\",\"target\":{\"@type\":\"EntryPoint\",\"urlTemplate\":\"https:\/\/wavegarden.com\/de\/?s={search_term_string}\"},\"query-input\":{\"@type\":\"PropertyValueSpecification\",\"valueRequired\":true,\"valueName\":\"search_term_string\"}}],\"inLanguage\":\"es\"},{\"@type\":\"Organization\",\"@id\":\"https:\/\/wavegarden.com\/de\/#organization\",\"name\":\"Wavegarden\",\"alternateName\":\"Wavegarden\",\"url\":\"https:\/\/wavegarden.com\/de\/\",\"logo\":{\"@type\":\"ImageObject\",\"inLanguage\":\"es\",\"@id\":\"https:\/\/wavegarden.com\/de\/#\/schema\/logo\/image\/\",\"url\":\"https:\/\/wavegarden.com\/wp-content\/uploads\/2024\/06\/logo-wavegarden.png\",\"contentUrl\":\"https:\/\/wavegarden.com\/wp-content\/uploads\/2024\/06\/logo-wavegarden.png\",\"width\":692,\"height\":292,\"caption\":\"Wavegarden\"},\"image\":{\"@id\":\"https:\/\/wavegarden.com\/de\/#\/schema\/logo\/image\/\"},\"sameAs\":[\"http:\/\/www.facebook.com\/Wavegarden\",\"https:\/\/x.com\/wavegarden\",\"https:\/\/www.instagram.com\/wavegarden_official\/\",\"https:\/\/www.linkedin.com\/company\/wavegarden\/\",\"https:\/\/www.youtube.com\/@WavegardenOfficial\"]}]}<\/script>\n<!-- \/ Yoast SEO plugin. -->","yoast_head_json":{"title":"Cove | El surf park mas seguro","description":"Wavegarden Cove cuenta con numerosos certificados de seguridad internacionales. Ofrecemos un entorno completamente seguro para la pr\u00e1ctica del surf.","robots":{"index":"index","follow":"follow","max-snippet":"max-snippet:-1","max-image-preview":"max-image-preview:large","max-video-preview":"max-video-preview:-1"},"canonical":"https:\/\/wavegarden.com\/es\/wavegarden-cove\/seguridad\/","og_locale":"es_ES","og_type":"article","og_title":"Cove | El surf park mas seguro","og_description":"Wavegarden Cove cuenta con numerosos certificados de seguridad internacionales. Ofrecemos un entorno completamente seguro para la pr\u00e1ctica del surf.","og_url":"https:\/\/wavegarden.com\/es\/wavegarden-cove\/seguridad\/","og_site_name":"Wavegarden","article_publisher":"http:\/\/www.facebook.com\/Wavegarden","article_modified_time":"2024-07-02T10:08:11+00:00","og_image":[{"width":2560,"height":2000,"url":"https:\/\/wavegarden.com\/wp-content\/uploads\/2022\/09\/IMG_0939-scaled.jpg","type":"image\/jpeg"}],"twitter_card":"summary_large_image","twitter_site":"@wavegarden","twitter_misc":{"Tiempo de lectura":"2 minutos"},"schema":{"@context":"https:\/\/schema.org","@graph":[{"@type":"WebPage","@id":"https:\/\/wavegarden.com\/es\/wavegarden-cove\/seguridad\/","url":"https:\/\/wavegarden.com\/es\/wavegarden-cove\/seguridad\/","name":"Cove | El surf park mas seguro","isPartOf":{"@id":"https:\/\/wavegarden.com\/de\/#website"},"primaryImageOfPage":{"@id":"https:\/\/wavegarden.com\/es\/wavegarden-cove\/seguridad\/#primaryimage"},"image":{"@id":"https:\/\/wavegarden.com\/es\/wavegarden-cove\/seguridad\/#primaryimage"},"thumbnailUrl":"https:\/\/wavegarden.com\/wp-content\/uploads\/2022\/09\/IMG_0939-scaled.jpg","datePublished":"2022-10-17T10:01:51+00:00","dateModified":"2024-07-02T10:08:11+00:00","description":"Wavegarden Cove cuenta con numerosos certificados de seguridad internacionales. Ofrecemos un entorno completamente seguro para la pr\u00e1ctica del surf.","breadcrumb":{"@id":"https:\/\/wavegarden.com\/es\/wavegarden-cove\/seguridad\/#breadcrumb"},"inLanguage":"es","potentialAction":[{"@type":"ReadAction","target":["https:\/\/wavegarden.com\/es\/wavegarden-cove\/seguridad\/"]}]},{"@type":"ImageObject","inLanguage":"es","@id":"https:\/\/wavegarden.com\/es\/wavegarden-cove\/seguridad\/#primaryimage","url":"https:\/\/wavegarden.com\/wp-content\/uploads\/2022\/09\/IMG_0939-scaled.jpg","contentUrl":"https:\/\/wavegarden.com\/wp-content\/uploads\/2022\/09\/IMG_0939-scaled.jpg","width":2560,"height":2000},{"@type":"BreadcrumbList","@id":"https:\/\/wavegarden.com\/es\/wavegarden-cove\/seguridad\/#breadcrumb","itemListElement":[{"@type":"ListItem","position":1,"name":"Home","item":"https:\/\/wavegarden.com\/es\/"},{"@type":"ListItem","position":2,"name":"Wavegarden Cove","item":"https:\/\/wavegarden.com\/es\/wavegarden-cove\/"},{"@type":"ListItem","position":3,"name":"Seguridad"}]},{"@type":"WebSite","@id":"https:\/\/wavegarden.com\/de\/#website","url":"https:\/\/wavegarden.com\/de\/","name":"Wavegarden","description":"","publisher":{"@id":"https:\/\/wavegarden.com\/de\/#organization"},"potentialAction":[{"@type":"SearchAction","target":{"@type":"EntryPoint","urlTemplate":"https:\/\/wavegarden.com\/de\/?s={search_term_string}"},"query-input":{"@type":"PropertyValueSpecification","valueRequired":true,"valueName":"search_term_string"}}],"inLanguage":"es"},{"@type":"Organization","@id":"https:\/\/wavegarden.com\/de\/#organization","name":"Wavegarden","alternateName":"Wavegarden","url":"https:\/\/wavegarden.com\/de\/","logo":{"@type":"ImageObject","inLanguage":"es","@id":"https:\/\/wavegarden.com\/de\/#\/schema\/logo\/image\/","url":"https:\/\/wavegarden.com\/wp-content\/uploads\/2024\/06\/logo-wavegarden.png","contentUrl":"https:\/\/wavegarden.com\/wp-content\/uploads\/2024\/06\/logo-wavegarden.png","width":692,"height":292,"caption":"Wavegarden"},"image":{"@id":"https:\/\/wavegarden.com\/de\/#\/schema\/logo\/image\/"},"sameAs":["http:\/\/www.facebook.com\/Wavegarden","https:\/\/x.com\/wavegarden","https:\/\/www.instagram.com\/wavegarden_official\/","https:\/\/www.linkedin.com\/company\/wavegarden\/","https:\/\/www.youtube.com\/@WavegardenOfficial"]}]}},"_links":{"self":[{"href":"https:\/\/wavegarden.com\/es\/wp-json\/wp\/v2\/pages\/14203","targetHints":{"allow":["GET"]}}],"collection":[{"href":"https:\/\/wavegarden.com\/es\/wp-json\/wp\/v2\/pages"}],"about":[{"href":"https:\/\/wavegarden.com\/es\/wp-json\/wp\/v2\/types\/page"}],"author":[{"embeddable":true,"href":"https:\/\/wavegarden.com\/es\/wp-json\/wp\/v2\/users\/4"}],"replies":[{"embeddable":true,"href":"https:\/\/wavegarden.com\/es\/wp-json\/wp\/v2\/comments?post=14203"}],"version-history":[{"count":11,"href":"https:\/\/wavegarden.com\/es\/wp-json\/wp\/v2\/pages\/14203\/revisions"}],"predecessor-version":[{"id":24976,"href":"https:\/\/wavegarden.com\/es\/wp-json\/wp\/v2\/pages\/14203\/revisions\/24976"}],"up":[{"embeddable":true,"href":"https:\/\/wavegarden.com\/es\/wp-json\/wp\/v2\/pages\/14195"}],"wp:featuredmedia":[{"embeddable":true,"href":"https:\/\/wavegarden.com\/es\/wp-json\/wp\/v2\/media\/13829"}],"wp:attachment":[{"href":"https:\/\/wavegarden.com\/es\/wp-json\/wp\/v2\/media?parent=14203"}],"curies":[{"name":"wp","href":"https:\/\/api.w.org\/{rel}","templated":true}]}}