{"id":12123,"date":"2022-08-12T19:01:39","date_gmt":"2022-08-12T17:01:39","guid":{"rendered":"https:\/\/wavegarden.com\/?page_id=12123"},"modified":"2025-10-10T12:45:12","modified_gmt":"2025-10-10T10:45:12","slug":"huella-de-carbono","status":"publish","type":"page","link":"https:\/\/wavegarden.com\/es\/huella-de-carbono\/","title":{"rendered":"Huella de carbono"},"content":{"rendered":"\n<figure class=\"wp-block-image alignfull size-full\"><img decoding=\"async\" width=\"2560\" height=\"800\" src=\"https:\/\/wavegarden.com\/wp-content\/uploads\/2022\/10\/Ilustracion-web-scaled.jpg\" alt=\"\" class=\"wp-image-15042\" srcset=\"https:\/\/wavegarden.com\/wp-content\/uploads\/2022\/10\/Ilustracion-web-scaled.jpg 2560w, https:\/\/wavegarden.com\/wp-content\/uploads\/2022\/10\/Ilustracion-web-300x94.jpg 300w, https:\/\/wavegarden.com\/wp-content\/uploads\/2022\/10\/Ilustracion-web-1024x320.jpg 1024w, https:\/\/wavegarden.com\/wp-content\/uploads\/2022\/10\/Ilustracion-web-768x240.jpg 768w, https:\/\/wavegarden.com\/wp-content\/uploads\/2022\/10\/Ilustracion-web-1536x480.jpg 1536w, https:\/\/wavegarden.com\/wp-content\/uploads\/2022\/10\/Ilustracion-web-2048x640.jpg 2048w, https:\/\/wavegarden.com\/wp-content\/uploads\/2022\/10\/Ilustracion-web-800x250.jpg 800w\" sizes=\"(max-width: 2560px) 100vw, 2560px\" \/><\/figure>\n\n<h1 class=\"wp-block-heading has-text-align-center page-header__article__title\">Huella de carbono<\/h1>\n\n<p>En Wavegarden buscamos compensar la huella de carbono de la fabricaci\u00f3n de la maquinaria y tenemos el compromiso de ser carbono neutrales en los pr\u00f3ximos a\u00f1os.<\/p>\n\n<h5 class=\"wp-block-heading has-text-align-left\">Comparativa de consumo de C02 de un Wavegarden Cove frente al de un viaje a la playa en coche<\/h5>\n\n<p class=\"has-text-align-left\">Nos hemos preguntado a qu\u00e9 distancia de su domicilio deber\u00eda hallarse de su playa favorita por un lado y el Wavegarden Lagoon m\u00e1s cercano por otro, para averiguar a partir de qu\u00e9 distancia la huella del CO2 del Wavegarden es menor. <\/p>\n\n<p class=\"has-text-align-left\">Este c\u00e1lculo se ha realizado para el siguiente caso:<\/p>\n\n<ul class=\"wp-block-list\">\n<li>Su coche es un veh\u00edculo de pasajeros y usted viaja solo.<\/li>\n\n\n\n<li>En Wavegarden surfear\u00e1 una sesi\u00f3n de hora y media.<\/li>\n<\/ul>\n\n\n\n<p class=\"has-text-align-left\">Este es un c\u00e1lculo orientativo teniendo en cuenta \u00fanicamente el consumo de energ\u00eda directo tanto del coche como del generador de olas. No se tiene en cuenta el consumo de energ\u00eda de la construcci\u00f3n del Wavegarden, de las carreteras ni del propio coche.<\/p>\n\n<p class=\"has-text-align-left\">La conclusi\u00f3n de este estudio es que su consumo de CO2 ser\u00e1 menor surfeando en una instalci\u00f3n Wavegarden, siempre y cuando este se encuentre \u2013al menos- a un cuarto de hora m\u00e1s cerca de su casa que de su playa favorita.<\/p>\n\n<figure class=\"wp-block-table aligncenter\"><table><thead><tr><th class=\"has-text-align-left\" data-align=\"left\">Wavegarden Cove<\/th><th class=\"has-text-align-right\" data-align=\"right\"><\/th><\/tr><\/thead><tbody><tr><td class=\"has-text-align-left\" data-align=\"left\">Energ\u00eda media\/hora WG<\/td><td class=\"has-text-align-right\" data-align=\"right\">450 kWh<\/td><\/tr><tr><td class=\"has-text-align-left\" data-align=\"left\">N\u00ba de surfistas\/hora\t<\/td><td class=\"has-text-align-right\" data-align=\"right\">80<\/td><\/tr><tr><td class=\"has-text-align-left\" data-align=\"left\">Energ\u00eda\/hora\/surfista en WG<\/td><td class=\"has-text-align-right\" data-align=\"right\">5,625 kWh<\/td><\/tr><tr><td class=\"has-text-align-left\" data-align=\"left\">CO2 emitido por sesi\u00f3n y persona en WG<\/td><td class=\"has-text-align-right\" data-align=\"right\">1.74 kg<\/td><\/tr><\/tbody><\/table><\/figure>\n\n<figure class=\"wp-block-table aligncenter\"><table><thead><tr><th class=\"has-text-align-left\" data-align=\"left\">Coche<\/th><th class=\"has-text-align-right\" data-align=\"right\"><\/th><\/tr><\/thead><tbody><tr><td class=\"has-text-align-left\" data-align=\"left\">A consumo medio de gasolina por coche a 100km\/h<\/td><td class=\"has-text-align-right\" data-align=\"right\">6,00 l<\/td><\/tr><tr><td class=\"has-text-align-left\" data-align=\"left\">N\u00ba de personas por coche\t<\/td><td class=\"has-text-align-right\" data-align=\"right\">1<\/td><\/tr><tr><td class=\"has-text-align-left\" data-align=\"left\">CO2 emitido por hora y persona en coche de gasolina<\/td><td class=\"has-text-align-right\" data-align=\"right\">14.35 kg<\/td><\/tr><\/tbody><\/table><\/figure>\n\n<figure class=\"wp-block-table aligncenter\"><table><thead><tr><th class=\"has-text-align-left\" data-align=\"left\">Distancia de coche para igualar el CO2<\/th><th class=\"has-text-align-right\" data-align=\"right\"><\/th><\/tr><\/thead><tbody><tr><td class=\"has-text-align-left\" data-align=\"left\">Minutos por tramo (ida o vuelta) de coche para igualar CO2 emitido en sesi\u00f3n WG por persona<\/td><td class=\"has-text-align-right\" data-align=\"right\"> <strong> <\/strong>24<\/td><\/tr><tr><td class=\"has-text-align-left\" data-align=\"left\">Minutos por tramo (ida o vuelta) de coche para igualar CO2 emitido en una sesi\u00f3n en Wavegarden por persona<\/td><td class=\"has-text-align-right\" data-align=\"right\">  12<\/td><\/tr><\/tbody><\/table><\/figure>\n\n<div style=\"height:50px\" aria-hidden=\"true\" class=\"wp-block-spacer\"><\/div>\n\n<figure class=\"wp-block-image alignwide size-full\"><img decoding=\"async\" width=\"2560\" height=\"1442\" src=\"https:\/\/wavegarden.com\/wp-content\/uploads\/2022\/10\/Ilustracion-web-2-scaled.jpg\" alt=\"\" class=\"wp-image-15048\" srcset=\"https:\/\/wavegarden.com\/wp-content\/uploads\/2022\/10\/Ilustracion-web-2-scaled.jpg 2560w, https:\/\/wavegarden.com\/wp-content\/uploads\/2022\/10\/Ilustracion-web-2-300x169.jpg 300w, https:\/\/wavegarden.com\/wp-content\/uploads\/2022\/10\/Ilustracion-web-2-1024x577.jpg 1024w, https:\/\/wavegarden.com\/wp-content\/uploads\/2022\/10\/Ilustracion-web-2-768x433.jpg 768w, https:\/\/wavegarden.com\/wp-content\/uploads\/2022\/10\/Ilustracion-web-2-1536x865.jpg 1536w, https:\/\/wavegarden.com\/wp-content\/uploads\/2022\/10\/Ilustracion-web-2-2048x1154.jpg 2048w, https:\/\/wavegarden.com\/wp-content\/uploads\/2022\/10\/Ilustracion-web-2-800x451.jpg 800w\" sizes=\"(max-width: 2560px) 100vw, 2560px\" \/><\/figure>\n\n<h3 class=\"wp-block-heading has-text-align-left\"><strong>Menos huella, m\u00e1s surf<\/strong><\/h3>\n\n<p><strong>\u00a1Vive un viaje de surf alternativo sin salir de tu pa\u00eds con Wavegarden!<\/strong><\/p>\n\n<p>Un Wavegarden es una muy buena alternativa a viajar al extranjero en busca de grandes olas. Las instalaciones Wavegarden ofrecen una soluci\u00f3n sostenible y c\u00f3moda, ya que reducen la necesidad de viajar en avi\u00f3n para disfrutar de un viaje de surf. Este hecho contribuye directamente a una reducci\u00f3n significativa de la huella de carbono generada por los viajes de surf, especialmente los a\u00e9reos.<\/p>\n\n<p>El compromiso de Wavegarden con la sostenibilidad se extiende a la minimizaci\u00f3n del consumo de energ\u00eda, lo que se traduce en una reducci\u00f3n de las emisiones de CO2 durante las sesiones de surf.<\/p>\n\n<p>Por ejemplo, una Wavegarden Cove en Suiza consumir\u00eda menos de 450 kWh en una sesi\u00f3n de una hora con una media de 88 surfistas, lo que se traducir\u00eda en unas emisiones de carbono equivalentes a 50,75 kg de CO2 o 0,63 kg de CO2 por sesi\u00f3n y persona.<\/p>\n\n<div style=\"height:50px\" aria-hidden=\"true\" class=\"wp-block-spacer\"><\/div>\n\n<div class=\"wp-block-columns is-layout-flex wp-container-core-columns-is-layout-9d6595d7 wp-block-columns-is-layout-flex\">\n<div class=\"wp-block-column is-layout-flow wp-block-column-is-layout-flow\" style=\"flex-basis:25%\"><\/div>\n\n\n\n<div class=\"wp-block-column is-layout-flow wp-block-column-is-layout-flow\" style=\"flex-basis:50%\">\n<figure class=\"wp-block-image size-full\"><img decoding=\"async\" width=\"54\" height=\"54\" src=\"https:\/\/wavegarden.com\/wp-content\/uploads\/2022\/06\/iconos-ventajas_Mesa-de-trabajo-1.png\" alt=\"\" class=\"wp-image-8836\"\/><\/figure>\n\n\n\n<div style=\"height:20px\" aria-hidden=\"true\" class=\"wp-block-spacer\"><\/div>\n\n\n\n<p>Un viaje de ida y vuelta en avi\u00f3n de Suiza a Bali emite aproximadamente 800.000 kg de CO2 (para 246 pasajeros). Esto equivale a un Wavegarden en funcionamiento durante 1.970 d\u00edas (8 horas al d\u00eda).<\/p>\n<\/div>\n\n\n\n<div class=\"wp-block-column is-layout-flow wp-block-column-is-layout-flow\" style=\"flex-basis:50%\">\n<figure class=\"wp-block-image size-full\"><img decoding=\"async\" width=\"54\" height=\"54\" src=\"https:\/\/wavegarden.com\/wp-content\/uploads\/2022\/06\/iconos-ventajas_Mesa-de-trabajo-1.png\" alt=\"\" class=\"wp-image-8836\"\/><\/figure>\n\n\n\n<div style=\"height:20px\" aria-hidden=\"true\" class=\"wp-block-spacer\"><\/div>\n\n\n\n<p>Cada pasajero que viaja en avi\u00f3n de Suiza a Bali emite 3.252 kg de CO2eq (ida y vuelta), lo que equivale a disfrutar de 5.638 sesiones en Wavegarden por persona.<\/p>\n<\/div>\n\n\n\n<div class=\"wp-block-column is-layout-flow wp-block-column-is-layout-flow\" style=\"flex-basis:25%\"><\/div>\n<\/div>\n\n<div style=\"height:50px\" aria-hidden=\"true\" class=\"wp-block-spacer\"><\/div>\n","protected":false},"excerpt":{"rendered":"<p>Huella de carbono En Wavegarden buscamos compensar la huella de carbono de la fabricaci\u00f3n de la maquinaria y tenemos el compromiso de ser carbono neutrales en los pr\u00f3ximos a\u00f1os. Comparativa de consumo de C02 de un Wavegarden Cove frente al de un viaje a la playa en coche Nos hemos preguntado a qu\u00e9 distancia de [&hellip;]<\/p>\n","protected":false},"author":4,"featured_media":9950,"parent":0,"menu_order":0,"comment_status":"closed","ping_status":"closed","template":"","meta":{"_acf_changed":false,"footnotes":""},"class_list":["post-12123","page","type-page","status-publish","has-post-thumbnail","hentry"],"acf":[],"yoast_head":"<!-- This site is optimized with the Yoast SEO plugin v27.2 - https:\/\/yoast.com\/product\/yoast-seo-wordpress\/ -->\n<title>| Hacia un surf park carbono neutral<\/title>\n<meta name=\"description\" content=\"En Wavegarden trabajamos para llegar a ser carbono neutrales. Consulta los datos clave sobre consumos de surf parks con tecnolog\u00eda Wavegarden.\" \/>\n<meta name=\"robots\" content=\"index, follow, max-snippet:-1, max-image-preview:large, max-video-preview:-1\" \/>\n<link rel=\"canonical\" href=\"https:\/\/wavegarden.com\/es\/huella-de-carbono\/\" \/>\n<meta property=\"og:locale\" content=\"es_ES\" \/>\n<meta property=\"og:type\" content=\"article\" \/>\n<meta property=\"og:title\" content=\"| Hacia un surf park carbono neutral\" \/>\n<meta property=\"og:description\" content=\"En Wavegarden trabajamos para llegar a ser carbono neutrales. Consulta los datos clave sobre consumos de surf parks con tecnolog\u00eda Wavegarden.\" \/>\n<meta property=\"og:url\" content=\"https:\/\/wavegarden.com\/es\/huella-de-carbono\/\" \/>\n<meta property=\"og:site_name\" content=\"Wavegarden\" \/>\n<meta property=\"article:publisher\" content=\"http:\/\/www.facebook.com\/Wavegarden\" \/>\n<meta property=\"article:modified_time\" content=\"2025-10-10T10:45:12+00:00\" \/>\n<meta property=\"og:image\" content=\"https:\/\/wavegarden.com\/wp-content\/uploads\/2022\/04\/170A6385-opt.jpg\" \/>\n\t<meta property=\"og:image:width\" content=\"2000\" \/>\n\t<meta property=\"og:image:height\" content=\"1335\" \/>\n\t<meta property=\"og:image:type\" content=\"image\/jpeg\" \/>\n<meta name=\"twitter:card\" content=\"summary_large_image\" \/>\n<meta name=\"twitter:site\" content=\"@wavegarden\" \/>\n<meta name=\"twitter:label1\" content=\"Tiempo de lectura\" \/>\n\t<meta name=\"twitter:data1\" content=\"10 minutos\" \/>\n<script type=\"application\/ld+json\" class=\"yoast-schema-graph\">{\"@context\":\"https:\/\/schema.org\",\"@graph\":[{\"@type\":\"WebPage\",\"@id\":\"https:\/\/wavegarden.com\/es\/huella-de-carbono\/\",\"url\":\"https:\/\/wavegarden.com\/es\/huella-de-carbono\/\",\"name\":\"| Hacia un surf park carbono neutral\",\"isPartOf\":{\"@id\":\"https:\/\/wavegarden.com\/de\/#website\"},\"primaryImageOfPage\":{\"@id\":\"https:\/\/wavegarden.com\/es\/huella-de-carbono\/#primaryimage\"},\"image\":{\"@id\":\"https:\/\/wavegarden.com\/es\/huella-de-carbono\/#primaryimage\"},\"thumbnailUrl\":\"https:\/\/wavegarden.com\/wp-content\/uploads\/2022\/04\/170A6385-opt.jpg\",\"datePublished\":\"2022-08-12T17:01:39+00:00\",\"dateModified\":\"2025-10-10T10:45:12+00:00\",\"description\":\"En Wavegarden trabajamos para llegar a ser carbono neutrales. Consulta los datos clave sobre consumos de surf parks con tecnolog\u00eda Wavegarden.\",\"breadcrumb\":{\"@id\":\"https:\/\/wavegarden.com\/es\/huella-de-carbono\/#breadcrumb\"},\"inLanguage\":\"es\",\"potentialAction\":[{\"@type\":\"ReadAction\",\"target\":[\"https:\/\/wavegarden.com\/es\/huella-de-carbono\/\"]}]},{\"@type\":\"ImageObject\",\"inLanguage\":\"es\",\"@id\":\"https:\/\/wavegarden.com\/es\/huella-de-carbono\/#primaryimage\",\"url\":\"https:\/\/wavegarden.com\/wp-content\/uploads\/2022\/04\/170A6385-opt.jpg\",\"contentUrl\":\"https:\/\/wavegarden.com\/wp-content\/uploads\/2022\/04\/170A6385-opt.jpg\",\"width\":2000,\"height\":1335},{\"@type\":\"BreadcrumbList\",\"@id\":\"https:\/\/wavegarden.com\/es\/huella-de-carbono\/#breadcrumb\",\"itemListElement\":[{\"@type\":\"ListItem\",\"position\":1,\"name\":\"Home\",\"item\":\"https:\/\/wavegarden.com\/es\/\"},{\"@type\":\"ListItem\",\"position\":2,\"name\":\"Huella de carbono\"}]},{\"@type\":\"WebSite\",\"@id\":\"https:\/\/wavegarden.com\/de\/#website\",\"url\":\"https:\/\/wavegarden.com\/de\/\",\"name\":\"Wavegarden\",\"description\":\"\",\"publisher\":{\"@id\":\"https:\/\/wavegarden.com\/de\/#organization\"},\"potentialAction\":[{\"@type\":\"SearchAction\",\"target\":{\"@type\":\"EntryPoint\",\"urlTemplate\":\"https:\/\/wavegarden.com\/de\/?s={search_term_string}\"},\"query-input\":{\"@type\":\"PropertyValueSpecification\",\"valueRequired\":true,\"valueName\":\"search_term_string\"}}],\"inLanguage\":\"es\"},{\"@type\":\"Organization\",\"@id\":\"https:\/\/wavegarden.com\/de\/#organization\",\"name\":\"Wavegarden\",\"alternateName\":\"Wavegarden\",\"url\":\"https:\/\/wavegarden.com\/de\/\",\"logo\":{\"@type\":\"ImageObject\",\"inLanguage\":\"es\",\"@id\":\"https:\/\/wavegarden.com\/de\/#\/schema\/logo\/image\/\",\"url\":\"https:\/\/wavegarden.com\/wp-content\/uploads\/2024\/06\/logo-wavegarden.png\",\"contentUrl\":\"https:\/\/wavegarden.com\/wp-content\/uploads\/2024\/06\/logo-wavegarden.png\",\"width\":692,\"height\":292,\"caption\":\"Wavegarden\"},\"image\":{\"@id\":\"https:\/\/wavegarden.com\/de\/#\/schema\/logo\/image\/\"},\"sameAs\":[\"http:\/\/www.facebook.com\/Wavegarden\",\"https:\/\/x.com\/wavegarden\",\"https:\/\/www.instagram.com\/wavegarden_official\/\",\"https:\/\/www.linkedin.com\/company\/wavegarden\/\",\"https:\/\/www.youtube.com\/@WavegardenOfficial\"]}]}<\/script>\n<!-- \/ Yoast SEO plugin. -->","yoast_head_json":{"title":"| Hacia un surf park carbono neutral","description":"En Wavegarden trabajamos para llegar a ser carbono neutrales. Consulta los datos clave sobre consumos de surf parks con tecnolog\u00eda Wavegarden.","robots":{"index":"index","follow":"follow","max-snippet":"max-snippet:-1","max-image-preview":"max-image-preview:large","max-video-preview":"max-video-preview:-1"},"canonical":"https:\/\/wavegarden.com\/es\/huella-de-carbono\/","og_locale":"es_ES","og_type":"article","og_title":"| Hacia un surf park carbono neutral","og_description":"En Wavegarden trabajamos para llegar a ser carbono neutrales. Consulta los datos clave sobre consumos de surf parks con tecnolog\u00eda Wavegarden.","og_url":"https:\/\/wavegarden.com\/es\/huella-de-carbono\/","og_site_name":"Wavegarden","article_publisher":"http:\/\/www.facebook.com\/Wavegarden","article_modified_time":"2025-10-10T10:45:12+00:00","og_image":[{"width":2000,"height":1335,"url":"https:\/\/wavegarden.com\/wp-content\/uploads\/2022\/04\/170A6385-opt.jpg","type":"image\/jpeg"}],"twitter_card":"summary_large_image","twitter_site":"@wavegarden","twitter_misc":{"Tiempo de lectura":"10 minutos"},"schema":{"@context":"https:\/\/schema.org","@graph":[{"@type":"WebPage","@id":"https:\/\/wavegarden.com\/es\/huella-de-carbono\/","url":"https:\/\/wavegarden.com\/es\/huella-de-carbono\/","name":"| Hacia un surf park carbono neutral","isPartOf":{"@id":"https:\/\/wavegarden.com\/de\/#website"},"primaryImageOfPage":{"@id":"https:\/\/wavegarden.com\/es\/huella-de-carbono\/#primaryimage"},"image":{"@id":"https:\/\/wavegarden.com\/es\/huella-de-carbono\/#primaryimage"},"thumbnailUrl":"https:\/\/wavegarden.com\/wp-content\/uploads\/2022\/04\/170A6385-opt.jpg","datePublished":"2022-08-12T17:01:39+00:00","dateModified":"2025-10-10T10:45:12+00:00","description":"En Wavegarden trabajamos para llegar a ser carbono neutrales. Consulta los datos clave sobre consumos de surf parks con tecnolog\u00eda Wavegarden.","breadcrumb":{"@id":"https:\/\/wavegarden.com\/es\/huella-de-carbono\/#breadcrumb"},"inLanguage":"es","potentialAction":[{"@type":"ReadAction","target":["https:\/\/wavegarden.com\/es\/huella-de-carbono\/"]}]},{"@type":"ImageObject","inLanguage":"es","@id":"https:\/\/wavegarden.com\/es\/huella-de-carbono\/#primaryimage","url":"https:\/\/wavegarden.com\/wp-content\/uploads\/2022\/04\/170A6385-opt.jpg","contentUrl":"https:\/\/wavegarden.com\/wp-content\/uploads\/2022\/04\/170A6385-opt.jpg","width":2000,"height":1335},{"@type":"BreadcrumbList","@id":"https:\/\/wavegarden.com\/es\/huella-de-carbono\/#breadcrumb","itemListElement":[{"@type":"ListItem","position":1,"name":"Home","item":"https:\/\/wavegarden.com\/es\/"},{"@type":"ListItem","position":2,"name":"Huella de carbono"}]},{"@type":"WebSite","@id":"https:\/\/wavegarden.com\/de\/#website","url":"https:\/\/wavegarden.com\/de\/","name":"Wavegarden","description":"","publisher":{"@id":"https:\/\/wavegarden.com\/de\/#organization"},"potentialAction":[{"@type":"SearchAction","target":{"@type":"EntryPoint","urlTemplate":"https:\/\/wavegarden.com\/de\/?s={search_term_string}"},"query-input":{"@type":"PropertyValueSpecification","valueRequired":true,"valueName":"search_term_string"}}],"inLanguage":"es"},{"@type":"Organization","@id":"https:\/\/wavegarden.com\/de\/#organization","name":"Wavegarden","alternateName":"Wavegarden","url":"https:\/\/wavegarden.com\/de\/","logo":{"@type":"ImageObject","inLanguage":"es","@id":"https:\/\/wavegarden.com\/de\/#\/schema\/logo\/image\/","url":"https:\/\/wavegarden.com\/wp-content\/uploads\/2024\/06\/logo-wavegarden.png","contentUrl":"https:\/\/wavegarden.com\/wp-content\/uploads\/2024\/06\/logo-wavegarden.png","width":692,"height":292,"caption":"Wavegarden"},"image":{"@id":"https:\/\/wavegarden.com\/de\/#\/schema\/logo\/image\/"},"sameAs":["http:\/\/www.facebook.com\/Wavegarden","https:\/\/x.com\/wavegarden","https:\/\/www.instagram.com\/wavegarden_official\/","https:\/\/www.linkedin.com\/company\/wavegarden\/","https:\/\/www.youtube.com\/@WavegardenOfficial"]}]}},"_links":{"self":[{"href":"https:\/\/wavegarden.com\/es\/wp-json\/wp\/v2\/pages\/12123","targetHints":{"allow":["GET"]}}],"collection":[{"href":"https:\/\/wavegarden.com\/es\/wp-json\/wp\/v2\/pages"}],"about":[{"href":"https:\/\/wavegarden.com\/es\/wp-json\/wp\/v2\/types\/page"}],"author":[{"embeddable":true,"href":"https:\/\/wavegarden.com\/es\/wp-json\/wp\/v2\/users\/4"}],"replies":[{"embeddable":true,"href":"https:\/\/wavegarden.com\/es\/wp-json\/wp\/v2\/comments?post=12123"}],"version-history":[{"count":22,"href":"https:\/\/wavegarden.com\/es\/wp-json\/wp\/v2\/pages\/12123\/revisions"}],"predecessor-version":[{"id":44517,"href":"https:\/\/wavegarden.com\/es\/wp-json\/wp\/v2\/pages\/12123\/revisions\/44517"}],"wp:featuredmedia":[{"embeddable":true,"href":"https:\/\/wavegarden.com\/es\/wp-json\/wp\/v2\/media\/9950"}],"wp:attachment":[{"href":"https:\/\/wavegarden.com\/es\/wp-json\/wp\/v2\/media?parent=12123"}],"curies":[{"name":"wp","href":"https:\/\/api.w.org\/{rel}","templated":true}]}}