{"id":7975,"date":"2022-05-24T11:51:06","date_gmt":"2022-05-24T09:51:06","guid":{"rendered":"https:\/\/wavegarden.com\/56-module\/"},"modified":"2025-10-15T13:52:35","modified_gmt":"2025-10-15T11:52:35","slug":"56-module","status":"publish","type":"page","link":"https:\/\/wavegarden.com\/de\/wave-menu\/56-module\/","title":{"rendered":"56 Module"},"content":{"rendered":"\n<h2 class=\"wp-block-heading has-text-align-center\">Longest waves, greatest variety<\/h2>\n\n<p class=\"has-text-align-center\">Der Wavegarden Cove in S\u00fcdkorea verf\u00fcgt \u00fcber einen Wellengenerator mit 56 Modulen. Die Qualit\u00e4t und Vielfalt der angebotenen Wellen genie\u00dfen weltweit einen hohen Ruf.<\/p>\n\n<p class=\"has-text-align-center\"><strong>W\u00e4hlen Sie eine Wellenkategorie aus und\u00a0<\/strong><strong><span lang=\"DE\">\u00fc<\/span><\/strong><strong>berpr\u00fcfen Sie die Videos und Spezifikationen.<\/strong><\/p>\n\n<p class=\"has-text-align-center\">Mehr als 20 verschiedene Wellen, ideal f\u00fcr alle: Anf\u00e4nger, Fortgeschrittene und Profis<\/p>\n<section class=\"wave-type\">\n    <ul>\n        <li><p><a href=\"https:\/\/wavegarden.com\/de\/wave-menu\/56-the-bays\/\">                                        <video poster=\"https:\/\/wavegarden.com\/wp-content\/uploads\/2021\/12\/iconos-olas-7_1-the-bays-copia-2.png\" src=\"https:\/\/wavegarden.com\/wp-content\/uploads\/2022\/06\/thebays-04.mp4\" onmouseenter=\"this.play();this.loop=1;\" onmouseleave=\"this.loop=0;\" onended=\"this.load();\" muted=\"muted\" playsinline><span class=\"video-border\"><\/span><\/video>\n                                    <span>The Bays<\/span><\/a><\/p><\/li><li><p><a href=\"https:\/\/wavegarden.com\/de\/wave-menu\/56-waikiki-1\/\">                                        <video poster=\"https:\/\/wavegarden.com\/wp-content\/uploads\/2021\/12\/iconos-olas-7_2-Waikiki-copia-1.png\" src=\"https:\/\/wavegarden.com\/wp-content\/uploads\/2022\/05\/waikiki-03.mp4\" onmouseenter=\"this.play();this.loop=1;\" onmouseleave=\"this.loop=0;\" onended=\"this.load();\" muted=\"muted\" playsinline><span class=\"video-border\"><\/span><\/video>\n                                    <span>Waikikis<\/span><\/a><\/p><\/li><li><p><a href=\"https:\/\/wavegarden.com\/de\/wave-menu\/56-malibu-1\/\">                                        <video poster=\"https:\/\/wavegarden.com\/wp-content\/uploads\/2021\/12\/iconos-olas-7_3-Malibu-copia.png\" src=\"https:\/\/wavegarden.com\/wp-content\/uploads\/2022\/06\/malibu-04.mp4\" onmouseenter=\"this.play();this.loop=1;\" onmouseleave=\"this.loop=0;\" onended=\"this.load();\" muted=\"muted\" playsinline><span class=\"video-border\"><\/span><\/video>\n                                    <span>Malibus<\/span><\/a><\/p><\/li><li><p><a href=\"https:\/\/wavegarden.com\/de\/wave-menu\/56-turns-1\/\">                                        <video poster=\"https:\/\/wavegarden.com\/wp-content\/uploads\/2021\/12\/iconos-olas-7_4-turns-copia.png\" src=\"https:\/\/wavegarden.com\/wp-content\/uploads\/2022\/05\/turns-03.mp4\" onmouseenter=\"this.play();this.loop=1;\" onmouseleave=\"this.loop=0;\" onended=\"this.load();\" muted=\"muted\" playsinline><span class=\"video-border\"><\/span><\/video>\n                                    <span>Turns<\/span><\/a><\/p><\/li><li><p><a href=\"https:\/\/wavegarden.com\/de\/wave-menu\/56-barrel-1\/\">                                        <video poster=\"https:\/\/wavegarden.com\/wp-content\/uploads\/2021\/12\/iconos-olas-7_5-Barrel-copia.png\" src=\"https:\/\/wavegarden.com\/wp-content\/uploads\/2022\/05\/barrel-03.mp4\" onmouseenter=\"this.play();this.loop=1;\" onmouseleave=\"this.loop=0;\" onended=\"this.load();\" muted=\"muted\" playsinline><span class=\"video-border\"><\/span><\/video>\n                                    <span>Barrels<\/span><\/a><\/p><\/li><li><p><a href=\"https:\/\/wavegarden.com\/de\/wave-menu\/56-beginner-air\/\">                                        <video poster=\"https:\/\/wavegarden.com\/wp-content\/uploads\/2021\/12\/iconos-olas-7_6-AirWave-copia-2.png\" src=\"https:\/\/wavegarden.com\/wp-content\/uploads\/2022\/05\/air-wave-03.mp4\" onmouseenter=\"this.play();this.loop=1;\" onmouseleave=\"this.loop=0;\" onended=\"this.load();\" muted=\"muted\" playsinline><span class=\"video-border\"><\/span><\/video>\n                                    <span>Air Waves<\/span><\/a><\/p><\/li>    <\/ul>\n<\/section>\n<h2 class=\"wp-block-heading has-text-align-center\">VORTEILE<\/h2>\n\n<div class=\"wp-block-columns are-vertically-aligned-top is-layout-flex wp-container-core-columns-is-layout-9d6595d7 wp-block-columns-is-layout-flex\">\n<div class=\"wp-block-column is-vertically-aligned-top is-layout-flow wp-block-column-is-layout-flow\"><div class=\"wp-block-image\">\n<figure class=\"aligncenter size-full\"><img decoding=\"async\" width=\"54\" height=\"54\" src=\"https:\/\/wavegarden.com\/wp-content\/uploads\/2022\/06\/iconos-ventajas_Mesa-de-trabajo-1.png\" alt=\"\" class=\"wp-image-8836\"\/><\/figure>\n<\/div>\n\n\n<div style=\"height:20px\" aria-hidden=\"true\" class=\"wp-block-spacer\"><\/div>\n\n\n\n<p class=\"has-text-align-center\">L\u00e4ngste Wellen und ein erstklassiges Surferlebnis.<\/p>\n<\/div>\n\n\n\n<div class=\"wp-block-column is-vertically-aligned-top is-layout-flow wp-block-column-is-layout-flow\"><div class=\"wp-block-image\">\n<figure class=\"aligncenter size-full\"><img decoding=\"async\" width=\"54\" height=\"54\" src=\"https:\/\/wavegarden.com\/wp-content\/uploads\/2022\/06\/iconos-ventajas_Mesa-de-trabajo-1.png\" alt=\"\" class=\"wp-image-8836\"\/><\/figure>\n<\/div>\n\n\n<div style=\"height:20px\" aria-hidden=\"true\" class=\"wp-block-spacer\"><\/div>\n\n\n\n<p class=\"has-text-align-center\">Vollst\u00e4ndiges Wellenmen\u00fc mit allen verf\u00fcgbaren Wellenarten.<\/p>\n<\/div>\n\n\n\n<div class=\"wp-block-column is-vertically-aligned-top is-layout-flow wp-block-column-is-layout-flow\"><div class=\"wp-block-image\">\n<figure class=\"aligncenter size-full\"><img decoding=\"async\" width=\"54\" height=\"54\" src=\"https:\/\/wavegarden.com\/wp-content\/uploads\/2022\/06\/iconos-ventajas_Mesa-de-trabajo-1.png\" alt=\"\" class=\"wp-image-8836\"\/><\/figure>\n<\/div>\n\n\n<div style=\"height:20px\" aria-hidden=\"true\" class=\"wp-block-spacer\"><\/div>\n\n\n\n<p class=\"has-text-align-center\">Hervorragend geeignet f\u00fcr professionelle Surfwettbewerbe und Veranstaltungen.<\/p>\n<\/div>\n<\/div>\n","protected":false},"excerpt":{"rendered":"<p>Longest waves, greatest variety Der Wavegarden Cove in S\u00fcdkorea verf\u00fcgt \u00fcber einen Wellengenerator mit 56 Modulen. Die Qualit\u00e4t und Vielfalt der angebotenen Wellen genie\u00dfen weltweit einen hohen Ruf. W\u00e4hlen Sie eine Wellenkategorie aus und\u00a0\u00fcberpr\u00fcfen Sie die Videos und Spezifikationen. Mehr als 20 verschiedene Wellen, ideal f\u00fcr alle: Anf\u00e4nger, Fortgeschrittene und Profis VORTEILE L\u00e4ngste Wellen und [&hellip;]<\/p>\n","protected":false},"author":4,"featured_media":14928,"parent":7875,"menu_order":0,"comment_status":"closed","ping_status":"closed","template":"pages\/modules.php","meta":{"_acf_changed":false,"footnotes":""},"class_list":["post-7975","page","type-page","status-publish","has-post-thumbnail","hentry"],"acf":[],"yoast_head":"<!-- This site is optimized with the Yoast SEO plugin v27.2 - https:\/\/yoast.com\/product\/yoast-seo-wordpress\/ -->\n<title>| 56 Modul-Wellenmaschine<\/title>\n<meta name=\"description\" content=\"Der 56-Modul-Wavegarden Cove erzeugt die l\u00e4ngsten und hochwertigsten Wellen. Entdecken Sie, wie der Wave Park in S\u00fcdkorea das beste Surferlebnis f\u00fcr alle Niveaus bietet.\" \/>\n<meta name=\"robots\" content=\"index, follow, max-snippet:-1, max-image-preview:large, max-video-preview:-1\" \/>\n<link rel=\"canonical\" href=\"https:\/\/wavegarden.com\/de\/wave-menu\/56-module\/\" \/>\n<meta property=\"og:locale\" content=\"de_DE\" \/>\n<meta property=\"og:type\" content=\"article\" \/>\n<meta property=\"og:title\" content=\"| 56 Modul-Wellenmaschine\" \/>\n<meta property=\"og:description\" content=\"Der 56-Modul-Wavegarden Cove erzeugt die l\u00e4ngsten und hochwertigsten Wellen. Entdecken Sie, wie der Wave Park in S\u00fcdkorea das beste Surferlebnis f\u00fcr alle Niveaus bietet.\" \/>\n<meta property=\"og:url\" content=\"https:\/\/wavegarden.com\/de\/wave-menu\/56-module\/\" \/>\n<meta property=\"og:site_name\" content=\"Wavegarden\" \/>\n<meta property=\"article:publisher\" content=\"http:\/\/www.facebook.com\/Wavegarden\" \/>\n<meta property=\"article:modified_time\" content=\"2025-10-15T11:52:35+00:00\" \/>\n<meta property=\"og:image\" content=\"https:\/\/wavegarden.com\/wp-content\/uploads\/2022\/10\/surf2-scaled.jpg\" \/>\n\t<meta property=\"og:image:width\" content=\"2560\" \/>\n\t<meta property=\"og:image:height\" content=\"1440\" \/>\n\t<meta property=\"og:image:type\" content=\"image\/jpeg\" \/>\n<meta name=\"twitter:card\" content=\"summary_large_image\" \/>\n<meta name=\"twitter:site\" content=\"@wavegarden\" \/>\n<script type=\"application\/ld+json\" class=\"yoast-schema-graph\">{\"@context\":\"https:\/\/schema.org\",\"@graph\":[{\"@type\":\"WebPage\",\"@id\":\"https:\/\/wavegarden.com\/de\/wave-menu\/56-module\/\",\"url\":\"https:\/\/wavegarden.com\/de\/wave-menu\/56-module\/\",\"name\":\"| 56 Modul-Wellenmaschine\",\"isPartOf\":{\"@id\":\"https:\/\/wavegarden.com\/de\/#website\"},\"primaryImageOfPage\":{\"@id\":\"https:\/\/wavegarden.com\/de\/wave-menu\/56-module\/#primaryimage\"},\"image\":{\"@id\":\"https:\/\/wavegarden.com\/de\/wave-menu\/56-module\/#primaryimage\"},\"thumbnailUrl\":\"https:\/\/wavegarden.com\/wp-content\/uploads\/2022\/10\/surf2-scaled.jpg\",\"datePublished\":\"2022-05-24T09:51:06+00:00\",\"dateModified\":\"2025-10-15T11:52:35+00:00\",\"description\":\"Der 56-Modul-Wavegarden Cove erzeugt die l\u00e4ngsten und hochwertigsten Wellen. Entdecken Sie, wie der Wave Park in S\u00fcdkorea das beste Surferlebnis f\u00fcr alle Niveaus bietet.\",\"breadcrumb\":{\"@id\":\"https:\/\/wavegarden.com\/de\/wave-menu\/56-module\/#breadcrumb\"},\"inLanguage\":\"de\",\"potentialAction\":[{\"@type\":\"ReadAction\",\"target\":[\"https:\/\/wavegarden.com\/de\/wave-menu\/56-module\/\"]}]},{\"@type\":\"ImageObject\",\"inLanguage\":\"de\",\"@id\":\"https:\/\/wavegarden.com\/de\/wave-menu\/56-module\/#primaryimage\",\"url\":\"https:\/\/wavegarden.com\/wp-content\/uploads\/2022\/10\/surf2-scaled.jpg\",\"contentUrl\":\"https:\/\/wavegarden.com\/wp-content\/uploads\/2022\/10\/surf2-scaled.jpg\",\"width\":2560,\"height\":1440},{\"@type\":\"BreadcrumbList\",\"@id\":\"https:\/\/wavegarden.com\/de\/wave-menu\/56-module\/#breadcrumb\",\"itemListElement\":[{\"@type\":\"ListItem\",\"position\":1,\"name\":\"Home\",\"item\":\"https:\/\/wavegarden.com\/de\/\"},{\"@type\":\"ListItem\",\"position\":2,\"name\":\"Wave menu\",\"item\":\"https:\/\/wavegarden.com\/de\/wave-menu\/\"},{\"@type\":\"ListItem\",\"position\":3,\"name\":\"56 Module\"}]},{\"@type\":\"WebSite\",\"@id\":\"https:\/\/wavegarden.com\/de\/#website\",\"url\":\"https:\/\/wavegarden.com\/de\/\",\"name\":\"Wavegarden\",\"description\":\"\",\"publisher\":{\"@id\":\"https:\/\/wavegarden.com\/de\/#organization\"},\"potentialAction\":[{\"@type\":\"SearchAction\",\"target\":{\"@type\":\"EntryPoint\",\"urlTemplate\":\"https:\/\/wavegarden.com\/de\/?s={search_term_string}\"},\"query-input\":{\"@type\":\"PropertyValueSpecification\",\"valueRequired\":true,\"valueName\":\"search_term_string\"}}],\"inLanguage\":\"de\"},{\"@type\":\"Organization\",\"@id\":\"https:\/\/wavegarden.com\/de\/#organization\",\"name\":\"Wavegarden\",\"alternateName\":\"Wavegarden\",\"url\":\"https:\/\/wavegarden.com\/de\/\",\"logo\":{\"@type\":\"ImageObject\",\"inLanguage\":\"de\",\"@id\":\"https:\/\/wavegarden.com\/de\/#\/schema\/logo\/image\/\",\"url\":\"https:\/\/wavegarden.com\/wp-content\/uploads\/2024\/06\/logo-wavegarden.png\",\"contentUrl\":\"https:\/\/wavegarden.com\/wp-content\/uploads\/2024\/06\/logo-wavegarden.png\",\"width\":692,\"height\":292,\"caption\":\"Wavegarden\"},\"image\":{\"@id\":\"https:\/\/wavegarden.com\/de\/#\/schema\/logo\/image\/\"},\"sameAs\":[\"http:\/\/www.facebook.com\/Wavegarden\",\"https:\/\/x.com\/wavegarden\",\"https:\/\/www.instagram.com\/wavegarden_official\/\",\"https:\/\/www.linkedin.com\/company\/wavegarden\/\",\"https:\/\/www.youtube.com\/@WavegardenOfficial\"]}]}<\/script>\n<!-- \/ Yoast SEO plugin. -->","yoast_head_json":{"title":"| 56 Modul-Wellenmaschine","description":"Der 56-Modul-Wavegarden Cove erzeugt die l\u00e4ngsten und hochwertigsten Wellen. Entdecken Sie, wie der Wave Park in S\u00fcdkorea das beste Surferlebnis f\u00fcr alle Niveaus bietet.","robots":{"index":"index","follow":"follow","max-snippet":"max-snippet:-1","max-image-preview":"max-image-preview:large","max-video-preview":"max-video-preview:-1"},"canonical":"https:\/\/wavegarden.com\/de\/wave-menu\/56-module\/","og_locale":"de_DE","og_type":"article","og_title":"| 56 Modul-Wellenmaschine","og_description":"Der 56-Modul-Wavegarden Cove erzeugt die l\u00e4ngsten und hochwertigsten Wellen. Entdecken Sie, wie der Wave Park in S\u00fcdkorea das beste Surferlebnis f\u00fcr alle Niveaus bietet.","og_url":"https:\/\/wavegarden.com\/de\/wave-menu\/56-module\/","og_site_name":"Wavegarden","article_publisher":"http:\/\/www.facebook.com\/Wavegarden","article_modified_time":"2025-10-15T11:52:35+00:00","og_image":[{"width":2560,"height":1440,"url":"https:\/\/wavegarden.com\/wp-content\/uploads\/2022\/10\/surf2-scaled.jpg","type":"image\/jpeg"}],"twitter_card":"summary_large_image","twitter_site":"@wavegarden","schema":{"@context":"https:\/\/schema.org","@graph":[{"@type":"WebPage","@id":"https:\/\/wavegarden.com\/de\/wave-menu\/56-module\/","url":"https:\/\/wavegarden.com\/de\/wave-menu\/56-module\/","name":"| 56 Modul-Wellenmaschine","isPartOf":{"@id":"https:\/\/wavegarden.com\/de\/#website"},"primaryImageOfPage":{"@id":"https:\/\/wavegarden.com\/de\/wave-menu\/56-module\/#primaryimage"},"image":{"@id":"https:\/\/wavegarden.com\/de\/wave-menu\/56-module\/#primaryimage"},"thumbnailUrl":"https:\/\/wavegarden.com\/wp-content\/uploads\/2022\/10\/surf2-scaled.jpg","datePublished":"2022-05-24T09:51:06+00:00","dateModified":"2025-10-15T11:52:35+00:00","description":"Der 56-Modul-Wavegarden Cove erzeugt die l\u00e4ngsten und hochwertigsten Wellen. Entdecken Sie, wie der Wave Park in S\u00fcdkorea das beste Surferlebnis f\u00fcr alle Niveaus bietet.","breadcrumb":{"@id":"https:\/\/wavegarden.com\/de\/wave-menu\/56-module\/#breadcrumb"},"inLanguage":"de","potentialAction":[{"@type":"ReadAction","target":["https:\/\/wavegarden.com\/de\/wave-menu\/56-module\/"]}]},{"@type":"ImageObject","inLanguage":"de","@id":"https:\/\/wavegarden.com\/de\/wave-menu\/56-module\/#primaryimage","url":"https:\/\/wavegarden.com\/wp-content\/uploads\/2022\/10\/surf2-scaled.jpg","contentUrl":"https:\/\/wavegarden.com\/wp-content\/uploads\/2022\/10\/surf2-scaled.jpg","width":2560,"height":1440},{"@type":"BreadcrumbList","@id":"https:\/\/wavegarden.com\/de\/wave-menu\/56-module\/#breadcrumb","itemListElement":[{"@type":"ListItem","position":1,"name":"Home","item":"https:\/\/wavegarden.com\/de\/"},{"@type":"ListItem","position":2,"name":"Wave menu","item":"https:\/\/wavegarden.com\/de\/wave-menu\/"},{"@type":"ListItem","position":3,"name":"56 Module"}]},{"@type":"WebSite","@id":"https:\/\/wavegarden.com\/de\/#website","url":"https:\/\/wavegarden.com\/de\/","name":"Wavegarden","description":"","publisher":{"@id":"https:\/\/wavegarden.com\/de\/#organization"},"potentialAction":[{"@type":"SearchAction","target":{"@type":"EntryPoint","urlTemplate":"https:\/\/wavegarden.com\/de\/?s={search_term_string}"},"query-input":{"@type":"PropertyValueSpecification","valueRequired":true,"valueName":"search_term_string"}}],"inLanguage":"de"},{"@type":"Organization","@id":"https:\/\/wavegarden.com\/de\/#organization","name":"Wavegarden","alternateName":"Wavegarden","url":"https:\/\/wavegarden.com\/de\/","logo":{"@type":"ImageObject","inLanguage":"de","@id":"https:\/\/wavegarden.com\/de\/#\/schema\/logo\/image\/","url":"https:\/\/wavegarden.com\/wp-content\/uploads\/2024\/06\/logo-wavegarden.png","contentUrl":"https:\/\/wavegarden.com\/wp-content\/uploads\/2024\/06\/logo-wavegarden.png","width":692,"height":292,"caption":"Wavegarden"},"image":{"@id":"https:\/\/wavegarden.com\/de\/#\/schema\/logo\/image\/"},"sameAs":["http:\/\/www.facebook.com\/Wavegarden","https:\/\/x.com\/wavegarden","https:\/\/www.instagram.com\/wavegarden_official\/","https:\/\/www.linkedin.com\/company\/wavegarden\/","https:\/\/www.youtube.com\/@WavegardenOfficial"]}]}},"_links":{"self":[{"href":"https:\/\/wavegarden.com\/de\/wp-json\/wp\/v2\/pages\/7975","targetHints":{"allow":["GET"]}}],"collection":[{"href":"https:\/\/wavegarden.com\/de\/wp-json\/wp\/v2\/pages"}],"about":[{"href":"https:\/\/wavegarden.com\/de\/wp-json\/wp\/v2\/types\/page"}],"author":[{"embeddable":true,"href":"https:\/\/wavegarden.com\/de\/wp-json\/wp\/v2\/users\/4"}],"replies":[{"embeddable":true,"href":"https:\/\/wavegarden.com\/de\/wp-json\/wp\/v2\/comments?post=7975"}],"version-history":[{"count":34,"href":"https:\/\/wavegarden.com\/de\/wp-json\/wp\/v2\/pages\/7975\/revisions"}],"predecessor-version":[{"id":44658,"href":"https:\/\/wavegarden.com\/de\/wp-json\/wp\/v2\/pages\/7975\/revisions\/44658"}],"up":[{"embeddable":true,"href":"https:\/\/wavegarden.com\/de\/wp-json\/wp\/v2\/pages\/7875"}],"wp:featuredmedia":[{"embeddable":true,"href":"https:\/\/wavegarden.com\/de\/wp-json\/wp\/v2\/media\/14928"}],"wp:attachment":[{"href":"https:\/\/wavegarden.com\/de\/wp-json\/wp\/v2\/media?parent=7975"}],"curies":[{"name":"wp","href":"https:\/\/api.w.org\/{rel}","templated":true}]}}