{"id":18052,"date":"2023-06-02T11:16:14","date_gmt":"2023-06-02T09:16:14","guid":{"rendered":"https:\/\/wavegarden.com\/?page_id=18052"},"modified":"2024-01-15T12:55:34","modified_gmt":"2024-01-15T11:55:34","slug":"liner","status":"publish","type":"page","link":"https:\/\/wavegarden.com\/de\/wavegarden-cove\/liner\/","title":{"rendered":"Liner"},"content":{"rendered":"\n<h2 class=\"wp-block-heading has-text-align-center\"><strong>Abdichtungsl\u00f6sungen<em> f\u00fcr Surflagunen<\/em><\/strong><\/h2>\n\n<p class=\"has-text-align-center\">Unsere Geomembran-L\u00f6sung wird seit 2011 in der F&amp;E und Demo-Anlage von Wavegarden getestet und hat sich auch in kommerziellen Wavegarden Surfparks wie z.B. <a href=\"https:\/\/wavegarden.com\/de\/facilities\/praia-da-grama\/\">Praia da Grama<\/a> bew\u00e4hrt. Die Wavegarden-Ingenieure haben nach \u00fcber 10 Jahren Entwicklung die robustesten, effizientesten und wirtschaftlichsten L\u00f6sungen f\u00fcr die Abdichtung der Surflagunen gefunden. <\/p>\n\n<p class=\"has-text-align-center\">Wir k\u00f6nnen ma\u00dfgeschneiderte L\u00f6sungen f\u00fcr Projekte anbieten, deren spezifische Problem die die Verwendung einer Geomembran nicht erlauben. Alle alternativen L\u00f6sungen wurden in unserem F&amp;E Zentrum oder an unseren kommerziellen Standorten getestet. &#13;\n&#13;\n<\/p>\n\n<figure class=\"wp-block-embed is-type-video is-provider-youtube wp-block-embed-youtube wp-embed-aspect-16-9 wp-has-aspect-ratio\"><div class=\"wp-block-embed__wrapper\">\r\n<div class=\"videoWrapper\"><iframe title=\"Wavegarden&#039;s Exclusive Liner System\" width=\"500\" height=\"281\" src=\"https:\/\/www.youtube.com\/embed\/h53emcNpKKQ?feature=oembed\" frameborder=\"0\" allow=\"accelerometer; autoplay; clipboard-write; encrypted-media; gyroscope; picture-in-picture; web-share\" referrerpolicy=\"strict-origin-when-cross-origin\" allowfullscreen><\/iframe><\/div>\r\n<\/div><\/figure>\r\n\n<div style=\"height:44px\" aria-hidden=\"true\" class=\"wp-block-spacer\"><\/div>\n\n<blockquote class=\"wp-block-quote has-text-align-center is-layout-flow wp-block-quote-is-layout-flow\">\n<p style=\"font-size:25px\">\u201eDer Bau und die Abdichtung von Surflagunen haben in unserem Sektor schon immer Kopfzerbrechen bereitet. Das ist logisch, denn die Abdichtung einer Lagune mit Wellen stellt eine viel gr\u00f6\u00dfere technische Herausforderung dar als die Abdichtung eines stillen Gew\u00e4ssers. Nach \u00fcber 10 Jahren Erfahrung in Surfparks k\u00f6nnen wir versichern, eine erprobte und effiziente L\u00f6sung gefunden haben. \u201c<\/p>\n<cite><strong>Josema Odriozola, Gr\u00fcnder und CEO von Wavegarden<\/strong><\/cite><\/blockquote>\n\n<div style=\"height:20px\" aria-hidden=\"true\" class=\"wp-block-spacer\"><\/div>\n\n<h2 class=\"wp-block-heading has-text-align-center\">Vorteile <\/h2>\n\n<div style=\"height:20px\" aria-hidden=\"true\" class=\"wp-block-spacer\"><\/div>\n\n<ul class=\"fancy-list aligncenter wp-block-list\">\n<li>Einfache Wartung mit minimalen Betriebskosten.<\/li>\n\n\n\n<li>Die leicht zu reinigende Geomembran ist absolut resistent gegen Algen und andere Arten von Biofilm.<\/li>\n\n\n\n<li>Geringere CO2-Bilanz als Beton bei Herstellung, Lieferung und Einbau.<\/li>\n\n\n\n<li>Es erm\u00f6glicht den Einbau von Polsterschutzvorrichtungen, die den Aufprall von Surfern auf den Untergrund abfangen k\u00f6nnen.<\/li>\n\n\n\n<li>Eine Lebensdauer von \u00fcber 20 Jahren, basierend auf der Auslastung unserer Anlagen und den mechanischen und chemischen Tests im Labor.<\/li>\n\n\n\n<li>Das System wurde von Wavegarden speziell f\u00fcr Surflagunen entwickelt. <\/li>\n\n\n\n<li>Most reliable civil works on the market with lagoon availability of 99.9%.<\/li>\n\n\n\n<li>Unser System hat die beste Anpassungsf\u00e4higkeit an Bodensenkungen. Dies macht es zur besten L\u00f6sung auf dem Markt, um Leckagen auf lange Sicht wirksam zu verhindern.<\/li>\n\n\n\n<li>Im Durchschnitt 40 % kosteng\u00fcnstiger als Rohbeton- oder Stahlb\u00f6den.<\/li>\n\n\n\n<li>Bis zu 60 % k\u00fcrzere Installationszeit als bei einem reinen Betonboden.<\/li>\n\n\n\n<li>Einfach anpassbar an zuk\u00fcnftige \u00c4nderungen der Lagunenkontur und Bathymetrie.<\/li>\n\n\n\n<li>Umfasst ein propriet\u00e4res Lecksuchsystem.<\/li>\n\n\n\n<li>Das speziell eingebettete Profil macht mechanische Befestigungselemente \u00fcberfl\u00fcssig und gew\u00e4hrleistet eine einfache, sichere und dauerhafte Verankerung.<\/li>\n<\/ul>\n  <!-- full img -->\n  <div href=\"\/testimonials\" id=\"section-block_8df6cc61afc45f3d35bd09ea41d1da68\" class=\"full-img--linked alignfull\">\n      <figure class=\"full-img full-img--quote\">\n          \n\n<figure class=\"wp-block-image alignfull size-large\"><img decoding=\"async\" width=\"1024\" height=\"576\" src=\"https:\/\/wavegarden.com\/wp-content\/uploads\/2023\/05\/Praia-da-Grama-views-from-the-beach-copia-edited-1-1024x576.jpg\" alt=\"\" class=\"wp-image-17805\" srcset=\"https:\/\/wavegarden.com\/wp-content\/uploads\/2023\/05\/Praia-da-Grama-views-from-the-beach-copia-edited-1-1024x576.jpg 1024w, https:\/\/wavegarden.com\/wp-content\/uploads\/2023\/05\/Praia-da-Grama-views-from-the-beach-copia-edited-1-300x169.jpg 300w, https:\/\/wavegarden.com\/wp-content\/uploads\/2023\/05\/Praia-da-Grama-views-from-the-beach-copia-edited-1-768x432.jpg 768w, https:\/\/wavegarden.com\/wp-content\/uploads\/2023\/05\/Praia-da-Grama-views-from-the-beach-copia-edited-1-1536x864.jpg 1536w\" sizes=\"(max-width: 1024px) 100vw, 1024px\" \/><\/figure>\n\n\n\n<blockquote class=\"wp-block-quote testimonials__item__quote is-layout-flow wp-block-quote-is-layout-flow\">\n<p>Wir mussten Wavegarden wirklich vertrauen, als es um die Abdichtung der Lagune ging, und es hat sich ausgezahlt, ihre L\u00f6sung ist umfassend, praktisch und \u00e4sthetisch ansprechend.<\/p>\n<cite><strong>Oscar Segall, Gr\u00fcnder von Praia da Grama und CEO von KSM Realty<\/strong>.<\/cite><\/blockquote>\n\n\n      <\/figure>\n  <\/div>\n\n<style>\n  .alignfull .full-img--quote {\n    max-width: 100%;\n  }\n.full-img.full-img--quote {\n  width: 100%;\n}\n.full-img.full-img--quote .wp-block-image {\n  height: 100%;\n}\n.full-img.full-img--quote cite {\n  font-size: .85rem;\n  font-weight: 400;\n  font-style: italic;\n}\n.wp-admin .full-img.full-img--quote cite {\n  color: black;\n}\n\n.full-img--linked.without-hover-animation blockquote {\n  opacity: 1;\n}\n\n@media (min-width: 64em){\n  .full-img--quote blockquote cite {\n    color: #fff;\n  }\n}\n<\/style>","protected":false},"excerpt":{"rendered":"<p>Abdichtungsl\u00f6sungen f\u00fcr Surflagunen Unsere Geomembran-L\u00f6sung wird seit 2011 in der F&amp;E und Demo-Anlage von Wavegarden getestet und hat sich auch in kommerziellen Wavegarden Surfparks wie z.B. Praia da Grama bew\u00e4hrt. Die Wavegarden-Ingenieure haben nach \u00fcber 10 Jahren Entwicklung die robustesten, effizientesten und wirtschaftlichsten L\u00f6sungen f\u00fcr die Abdichtung der Surflagunen gefunden. Wir k\u00f6nnen ma\u00dfgeschneiderte L\u00f6sungen f\u00fcr [&hellip;]<\/p>\n","protected":false},"author":5,"featured_media":15445,"parent":14180,"menu_order":0,"comment_status":"closed","ping_status":"closed","template":"pages\/cove.php","meta":{"_acf_changed":false,"footnotes":""},"class_list":["post-18052","page","type-page","status-publish","has-post-thumbnail","hentry"],"acf":[],"yoast_head":"<!-- This site is optimized with the Yoast SEO plugin v27.2 - https:\/\/yoast.com\/product\/yoast-seo-wordpress\/ -->\n<title>Liner - Wavegarden<\/title>\n<meta name=\"robots\" content=\"index, follow, max-snippet:-1, max-image-preview:large, max-video-preview:-1\" \/>\n<link rel=\"canonical\" href=\"https:\/\/wavegarden.com\/de\/wavegarden-cove\/liner\/\" \/>\n<meta property=\"og:locale\" content=\"de_DE\" \/>\n<meta property=\"og:type\" content=\"article\" \/>\n<meta property=\"og:title\" content=\"Liner - Wavegarden\" \/>\n<meta property=\"og:description\" content=\"Abdichtungsl\u00f6sungen f\u00fcr Surflagunen Unsere Geomembran-L\u00f6sung wird seit 2011 in der F&amp;E und Demo-Anlage von Wavegarden getestet und hat sich auch in kommerziellen Wavegarden Surfparks wie z.B. Praia da Grama bew\u00e4hrt. Die Wavegarden-Ingenieure haben nach \u00fcber 10 Jahren Entwicklung die robustesten, effizientesten und wirtschaftlichsten L\u00f6sungen f\u00fcr die Abdichtung der Surflagunen gefunden. Wir k\u00f6nnen ma\u00dfgeschneiderte L\u00f6sungen f\u00fcr [&hellip;]\" \/>\n<meta property=\"og:url\" content=\"https:\/\/wavegarden.com\/de\/wavegarden-cove\/liner\/\" \/>\n<meta property=\"og:site_name\" content=\"Wavegarden\" \/>\n<meta property=\"article:publisher\" content=\"http:\/\/www.facebook.com\/Wavegarden\" \/>\n<meta property=\"article:modified_time\" content=\"2024-01-15T11:55:34+00:00\" \/>\n<meta property=\"og:image\" content=\"https:\/\/wavegarden.com\/wp-content\/uploads\/2022\/11\/Development-Services-modificada-scaled.jpg\" \/>\n\t<meta property=\"og:image:width\" content=\"2560\" \/>\n\t<meta property=\"og:image:height\" content=\"1920\" \/>\n\t<meta property=\"og:image:type\" content=\"image\/jpeg\" \/>\n<meta name=\"twitter:card\" content=\"summary_large_image\" \/>\n<meta name=\"twitter:site\" content=\"@wavegarden\" \/>\n<meta name=\"twitter:label1\" content=\"Gesch\u00e4tzte Lesezeit\" \/>\n\t<meta name=\"twitter:data1\" content=\"2\u00a0Minuten\" \/>\n<script type=\"application\/ld+json\" class=\"yoast-schema-graph\">{\"@context\":\"https:\/\/schema.org\",\"@graph\":[{\"@type\":\"WebPage\",\"@id\":\"https:\/\/wavegarden.com\/de\/wavegarden-cove\/liner\/\",\"url\":\"https:\/\/wavegarden.com\/de\/wavegarden-cove\/liner\/\",\"name\":\"Liner - Wavegarden\",\"isPartOf\":{\"@id\":\"https:\/\/wavegarden.com\/de\/#website\"},\"primaryImageOfPage\":{\"@id\":\"https:\/\/wavegarden.com\/de\/wavegarden-cove\/liner\/#primaryimage\"},\"image\":{\"@id\":\"https:\/\/wavegarden.com\/de\/wavegarden-cove\/liner\/#primaryimage\"},\"thumbnailUrl\":\"https:\/\/wavegarden.com\/wp-content\/uploads\/2022\/11\/Development-Services-modificada-scaled.jpg\",\"datePublished\":\"2023-06-02T09:16:14+00:00\",\"dateModified\":\"2024-01-15T11:55:34+00:00\",\"breadcrumb\":{\"@id\":\"https:\/\/wavegarden.com\/de\/wavegarden-cove\/liner\/#breadcrumb\"},\"inLanguage\":\"de\",\"potentialAction\":[{\"@type\":\"ReadAction\",\"target\":[\"https:\/\/wavegarden.com\/de\/wavegarden-cove\/liner\/\"]}]},{\"@type\":\"ImageObject\",\"inLanguage\":\"de\",\"@id\":\"https:\/\/wavegarden.com\/de\/wavegarden-cove\/liner\/#primaryimage\",\"url\":\"https:\/\/wavegarden.com\/wp-content\/uploads\/2022\/11\/Development-Services-modificada-scaled.jpg\",\"contentUrl\":\"https:\/\/wavegarden.com\/wp-content\/uploads\/2022\/11\/Development-Services-modificada-scaled.jpg\",\"width\":2560,\"height\":1920},{\"@type\":\"BreadcrumbList\",\"@id\":\"https:\/\/wavegarden.com\/de\/wavegarden-cove\/liner\/#breadcrumb\",\"itemListElement\":[{\"@type\":\"ListItem\",\"position\":1,\"name\":\"Home\",\"item\":\"https:\/\/wavegarden.com\/de\/\"},{\"@type\":\"ListItem\",\"position\":2,\"name\":\"Wavegarden Cove\",\"item\":\"https:\/\/wavegarden.com\/de\/wavegarden-cove\/\"},{\"@type\":\"ListItem\",\"position\":3,\"name\":\"Liner\"}]},{\"@type\":\"WebSite\",\"@id\":\"https:\/\/wavegarden.com\/de\/#website\",\"url\":\"https:\/\/wavegarden.com\/de\/\",\"name\":\"Wavegarden\",\"description\":\"\",\"publisher\":{\"@id\":\"https:\/\/wavegarden.com\/de\/#organization\"},\"potentialAction\":[{\"@type\":\"SearchAction\",\"target\":{\"@type\":\"EntryPoint\",\"urlTemplate\":\"https:\/\/wavegarden.com\/de\/?s={search_term_string}\"},\"query-input\":{\"@type\":\"PropertyValueSpecification\",\"valueRequired\":true,\"valueName\":\"search_term_string\"}}],\"inLanguage\":\"de\"},{\"@type\":\"Organization\",\"@id\":\"https:\/\/wavegarden.com\/de\/#organization\",\"name\":\"Wavegarden\",\"alternateName\":\"Wavegarden\",\"url\":\"https:\/\/wavegarden.com\/de\/\",\"logo\":{\"@type\":\"ImageObject\",\"inLanguage\":\"de\",\"@id\":\"https:\/\/wavegarden.com\/de\/#\/schema\/logo\/image\/\",\"url\":\"https:\/\/wavegarden.com\/wp-content\/uploads\/2024\/06\/logo-wavegarden.png\",\"contentUrl\":\"https:\/\/wavegarden.com\/wp-content\/uploads\/2024\/06\/logo-wavegarden.png\",\"width\":692,\"height\":292,\"caption\":\"Wavegarden\"},\"image\":{\"@id\":\"https:\/\/wavegarden.com\/de\/#\/schema\/logo\/image\/\"},\"sameAs\":[\"http:\/\/www.facebook.com\/Wavegarden\",\"https:\/\/x.com\/wavegarden\",\"https:\/\/www.instagram.com\/wavegarden_official\/\",\"https:\/\/www.linkedin.com\/company\/wavegarden\/\",\"https:\/\/www.youtube.com\/@WavegardenOfficial\"]}]}<\/script>\n<!-- \/ Yoast SEO plugin. -->","yoast_head_json":{"title":"Liner - Wavegarden","robots":{"index":"index","follow":"follow","max-snippet":"max-snippet:-1","max-image-preview":"max-image-preview:large","max-video-preview":"max-video-preview:-1"},"canonical":"https:\/\/wavegarden.com\/de\/wavegarden-cove\/liner\/","og_locale":"de_DE","og_type":"article","og_title":"Liner - Wavegarden","og_description":"Abdichtungsl\u00f6sungen f\u00fcr Surflagunen Unsere Geomembran-L\u00f6sung wird seit 2011 in der F&amp;E und Demo-Anlage von Wavegarden getestet und hat sich auch in kommerziellen Wavegarden Surfparks wie z.B. Praia da Grama bew\u00e4hrt. Die Wavegarden-Ingenieure haben nach \u00fcber 10 Jahren Entwicklung die robustesten, effizientesten und wirtschaftlichsten L\u00f6sungen f\u00fcr die Abdichtung der Surflagunen gefunden. Wir k\u00f6nnen ma\u00dfgeschneiderte L\u00f6sungen f\u00fcr [&hellip;]","og_url":"https:\/\/wavegarden.com\/de\/wavegarden-cove\/liner\/","og_site_name":"Wavegarden","article_publisher":"http:\/\/www.facebook.com\/Wavegarden","article_modified_time":"2024-01-15T11:55:34+00:00","og_image":[{"width":2560,"height":1920,"url":"https:\/\/wavegarden.com\/wp-content\/uploads\/2022\/11\/Development-Services-modificada-scaled.jpg","type":"image\/jpeg"}],"twitter_card":"summary_large_image","twitter_site":"@wavegarden","twitter_misc":{"Gesch\u00e4tzte Lesezeit":"2\u00a0Minuten"},"schema":{"@context":"https:\/\/schema.org","@graph":[{"@type":"WebPage","@id":"https:\/\/wavegarden.com\/de\/wavegarden-cove\/liner\/","url":"https:\/\/wavegarden.com\/de\/wavegarden-cove\/liner\/","name":"Liner - Wavegarden","isPartOf":{"@id":"https:\/\/wavegarden.com\/de\/#website"},"primaryImageOfPage":{"@id":"https:\/\/wavegarden.com\/de\/wavegarden-cove\/liner\/#primaryimage"},"image":{"@id":"https:\/\/wavegarden.com\/de\/wavegarden-cove\/liner\/#primaryimage"},"thumbnailUrl":"https:\/\/wavegarden.com\/wp-content\/uploads\/2022\/11\/Development-Services-modificada-scaled.jpg","datePublished":"2023-06-02T09:16:14+00:00","dateModified":"2024-01-15T11:55:34+00:00","breadcrumb":{"@id":"https:\/\/wavegarden.com\/de\/wavegarden-cove\/liner\/#breadcrumb"},"inLanguage":"de","potentialAction":[{"@type":"ReadAction","target":["https:\/\/wavegarden.com\/de\/wavegarden-cove\/liner\/"]}]},{"@type":"ImageObject","inLanguage":"de","@id":"https:\/\/wavegarden.com\/de\/wavegarden-cove\/liner\/#primaryimage","url":"https:\/\/wavegarden.com\/wp-content\/uploads\/2022\/11\/Development-Services-modificada-scaled.jpg","contentUrl":"https:\/\/wavegarden.com\/wp-content\/uploads\/2022\/11\/Development-Services-modificada-scaled.jpg","width":2560,"height":1920},{"@type":"BreadcrumbList","@id":"https:\/\/wavegarden.com\/de\/wavegarden-cove\/liner\/#breadcrumb","itemListElement":[{"@type":"ListItem","position":1,"name":"Home","item":"https:\/\/wavegarden.com\/de\/"},{"@type":"ListItem","position":2,"name":"Wavegarden Cove","item":"https:\/\/wavegarden.com\/de\/wavegarden-cove\/"},{"@type":"ListItem","position":3,"name":"Liner"}]},{"@type":"WebSite","@id":"https:\/\/wavegarden.com\/de\/#website","url":"https:\/\/wavegarden.com\/de\/","name":"Wavegarden","description":"","publisher":{"@id":"https:\/\/wavegarden.com\/de\/#organization"},"potentialAction":[{"@type":"SearchAction","target":{"@type":"EntryPoint","urlTemplate":"https:\/\/wavegarden.com\/de\/?s={search_term_string}"},"query-input":{"@type":"PropertyValueSpecification","valueRequired":true,"valueName":"search_term_string"}}],"inLanguage":"de"},{"@type":"Organization","@id":"https:\/\/wavegarden.com\/de\/#organization","name":"Wavegarden","alternateName":"Wavegarden","url":"https:\/\/wavegarden.com\/de\/","logo":{"@type":"ImageObject","inLanguage":"de","@id":"https:\/\/wavegarden.com\/de\/#\/schema\/logo\/image\/","url":"https:\/\/wavegarden.com\/wp-content\/uploads\/2024\/06\/logo-wavegarden.png","contentUrl":"https:\/\/wavegarden.com\/wp-content\/uploads\/2024\/06\/logo-wavegarden.png","width":692,"height":292,"caption":"Wavegarden"},"image":{"@id":"https:\/\/wavegarden.com\/de\/#\/schema\/logo\/image\/"},"sameAs":["http:\/\/www.facebook.com\/Wavegarden","https:\/\/x.com\/wavegarden","https:\/\/www.instagram.com\/wavegarden_official\/","https:\/\/www.linkedin.com\/company\/wavegarden\/","https:\/\/www.youtube.com\/@WavegardenOfficial"]}]}},"_links":{"self":[{"href":"https:\/\/wavegarden.com\/de\/wp-json\/wp\/v2\/pages\/18052","targetHints":{"allow":["GET"]}}],"collection":[{"href":"https:\/\/wavegarden.com\/de\/wp-json\/wp\/v2\/pages"}],"about":[{"href":"https:\/\/wavegarden.com\/de\/wp-json\/wp\/v2\/types\/page"}],"author":[{"embeddable":true,"href":"https:\/\/wavegarden.com\/de\/wp-json\/wp\/v2\/users\/5"}],"replies":[{"embeddable":true,"href":"https:\/\/wavegarden.com\/de\/wp-json\/wp\/v2\/comments?post=18052"}],"version-history":[{"count":14,"href":"https:\/\/wavegarden.com\/de\/wp-json\/wp\/v2\/pages\/18052\/revisions"}],"predecessor-version":[{"id":24031,"href":"https:\/\/wavegarden.com\/de\/wp-json\/wp\/v2\/pages\/18052\/revisions\/24031"}],"up":[{"embeddable":true,"href":"https:\/\/wavegarden.com\/de\/wp-json\/wp\/v2\/pages\/14180"}],"wp:featuredmedia":[{"embeddable":true,"href":"https:\/\/wavegarden.com\/de\/wp-json\/wp\/v2\/media\/15445"}],"wp:attachment":[{"href":"https:\/\/wavegarden.com\/de\/wp-json\/wp\/v2\/media?parent=18052"}],"curies":[{"name":"wp","href":"https:\/\/api.w.org\/{rel}","templated":true}]}}