{"id":16460,"date":"2023-01-12T17:03:06","date_gmt":"2023-01-12T16:03:06","guid":{"rendered":"https:\/\/wavegarden.com\/bewaehrtes-geschaeft\/"},"modified":"2025-10-13T13:56:23","modified_gmt":"2025-10-13T11:56:23","slug":"bewaehrtes-geschaeft","status":"publish","type":"page","link":"https:\/\/wavegarden.com\/de\/bewaehrtes-geschaeft\/","title":{"rendered":"ERPROBTES GESCH\u00c4FTSMODELL"},"content":{"rendered":"\n<h2 class=\"wp-block-heading has-text-align-center\" style=\"font-size:2rem\">Solide Finanzergebnisse<\/h2>\n\n<p class=\"has-text-align-center\" style=\"font-size:1.5rem\">Mit \u00fcber 45 finanziell zugesagten Projekten, 10 Surfparks, die derzeit gebaut werden, und 12 in Betrieb befindlichen Wavegarden\u00ae Anlagen, hat sich unsere Wavegarden Cove-Technologie weltweit als erste Wahl f\u00fcr Projektentwickler und Investoren erwiesen.<\/p>\n\n<h4 class=\"wp-block-heading has-text-align-center\">Richtwerte f\u00fcr Standardprojekte in S\u00fcdeuropa<\/h4>\n\n<div class=\"wp-block-group alignfull\"><div class=\"wp-block-group__inner-container is-layout-constrained wp-block-group-is-layout-constrained\">\n<div style=\"height:52px\" aria-hidden=\"true\" class=\"wp-block-spacer\"><\/div>\n<\/div><\/div>\n<div class=\"mcs-wgb-invest-numbers alignfull\" >\n  <p>\n          <span\n            class=\"mcs-wgb-invest-numbers-hilighted-data\"\n            data-max-size=\"10\"\n            data-min-size=\"1\"\n          >>250,000*<\/span>\n          <span>Besucher pro Jahr (Surfer + Zuschauer)<\/span>\n        <\/p><p>\n          <span\n            class=\"mcs-wgb-invest-numbers-hilighted-data\"\n            data-max-size=\"10\"\n            data-min-size=\"1\"\n          >>90+<\/span>\n          <span>Surfer k\u00f6nnen gleichzeitig surfen<\/span>\n        <\/p><p>\n          <span\n            class=\"mcs-wgb-invest-numbers-hilighted-data\"\n            data-max-size=\"10\"\n            data-min-size=\"1\"\n          >300-1000<\/span>\n          <span>Wellen pro Stunde<\/span>\n        <\/p><p>\n          <span\n            class=\"mcs-wgb-invest-numbers-hilighted-data\"\n            data-max-size=\"10\"\n            data-min-size=\"1\"\n          >150.000<\/span>\n          <span>Surfsessions (Stunden) pro Jahr<\/span>\n        <\/p><p>\n          <span\n            class=\"mcs-wgb-invest-numbers-hilighted-data\"\n            data-max-size=\"10\"\n            data-min-size=\"1\"\n          >35-165 \u20ac<\/span>\n          <span>pro Surf Session<\/span>\n        <\/p><p>\n          <span\n            class=\"mcs-wgb-invest-numbers-hilighted-data\"\n            data-max-size=\"10\"\n            data-min-size=\"1\"\n          >25-40 M\u20ac <\/span>\n          <span>gesch\u00e4tzte Gesamtkosten f\u00fcr die Entwicklung des Surfparks<\/span>\n        <\/p><p>\n          <span\n            class=\"mcs-wgb-invest-numbers-hilighted-data\"\n            data-max-size=\"10\"\n            data-min-size=\"1\"\n          >10-25 M\u20ac<\/span>\n          <span>Kosten der Lagune, Wellengenerator und Wasseraufbereitungsanlage (Projekt in Spanien)<\/span>\n        <\/p><p>\n          <span\n            class=\"mcs-wgb-invest-numbers-hilighted-data\"\n            data-max-size=\"10\"\n            data-min-size=\"1\"\n          >>35-40%*<\/span>\n          <span>EBITDA-Marge<\/span>\n        <\/p><p>\n          <span\n            class=\"mcs-wgb-invest-numbers-hilighted-data\"\n            data-max-size=\"10\"\n            data-min-size=\"1\"\n          >350 kWh<\/span>\n          <span>durchschnittlicher Stromverbrauch pro Surf-Session (1 Stunde)<\/span>\n        <\/p><p>\n          <span\n            class=\"mcs-wgb-invest-numbers-hilighted-data\"\n            data-max-size=\"10\"\n            data-min-size=\"1\"\n          >>20 %*<\/span>\n          <span>interne Verzinsung unter Einbezug von Fremdkapital<\/span>\n        <\/p><\/div>\n\n\n\n<p><em><sub>*Quelle: Allgemeine Wavegarden Cove-Finanzbewertung 2025 f\u00fcr eine Surf-Lagune in Standardgr\u00f6\u00dfe in Spanien. Die Kosten k\u00f6nnen je nach Gr\u00f6\u00dfe der Lagune, Schwierigkeitsgrad der Bauarbeiten, Land (die oben genannten Sch\u00e4tzungen gelten f\u00fcr Spanien) und gew\u00e4hltem Wellengenerator variieren.<\/sub><\/em>.<\/p>\n\n<div style=\"height:50px\" aria-hidden=\"true\" class=\"wp-block-spacer\"><\/div>\n\n<div class=\"wp-block-group alignfull has-background\" style=\"background-color:#f5f5f5\"><div class=\"wp-block-group__inner-container is-layout-constrained wp-block-group-is-layout-constrained\">\n<div style=\"height:50px\" aria-hidden=\"true\" class=\"wp-block-spacer\"><\/div>\n\n\n\n<h2 class=\"wp-block-heading has-text-align-center\">Entwickelt f\u00fcr gesch\u00e4ftlichen Erfolg<\/h2>\n\n\n\n<div style=\"height:50px\" aria-hidden=\"true\" class=\"wp-block-spacer\"><\/div>\n\n\n\n<p class=\"has-text-align-center\">Ein Wavegarden\u00ae bietet die gr\u00f6\u00dfte Wellenvielfalt und maximale Nutzerkapazit\u00e4ten, ausschlaggebende Faktoren f\u00fcr die Rentabilit\u00e4t und den Erfolg eines Surfparks. Unser Lagunendesign ist aufgrund des Verh\u00e4ltnisses zwischen Lagunengr\u00f6\u00dfe und Nutzerkapazit\u00e4t und seiner niedrigen Betriebskosten am effizientesten.<\/p>\n\n\n\n<p class=\"has-text-align-center\">Unsere f\u00fcr die \u00d6ffentlichkeit zug\u00e4nglichen Surfparks, sowohl freistehende als auch solche, die als zentraler Bestandteil von Wohnsiedlungen oder gro\u00df angelegten gemischten Projekten eingerichtet wurden, haben sich alle als kommerziell rentabel erwiesen.<\/p>\n\n\n\n<p class=\"has-text-align-center\">Die hohe Auslastung der aktuell in Betrieb befindlichen Surf-Anlagen und der Erfolg der umliegenden Gewerbe hat die Betreiber dazu motiviert, in neue Wavegarden Projekte zu investieren. Urbnsurf in Melbourne baut derzeit <a href=\"https:\/\/wavegarden.com\/new-wavegarden-cove-in-sydney-australia-set-to-open-in-early-2023\/\">einen zweiten Surfpark in Sydney<\/a>; The Wave in Bristol hat einen<a href=\"https:\/\/wavegarden.com\/wavegarden-and-the-wave-sign-major-strategic-alliance-agreement-to-develop-6-surf-park-in-the-uk-and-ireland\/\"> Vertrag \u00fcber die Errichtung von sechs neuen Anlagen im Vereinigten K\u00f6nigreich und Irland unterzeichnet,<\/a> und unser Partner in Brasilien <a href=\"https:\/\/wavegarden.com\/wavegarden-expands-worldwide\/\">plant den\u00a0 Bau von zehn weiteren Anlagen<\/a>.<\/p>\n\n\n\n<div style=\"height:1px\" aria-hidden=\"true\" class=\"wp-block-spacer\"><\/div>\n<\/div><\/div>\n\n<div class=\"wp-block-group alignfull has-background\" style=\"background:linear-gradient(0deg,rgb(0,0,0) 46%,rgb(245,245,245) 46%)\"><div class=\"wp-block-group__inner-container is-layout-constrained wp-block-group-is-layout-constrained\">\n<div style=\"height:30px\" aria-hidden=\"true\" class=\"wp-block-spacer\"><\/div>\n\n\n<div id=\"\" class=\"mcs-wgb-vimeo-frame\" >\n\t<div class=\"acf-innerblocks-container\">\n\n<figure class=\"wp-block-embed is-type-video is-provider-vimeo wp-block-embed-vimeo wp-embed-aspect-16-9 wp-has-aspect-ratio\"><div class=\"wp-block-embed__wrapper\">\r\n<div class=\"videoWrapper\"><iframe title=\"Interview with Adam Bonvin about the success of Alaia Bay\" src=\"https:\/\/player.vimeo.com\/video\/732067533?h=e69dc19a71&amp;dnt=1&amp;app_id=122963\" width=\"500\" height=\"281\" frameborder=\"0\" allow=\"autoplay; fullscreen; picture-in-picture; clipboard-write\"><\/iframe><\/div>\r\n<\/div><\/figure><br>\n\n<\/div>\n\t<div class=\"play-button\">\n\t\t<svg width=\"146px\" height=\"146px\" viewBox=\"0 0 146 146\" version=\"1.1\" xmlns=\"http:\/\/www.w3.org\/2000\/svg\" xmlns:xlink=\"http:\/\/www.w3.org\/1999\/xlink\">\n\t\t\t<title>btn-video-dark<\/title>\n\t\t\t<g id=\"Invest-01\" stroke=\"none\" stroke-width=\"1\" fill=\"none\" fill-rule=\"evenodd\" stroke-linejoin=\"round\">\n\t\t\t\t\t<g id=\"Pg-Why-create-a-surf-spot\" transform=\"translate(-632.000000, -2570.000000)\" stroke=\"#000000\" stroke-width=\"4\">\n\t\t\t\t\t\t\t<g id=\"btn-video-dark\" transform=\"translate(634.000000, 2572.000000)\">\n\t\t\t\t\t\t\t\t\t<circle id=\"Oval\" cx=\"71\" cy=\"71\" r=\"71\"><\/circle>\n\t\t\t\t\t\t\t\t\t<polygon id=\"Triangle\" transform=\"translate(79.500000, 71.500000) rotate(90.000000) translate(-79.500000, -71.500000) \" points=\"79.5 45 108 98 51 98\"><\/polygon>\n\t\t\t\t\t\t\t<\/g>\n\t\t\t\t\t<\/g>\n\t\t\t<\/g>\n\t\t<\/svg>\n\t<\/div>\n\t<div class=\"pause-button\">\n\t<\/div>\n<\/div>\n\n\n<div style=\"height:1px\" aria-hidden=\"true\" class=\"wp-block-spacer\"><\/div>\n<\/div><\/div>\n\n<div class=\"wp-block-group alignfull has-black-background-color has-background\"><div class=\"wp-block-group__inner-container is-layout-constrained wp-block-group-is-layout-constrained\">\n<div style=\"height:30px\" aria-hidden=\"true\" class=\"wp-block-spacer\"><\/div>\n\n\n\n<p class=\"has-text-align-center has-white-color has-text-color\">Wavegarden bietet ein umfassendes Angebot an gesch\u00e4ftlichen und technischen Dienstleistungen, die f\u00fcr den sofortigen und langfristigen Erfolg Ihres Surfparks erforderlich sind.<\/p>\n\n\n\n<div class=\"wp-block-buttons is-content-justification-center is-layout-flex wp-container-core-buttons-is-layout-16018d1d wp-block-buttons-is-layout-flex\">\n<div class=\"wp-block-button\"><a class=\"wp-block-button__link has-black-color has-white-background-color has-text-color has-background wp-element-button\" href=\"mailto:sales@wavegarden.com\" target=\"_blank\" rel=\"noreferrer noopener\">KONTAKTIEREN SIE UNSER VERTRIEBSTEAM<\/a><\/div>\n<\/div>\n\n\n\n<div style=\"height:50px\" aria-hidden=\"true\" class=\"wp-block-spacer\"><\/div>\n<\/div><\/div>\n\n<div style=\"height:50px\" aria-hidden=\"true\" class=\"wp-block-spacer\"><\/div>\n\n<h2 class=\"wp-block-heading has-text-align-center\"><strong>Konzept<\/strong><\/h2>\n\n<p>Ein Wavegarden\u00ae erm\u00f6glicht es, \u00fcberall auf der Welt neue Surf-Destinationen mit garantierten Wellen und einem exotischen Beach-Ambiente entstehen zu lassen. Unser einzigartiges Konzept und unsere innovative Technologie sind die ideale Kombination f\u00fcr eine dynamische Gesch\u00e4ftsm\u00f6glichkeit mit zahllosen Optionen, deren Kernst\u00fcck perfekte Wellen f\u00fcr Surfer aller Niveaus und Altersstufen sind.<\/p>\n\n<p>Inspiriert von einigen der weltweit bekanntesten Surfspots schaffen wir eine angenehme, nat\u00fcrliche Umgebung, die mit Sicherheit ganz oben auf der Besuchsliste von Surfern, Strandfans und Zuschauern steht. <\/p>\n\n<p>Es ist nicht nur ein Ort, wo Freunde und Familie gemeinsam surfen k\u00f6nnen. In einem Wavegarden k\u00f6nnen zahlreiche andere Freizeit- und Unterhaltungsaktivit\u00e4ten integriert werden, die das Gesamterlebnis abrunden und das ganze Jahr \u00fcber eine hohe Besucherzahl garantieren.<\/p>\n\n<figure class=\"wp-block-image alignfull size-full\"><img decoding=\"async\" width=\"2876\" height=\"696\" src=\"https:\/\/wavegarden.com\/wp-content\/uploads\/2022\/12\/image-1.png\" alt=\"\" class=\"wp-image-15843\" srcset=\"https:\/\/wavegarden.com\/wp-content\/uploads\/2022\/12\/image-1.png 2876w, https:\/\/wavegarden.com\/wp-content\/uploads\/2022\/12\/image-1-300x73.png 300w, https:\/\/wavegarden.com\/wp-content\/uploads\/2022\/12\/image-1-1024x248.png 1024w, https:\/\/wavegarden.com\/wp-content\/uploads\/2022\/12\/image-1-768x186.png 768w, https:\/\/wavegarden.com\/wp-content\/uploads\/2022\/12\/image-1-1536x372.png 1536w, https:\/\/wavegarden.com\/wp-content\/uploads\/2022\/12\/image-1-2048x496.png 2048w, https:\/\/wavegarden.com\/wp-content\/uploads\/2022\/12\/image-1-800x194.png 800w\" sizes=\"(max-width: 2876px) 100vw, 2876px\" \/><\/figure>\n\n<div style=\"height:50px\" aria-hidden=\"true\" class=\"wp-block-spacer\"><\/div>\n\n<h2 class=\"wp-block-heading has-text-align-center\"><strong>Surfen, essen, relaxen, wiederkommen<\/strong><\/h2>\n\n<p>Erg\u00e4nzende Gesch\u00e4ftsbereiche sind z.B. Surfschulen und Hochleistungszentren, Surf-Shops, Restaurants, Bars und Unterk\u00fcnfte. Ein vielf\u00e4ltiges Serviceangebot und zus\u00e4tzliche Aktivit\u00e4ten motivieren Kunden dazu, l\u00e4nger als nur eine Surf-Session zu bleiben und \u00f6fter wiederzukommen. Dadurch k\u00f6nnen zus\u00e4tzliche Einkommensquellen geschafft werden.<\/p>\n\n<p>Surfen ist auch ein beliebter Zuschauersport, den viele Menschen live erleben wollen oder per Internet oder TV verfolgen. Surf-Events, Surf-Camps, Firmenevents, Konzerte und Sponsoring bieten weitere Einnahmequellen.<\/p>\n\n<div style=\"height:50px\" aria-hidden=\"true\" class=\"wp-block-spacer\"><\/div>\n","protected":false},"excerpt":{"rendered":"<p>Solide Finanzergebnisse Mit \u00fcber 45 finanziell zugesagten Projekten, 10 Surfparks, die derzeit gebaut werden, und 12 in Betrieb befindlichen Wavegarden\u00ae Anlagen, hat sich unsere Wavegarden Cove-Technologie weltweit als erste Wahl f\u00fcr Projektentwickler und Investoren erwiesen. Richtwerte f\u00fcr Standardprojekte in S\u00fcdeuropa *Quelle: Allgemeine Wavegarden Cove-Finanzbewertung 2025 f\u00fcr eine Surf-Lagune in Standardgr\u00f6\u00dfe in Spanien. Die Kosten k\u00f6nnen [&hellip;]<\/p>\n","protected":false},"author":4,"featured_media":15723,"parent":0,"menu_order":0,"comment_status":"closed","ping_status":"closed","template":"","meta":{"_acf_changed":false,"footnotes":""},"class_list":["post-16460","page","type-page","status-publish","has-post-thumbnail","hentry"],"acf":[],"yoast_head":"<!-- This site is optimized with the Yoast SEO plugin v27.2 - https:\/\/yoast.com\/product\/yoast-seo-wordpress\/ -->\n<title>| Rentabilit\u00e4t eines Wavegarden Cove und Baukosten<\/title>\n<meta name=\"description\" content=\"Wavegarden ist die rentabelste Option f\u00fcr Investoren. Sehen Sie sich die Gesch\u00e4ftszahlen eines Wavegarden Cove an: Investition, ROI, Einnahmen, Kosten, Verbrauch usw.\" \/>\n<meta name=\"robots\" content=\"index, follow, max-snippet:-1, max-image-preview:large, max-video-preview:-1\" \/>\n<link rel=\"canonical\" href=\"https:\/\/wavegarden.com\/de\/bewaehrtes-geschaeft\/\" \/>\n<meta property=\"og:locale\" content=\"de_DE\" \/>\n<meta property=\"og:type\" content=\"article\" \/>\n<meta property=\"og:title\" content=\"| Rentabilit\u00e4t eines Wavegarden Cove und Baukosten\" \/>\n<meta property=\"og:description\" content=\"Wavegarden ist die rentabelste Option f\u00fcr Investoren. Sehen Sie sich die Gesch\u00e4ftszahlen eines Wavegarden Cove an: Investition, ROI, Einnahmen, Kosten, Verbrauch usw.\" \/>\n<meta property=\"og:url\" content=\"https:\/\/wavegarden.com\/de\/bewaehrtes-geschaeft\/\" \/>\n<meta property=\"og:site_name\" content=\"Wavegarden\" \/>\n<meta property=\"article:publisher\" content=\"http:\/\/www.facebook.com\/Wavegarden\" \/>\n<meta property=\"article:modified_time\" content=\"2025-10-13T11:56:23+00:00\" \/>\n<meta property=\"og:image\" content=\"https:\/\/wavegarden.com\/wp-content\/uploads\/2022\/12\/Hero-wavegarden-Business.webp\" \/>\n\t<meta property=\"og:image:width\" content=\"1600\" \/>\n\t<meta property=\"og:image:height\" content=\"806\" \/>\n\t<meta property=\"og:image:type\" content=\"image\/webp\" \/>\n<meta name=\"twitter:card\" content=\"summary_large_image\" \/>\n<meta name=\"twitter:site\" content=\"@wavegarden\" \/>\n<meta name=\"twitter:label1\" content=\"Gesch\u00e4tzte Lesezeit\" \/>\n\t<meta name=\"twitter:data1\" content=\"3\u00a0Minuten\" \/>\n<script type=\"application\/ld+json\" class=\"yoast-schema-graph\">{\"@context\":\"https:\/\/schema.org\",\"@graph\":[{\"@type\":\"WebPage\",\"@id\":\"https:\/\/wavegarden.com\/de\/bewaehrtes-geschaeft\/\",\"url\":\"https:\/\/wavegarden.com\/de\/bewaehrtes-geschaeft\/\",\"name\":\"| Rentabilit\u00e4t eines Wavegarden Cove und Baukosten\",\"isPartOf\":{\"@id\":\"https:\/\/wavegarden.com\/de\/#website\"},\"primaryImageOfPage\":{\"@id\":\"https:\/\/wavegarden.com\/de\/bewaehrtes-geschaeft\/#primaryimage\"},\"image\":{\"@id\":\"https:\/\/wavegarden.com\/de\/bewaehrtes-geschaeft\/#primaryimage\"},\"thumbnailUrl\":\"https:\/\/wavegarden.com\/wp-content\/uploads\/2022\/12\/Hero-wavegarden-Business.webp\",\"datePublished\":\"2023-01-12T16:03:06+00:00\",\"dateModified\":\"2025-10-13T11:56:23+00:00\",\"description\":\"Wavegarden ist die rentabelste Option f\u00fcr Investoren. Sehen Sie sich die Gesch\u00e4ftszahlen eines Wavegarden Cove an: Investition, ROI, Einnahmen, Kosten, Verbrauch usw.\",\"breadcrumb\":{\"@id\":\"https:\/\/wavegarden.com\/de\/bewaehrtes-geschaeft\/#breadcrumb\"},\"inLanguage\":\"de\",\"potentialAction\":[{\"@type\":\"ReadAction\",\"target\":[\"https:\/\/wavegarden.com\/de\/bewaehrtes-geschaeft\/\"]}]},{\"@type\":\"ImageObject\",\"inLanguage\":\"de\",\"@id\":\"https:\/\/wavegarden.com\/de\/bewaehrtes-geschaeft\/#primaryimage\",\"url\":\"https:\/\/wavegarden.com\/wp-content\/uploads\/2022\/12\/Hero-wavegarden-Business.webp\",\"contentUrl\":\"https:\/\/wavegarden.com\/wp-content\/uploads\/2022\/12\/Hero-wavegarden-Business.webp\",\"width\":1600,\"height\":806},{\"@type\":\"BreadcrumbList\",\"@id\":\"https:\/\/wavegarden.com\/de\/bewaehrtes-geschaeft\/#breadcrumb\",\"itemListElement\":[{\"@type\":\"ListItem\",\"position\":1,\"name\":\"Home\",\"item\":\"https:\/\/wavegarden.com\/de\/\"},{\"@type\":\"ListItem\",\"position\":2,\"name\":\"ERPROBTES GESCH\u00c4FTSMODELL\"}]},{\"@type\":\"WebSite\",\"@id\":\"https:\/\/wavegarden.com\/de\/#website\",\"url\":\"https:\/\/wavegarden.com\/de\/\",\"name\":\"Wavegarden\",\"description\":\"\",\"publisher\":{\"@id\":\"https:\/\/wavegarden.com\/de\/#organization\"},\"potentialAction\":[{\"@type\":\"SearchAction\",\"target\":{\"@type\":\"EntryPoint\",\"urlTemplate\":\"https:\/\/wavegarden.com\/de\/?s={search_term_string}\"},\"query-input\":{\"@type\":\"PropertyValueSpecification\",\"valueRequired\":true,\"valueName\":\"search_term_string\"}}],\"inLanguage\":\"de\"},{\"@type\":\"Organization\",\"@id\":\"https:\/\/wavegarden.com\/de\/#organization\",\"name\":\"Wavegarden\",\"alternateName\":\"Wavegarden\",\"url\":\"https:\/\/wavegarden.com\/de\/\",\"logo\":{\"@type\":\"ImageObject\",\"inLanguage\":\"de\",\"@id\":\"https:\/\/wavegarden.com\/de\/#\/schema\/logo\/image\/\",\"url\":\"https:\/\/wavegarden.com\/wp-content\/uploads\/2024\/06\/logo-wavegarden.png\",\"contentUrl\":\"https:\/\/wavegarden.com\/wp-content\/uploads\/2024\/06\/logo-wavegarden.png\",\"width\":692,\"height\":292,\"caption\":\"Wavegarden\"},\"image\":{\"@id\":\"https:\/\/wavegarden.com\/de\/#\/schema\/logo\/image\/\"},\"sameAs\":[\"http:\/\/www.facebook.com\/Wavegarden\",\"https:\/\/x.com\/wavegarden\",\"https:\/\/www.instagram.com\/wavegarden_official\/\",\"https:\/\/www.linkedin.com\/company\/wavegarden\/\",\"https:\/\/www.youtube.com\/@WavegardenOfficial\"]}]}<\/script>\n<!-- \/ Yoast SEO plugin. -->","yoast_head_json":{"title":"| Rentabilit\u00e4t eines Wavegarden Cove und Baukosten","description":"Wavegarden ist die rentabelste Option f\u00fcr Investoren. Sehen Sie sich die Gesch\u00e4ftszahlen eines Wavegarden Cove an: Investition, ROI, Einnahmen, Kosten, Verbrauch usw.","robots":{"index":"index","follow":"follow","max-snippet":"max-snippet:-1","max-image-preview":"max-image-preview:large","max-video-preview":"max-video-preview:-1"},"canonical":"https:\/\/wavegarden.com\/de\/bewaehrtes-geschaeft\/","og_locale":"de_DE","og_type":"article","og_title":"| Rentabilit\u00e4t eines Wavegarden Cove und Baukosten","og_description":"Wavegarden ist die rentabelste Option f\u00fcr Investoren. Sehen Sie sich die Gesch\u00e4ftszahlen eines Wavegarden Cove an: Investition, ROI, Einnahmen, Kosten, Verbrauch usw.","og_url":"https:\/\/wavegarden.com\/de\/bewaehrtes-geschaeft\/","og_site_name":"Wavegarden","article_publisher":"http:\/\/www.facebook.com\/Wavegarden","article_modified_time":"2025-10-13T11:56:23+00:00","og_image":[{"width":1600,"height":806,"url":"https:\/\/wavegarden.com\/wp-content\/uploads\/2022\/12\/Hero-wavegarden-Business.webp","type":"image\/webp"}],"twitter_card":"summary_large_image","twitter_site":"@wavegarden","twitter_misc":{"Gesch\u00e4tzte Lesezeit":"3\u00a0Minuten"},"schema":{"@context":"https:\/\/schema.org","@graph":[{"@type":"WebPage","@id":"https:\/\/wavegarden.com\/de\/bewaehrtes-geschaeft\/","url":"https:\/\/wavegarden.com\/de\/bewaehrtes-geschaeft\/","name":"| Rentabilit\u00e4t eines Wavegarden Cove und Baukosten","isPartOf":{"@id":"https:\/\/wavegarden.com\/de\/#website"},"primaryImageOfPage":{"@id":"https:\/\/wavegarden.com\/de\/bewaehrtes-geschaeft\/#primaryimage"},"image":{"@id":"https:\/\/wavegarden.com\/de\/bewaehrtes-geschaeft\/#primaryimage"},"thumbnailUrl":"https:\/\/wavegarden.com\/wp-content\/uploads\/2022\/12\/Hero-wavegarden-Business.webp","datePublished":"2023-01-12T16:03:06+00:00","dateModified":"2025-10-13T11:56:23+00:00","description":"Wavegarden ist die rentabelste Option f\u00fcr Investoren. Sehen Sie sich die Gesch\u00e4ftszahlen eines Wavegarden Cove an: Investition, ROI, Einnahmen, Kosten, Verbrauch usw.","breadcrumb":{"@id":"https:\/\/wavegarden.com\/de\/bewaehrtes-geschaeft\/#breadcrumb"},"inLanguage":"de","potentialAction":[{"@type":"ReadAction","target":["https:\/\/wavegarden.com\/de\/bewaehrtes-geschaeft\/"]}]},{"@type":"ImageObject","inLanguage":"de","@id":"https:\/\/wavegarden.com\/de\/bewaehrtes-geschaeft\/#primaryimage","url":"https:\/\/wavegarden.com\/wp-content\/uploads\/2022\/12\/Hero-wavegarden-Business.webp","contentUrl":"https:\/\/wavegarden.com\/wp-content\/uploads\/2022\/12\/Hero-wavegarden-Business.webp","width":1600,"height":806},{"@type":"BreadcrumbList","@id":"https:\/\/wavegarden.com\/de\/bewaehrtes-geschaeft\/#breadcrumb","itemListElement":[{"@type":"ListItem","position":1,"name":"Home","item":"https:\/\/wavegarden.com\/de\/"},{"@type":"ListItem","position":2,"name":"ERPROBTES GESCH\u00c4FTSMODELL"}]},{"@type":"WebSite","@id":"https:\/\/wavegarden.com\/de\/#website","url":"https:\/\/wavegarden.com\/de\/","name":"Wavegarden","description":"","publisher":{"@id":"https:\/\/wavegarden.com\/de\/#organization"},"potentialAction":[{"@type":"SearchAction","target":{"@type":"EntryPoint","urlTemplate":"https:\/\/wavegarden.com\/de\/?s={search_term_string}"},"query-input":{"@type":"PropertyValueSpecification","valueRequired":true,"valueName":"search_term_string"}}],"inLanguage":"de"},{"@type":"Organization","@id":"https:\/\/wavegarden.com\/de\/#organization","name":"Wavegarden","alternateName":"Wavegarden","url":"https:\/\/wavegarden.com\/de\/","logo":{"@type":"ImageObject","inLanguage":"de","@id":"https:\/\/wavegarden.com\/de\/#\/schema\/logo\/image\/","url":"https:\/\/wavegarden.com\/wp-content\/uploads\/2024\/06\/logo-wavegarden.png","contentUrl":"https:\/\/wavegarden.com\/wp-content\/uploads\/2024\/06\/logo-wavegarden.png","width":692,"height":292,"caption":"Wavegarden"},"image":{"@id":"https:\/\/wavegarden.com\/de\/#\/schema\/logo\/image\/"},"sameAs":["http:\/\/www.facebook.com\/Wavegarden","https:\/\/x.com\/wavegarden","https:\/\/www.instagram.com\/wavegarden_official\/","https:\/\/www.linkedin.com\/company\/wavegarden\/","https:\/\/www.youtube.com\/@WavegardenOfficial"]}]}},"_links":{"self":[{"href":"https:\/\/wavegarden.com\/de\/wp-json\/wp\/v2\/pages\/16460","targetHints":{"allow":["GET"]}}],"collection":[{"href":"https:\/\/wavegarden.com\/de\/wp-json\/wp\/v2\/pages"}],"about":[{"href":"https:\/\/wavegarden.com\/de\/wp-json\/wp\/v2\/types\/page"}],"author":[{"embeddable":true,"href":"https:\/\/wavegarden.com\/de\/wp-json\/wp\/v2\/users\/4"}],"replies":[{"embeddable":true,"href":"https:\/\/wavegarden.com\/de\/wp-json\/wp\/v2\/comments?post=16460"}],"version-history":[{"count":16,"href":"https:\/\/wavegarden.com\/de\/wp-json\/wp\/v2\/pages\/16460\/revisions"}],"predecessor-version":[{"id":44558,"href":"https:\/\/wavegarden.com\/de\/wp-json\/wp\/v2\/pages\/16460\/revisions\/44558"}],"wp:featuredmedia":[{"embeddable":true,"href":"https:\/\/wavegarden.com\/de\/wp-json\/wp\/v2\/media\/15723"}],"wp:attachment":[{"href":"https:\/\/wavegarden.com\/de\/wp-json\/wp\/v2\/media?parent=16460"}],"curies":[{"name":"wp","href":"https:\/\/api.w.org\/{rel}","templated":true}]}}