{"id":14188,"date":"2022-10-17T12:01:52","date_gmt":"2022-10-17T10:01:52","guid":{"rendered":"https:\/\/wavegarden.com\/?page_id=14188"},"modified":"2022-10-18T17:02:14","modified_gmt":"2022-10-18T15:02:14","slug":"sicherheit","status":"publish","type":"page","link":"https:\/\/wavegarden.com\/de\/wavegarden-cove\/sicherheit\/","title":{"rendered":"Sicherheit"},"content":{"rendered":"\n<h2 class=\"has-text-align-center wp-block-heading\"><strong>Weltweite Sicherheitszertifikate<\/strong><\/h2>\n\n\n\n<p class=\"has-text-align-center\">Alle Wavegarden Systeme werden in \u00dcbereinstimmung mit internationalen Sicherheitsrichtlinien entwickelt und gebaut. Die Konstruktion der Surf-Anlage wurde vom T\u00dcV Rheinland (weltweit f\u00fchrendes Zertifizierungsunternehmen f\u00fcr Risikopr\u00e4vention) erfolgreich gepr\u00fcft, um die Einhaltung der aktuellen Sicherheitsstandards zu gew\u00e4hrleisten.<\/p>\n\n\n\n<p class=\"has-text-align-center\">Dar\u00fcberhinaus ist der Wavegarden Cove nach australischen und amerikanischen Standards zertifiziert.<\/p>\n\n\n<section id=\"section-block_42bae32d0cf1ecf700c363562d95aabd\" class=\"chess wavegarden-gutenberg-advanced-chess alignfull\" >\n  <div class=\"advanced-chess-wrapper\"> \n    \n\n<div id=\"section-block_e871cd6660d877b4f1316da8caf1de97\" class=\"wavegarden-advanced-chess-visual-content-block\" style=\"background-color: rgb(255,255,255)\">\n  \n\n<h2 class=\"wp-block-heading\">Betriebssicherheit<\/h2>\n\n\n\n<p>Die Sicherheit von G\u00e4sten und Mitarbeitern hat im t\u00e4glichen Betrieb einer Wavegarden Anlage oberste Priorit\u00e4t. Die Anlage bietet eine absolut sichere Umgebung zum Surfen, und unsere Spezialisten haben sehr detaillierte Verfahren und Schulungshandb\u00fccher entwickelt, damit alle Aktivit\u00e4ten sicher und ohne Zwischenf\u00e4lle erfolgen k\u00f6nnen. Dazu geh\u00f6ren: <\/p>\n\n\n\n<ul class=\"wp-block-list\"><li>Personalschulung<\/li><li>Wassersicherheit<\/li><li>Betrieb der verschiedenen Surfbereiche<\/li><li>Kapazit\u00e4tsempfehlungen<\/li><li>Beschilderung<\/li><li>Angemessene Ausr\u00fcstung<\/li><li>Sicherheitskontrollen<\/li><\/ul>\n\n\n<\/div>\n\n\n<section id=\"section-block_1c9f6ca2539b287c81021b9938926e19\" class=\"wavegarden-advanced-chess-gutenberg-content-block\" >\n  <span class=\"dashicon dashicons dashicons-edit 1\"><\/span>\n      <section class=\"main-gallery alignfull\">\n      <div class=\"container\">\n        <div class=\"swiper-block_1c9f6ca2539b287c81021b9938926e19 swiper-container swiper-gallery\">\n          <div class=\"swiper-wrapper\">\n            <div class=\"swiper-slide\">\n                            <div class=\"card-image\">\n                                <a href=\"https:\/\/wavegarden.com\/wp-content\/uploads\/2022\/09\/Seguridad-usuarios.jpg\" class=\"inline-pics__item\" data-lity>\n                                    <img decoding=\"async\" src=\"https:\/\/wavegarden.com\/wp-content\/uploads\/2022\/09\/Seguridad-usuarios.jpg\"\n                                        srcset=\"https:\/\/wavegarden.com\/wp-content\/uploads\/2022\/09\/Seguridad-usuarios.jpg 1600w, https:\/\/wavegarden.com\/wp-content\/uploads\/2022\/09\/Seguridad-usuarios-300x200.jpg 300w, https:\/\/wavegarden.com\/wp-content\/uploads\/2022\/09\/Seguridad-usuarios-1024x683.jpg 1024w, https:\/\/wavegarden.com\/wp-content\/uploads\/2022\/09\/Seguridad-usuarios-768x512.jpg 768w, https:\/\/wavegarden.com\/wp-content\/uploads\/2022\/09\/Seguridad-usuarios-1536x1024.jpg 1536w, https:\/\/wavegarden.com\/wp-content\/uploads\/2022\/09\/Seguridad-usuarios-800x534.jpg 800w\"\n                                        sizes=\"(max-width: 1600px) 100vw, 1600px\"\n                                        alt=\"\" \/>\n                                <\/a>\n                            <\/div>\n                        <\/div>          <\/div>\n            <!-- Add Pagination -->\n          <div class=\"swiper-pagination-block_1c9f6ca2539b287c81021b9938926e19\"><\/div>\n        <\/div>\n      <\/div>\n    <\/section>\n\n    <script>\n        \/\/ Swiper Configuration - advanced chess visual content\n        var swiper = '';\n        if (typeof Swiper !== 'undefined') {\n            var swiper = new Swiper(\".swiper-block_1c9f6ca2539b287c81021b9938926e19\", {\n                slidesPerView: 1,\n                centeredSlides: true,\n                grabCursor: true,\n                loop: true,\n                                lazy: true,\n                pagination: {\n                  el: \".swiper-pagination-block_1c9f6ca2539b287c81021b9938926e19\",\n                },\n            });\n        }\n    <\/script>\n    \n    \n<\/section>\n\n\n<section id=\"section-block_8094fa0c4b1bcbad86cfa52b26afa449\" class=\"wavegarden-advanced-chess-gutenberg-content-block\" >\n  <span class=\"dashicon dashicons dashicons-edit 1\"><\/span>\n      <section class=\"main-gallery alignfull\">\n      <div class=\"container\">\n        <div class=\"swiper-block_8094fa0c4b1bcbad86cfa52b26afa449 swiper-container swiper-gallery\">\n          <div class=\"swiper-wrapper\">\n            <div class=\"swiper-slide\">\n                            <div class=\"card-image\">\n                                <a href=\"https:\/\/wavegarden.com\/wp-content\/uploads\/2022\/09\/Seguridad-de-los-usuarios.jpg\" class=\"inline-pics__item\" data-lity>\n                                    <img decoding=\"async\" src=\"https:\/\/wavegarden.com\/wp-content\/uploads\/2022\/09\/Seguridad-de-los-usuarios.jpg\"\n                                        srcset=\"https:\/\/wavegarden.com\/wp-content\/uploads\/2022\/09\/Seguridad-de-los-usuarios.jpg 2048w, https:\/\/wavegarden.com\/wp-content\/uploads\/2022\/09\/Seguridad-de-los-usuarios-300x200.jpg 300w, https:\/\/wavegarden.com\/wp-content\/uploads\/2022\/09\/Seguridad-de-los-usuarios-1024x683.jpg 1024w, https:\/\/wavegarden.com\/wp-content\/uploads\/2022\/09\/Seguridad-de-los-usuarios-768x512.jpg 768w, https:\/\/wavegarden.com\/wp-content\/uploads\/2022\/09\/Seguridad-de-los-usuarios-1536x1024.jpg 1536w, https:\/\/wavegarden.com\/wp-content\/uploads\/2022\/09\/Seguridad-de-los-usuarios-800x533.jpg 800w\"\n                                        sizes=\"(max-width: 2048px) 100vw, 2048px\"\n                                        alt=\"\" \/>\n                                <\/a>\n                            <\/div>\n                        <\/div>          <\/div>\n            <!-- Add Pagination -->\n          <div class=\"swiper-pagination-block_8094fa0c4b1bcbad86cfa52b26afa449\"><\/div>\n        <\/div>\n      <\/div>\n    <\/section>\n\n    <script>\n        \/\/ Swiper Configuration - advanced chess visual content\n        var swiper = '';\n        if (typeof Swiper !== 'undefined') {\n            var swiper = new Swiper(\".swiper-block_8094fa0c4b1bcbad86cfa52b26afa449\", {\n                slidesPerView: 1,\n                centeredSlides: true,\n                grabCursor: true,\n                loop: true,\n                                lazy: true,\n                pagination: {\n                  el: \".swiper-pagination-block_8094fa0c4b1bcbad86cfa52b26afa449\",\n                },\n            });\n        }\n    <\/script>\n    \n    \n<\/section>\n\n\n<div id=\"section-block_e871cd6660d877b4f1316da8caf1de97\" class=\"wavegarden-advanced-chess-visual-content-block\" style=\"background-color: rgb(255,255,255)\">\n  \n\n<h2 class=\"wp-block-heading\">Sicherheit der G\u00e4ste <\/h2>\n\n\n\n<p>Einer der gro\u00dfen Vorteile einer Wavegarden-Anlage ist die Einrichtung eines sicheren Umfelds, in dem die Wassertiefe, die Wellengr\u00f6\u00dfe und die Wellenfrequenz aufeinander abgestimmt werden. Es gibt keine gef\u00e4hrlichen Elemente wie unkontrollierte Str\u00f6mungen, Korallen, versteckte Felsen oder Meeresfauna.<\/p>\n\n\n\n<p>Ein Wavegarden bietet eine sichere Umgebung bez\u00fcglich Wassertiefe sowie H\u00f6he und Frequenz der Wellen. Es gibt keine unvorhergesehenen Str\u00f6mungen, keinen gef\u00e4hrlichen Korallen- oder Felsuntergrund und keine Meerestiere.<\/p>\n\n\n\n<p>Zus\u00e4tzliche Aufprallschutzvorrichtungen, rutschfeste Oberfl\u00e4chen und viele weitere Ma\u00dfnahmen gew\u00e4hrleisten die Sicherheit der Surfer. Surfkenntnisse sind nicht erforderlich. Benutzer m\u00fcssen lediglich schwimmen k\u00f6nnen und sich im Element Wasser wohlf\u00fchlen.<\/p>\n\n\n<\/div>\n\n  <\/div>\n<\/section>\n\n\n<style>\n  body:not(.wp-admin) .advanced-chess-wrapper,\n  body.wp-admin .advanced-chess-wrapper > .block-editor-inner-blocks > .block-editor-block-list__layout {\n    display: flex;\n    flex-wrap: wrap;\n    max-width: 1440px;\n    margin-left: auto;\n    margin-right: auto;\n  }\n  body:not(.wp-admin) .advanced-chess-wrapper > *,\n  body.wp-admin .advanced-chess-wrapper > .block-editor-inner-blocks > .block-editor-block-list__layout > * {\n    overflow: hidden;\n    margin: 0;\n  }\n\n  body.wp-admin .block-editor-block-list__block.wp-block.wp-block-acf-wavegarden-advanced-chess {\n    width: 100%;\n    max-width: 1440px;\n  }\n\n  @media (min-width: 1024px){\n    body:not(.wp-admin) .advanced-chess-wrapper > *,\n    body.wp-admin .advanced-chess-wrapper > .block-editor-inner-blocks > .block-editor-block-list__layout > * {\n      width: 50%;\n      overflow: hidden;\n    }\n  }\n\n  @media (max-width: 1023px){\n                body:not(.wp-admin) #section-block_42bae32d0cf1ecf700c363562d95aabd .advanced-chess-wrapper > *:nth-child(1),\n            body.wp-admin #section-block_42bae32d0cf1ecf700c363562d95aabd .advanced-chess-wrapper > .block-editor-inner-blocks > .block-editor-block-list__layout > * :nth-child(1) {\n              order: 1;\n            }\n                    body:not(.wp-admin) #section-block_42bae32d0cf1ecf700c363562d95aabd .advanced-chess-wrapper > *:nth-child(2),\n            body.wp-admin #section-block_42bae32d0cf1ecf700c363562d95aabd .advanced-chess-wrapper > .block-editor-inner-blocks > .block-editor-block-list__layout > * :nth-child(2) {\n              order: 0;\n            }\n                    body:not(.wp-admin) #section-block_42bae32d0cf1ecf700c363562d95aabd .advanced-chess-wrapper > *:nth-child(3),\n            body.wp-admin #section-block_42bae32d0cf1ecf700c363562d95aabd .advanced-chess-wrapper > .block-editor-inner-blocks > .block-editor-block-list__layout > * :nth-child(3) {\n              order: 2;\n            }\n                    body:not(.wp-admin) #section-block_42bae32d0cf1ecf700c363562d95aabd .advanced-chess-wrapper > *:nth-child(4),\n            body.wp-admin #section-block_42bae32d0cf1ecf700c363562d95aabd .advanced-chess-wrapper > .block-editor-inner-blocks > .block-editor-block-list__layout > * :nth-child(4) {\n              order: 3;\n            }\n          }\n\n  \/** Visual content *\/\n  .wp-block-acf-wavegarden-advanced-chess-visual-content-block > div:not(.swiper-pagination-bullets ),\n  .wp-block-acf-wavegarden-advanced-chess-visual-content-block section,\n  .advanced-chess-wrapper .main-gallery .container .swiper-gallery .swiper-wrapper .card-image a,\n  .advanced-chess-wrapper .main-gallery .container .swiper-gallery .swiper-wrapper .card-image,\n  .advanced-chess-wrapper .main-gallery .container .swiper-gallery .swiper-wrapper,\n  .advanced-chess-wrapper .main-gallery .container .swiper-gallery,\n  .advanced-chess-wrapper .main-gallery .container,\n  .advanced-chess-wrapper .main-gallery {\n    height: 100%;\n  }\n\n  @supports ((-o-object-fit:cover) or (object-fit:cover)){\n    .inline-pics__item {\n      height: auto;\n    }\n    .inline-pics__item img {\n      min-width: none;\n      min-height: none;\n      max-width: 100%;\n      max-height: 100%;\n      top: 0;\n      left: 0;\n      -webkit-transform: none;\n      transform: none;\n      -o-object-fit: cover;\n      object-fit: cover;\n      display: block;\n    }\n  }\n\n  .inline-pics__item {\n    display: block;\n    position: relative;\n    overflow: hidden;\n    width: 100%;\n    height: auto;\n    \/* margin: 0 0 10px; 16\/09\/2024 *\/\n    margin: 0;\n  }\n\n  .inline-pics__item:before {\n    content: \"\";\n    display: block;\n    padding-top: 66.7%;\n  }\n\n  .inline-pics__item img {\n    position: absolute;\n    top: 50%;\n    left: 50%;\n    -webkit-transform: translate(-50%,-50%);\n    transform: translate(-50%,-50%);\n    display: block;\n    max-width: none;\n    max-height: none;\n    width: 101%;\n    height: 101%;\n    min-height: 100%;\n    min-width: 100%;\n  }\n\n  body.wp-admin a.inline-pics__item {\n    pointer-events: none;\n  }\n\n  body:not(.wp-admin) .advanced-chess-wrapper .main-gallery .container{\n    position: relative;\n  }\n\n  .swiper-horizontal>.swiper-pagination-bullets,\n  .swiper-pagination-bullets.swiper-pagination-horizontal {\n    position: absolute;\n    bottom: 20px;\n    z-index: 10;\n    display: flex;\n    justify-content: center;\n  }\n\n  body:not(.wp-admin) .wavegarden-advanced-chess-gutenberg-content-block span.dashicons-edit {\n    display: none;\n  }\n\n  body.wp-admin .wp-block-acf-wavegarden-advanced-chess-visual-content-block .acf-block-component > div ,\n  body.wp-admin .wp-block-acf-wavegarden-advanced-chess-visual-content-block .acf-block-component > div > .acf-block-preview {\n    height: 100%;\n  }\n\n  body.wp-admin .wavegarden-advanced-chess-gutenberg-content-block span.dashicons-edit {\n    position: absolute;\n    background: white;\n    padding: 15px;\n    z-index: 10;\n    border: solid 1px black;\n  }\n\n\n  body.wp-admin .wp-block-acf-wavegarden-advanced-chess-gutenberg-content-block,\n    body:not(.wp-admin) .wavegarden-advanced-chess-gutenberg-content-block {\n      \/*aspect-ratio: 1\/1; 16\/09\/2024 *\/\n      aspect-ratio: 1\/1;\n    }\n\n  @media (max-width: 1023px){\n    body.wp-admin .wp-block-acf-wavegarden-advanced-chess-gutenberg-content-block,\n    body:not(.wp-admin) .wavegarden-advanced-chess-gutenberg-content-block {\n      aspect-ratio: 1\/1;\n      width: 100%;\n      \/* max-width: 500px; 16\/09\/2024 *\/\n      max-height: 90vh;\n      margin: auto;\n    }\n  }\n\n  .swiper-slide {\n    overflow: hidden;\n  }\n\n  .media__video {\n    padding: 0;\n  }\n\n  .media__video svg {\n    position: absolute;\n    bottom: 50%;\n    right: 50%;\n    transform: translate(50%, 50%);\n    background: radial-gradient(circle, rgba(255,255,255,1) 0%, rgba(255,255,255,0.500437675070028) 25%, rgba(255,255,255,0) 75%);\n  }\n\n  .block-editor-page .swiper-slide .wg-video-embed img,\n  .block-editor-page .swiper-slide .wg-video-embed video {\n    max-width: unset;\n    object-fit: cover;\n    min-width: 100%;\n    min-height: 100%;\n    position: absolute;\n    top: 50%;\n    left: 50%;\n    transform: translate(-50%, -50%);\n  }\n\n  .advanced-chess-wrapper .swiper-slide .wg-video-embed video {\n    width: 100%;\n    height: 100%;\n  }\n\n  .block-editor-page .swiper-slide .wg-video-embed {\n    margin: 0;\n  }\n\n  .block-editor-page .swiper-slide .wg-video-embed svg {\n    bottom: 5px;\n    right: 10px;\n    position: absolute;\n  }\n  \n  .swiper-slide .wg-video-embed:hover svg {\n    background: radial-gradient(circle, rgba(0,0,0,1) 0%, rgba(0,0,0,0.500437675070028) 25%, rgba(0,0,0,0) 75%);\n  }\n\n  .swiper-slide .wg-video-embed:hover svg g {\n    fill: white;\n  }\n\n  \/** Gutenberg content *\/\n   .wavegarden-advanced-chess-visual-content-block {\n    display: flex;\n    flex-direction: column;\n    justify-content: center;\n    padding: 50px;\n  }\n<\/style>","protected":false},"excerpt":{"rendered":"<p>Weltweite Sicherheitszertifikate Alle Wavegarden Systeme werden in \u00dcbereinstimmung mit internationalen Sicherheitsrichtlinien entwickelt und gebaut. Die Konstruktion der Surf-Anlage wurde vom T\u00dcV Rheinland (weltweit f\u00fchrendes Zertifizierungsunternehmen f\u00fcr Risikopr\u00e4vention) erfolgreich gepr\u00fcft, um die Einhaltung der aktuellen Sicherheitsstandards zu gew\u00e4hrleisten. Dar\u00fcberhinaus ist der Wavegarden Cove nach australischen und amerikanischen Standards zertifiziert.<\/p>\n","protected":false},"author":4,"featured_media":13828,"parent":14180,"menu_order":0,"comment_status":"closed","ping_status":"closed","template":"pages\/cove.php","meta":{"_acf_changed":false,"footnotes":""},"class_list":["post-14188","page","type-page","status-publish","has-post-thumbnail","hentry"],"acf":[],"yoast_head":"<!-- This site is optimized with the Yoast SEO plugin v27.2 - https:\/\/yoast.com\/product\/yoast-seo-wordpress\/ -->\n<title>Sicherheit - Wavegarden<\/title>\n<meta name=\"robots\" content=\"index, follow, max-snippet:-1, max-image-preview:large, max-video-preview:-1\" \/>\n<link rel=\"canonical\" href=\"https:\/\/wavegarden.com\/de\/wavegarden-cove\/sicherheit\/\" \/>\n<meta property=\"og:locale\" content=\"de_DE\" \/>\n<meta property=\"og:type\" content=\"article\" \/>\n<meta property=\"og:title\" content=\"Sicherheit - Wavegarden\" \/>\n<meta property=\"og:description\" content=\"Weltweite Sicherheitszertifikate Alle Wavegarden Systeme werden in \u00dcbereinstimmung mit internationalen Sicherheitsrichtlinien entwickelt und gebaut. Die Konstruktion der Surf-Anlage wurde vom T\u00dcV Rheinland (weltweit f\u00fchrendes Zertifizierungsunternehmen f\u00fcr Risikopr\u00e4vention) erfolgreich gepr\u00fcft, um die Einhaltung der aktuellen Sicherheitsstandards zu gew\u00e4hrleisten. Dar\u00fcberhinaus ist der Wavegarden Cove nach australischen und amerikanischen Standards zertifiziert.\" \/>\n<meta property=\"og:url\" content=\"https:\/\/wavegarden.com\/de\/wavegarden-cove\/sicherheit\/\" \/>\n<meta property=\"og:site_name\" content=\"Wavegarden\" \/>\n<meta property=\"article:publisher\" content=\"http:\/\/www.facebook.com\/Wavegarden\" \/>\n<meta property=\"article:modified_time\" content=\"2022-10-18T15:02:14+00:00\" \/>\n<meta property=\"og:image\" content=\"https:\/\/wavegarden.com\/wp-content\/uploads\/2022\/09\/IMG_0939-scaled.jpg\" \/>\n\t<meta property=\"og:image:width\" content=\"2560\" \/>\n\t<meta property=\"og:image:height\" content=\"2000\" \/>\n\t<meta property=\"og:image:type\" content=\"image\/jpeg\" \/>\n<meta name=\"twitter:card\" content=\"summary_large_image\" \/>\n<meta name=\"twitter:site\" content=\"@wavegarden\" \/>\n<meta name=\"twitter:label1\" content=\"Gesch\u00e4tzte Lesezeit\" \/>\n\t<meta name=\"twitter:data1\" content=\"1\u00a0Minute\" \/>\n<script type=\"application\/ld+json\" class=\"yoast-schema-graph\">{\"@context\":\"https:\/\/schema.org\",\"@graph\":[{\"@type\":\"WebPage\",\"@id\":\"https:\/\/wavegarden.com\/de\/wavegarden-cove\/sicherheit\/\",\"url\":\"https:\/\/wavegarden.com\/de\/wavegarden-cove\/sicherheit\/\",\"name\":\"Sicherheit - Wavegarden\",\"isPartOf\":{\"@id\":\"https:\/\/wavegarden.com\/de\/#website\"},\"primaryImageOfPage\":{\"@id\":\"https:\/\/wavegarden.com\/de\/wavegarden-cove\/sicherheit\/#primaryimage\"},\"image\":{\"@id\":\"https:\/\/wavegarden.com\/de\/wavegarden-cove\/sicherheit\/#primaryimage\"},\"thumbnailUrl\":\"https:\/\/wavegarden.com\/wp-content\/uploads\/2022\/09\/IMG_0939-scaled.jpg\",\"datePublished\":\"2022-10-17T10:01:52+00:00\",\"dateModified\":\"2022-10-18T15:02:14+00:00\",\"breadcrumb\":{\"@id\":\"https:\/\/wavegarden.com\/de\/wavegarden-cove\/sicherheit\/#breadcrumb\"},\"inLanguage\":\"de\",\"potentialAction\":[{\"@type\":\"ReadAction\",\"target\":[\"https:\/\/wavegarden.com\/de\/wavegarden-cove\/sicherheit\/\"]}]},{\"@type\":\"ImageObject\",\"inLanguage\":\"de\",\"@id\":\"https:\/\/wavegarden.com\/de\/wavegarden-cove\/sicherheit\/#primaryimage\",\"url\":\"https:\/\/wavegarden.com\/wp-content\/uploads\/2022\/09\/IMG_0939-scaled.jpg\",\"contentUrl\":\"https:\/\/wavegarden.com\/wp-content\/uploads\/2022\/09\/IMG_0939-scaled.jpg\",\"width\":2560,\"height\":2000},{\"@type\":\"BreadcrumbList\",\"@id\":\"https:\/\/wavegarden.com\/de\/wavegarden-cove\/sicherheit\/#breadcrumb\",\"itemListElement\":[{\"@type\":\"ListItem\",\"position\":1,\"name\":\"Home\",\"item\":\"https:\/\/wavegarden.com\/de\/\"},{\"@type\":\"ListItem\",\"position\":2,\"name\":\"Wavegarden Cove\",\"item\":\"https:\/\/wavegarden.com\/de\/wavegarden-cove\/\"},{\"@type\":\"ListItem\",\"position\":3,\"name\":\"Sicherheit\"}]},{\"@type\":\"WebSite\",\"@id\":\"https:\/\/wavegarden.com\/de\/#website\",\"url\":\"https:\/\/wavegarden.com\/de\/\",\"name\":\"Wavegarden\",\"description\":\"\",\"publisher\":{\"@id\":\"https:\/\/wavegarden.com\/de\/#organization\"},\"potentialAction\":[{\"@type\":\"SearchAction\",\"target\":{\"@type\":\"EntryPoint\",\"urlTemplate\":\"https:\/\/wavegarden.com\/de\/?s={search_term_string}\"},\"query-input\":{\"@type\":\"PropertyValueSpecification\",\"valueRequired\":true,\"valueName\":\"search_term_string\"}}],\"inLanguage\":\"de\"},{\"@type\":\"Organization\",\"@id\":\"https:\/\/wavegarden.com\/de\/#organization\",\"name\":\"Wavegarden\",\"alternateName\":\"Wavegarden\",\"url\":\"https:\/\/wavegarden.com\/de\/\",\"logo\":{\"@type\":\"ImageObject\",\"inLanguage\":\"de\",\"@id\":\"https:\/\/wavegarden.com\/de\/#\/schema\/logo\/image\/\",\"url\":\"https:\/\/wavegarden.com\/wp-content\/uploads\/2024\/06\/logo-wavegarden.png\",\"contentUrl\":\"https:\/\/wavegarden.com\/wp-content\/uploads\/2024\/06\/logo-wavegarden.png\",\"width\":692,\"height\":292,\"caption\":\"Wavegarden\"},\"image\":{\"@id\":\"https:\/\/wavegarden.com\/de\/#\/schema\/logo\/image\/\"},\"sameAs\":[\"http:\/\/www.facebook.com\/Wavegarden\",\"https:\/\/x.com\/wavegarden\",\"https:\/\/www.instagram.com\/wavegarden_official\/\",\"https:\/\/www.linkedin.com\/company\/wavegarden\/\",\"https:\/\/www.youtube.com\/@WavegardenOfficial\"]}]}<\/script>\n<!-- \/ Yoast SEO plugin. -->","yoast_head_json":{"title":"Sicherheit - Wavegarden","robots":{"index":"index","follow":"follow","max-snippet":"max-snippet:-1","max-image-preview":"max-image-preview:large","max-video-preview":"max-video-preview:-1"},"canonical":"https:\/\/wavegarden.com\/de\/wavegarden-cove\/sicherheit\/","og_locale":"de_DE","og_type":"article","og_title":"Sicherheit - Wavegarden","og_description":"Weltweite Sicherheitszertifikate Alle Wavegarden Systeme werden in \u00dcbereinstimmung mit internationalen Sicherheitsrichtlinien entwickelt und gebaut. Die Konstruktion der Surf-Anlage wurde vom T\u00dcV Rheinland (weltweit f\u00fchrendes Zertifizierungsunternehmen f\u00fcr Risikopr\u00e4vention) erfolgreich gepr\u00fcft, um die Einhaltung der aktuellen Sicherheitsstandards zu gew\u00e4hrleisten. Dar\u00fcberhinaus ist der Wavegarden Cove nach australischen und amerikanischen Standards zertifiziert.","og_url":"https:\/\/wavegarden.com\/de\/wavegarden-cove\/sicherheit\/","og_site_name":"Wavegarden","article_publisher":"http:\/\/www.facebook.com\/Wavegarden","article_modified_time":"2022-10-18T15:02:14+00:00","og_image":[{"width":2560,"height":2000,"url":"https:\/\/wavegarden.com\/wp-content\/uploads\/2022\/09\/IMG_0939-scaled.jpg","type":"image\/jpeg"}],"twitter_card":"summary_large_image","twitter_site":"@wavegarden","twitter_misc":{"Gesch\u00e4tzte Lesezeit":"1\u00a0Minute"},"schema":{"@context":"https:\/\/schema.org","@graph":[{"@type":"WebPage","@id":"https:\/\/wavegarden.com\/de\/wavegarden-cove\/sicherheit\/","url":"https:\/\/wavegarden.com\/de\/wavegarden-cove\/sicherheit\/","name":"Sicherheit - Wavegarden","isPartOf":{"@id":"https:\/\/wavegarden.com\/de\/#website"},"primaryImageOfPage":{"@id":"https:\/\/wavegarden.com\/de\/wavegarden-cove\/sicherheit\/#primaryimage"},"image":{"@id":"https:\/\/wavegarden.com\/de\/wavegarden-cove\/sicherheit\/#primaryimage"},"thumbnailUrl":"https:\/\/wavegarden.com\/wp-content\/uploads\/2022\/09\/IMG_0939-scaled.jpg","datePublished":"2022-10-17T10:01:52+00:00","dateModified":"2022-10-18T15:02:14+00:00","breadcrumb":{"@id":"https:\/\/wavegarden.com\/de\/wavegarden-cove\/sicherheit\/#breadcrumb"},"inLanguage":"de","potentialAction":[{"@type":"ReadAction","target":["https:\/\/wavegarden.com\/de\/wavegarden-cove\/sicherheit\/"]}]},{"@type":"ImageObject","inLanguage":"de","@id":"https:\/\/wavegarden.com\/de\/wavegarden-cove\/sicherheit\/#primaryimage","url":"https:\/\/wavegarden.com\/wp-content\/uploads\/2022\/09\/IMG_0939-scaled.jpg","contentUrl":"https:\/\/wavegarden.com\/wp-content\/uploads\/2022\/09\/IMG_0939-scaled.jpg","width":2560,"height":2000},{"@type":"BreadcrumbList","@id":"https:\/\/wavegarden.com\/de\/wavegarden-cove\/sicherheit\/#breadcrumb","itemListElement":[{"@type":"ListItem","position":1,"name":"Home","item":"https:\/\/wavegarden.com\/de\/"},{"@type":"ListItem","position":2,"name":"Wavegarden Cove","item":"https:\/\/wavegarden.com\/de\/wavegarden-cove\/"},{"@type":"ListItem","position":3,"name":"Sicherheit"}]},{"@type":"WebSite","@id":"https:\/\/wavegarden.com\/de\/#website","url":"https:\/\/wavegarden.com\/de\/","name":"Wavegarden","description":"","publisher":{"@id":"https:\/\/wavegarden.com\/de\/#organization"},"potentialAction":[{"@type":"SearchAction","target":{"@type":"EntryPoint","urlTemplate":"https:\/\/wavegarden.com\/de\/?s={search_term_string}"},"query-input":{"@type":"PropertyValueSpecification","valueRequired":true,"valueName":"search_term_string"}}],"inLanguage":"de"},{"@type":"Organization","@id":"https:\/\/wavegarden.com\/de\/#organization","name":"Wavegarden","alternateName":"Wavegarden","url":"https:\/\/wavegarden.com\/de\/","logo":{"@type":"ImageObject","inLanguage":"de","@id":"https:\/\/wavegarden.com\/de\/#\/schema\/logo\/image\/","url":"https:\/\/wavegarden.com\/wp-content\/uploads\/2024\/06\/logo-wavegarden.png","contentUrl":"https:\/\/wavegarden.com\/wp-content\/uploads\/2024\/06\/logo-wavegarden.png","width":692,"height":292,"caption":"Wavegarden"},"image":{"@id":"https:\/\/wavegarden.com\/de\/#\/schema\/logo\/image\/"},"sameAs":["http:\/\/www.facebook.com\/Wavegarden","https:\/\/x.com\/wavegarden","https:\/\/www.instagram.com\/wavegarden_official\/","https:\/\/www.linkedin.com\/company\/wavegarden\/","https:\/\/www.youtube.com\/@WavegardenOfficial"]}]}},"_links":{"self":[{"href":"https:\/\/wavegarden.com\/de\/wp-json\/wp\/v2\/pages\/14188","targetHints":{"allow":["GET"]}}],"collection":[{"href":"https:\/\/wavegarden.com\/de\/wp-json\/wp\/v2\/pages"}],"about":[{"href":"https:\/\/wavegarden.com\/de\/wp-json\/wp\/v2\/types\/page"}],"author":[{"embeddable":true,"href":"https:\/\/wavegarden.com\/de\/wp-json\/wp\/v2\/users\/4"}],"replies":[{"embeddable":true,"href":"https:\/\/wavegarden.com\/de\/wp-json\/wp\/v2\/comments?post=14188"}],"version-history":[{"count":6,"href":"https:\/\/wavegarden.com\/de\/wp-json\/wp\/v2\/pages\/14188\/revisions"}],"predecessor-version":[{"id":14947,"href":"https:\/\/wavegarden.com\/de\/wp-json\/wp\/v2\/pages\/14188\/revisions\/14947"}],"up":[{"embeddable":true,"href":"https:\/\/wavegarden.com\/de\/wp-json\/wp\/v2\/pages\/14180"}],"wp:featuredmedia":[{"embeddable":true,"href":"https:\/\/wavegarden.com\/de\/wp-json\/wp\/v2\/media\/13828"}],"wp:attachment":[{"href":"https:\/\/wavegarden.com\/de\/wp-json\/wp\/v2\/media?parent=14188"}],"curies":[{"name":"wp","href":"https:\/\/api.w.org\/{rel}","templated":true}]}}