{"id":12134,"date":"2022-08-12T19:01:39","date_gmt":"2022-08-12T17:01:39","guid":{"rendered":"https:\/\/wavegarden.com\/?page_id=12134"},"modified":"2025-10-10T12:44:24","modified_gmt":"2025-10-10T10:44:24","slug":"co2-fussabdruck","status":"publish","type":"page","link":"https:\/\/wavegarden.com\/de\/co2-fussabdruck\/","title":{"rendered":"CO2-Fu\u00dfabdruck"},"content":{"rendered":"\n<figure class=\"wp-block-image alignfull size-full\"><img decoding=\"async\" width=\"2560\" height=\"800\" src=\"https:\/\/wavegarden.com\/wp-content\/uploads\/2022\/10\/Ilustracion-web-scaled.jpg\" alt=\"\" class=\"wp-image-15042\" srcset=\"https:\/\/wavegarden.com\/wp-content\/uploads\/2022\/10\/Ilustracion-web-scaled.jpg 2560w, https:\/\/wavegarden.com\/wp-content\/uploads\/2022\/10\/Ilustracion-web-300x94.jpg 300w, https:\/\/wavegarden.com\/wp-content\/uploads\/2022\/10\/Ilustracion-web-1024x320.jpg 1024w, https:\/\/wavegarden.com\/wp-content\/uploads\/2022\/10\/Ilustracion-web-768x240.jpg 768w, https:\/\/wavegarden.com\/wp-content\/uploads\/2022\/10\/Ilustracion-web-1536x480.jpg 1536w, https:\/\/wavegarden.com\/wp-content\/uploads\/2022\/10\/Ilustracion-web-2048x640.jpg 2048w, https:\/\/wavegarden.com\/wp-content\/uploads\/2022\/10\/Ilustracion-web-800x250.jpg 800w\" sizes=\"(max-width: 2560px) 100vw, 2560px\" \/><\/figure>\n\n<h1 class=\"wp-block-heading has-text-align-center page-header__article__title\">CO2-Fu\u00dfabdruck<\/h1>\n\n<p>Wavegarden ist bestrebt den CO2-Fu\u00dfabdruck der Fabrikation des Wellengenerators auszugleichen, um f\u00fcr die kommenden Jahre klimaneutral zu sein.<\/p>\n\n<h5 class=\"wp-block-heading has-text-align-left\">Vergleich des C02-Verbrauchs einer Wavegarden Cove im Vergleich zu einer Fahrt zum Strand mit dem Auto<\/h5>\n\n<p class=\"has-text-align-left\">Wir haben uns die Frage gestellt, in welcher Entfernung von Ihrem Wohnort Ihr Lieblingsstrand bzw. der n\u00e4chstgelegene Wavegarden Lagoon liegen m\u00fcsste, damit die CO2-Bilanz bei Benutzung des Wavegarden niedriger ist. <\/p>\n\n<p class=\"has-text-align-left\">Die Berechnung erfolgte unter folgenden Pr\u00e4missen:<\/p>\n\n<ul class=\"wp-block-list\">\n<li>Ihr Auto ist ein Nutzfahrzeug und Sie reisen alleine.<\/li>\n\n\n\n<li>Du verbringst eineinhalb Stunden mit Surfen in der Wavegarden Lagoon.<\/li>\n<\/ul>\n\n\n\n<p class=\"has-text-align-left\">Es handelt sich hier um einen Orientierungswert, der nur den direkten Energieverbrauch des Wagens sowie des Wellengenerators ber\u00fccksichtigt. Der Energiekonsum f\u00fcr die Installation des Wavegarden sowie f\u00fcr den Bau von Stra\u00dfen und Fahrzeug wurde nicht einbezogen.<\/p>\n\n<p class=\"has-text-align-left\">Das Ergebnis dieser Analyse ergibt, dass der CO2-Verbrauch beim Surfen in Ihrem Wavegarden dann geringer ist, wenn dieser mindestens eine Viertelstunde n\u00e4her bei Ihrem Wohnort liegt als Ihr Lieblingsstrand.<\/p>\n\n<figure class=\"wp-block-table aligncenter\"><table><thead><tr><th class=\"has-text-align-left\" data-align=\"left\">Wavegarden Cove<\/th><th class=\"has-text-align-right\" data-align=\"right\"><\/th><\/tr><\/thead><tbody><tr><td class=\"has-text-align-left\" data-align=\"left\">Durchschnittl. Energie\/Std. WG<\/td><td class=\"has-text-align-right\" data-align=\"right\">450 kWh<\/td><\/tr><tr><td class=\"has-text-align-left\" data-align=\"left\">Anzahl an Surfern\/Stunde<\/td><td class=\"has-text-align-right\" data-align=\"right\">80<\/td><\/tr><tr><td class=\"has-text-align-left\" data-align=\"left\">Energie\/Std.\/Surfer in WG<\/td><td class=\"has-text-align-right\" data-align=\"right\">5,625 kWh<\/td><\/tr><tr><td class=\"has-text-align-left\" data-align=\"left\">CO2-Aussto\u00df pro Surfzeit und Person in WG<\/td><td class=\"has-text-align-right\" data-align=\"right\">1.74 kg<\/td><\/tr><\/tbody><\/table><\/figure>\n\n<figure class=\"wp-block-table aligncenter\"><table><thead><tr><th class=\"has-text-align-left\" data-align=\"left\">Auto<\/th><th class=\"has-text-align-right\" data-align=\"right\"><\/th><\/tr><\/thead><tbody><tr><td class=\"has-text-align-left\" data-align=\"left\">Durchschnittl. Benzinverbrauch bei 100 km\/h\t<\/td><td class=\"has-text-align-right\" data-align=\"right\">6,00 l<\/td><\/tr><tr><td class=\"has-text-align-left\" data-align=\"left\">Anzahl der Personen pro Fahrzeug\t<\/td><td class=\"has-text-align-right\" data-align=\"right\">1<\/td><\/tr><tr><td class=\"has-text-align-left\" data-align=\"left\">CO2-Aussto\u00df pro Stunde und Person im Auto (Benzin)<\/td><td class=\"has-text-align-right\" data-align=\"right\">14.35 kg<\/td><\/tr><\/tbody><\/table><\/figure>\n\n<figure class=\"wp-block-table aligncenter\"><table><thead><tr><th class=\"has-text-align-left\" data-align=\"left\">Strecke im Auto f\u00fcr gleiches CO2<\/th><th class=\"has-text-align-right\" data-align=\"right\"><\/th><\/tr><\/thead><tbody><tr><td class=\"has-text-align-left\" data-align=\"left\">Autominuten (Hin- und R\u00fcckfahrt), die den CO2-Emissionen einer WG-Session pro Person entsprechen<\/td><td class=\"has-text-align-right\" data-align=\"right\"> <strong> <\/strong>24<\/td><\/tr><tr><td class=\"has-text-align-left\" data-align=\"left\">Autominuten pro Abschnitt (Hin- und R\u00fcckfahrt), um die CO2-Emissionen in der Wavegarden-Sitzung pro Person anzupassen<\/td><td class=\"has-text-align-right\" data-align=\"right\">  12<\/td><\/tr><\/tbody><\/table><\/figure>\n\n<div style=\"height:50px\" aria-hidden=\"true\" class=\"wp-block-spacer\"><\/div>\n\n<figure class=\"wp-block-image alignwide size-full\"><img decoding=\"async\" width=\"2560\" height=\"1442\" src=\"https:\/\/wavegarden.com\/wp-content\/uploads\/2022\/10\/Ilustracion-web-2-scaled.jpg\" alt=\"\" class=\"wp-image-15048\" srcset=\"https:\/\/wavegarden.com\/wp-content\/uploads\/2022\/10\/Ilustracion-web-2-scaled.jpg 2560w, https:\/\/wavegarden.com\/wp-content\/uploads\/2022\/10\/Ilustracion-web-2-300x169.jpg 300w, https:\/\/wavegarden.com\/wp-content\/uploads\/2022\/10\/Ilustracion-web-2-1024x577.jpg 1024w, https:\/\/wavegarden.com\/wp-content\/uploads\/2022\/10\/Ilustracion-web-2-768x433.jpg 768w, https:\/\/wavegarden.com\/wp-content\/uploads\/2022\/10\/Ilustracion-web-2-1536x865.jpg 1536w, https:\/\/wavegarden.com\/wp-content\/uploads\/2022\/10\/Ilustracion-web-2-2048x1154.jpg 2048w, https:\/\/wavegarden.com\/wp-content\/uploads\/2022\/10\/Ilustracion-web-2-800x451.jpg 800w\" sizes=\"(max-width: 2560px) 100vw, 2560px\" \/><\/figure>\n\n<h3 class=\"wp-block-heading has-text-align-left\"><strong>Weniger Kohlenstoff, mehr Surfen<\/strong><\/h3>\n\n<p>Erleben Sie einen alternativen Surftrip ohne Ihr Land zu verlassen mit Wavegarden!<\/p>\n\n<p>Ein Wavegarden ist eine sehr gute Alternative zu Reisen ins Ausland auf der Suche nach tollen Wellen. Wavegarden-Anlagen bieten eine nachhaltige und bequeme L\u00f6sung, die den Bedarf an Flugreisen f\u00fcr einen Surftrip reduziert. Diese Tatsache tr\u00e4gt direkt zu einer erheblichen Verringerung des CO2-Fu\u00dfabdrucks bei, der durch Surfreisen, insbesondere Flugreisen, entsteht.<\/p>\n\n<p>Das Engagement von Wavegarden f\u00fcr Nachhaltigkeit erstreckt sich auch auf die Minimierung des Energieverbrauchs, was zu einer Verringerung der CO2-Emissionen w\u00e4hrend der Surf-Sessions f\u00fchrt.<\/p>\n\n<p>Ein Wavegarden Cove in der Schweiz zum Beispiel verbraucht bei einer einst\u00fcndigen Sitzung mit durchschnittlich 88 Surfern weniger als 450 kWh, was einem CO2-\u00c4quivalent von 50,75 kg CO2 oder 0,63 kg CO2 pro Sitzung und Person entspricht.<\/p>\n\n<div style=\"height:50px\" aria-hidden=\"true\" class=\"wp-block-spacer\"><\/div>\n\n<div class=\"wp-block-columns is-layout-flex wp-container-core-columns-is-layout-9d6595d7 wp-block-columns-is-layout-flex\">\n<div class=\"wp-block-column is-layout-flow wp-block-column-is-layout-flow\" style=\"flex-basis:25%\"><\/div>\n\n\n\n<div class=\"wp-block-column is-layout-flow wp-block-column-is-layout-flow\" style=\"flex-basis:50%\">\n<figure class=\"wp-block-image size-full\"><img decoding=\"async\" width=\"54\" height=\"54\" src=\"https:\/\/wavegarden.com\/wp-content\/uploads\/2022\/06\/iconos-ventajas_Mesa-de-trabajo-1.png\" alt=\"\" class=\"wp-image-8836\"\/><\/figure>\n\n\n\n<div style=\"height:20px\" aria-hidden=\"true\" class=\"wp-block-spacer\"><\/div>\n\n\n\n<p>Ein Hin- und R\u00fcckflug von der Schweiz nach Bali st\u00f6sst rund 800&#8217;000 kg CO2 aus (bei 246 Passagieren). Dies entspricht der Betriebsdauer eines Wavegarden von 1&#8217;970 Tagen (8 Stunden\/Tag).<\/p>\n<\/div>\n\n\n\n<div class=\"wp-block-column is-layout-flow wp-block-column-is-layout-flow\" style=\"flex-basis:50%\">\n<figure class=\"wp-block-image size-full\"><img decoding=\"async\" width=\"54\" height=\"54\" src=\"https:\/\/wavegarden.com\/wp-content\/uploads\/2022\/06\/iconos-ventajas_Mesa-de-trabajo-1.png\" alt=\"\" class=\"wp-image-8836\"\/><\/figure>\n\n\n\n<div style=\"height:20px\" aria-hidden=\"true\" class=\"wp-block-spacer\"><\/div>\n\n\n\n<p>Jeder Passagier, der mit dem Flugzeug von der Schweiz nach Bali reist, emittiert 3.252 kg CO2eq (Hin- und R\u00fcckflug), was 5.638 Wavegarden-Besuchen pro Person entspricht.<\/p>\n<\/div>\n\n\n\n<div class=\"wp-block-column is-layout-flow wp-block-column-is-layout-flow\" style=\"flex-basis:25%\"><\/div>\n<\/div>\n\n<div style=\"height:50px\" aria-hidden=\"true\" class=\"wp-block-spacer\"><\/div>\n","protected":false},"excerpt":{"rendered":"<p>CO2-Fu\u00dfabdruck Wavegarden ist bestrebt den CO2-Fu\u00dfabdruck der Fabrikation des Wellengenerators auszugleichen, um f\u00fcr die kommenden Jahre klimaneutral zu sein. Vergleich des C02-Verbrauchs einer Wavegarden Cove im Vergleich zu einer Fahrt zum Strand mit dem Auto Wir haben uns die Frage gestellt, in welcher Entfernung von Ihrem Wohnort Ihr Lieblingsstrand bzw. der n\u00e4chstgelegene Wavegarden Lagoon liegen [&hellip;]<\/p>\n","protected":false},"author":4,"featured_media":9949,"parent":0,"menu_order":0,"comment_status":"closed","ping_status":"closed","template":"","meta":{"_acf_changed":false,"footnotes":""},"class_list":["post-12134","page","type-page","status-publish","has-post-thumbnail","hentry"],"acf":[],"yoast_head":"<!-- This site is optimized with the Yoast SEO plugin v27.2 - https:\/\/yoast.com\/product\/yoast-seo-wordpress\/ -->\n<title>| Auf dem Weg zu einem klimaneutralen Surfpark<\/title>\n<meta name=\"description\" content=\"Bei Wavegarden arbeiten wir daran, klimaneutral zu werden. Hier finden Sie die wichtigsten Daten zum Verbrauch der Wavegarden-Surfparks.\" \/>\n<meta name=\"robots\" content=\"index, follow, max-snippet:-1, max-image-preview:large, max-video-preview:-1\" \/>\n<link rel=\"canonical\" href=\"https:\/\/wavegarden.com\/de\/co2-fussabdruck\/\" \/>\n<meta property=\"og:locale\" content=\"de_DE\" \/>\n<meta property=\"og:type\" content=\"article\" \/>\n<meta property=\"og:title\" content=\"| Auf dem Weg zu einem klimaneutralen Surfpark\" \/>\n<meta property=\"og:description\" content=\"Bei Wavegarden arbeiten wir daran, klimaneutral zu werden. Hier finden Sie die wichtigsten Daten zum Verbrauch der Wavegarden-Surfparks.\" \/>\n<meta property=\"og:url\" content=\"https:\/\/wavegarden.com\/de\/co2-fussabdruck\/\" \/>\n<meta property=\"og:site_name\" content=\"Wavegarden\" \/>\n<meta property=\"article:publisher\" content=\"http:\/\/www.facebook.com\/Wavegarden\" \/>\n<meta property=\"article:modified_time\" content=\"2025-10-10T10:44:24+00:00\" \/>\n<meta property=\"og:image\" content=\"https:\/\/wavegarden.com\/wp-content\/uploads\/2022\/04\/170A6385-opt.jpg\" \/>\n\t<meta property=\"og:image:width\" content=\"2000\" \/>\n\t<meta property=\"og:image:height\" content=\"1335\" \/>\n\t<meta property=\"og:image:type\" content=\"image\/jpeg\" \/>\n<meta name=\"twitter:card\" content=\"summary_large_image\" \/>\n<meta name=\"twitter:site\" content=\"@wavegarden\" \/>\n<meta name=\"twitter:label1\" content=\"Gesch\u00e4tzte Lesezeit\" \/>\n\t<meta name=\"twitter:data1\" content=\"2\u00a0Minuten\" \/>\n<script type=\"application\/ld+json\" class=\"yoast-schema-graph\">{\"@context\":\"https:\/\/schema.org\",\"@graph\":[{\"@type\":\"WebPage\",\"@id\":\"https:\/\/wavegarden.com\/de\/co2-fussabdruck\/\",\"url\":\"https:\/\/wavegarden.com\/de\/co2-fussabdruck\/\",\"name\":\"| Auf dem Weg zu einem klimaneutralen Surfpark\",\"isPartOf\":{\"@id\":\"https:\/\/wavegarden.com\/de\/#website\"},\"primaryImageOfPage\":{\"@id\":\"https:\/\/wavegarden.com\/de\/co2-fussabdruck\/#primaryimage\"},\"image\":{\"@id\":\"https:\/\/wavegarden.com\/de\/co2-fussabdruck\/#primaryimage\"},\"thumbnailUrl\":\"https:\/\/wavegarden.com\/wp-content\/uploads\/2022\/04\/170A6385-opt.jpg\",\"datePublished\":\"2022-08-12T17:01:39+00:00\",\"dateModified\":\"2025-10-10T10:44:24+00:00\",\"description\":\"Bei Wavegarden arbeiten wir daran, klimaneutral zu werden. Hier finden Sie die wichtigsten Daten zum Verbrauch der Wavegarden-Surfparks.\",\"breadcrumb\":{\"@id\":\"https:\/\/wavegarden.com\/de\/co2-fussabdruck\/#breadcrumb\"},\"inLanguage\":\"de\",\"potentialAction\":[{\"@type\":\"ReadAction\",\"target\":[\"https:\/\/wavegarden.com\/de\/co2-fussabdruck\/\"]}]},{\"@type\":\"ImageObject\",\"inLanguage\":\"de\",\"@id\":\"https:\/\/wavegarden.com\/de\/co2-fussabdruck\/#primaryimage\",\"url\":\"https:\/\/wavegarden.com\/wp-content\/uploads\/2022\/04\/170A6385-opt.jpg\",\"contentUrl\":\"https:\/\/wavegarden.com\/wp-content\/uploads\/2022\/04\/170A6385-opt.jpg\",\"width\":2000,\"height\":1335},{\"@type\":\"BreadcrumbList\",\"@id\":\"https:\/\/wavegarden.com\/de\/co2-fussabdruck\/#breadcrumb\",\"itemListElement\":[{\"@type\":\"ListItem\",\"position\":1,\"name\":\"Home\",\"item\":\"https:\/\/wavegarden.com\/de\/\"},{\"@type\":\"ListItem\",\"position\":2,\"name\":\"CO2-Fu\u00dfabdruck\"}]},{\"@type\":\"WebSite\",\"@id\":\"https:\/\/wavegarden.com\/de\/#website\",\"url\":\"https:\/\/wavegarden.com\/de\/\",\"name\":\"Wavegarden\",\"description\":\"\",\"publisher\":{\"@id\":\"https:\/\/wavegarden.com\/de\/#organization\"},\"potentialAction\":[{\"@type\":\"SearchAction\",\"target\":{\"@type\":\"EntryPoint\",\"urlTemplate\":\"https:\/\/wavegarden.com\/de\/?s={search_term_string}\"},\"query-input\":{\"@type\":\"PropertyValueSpecification\",\"valueRequired\":true,\"valueName\":\"search_term_string\"}}],\"inLanguage\":\"de\"},{\"@type\":\"Organization\",\"@id\":\"https:\/\/wavegarden.com\/de\/#organization\",\"name\":\"Wavegarden\",\"alternateName\":\"Wavegarden\",\"url\":\"https:\/\/wavegarden.com\/de\/\",\"logo\":{\"@type\":\"ImageObject\",\"inLanguage\":\"de\",\"@id\":\"https:\/\/wavegarden.com\/de\/#\/schema\/logo\/image\/\",\"url\":\"https:\/\/wavegarden.com\/wp-content\/uploads\/2024\/06\/logo-wavegarden.png\",\"contentUrl\":\"https:\/\/wavegarden.com\/wp-content\/uploads\/2024\/06\/logo-wavegarden.png\",\"width\":692,\"height\":292,\"caption\":\"Wavegarden\"},\"image\":{\"@id\":\"https:\/\/wavegarden.com\/de\/#\/schema\/logo\/image\/\"},\"sameAs\":[\"http:\/\/www.facebook.com\/Wavegarden\",\"https:\/\/x.com\/wavegarden\",\"https:\/\/www.instagram.com\/wavegarden_official\/\",\"https:\/\/www.linkedin.com\/company\/wavegarden\/\",\"https:\/\/www.youtube.com\/@WavegardenOfficial\"]}]}<\/script>\n<!-- \/ Yoast SEO plugin. -->","yoast_head_json":{"title":"| Auf dem Weg zu einem klimaneutralen Surfpark","description":"Bei Wavegarden arbeiten wir daran, klimaneutral zu werden. Hier finden Sie die wichtigsten Daten zum Verbrauch der Wavegarden-Surfparks.","robots":{"index":"index","follow":"follow","max-snippet":"max-snippet:-1","max-image-preview":"max-image-preview:large","max-video-preview":"max-video-preview:-1"},"canonical":"https:\/\/wavegarden.com\/de\/co2-fussabdruck\/","og_locale":"de_DE","og_type":"article","og_title":"| Auf dem Weg zu einem klimaneutralen Surfpark","og_description":"Bei Wavegarden arbeiten wir daran, klimaneutral zu werden. Hier finden Sie die wichtigsten Daten zum Verbrauch der Wavegarden-Surfparks.","og_url":"https:\/\/wavegarden.com\/de\/co2-fussabdruck\/","og_site_name":"Wavegarden","article_publisher":"http:\/\/www.facebook.com\/Wavegarden","article_modified_time":"2025-10-10T10:44:24+00:00","og_image":[{"width":2000,"height":1335,"url":"https:\/\/wavegarden.com\/wp-content\/uploads\/2022\/04\/170A6385-opt.jpg","type":"image\/jpeg"}],"twitter_card":"summary_large_image","twitter_site":"@wavegarden","twitter_misc":{"Gesch\u00e4tzte Lesezeit":"2\u00a0Minuten"},"schema":{"@context":"https:\/\/schema.org","@graph":[{"@type":"WebPage","@id":"https:\/\/wavegarden.com\/de\/co2-fussabdruck\/","url":"https:\/\/wavegarden.com\/de\/co2-fussabdruck\/","name":"| Auf dem Weg zu einem klimaneutralen Surfpark","isPartOf":{"@id":"https:\/\/wavegarden.com\/de\/#website"},"primaryImageOfPage":{"@id":"https:\/\/wavegarden.com\/de\/co2-fussabdruck\/#primaryimage"},"image":{"@id":"https:\/\/wavegarden.com\/de\/co2-fussabdruck\/#primaryimage"},"thumbnailUrl":"https:\/\/wavegarden.com\/wp-content\/uploads\/2022\/04\/170A6385-opt.jpg","datePublished":"2022-08-12T17:01:39+00:00","dateModified":"2025-10-10T10:44:24+00:00","description":"Bei Wavegarden arbeiten wir daran, klimaneutral zu werden. Hier finden Sie die wichtigsten Daten zum Verbrauch der Wavegarden-Surfparks.","breadcrumb":{"@id":"https:\/\/wavegarden.com\/de\/co2-fussabdruck\/#breadcrumb"},"inLanguage":"de","potentialAction":[{"@type":"ReadAction","target":["https:\/\/wavegarden.com\/de\/co2-fussabdruck\/"]}]},{"@type":"ImageObject","inLanguage":"de","@id":"https:\/\/wavegarden.com\/de\/co2-fussabdruck\/#primaryimage","url":"https:\/\/wavegarden.com\/wp-content\/uploads\/2022\/04\/170A6385-opt.jpg","contentUrl":"https:\/\/wavegarden.com\/wp-content\/uploads\/2022\/04\/170A6385-opt.jpg","width":2000,"height":1335},{"@type":"BreadcrumbList","@id":"https:\/\/wavegarden.com\/de\/co2-fussabdruck\/#breadcrumb","itemListElement":[{"@type":"ListItem","position":1,"name":"Home","item":"https:\/\/wavegarden.com\/de\/"},{"@type":"ListItem","position":2,"name":"CO2-Fu\u00dfabdruck"}]},{"@type":"WebSite","@id":"https:\/\/wavegarden.com\/de\/#website","url":"https:\/\/wavegarden.com\/de\/","name":"Wavegarden","description":"","publisher":{"@id":"https:\/\/wavegarden.com\/de\/#organization"},"potentialAction":[{"@type":"SearchAction","target":{"@type":"EntryPoint","urlTemplate":"https:\/\/wavegarden.com\/de\/?s={search_term_string}"},"query-input":{"@type":"PropertyValueSpecification","valueRequired":true,"valueName":"search_term_string"}}],"inLanguage":"de"},{"@type":"Organization","@id":"https:\/\/wavegarden.com\/de\/#organization","name":"Wavegarden","alternateName":"Wavegarden","url":"https:\/\/wavegarden.com\/de\/","logo":{"@type":"ImageObject","inLanguage":"de","@id":"https:\/\/wavegarden.com\/de\/#\/schema\/logo\/image\/","url":"https:\/\/wavegarden.com\/wp-content\/uploads\/2024\/06\/logo-wavegarden.png","contentUrl":"https:\/\/wavegarden.com\/wp-content\/uploads\/2024\/06\/logo-wavegarden.png","width":692,"height":292,"caption":"Wavegarden"},"image":{"@id":"https:\/\/wavegarden.com\/de\/#\/schema\/logo\/image\/"},"sameAs":["http:\/\/www.facebook.com\/Wavegarden","https:\/\/x.com\/wavegarden","https:\/\/www.instagram.com\/wavegarden_official\/","https:\/\/www.linkedin.com\/company\/wavegarden\/","https:\/\/www.youtube.com\/@WavegardenOfficial"]}]}},"_links":{"self":[{"href":"https:\/\/wavegarden.com\/de\/wp-json\/wp\/v2\/pages\/12134","targetHints":{"allow":["GET"]}}],"collection":[{"href":"https:\/\/wavegarden.com\/de\/wp-json\/wp\/v2\/pages"}],"about":[{"href":"https:\/\/wavegarden.com\/de\/wp-json\/wp\/v2\/types\/page"}],"author":[{"embeddable":true,"href":"https:\/\/wavegarden.com\/de\/wp-json\/wp\/v2\/users\/4"}],"replies":[{"embeddable":true,"href":"https:\/\/wavegarden.com\/de\/wp-json\/wp\/v2\/comments?post=12134"}],"version-history":[{"count":28,"href":"https:\/\/wavegarden.com\/de\/wp-json\/wp\/v2\/pages\/12134\/revisions"}],"predecessor-version":[{"id":44516,"href":"https:\/\/wavegarden.com\/de\/wp-json\/wp\/v2\/pages\/12134\/revisions\/44516"}],"wp:featuredmedia":[{"embeddable":true,"href":"https:\/\/wavegarden.com\/de\/wp-json\/wp\/v2\/media\/9949"}],"wp:attachment":[{"href":"https:\/\/wavegarden.com\/de\/wp-json\/wp\/v2\/media?parent=12134"}],"curies":[{"name":"wp","href":"https:\/\/api.w.org\/{rel}","templated":true}]}}